{"id":11771,"date":"2024-06-20T17:51:49","date_gmt":"2024-06-20T15:51:49","guid":{"rendered":"https:\/\/nabukoo.com\/?post_type=product&#038;p=11771"},"modified":"2024-06-20T18:17:51","modified_gmt":"2024-06-20T16:17:51","slug":"jus-baobab-hibiscus","status":"publish","type":"product","link":"https:\/\/nabukoo.com\/nl\/product-2\/baobab-hibiscussap\/","title":{"rendered":"Baobab hibiscus sap"},"content":{"rendered":"<p>Laat je verleiden door de royale combinatie van baobabvruchtensap en Afrikaanse hibiscusbloemen. Trakteer jezelf op een explosie van pittige smaken met een helderrode tint, ideaal voor een verfrissend drankje. Een perfecte gezonde zomerdrank voor het hele gezin. Bewaren op kamertemperatuur en tot 5 dagen na opening in de koelkast.<\/p>","protected":false},"excerpt":{"rendered":"<p>Bariba natuurlijk sap 1 liter<\/p>\n<p>Veganistisch - suikerarm - schudden voor het eten<\/p>","protected":false},"featured_media":11772,"comment_status":"open","ping_status":"closed","template":"","meta":[],"product_cat":[131,72],"product_tag":[],"yoast_head":"<!-- This site is optimized with the Yoast SEO plugin v23.8 - https:\/\/yoast.com\/wordpress\/plugins\/seo\/ -->\n<title>Jus Baobab Hibiscus - Nabukoo<\/title>\n<meta name=\"robots\" content=\"index, follow, max-snippet:-1, max-image-preview:large, max-video-preview:-1\" \/>\n<link rel=\"canonical\" href=\"https:\/\/nabukoo.com\/nl\/product-2\/baobab-hibiscussap\/\" \/>\n<meta property=\"og:locale\" content=\"nl_BE\" \/>\n<meta property=\"og:type\" content=\"article\" \/>\n<meta property=\"og:title\" content=\"Jus Baobab Hibiscus - Nabukoo\" \/>\n<meta property=\"og:description\" content=\"Bariba jus naturel 1 Litre  Vegan\u00a0 - peu sucr\u00e9 - \u00e0 secouer avec de d\u00e9guster\" \/>\n<meta property=\"og:url\" content=\"https:\/\/nabukoo.com\/nl\/product-2\/baobab-hibiscussap\/\" \/>\n<meta property=\"og:site_name\" content=\"Nabukoo\" \/>\n<meta property=\"article:modified_time\" content=\"2024-06-20T16:17:51+00:00\" \/>\n<meta property=\"og:image\" content=\"https:\/\/nabukoo.com\/wp-content\/uploads\/Bariba-hibiscus-rotated.jpg\" \/>\n\t<meta property=\"og:image:width\" content=\"1200\" \/>\n\t<meta property=\"og:image:height\" content=\"1600\" \/>\n\t<meta property=\"og:image:type\" content=\"image\/jpeg\" \/>\n<meta name=\"twitter:card\" content=\"summary_large_image\" \/>\n<script type=\"application\/ld+json\" class=\"yoast-schema-graph\">{\"@context\":\"https:\/\/schema.org\",\"@graph\":[{\"@type\":\"WebPage\",\"@id\":\"https:\/\/nabukoo.com\/produit\/jus-baobab-hibiscus\/\",\"url\":\"https:\/\/nabukoo.com\/produit\/jus-baobab-hibiscus\/\",\"name\":\"Jus Baobab Hibiscus - Nabukoo\",\"isPartOf\":{\"@id\":\"https:\/\/nabukoo.com\/#website\"},\"primaryImageOfPage\":{\"@id\":\"https:\/\/nabukoo.com\/produit\/jus-baobab-hibiscus\/#primaryimage\"},\"image\":{\"@id\":\"https:\/\/nabukoo.com\/produit\/jus-baobab-hibiscus\/#primaryimage\"},\"thumbnailUrl\":\"https:\/\/nabukoo.com\/wp-content\/uploads\/Bariba-hibiscus-rotated.jpg\",\"datePublished\":\"2024-06-20T15:51:49+00:00\",\"dateModified\":\"2024-06-20T16:17:51+00:00\",\"breadcrumb\":{\"@id\":\"https:\/\/nabukoo.com\/produit\/jus-baobab-hibiscus\/#breadcrumb\"},\"inLanguage\":\"nl-BE\",\"potentialAction\":[{\"@type\":\"ReadAction\",\"target\":[\"https:\/\/nabukoo.com\/produit\/jus-baobab-hibiscus\/\"]}]},{\"@type\":\"ImageObject\",\"inLanguage\":\"nl-BE\",\"@id\":\"https:\/\/nabukoo.com\/produit\/jus-baobab-hibiscus\/#primaryimage\",\"url\":\"https:\/\/nabukoo.com\/wp-content\/uploads\/Bariba-hibiscus-rotated.jpg\",\"contentUrl\":\"https:\/\/nabukoo.com\/wp-content\/uploads\/Bariba-hibiscus-rotated.jpg\",\"width\":1200,\"height\":1600},{\"@type\":\"BreadcrumbList\",\"@id\":\"https:\/\/nabukoo.com\/produit\/jus-baobab-hibiscus\/#breadcrumb\",\"itemListElement\":[{\"@type\":\"ListItem\",\"position\":1,\"name\":\"Accueil\",\"item\":\"https:\/\/nabukoo.com\/\"},{\"@type\":\"ListItem\",\"position\":2,\"name\":\"Nos rayons\",\"item\":\"https:\/\/nabukoo.com\/rayons\/\"},{\"@type\":\"ListItem\",\"position\":3,\"name\":\"Jus Baobab Hibiscus\"}]},{\"@type\":\"WebSite\",\"@id\":\"https:\/\/nabukoo.com\/#website\",\"url\":\"https:\/\/nabukoo.com\/\",\"name\":\"Nabukoo\",\"description\":\"Qulaity First\",\"potentialAction\":[{\"@type\":\"SearchAction\",\"target\":{\"@type\":\"EntryPoint\",\"urlTemplate\":\"https:\/\/nabukoo.com\/?s={search_term_string}\"},\"query-input\":{\"@type\":\"PropertyValueSpecification\",\"valueRequired\":true,\"valueName\":\"search_term_string\"}}],\"inLanguage\":\"nl-BE\"}]}<\/script>\n<!-- \/ Yoast SEO plugin. -->","yoast_head_json":{"title":"Jus Baobab Hibiscus - Nabukoo","robots":{"index":"index","follow":"follow","max-snippet":"max-snippet:-1","max-image-preview":"max-image-preview:large","max-video-preview":"max-video-preview:-1"},"canonical":"https:\/\/nabukoo.com\/nl\/product-2\/baobab-hibiscussap\/","og_locale":"nl_BE","og_type":"article","og_title":"Jus Baobab Hibiscus - Nabukoo","og_description":"Bariba jus naturel 1 Litre  Vegan\u00a0 - peu sucr\u00e9 - \u00e0 secouer avec de d\u00e9guster","og_url":"https:\/\/nabukoo.com\/nl\/product-2\/baobab-hibiscussap\/","og_site_name":"Nabukoo","article_modified_time":"2024-06-20T16:17:51+00:00","og_image":[{"width":1200,"height":1600,"url":"https:\/\/nabukoo.com\/wp-content\/uploads\/Bariba-hibiscus-rotated.jpg","type":"image\/jpeg"}],"twitter_card":"summary_large_image","schema":{"@context":"https:\/\/schema.org","@graph":[{"@type":"WebPage","@id":"https:\/\/nabukoo.com\/produit\/jus-baobab-hibiscus\/","url":"https:\/\/nabukoo.com\/produit\/jus-baobab-hibiscus\/","name":"Jus Baobab Hibiscus - Nabukoo","isPartOf":{"@id":"https:\/\/nabukoo.com\/#website"},"primaryImageOfPage":{"@id":"https:\/\/nabukoo.com\/produit\/jus-baobab-hibiscus\/#primaryimage"},"image":{"@id":"https:\/\/nabukoo.com\/produit\/jus-baobab-hibiscus\/#primaryimage"},"thumbnailUrl":"https:\/\/nabukoo.com\/wp-content\/uploads\/Bariba-hibiscus-rotated.jpg","datePublished":"2024-06-20T15:51:49+00:00","dateModified":"2024-06-20T16:17:51+00:00","breadcrumb":{"@id":"https:\/\/nabukoo.com\/produit\/jus-baobab-hibiscus\/#breadcrumb"},"inLanguage":"nl-BE","potentialAction":[{"@type":"ReadAction","target":["https:\/\/nabukoo.com\/produit\/jus-baobab-hibiscus\/"]}]},{"@type":"ImageObject","inLanguage":"nl-BE","@id":"https:\/\/nabukoo.com\/produit\/jus-baobab-hibiscus\/#primaryimage","url":"https:\/\/nabukoo.com\/wp-content\/uploads\/Bariba-hibiscus-rotated.jpg","contentUrl":"https:\/\/nabukoo.com\/wp-content\/uploads\/Bariba-hibiscus-rotated.jpg","width":1200,"height":1600},{"@type":"BreadcrumbList","@id":"https:\/\/nabukoo.com\/produit\/jus-baobab-hibiscus\/#breadcrumb","itemListElement":[{"@type":"ListItem","position":1,"name":"Accueil","item":"https:\/\/nabukoo.com\/"},{"@type":"ListItem","position":2,"name":"Nos rayons","item":"https:\/\/nabukoo.com\/rayons\/"},{"@type":"ListItem","position":3,"name":"Jus Baobab Hibiscus"}]},{"@type":"WebSite","@id":"https:\/\/nabukoo.com\/#website","url":"https:\/\/nabukoo.com\/","name":"Nabukoo","description":"Qulaity First","potentialAction":[{"@type":"SearchAction","target":{"@type":"EntryPoint","urlTemplate":"https:\/\/nabukoo.com\/?s={search_term_string}"},"query-input":{"@type":"PropertyValueSpecification","valueRequired":true,"valueName":"search_term_string"}}],"inLanguage":"nl-BE"}]}},"_links":{"self":[{"href":"https:\/\/nabukoo.com\/nl\/wp-json\/wp\/v2\/product\/11771"}],"collection":[{"href":"https:\/\/nabukoo.com\/nl\/wp-json\/wp\/v2\/product"}],"about":[{"href":"https:\/\/nabukoo.com\/nl\/wp-json\/wp\/v2\/types\/product"}],"replies":[{"embeddable":true,"href":"https:\/\/nabukoo.com\/nl\/wp-json\/wp\/v2\/comments?post=11771"}],"wp:featuredmedia":[{"embeddable":true,"href":"https:\/\/nabukoo.com\/nl\/wp-json\/wp\/v2\/media\/11772"}],"wp:attachment":[{"href":"https:\/\/nabukoo.com\/nl\/wp-json\/wp\/v2\/media?parent=11771"}],"wp:term":[{"taxonomy":"product_cat","embeddable":true,"href":"https:\/\/nabukoo.com\/nl\/wp-json\/wp\/v2\/product_cat?post=11771"},{"taxonomy":"product_tag","embeddable":true,"href":"https:\/\/nabukoo.com\/nl\/wp-json\/wp\/v2\/product_tag?post=11771"}],"curies":[{"name":"wp","href":"https:\/\/api.w.org\/{rel}","templated":true}]}}