{"id":11764,"date":"2024-06-15T09:11:39","date_gmt":"2024-06-15T07:11:39","guid":{"rendered":"https:\/\/nabukoo.com\/?post_type=product&#038;p=11764"},"modified":"2024-06-15T10:21:28","modified_gmt":"2024-06-15T08:21:28","slug":"bariba-mini-citron","status":"publish","type":"product","link":"https:\/\/nabukoo.com\/nl\/product-2\/mini-citroen-bariba\/","title":{"rendered":"Sap Baobab Citroen"},"content":{"rendered":"<p>Ontdek de bruisende combinatie van energiegevende baobab en verfrissende citroen. Onze Baobab Lemon biedt een verkwikkende detox, verrijkt met gezondheidsvoordelen en een betoverend exotische noot.<\/p>","protected":false},"excerpt":{"rendered":"<p>Bariba: Sapproducent<\/p>\n<p>VEGAN \/ Natuurlijk laag in suiker \"SECOUE ME<\/p>\n<p>Voedingswaarde\/100ml: Energie 118 KJ\/28 kcal; 5,8 g koolhydraten waarvan 5,1 g suikers.<\/p>\n<p>Kan op kamertemperatuur bewaard worden en na opening 5 dagen in de koelkast<\/p>","protected":false},"featured_media":11765,"comment_status":"open","ping_status":"closed","template":"","meta":[],"product_cat":[131,72],"product_tag":[],"yoast_head":"<!-- This site is optimized with the Yoast SEO plugin v23.8 - https:\/\/yoast.com\/wordpress\/plugins\/seo\/ -->\n<title>Jus Baobab Citron - Nabukoo<\/title>\n<meta name=\"robots\" content=\"index, follow, max-snippet:-1, max-image-preview:large, max-video-preview:-1\" \/>\n<link rel=\"canonical\" href=\"https:\/\/nabukoo.com\/nl\/product-2\/mini-citroen-bariba\/\" \/>\n<meta property=\"og:locale\" content=\"nl_BE\" \/>\n<meta property=\"og:type\" content=\"article\" \/>\n<meta property=\"og:title\" content=\"Jus Baobab Citron - Nabukoo\" \/>\n<meta property=\"og:description\" content=\"Bariba : Producteur de jus  VEGAN \/ Peu sucr\u00e9 naturellement \u201cSECOUEZ-MOI  Valeurs nutritionnelles\/ 100ml : Energie 118 KJ\/28 kcal ; 5,8 g de glucides dont sucres 5,1 g.  Se conserve \u00e0 temp\u00e9rature ambiante et 5 jours au r\u00e9frig\u00e9rateur apr\u00e8s ouverture\" \/>\n<meta property=\"og:url\" content=\"https:\/\/nabukoo.com\/nl\/product-2\/mini-citroen-bariba\/\" \/>\n<meta property=\"og:site_name\" content=\"Nabukoo\" \/>\n<meta property=\"article:modified_time\" content=\"2024-06-15T08:21:28+00:00\" \/>\n<meta property=\"og:image\" content=\"https:\/\/nabukoo.com\/wp-content\/uploads\/Bariba-Mini-Citron.jpg\" \/>\n\t<meta property=\"og:image:width\" content=\"1200\" \/>\n\t<meta property=\"og:image:height\" content=\"1600\" \/>\n\t<meta property=\"og:image:type\" content=\"image\/jpeg\" \/>\n<meta name=\"twitter:card\" content=\"summary_large_image\" \/>\n<script type=\"application\/ld+json\" class=\"yoast-schema-graph\">{\"@context\":\"https:\/\/schema.org\",\"@graph\":[{\"@type\":\"WebPage\",\"@id\":\"https:\/\/nabukoo.com\/produit\/bariba-mini-citron\/\",\"url\":\"https:\/\/nabukoo.com\/produit\/bariba-mini-citron\/\",\"name\":\"Jus Baobab Citron - Nabukoo\",\"isPartOf\":{\"@id\":\"https:\/\/nabukoo.com\/#website\"},\"primaryImageOfPage\":{\"@id\":\"https:\/\/nabukoo.com\/produit\/bariba-mini-citron\/#primaryimage\"},\"image\":{\"@id\":\"https:\/\/nabukoo.com\/produit\/bariba-mini-citron\/#primaryimage\"},\"thumbnailUrl\":\"https:\/\/nabukoo.com\/wp-content\/uploads\/Bariba-Mini-Citron.jpg\",\"datePublished\":\"2024-06-15T07:11:39+00:00\",\"dateModified\":\"2024-06-15T08:21:28+00:00\",\"breadcrumb\":{\"@id\":\"https:\/\/nabukoo.com\/produit\/bariba-mini-citron\/#breadcrumb\"},\"inLanguage\":\"nl-BE\",\"potentialAction\":[{\"@type\":\"ReadAction\",\"target\":[\"https:\/\/nabukoo.com\/produit\/bariba-mini-citron\/\"]}]},{\"@type\":\"ImageObject\",\"inLanguage\":\"nl-BE\",\"@id\":\"https:\/\/nabukoo.com\/produit\/bariba-mini-citron\/#primaryimage\",\"url\":\"https:\/\/nabukoo.com\/wp-content\/uploads\/Bariba-Mini-Citron.jpg\",\"contentUrl\":\"https:\/\/nabukoo.com\/wp-content\/uploads\/Bariba-Mini-Citron.jpg\",\"width\":1200,\"height\":1600},{\"@type\":\"BreadcrumbList\",\"@id\":\"https:\/\/nabukoo.com\/produit\/bariba-mini-citron\/#breadcrumb\",\"itemListElement\":[{\"@type\":\"ListItem\",\"position\":1,\"name\":\"Accueil\",\"item\":\"https:\/\/nabukoo.com\/\"},{\"@type\":\"ListItem\",\"position\":2,\"name\":\"Nos rayons\",\"item\":\"https:\/\/nabukoo.com\/rayons\/\"},{\"@type\":\"ListItem\",\"position\":3,\"name\":\"Jus Baobab Citron\"}]},{\"@type\":\"WebSite\",\"@id\":\"https:\/\/nabukoo.com\/#website\",\"url\":\"https:\/\/nabukoo.com\/\",\"name\":\"Nabukoo\",\"description\":\"Qulaity First\",\"potentialAction\":[{\"@type\":\"SearchAction\",\"target\":{\"@type\":\"EntryPoint\",\"urlTemplate\":\"https:\/\/nabukoo.com\/?s={search_term_string}\"},\"query-input\":{\"@type\":\"PropertyValueSpecification\",\"valueRequired\":true,\"valueName\":\"search_term_string\"}}],\"inLanguage\":\"nl-BE\"}]}<\/script>\n<!-- \/ Yoast SEO plugin. -->","yoast_head_json":{"title":"Jus Baobab Citron - Nabukoo","robots":{"index":"index","follow":"follow","max-snippet":"max-snippet:-1","max-image-preview":"max-image-preview:large","max-video-preview":"max-video-preview:-1"},"canonical":"https:\/\/nabukoo.com\/nl\/product-2\/mini-citroen-bariba\/","og_locale":"nl_BE","og_type":"article","og_title":"Jus Baobab Citron - Nabukoo","og_description":"Bariba : Producteur de jus  VEGAN \/ Peu sucr\u00e9 naturellement \u201cSECOUEZ-MOI  Valeurs nutritionnelles\/ 100ml : Energie 118 KJ\/28 kcal ; 5,8 g de glucides dont sucres 5,1 g.  Se conserve \u00e0 temp\u00e9rature ambiante et 5 jours au r\u00e9frig\u00e9rateur apr\u00e8s ouverture","og_url":"https:\/\/nabukoo.com\/nl\/product-2\/mini-citroen-bariba\/","og_site_name":"Nabukoo","article_modified_time":"2024-06-15T08:21:28+00:00","og_image":[{"width":1200,"height":1600,"url":"https:\/\/nabukoo.com\/wp-content\/uploads\/Bariba-Mini-Citron.jpg","type":"image\/jpeg"}],"twitter_card":"summary_large_image","schema":{"@context":"https:\/\/schema.org","@graph":[{"@type":"WebPage","@id":"https:\/\/nabukoo.com\/produit\/bariba-mini-citron\/","url":"https:\/\/nabukoo.com\/produit\/bariba-mini-citron\/","name":"Jus Baobab Citron - Nabukoo","isPartOf":{"@id":"https:\/\/nabukoo.com\/#website"},"primaryImageOfPage":{"@id":"https:\/\/nabukoo.com\/produit\/bariba-mini-citron\/#primaryimage"},"image":{"@id":"https:\/\/nabukoo.com\/produit\/bariba-mini-citron\/#primaryimage"},"thumbnailUrl":"https:\/\/nabukoo.com\/wp-content\/uploads\/Bariba-Mini-Citron.jpg","datePublished":"2024-06-15T07:11:39+00:00","dateModified":"2024-06-15T08:21:28+00:00","breadcrumb":{"@id":"https:\/\/nabukoo.com\/produit\/bariba-mini-citron\/#breadcrumb"},"inLanguage":"nl-BE","potentialAction":[{"@type":"ReadAction","target":["https:\/\/nabukoo.com\/produit\/bariba-mini-citron\/"]}]},{"@type":"ImageObject","inLanguage":"nl-BE","@id":"https:\/\/nabukoo.com\/produit\/bariba-mini-citron\/#primaryimage","url":"https:\/\/nabukoo.com\/wp-content\/uploads\/Bariba-Mini-Citron.jpg","contentUrl":"https:\/\/nabukoo.com\/wp-content\/uploads\/Bariba-Mini-Citron.jpg","width":1200,"height":1600},{"@type":"BreadcrumbList","@id":"https:\/\/nabukoo.com\/produit\/bariba-mini-citron\/#breadcrumb","itemListElement":[{"@type":"ListItem","position":1,"name":"Accueil","item":"https:\/\/nabukoo.com\/"},{"@type":"ListItem","position":2,"name":"Nos rayons","item":"https:\/\/nabukoo.com\/rayons\/"},{"@type":"ListItem","position":3,"name":"Jus Baobab Citron"}]},{"@type":"WebSite","@id":"https:\/\/nabukoo.com\/#website","url":"https:\/\/nabukoo.com\/","name":"Nabukoo","description":"Qulaity First","potentialAction":[{"@type":"SearchAction","target":{"@type":"EntryPoint","urlTemplate":"https:\/\/nabukoo.com\/?s={search_term_string}"},"query-input":{"@type":"PropertyValueSpecification","valueRequired":true,"valueName":"search_term_string"}}],"inLanguage":"nl-BE"}]}},"_links":{"self":[{"href":"https:\/\/nabukoo.com\/nl\/wp-json\/wp\/v2\/product\/11764"}],"collection":[{"href":"https:\/\/nabukoo.com\/nl\/wp-json\/wp\/v2\/product"}],"about":[{"href":"https:\/\/nabukoo.com\/nl\/wp-json\/wp\/v2\/types\/product"}],"replies":[{"embeddable":true,"href":"https:\/\/nabukoo.com\/nl\/wp-json\/wp\/v2\/comments?post=11764"}],"wp:featuredmedia":[{"embeddable":true,"href":"https:\/\/nabukoo.com\/nl\/wp-json\/wp\/v2\/media\/11765"}],"wp:attachment":[{"href":"https:\/\/nabukoo.com\/nl\/wp-json\/wp\/v2\/media?parent=11764"}],"wp:term":[{"taxonomy":"product_cat","embeddable":true,"href":"https:\/\/nabukoo.com\/nl\/wp-json\/wp\/v2\/product_cat?post=11764"},{"taxonomy":"product_tag","embeddable":true,"href":"https:\/\/nabukoo.com\/nl\/wp-json\/wp\/v2\/product_tag?post=11764"}],"curies":[{"name":"wp","href":"https:\/\/api.w.org\/{rel}","templated":true}]}}