{"id":11595,"date":"2024-03-28T18:10:55","date_gmt":"2024-03-28T17:10:55","guid":{"rendered":"https:\/\/nabukoo.com\/?post_type=product&#038;p=11595"},"modified":"2024-06-13T12:49:45","modified_gmt":"2024-06-13T10:49:45","slug":"jus-nectar-cerise-cassis-reglisse","status":"publish","type":"product","link":"https:\/\/nabukoo.com\/nl\/product-2\/sap-nectar-kers-zwarte-bes-zoethout\/","title":{"rendered":"Sap &amp; Nectar - Kers Zwarte bes Zoethout"},"content":{"rendered":"<div id=\"cib-chat-main\" class=\"main\">\n<div class=\"message\">\n<div class=\"content\" aria-label=\"Verzonden door Copiloot : \">\n<div class=\"ac-container ac-adaptiveCard\">\n<div class=\"ac-textBlock\">\n<p><strong>Deze nectar met textuur<\/strong>\u00a0combineert de zachtheid van\u00a0<strong>kers<\/strong>\u00a0met de kruidige noten van\u00a0<strong>Zwarte bes \"Noir de Bourgogne<\/strong>. De toevoeging van\u00a0<strong>zoethout<\/strong>\u00a0brengt zoete, anijsachtige smaken die blijven hangen in de mond, waardoor de nectar een uitzonderlijke zachtheid krijgt. Zijn aromatische complexiteit maakt er een opmerkelijke creatie van.<\/p>\n<p>Elke slok is een symfonie van smaken, waarbij kers en zwarte bes in harmonie dansen. \ud83c\udf52\ud83c\udf3f\ud83c\udf6c<\/p>\n<p>DIXIT :<\/p>\n<p><strong>Onze productie van biologische zwarte bessen is onvoldoende voor de productie van onze nectar van kersen, zwarte bessen en zoethout.<\/strong>Dus wendden we ons tot Henry, een boomkweker op 90 km van onze werkplaats. Samen met Olivier, zijn zoon en partner, kweken ze de beroemde\u00a0<strong>Bourgondische zwarte bes<\/strong>Deze oude vari\u00ebteit is emblematisch voor onze Bourgogne-Franche-Comt\u00e9 regio. De vruchten van deze vari\u00ebteit zijn stevig, met een pittige smaak en een rijk aroma. En de kers op de taart (of eigenlijk zwarte bes) is dat de Bourgondische zwarte bes ook een uitstekend vitamine C-gehalte heeft. Zoveel argumenten die dit een uitzonderlijke zwarte bes maken!<\/p>\n<p>Laat je meeslepen door deze creatie, waar passie en expertise samenkomen in elke slok. \ud83c\udf47\ud83c\udf3f\ud83c\udf52<\/p>\n<\/div>\n<\/div>\n<\/div>\n<\/div>\n<\/div>\n<p>&nbsp;<\/p>","protected":false},"excerpt":{"rendered":"<p>Nos Jardins Imparfaits: een klompje van 25 cl<\/p>\n<div class=\"elementor-element elementor-element-e342dfb elementor-widget__width-initial elementor-widget-mobile__width-initial elementor-widget elementor-widget-heading\" data-id=\"e342dfb\" data-element_type=\"widget\" data-widget_type=\"heading.default\">\n<div class=\"elementor-widget-container\">\n<div class=\"elementor-heading-title elementor-size-default\">GLAS: Deze zoete wortel is ook erg geurig, met een verrassend zoete anijssmaak.<\/div>\n<div>\n<div class=\"elementor-element elementor-element-872786c elementor-widget__width-initial elementor-widget-mobile__width-initial elementor-widget elementor-widget-heading\" data-id=\"872786c\" data-element_type=\"widget\" data-widget_type=\"heading.default\">\n<div class=\"elementor-widget-container\">\n<div class=\"elementor-heading-title elementor-size-default\">KERS: Een unieke zoete en pittige smaak.<\/div>\n<div>\n<div class=\"elementor-element elementor-element-ecde3ab elementor-widget__width-initial elementor-widget-mobile__width-initial elementor-widget elementor-widget-heading\" data-id=\"ecde3ab\" data-element_type=\"widget\" data-widget_type=\"heading.default\">\n<div class=\"elementor-widget-container\">\n<div class=\"elementor-heading-title elementor-size-default\">CASSIS: De Noir de Bourgogne brengt vegetale en tanninetonen met zich mee.<\/div>\n<\/div>\n<\/div>\n<\/div>\n<\/div>\n<\/div>\n<\/div>\n<\/div>\n<\/div>","protected":false},"featured_media":0,"comment_status":"open","ping_status":"closed","template":"","meta":[],"product_cat":[131,72],"product_tag":[],"yoast_head":"<!-- This site is optimized with the Yoast SEO plugin v23.8 - https:\/\/yoast.com\/wordpress\/plugins\/seo\/ -->\n<title>Jus &amp; Nectar - Cerise Cassis R\u00e9glisse - Nabukoo<\/title>\n<meta name=\"robots\" content=\"index, follow, max-snippet:-1, max-image-preview:large, max-video-preview:-1\" \/>\n<link rel=\"canonical\" href=\"https:\/\/nabukoo.com\/nl\/product-2\/sap-nectar-kers-zwarte-bes-zoethout\/\" \/>\n<meta property=\"og:locale\" content=\"nl_BE\" \/>\n<meta property=\"og:type\" content=\"article\" \/>\n<meta property=\"og:title\" content=\"Jus &amp; Nectar - Cerise Cassis R\u00e9glisse - Nabukoo\" \/>\n<meta property=\"og:description\" content=\"Nos Jardins Imparfaits : une p\u00e9pite de 25 cl   R\u00c9GLISSE : Cette racine sucr\u00e9e est aussi tr\u00e8s parfum\u00e9e et surprenante par son go\u00fbt suave et anis\u00e9.    CERISE : Un go\u00fbt unique sucr\u00e9 et acidul\u00e9.    CASSIS : La vari\u00e9t\u00e9 Noir de Bourgogne apporte des notes v\u00e9g\u00e9tales et tanniques.\" \/>\n<meta property=\"og:url\" content=\"https:\/\/nabukoo.com\/nl\/product-2\/sap-nectar-kers-zwarte-bes-zoethout\/\" \/>\n<meta property=\"og:site_name\" content=\"Nabukoo\" \/>\n<meta property=\"article:modified_time\" content=\"2024-06-13T10:49:45+00:00\" \/>\n<meta property=\"og:image\" content=\"https:\/\/nabukoo.com\/wp-content\/uploads\/nos-jardins-cerise-cassis-reglisse-rotated.jpg\" \/>\n\t<meta property=\"og:image:width\" content=\"1200\" \/>\n\t<meta property=\"og:image:height\" content=\"1600\" \/>\n\t<meta property=\"og:image:type\" content=\"image\/jpeg\" \/>\n<meta name=\"twitter:card\" content=\"summary_large_image\" \/>\n<meta name=\"twitter:label1\" content=\"Geschatte leestijd\" \/>\n\t<meta name=\"twitter:data1\" content=\"2 minuten\" \/>\n<script type=\"application\/ld+json\" class=\"yoast-schema-graph\">{\"@context\":\"https:\/\/schema.org\",\"@graph\":[{\"@type\":\"WebPage\",\"@id\":\"https:\/\/nabukoo.com\/produit\/jus-nectar-cerise-cassis-reglisse\/\",\"url\":\"https:\/\/nabukoo.com\/produit\/jus-nectar-cerise-cassis-reglisse\/\",\"name\":\"Jus &amp; Nectar - Cerise Cassis R\u00e9glisse - Nabukoo\",\"isPartOf\":{\"@id\":\"https:\/\/nabukoo.com\/#website\"},\"datePublished\":\"2024-03-28T17:10:55+00:00\",\"dateModified\":\"2024-06-13T10:49:45+00:00\",\"breadcrumb\":{\"@id\":\"https:\/\/nabukoo.com\/produit\/jus-nectar-cerise-cassis-reglisse\/#breadcrumb\"},\"inLanguage\":\"nl-BE\",\"potentialAction\":[{\"@type\":\"ReadAction\",\"target\":[\"https:\/\/nabukoo.com\/produit\/jus-nectar-cerise-cassis-reglisse\/\"]}]},{\"@type\":\"BreadcrumbList\",\"@id\":\"https:\/\/nabukoo.com\/produit\/jus-nectar-cerise-cassis-reglisse\/#breadcrumb\",\"itemListElement\":[{\"@type\":\"ListItem\",\"position\":1,\"name\":\"Accueil\",\"item\":\"https:\/\/nabukoo.com\/\"},{\"@type\":\"ListItem\",\"position\":2,\"name\":\"Nos rayons\",\"item\":\"https:\/\/nabukoo.com\/rayons\/\"},{\"@type\":\"ListItem\",\"position\":3,\"name\":\"Jus &amp; Nectar &#8211; Cerise Cassis R\u00e9glisse\"}]},{\"@type\":\"WebSite\",\"@id\":\"https:\/\/nabukoo.com\/#website\",\"url\":\"https:\/\/nabukoo.com\/\",\"name\":\"Nabukoo\",\"description\":\"Qulaity First\",\"potentialAction\":[{\"@type\":\"SearchAction\",\"target\":{\"@type\":\"EntryPoint\",\"urlTemplate\":\"https:\/\/nabukoo.com\/?s={search_term_string}\"},\"query-input\":{\"@type\":\"PropertyValueSpecification\",\"valueRequired\":true,\"valueName\":\"search_term_string\"}}],\"inLanguage\":\"nl-BE\"}]}<\/script>\n<!-- \/ Yoast SEO plugin. -->","yoast_head_json":{"title":"Jus &amp; Nectar - Cerise Cassis R\u00e9glisse - Nabukoo","robots":{"index":"index","follow":"follow","max-snippet":"max-snippet:-1","max-image-preview":"max-image-preview:large","max-video-preview":"max-video-preview:-1"},"canonical":"https:\/\/nabukoo.com\/nl\/product-2\/sap-nectar-kers-zwarte-bes-zoethout\/","og_locale":"nl_BE","og_type":"article","og_title":"Jus &amp; Nectar - Cerise Cassis R\u00e9glisse - Nabukoo","og_description":"Nos Jardins Imparfaits : une p\u00e9pite de 25 cl   R\u00c9GLISSE : Cette racine sucr\u00e9e est aussi tr\u00e8s parfum\u00e9e et surprenante par son go\u00fbt suave et anis\u00e9.    CERISE : Un go\u00fbt unique sucr\u00e9 et acidul\u00e9.    CASSIS : La vari\u00e9t\u00e9 Noir de Bourgogne apporte des notes v\u00e9g\u00e9tales et tanniques.","og_url":"https:\/\/nabukoo.com\/nl\/product-2\/sap-nectar-kers-zwarte-bes-zoethout\/","og_site_name":"Nabukoo","article_modified_time":"2024-06-13T10:49:45+00:00","og_image":[{"width":1200,"height":1600,"url":"https:\/\/nabukoo.com\/wp-content\/uploads\/nos-jardins-cerise-cassis-reglisse-rotated.jpg","type":"image\/jpeg"}],"twitter_card":"summary_large_image","twitter_misc":{"Geschatte leestijd":"2 minuten"},"schema":{"@context":"https:\/\/schema.org","@graph":[{"@type":"WebPage","@id":"https:\/\/nabukoo.com\/produit\/jus-nectar-cerise-cassis-reglisse\/","url":"https:\/\/nabukoo.com\/produit\/jus-nectar-cerise-cassis-reglisse\/","name":"Jus &amp; Nectar - Cerise Cassis R\u00e9glisse - Nabukoo","isPartOf":{"@id":"https:\/\/nabukoo.com\/#website"},"datePublished":"2024-03-28T17:10:55+00:00","dateModified":"2024-06-13T10:49:45+00:00","breadcrumb":{"@id":"https:\/\/nabukoo.com\/produit\/jus-nectar-cerise-cassis-reglisse\/#breadcrumb"},"inLanguage":"nl-BE","potentialAction":[{"@type":"ReadAction","target":["https:\/\/nabukoo.com\/produit\/jus-nectar-cerise-cassis-reglisse\/"]}]},{"@type":"BreadcrumbList","@id":"https:\/\/nabukoo.com\/produit\/jus-nectar-cerise-cassis-reglisse\/#breadcrumb","itemListElement":[{"@type":"ListItem","position":1,"name":"Accueil","item":"https:\/\/nabukoo.com\/"},{"@type":"ListItem","position":2,"name":"Nos rayons","item":"https:\/\/nabukoo.com\/rayons\/"},{"@type":"ListItem","position":3,"name":"Jus &amp; Nectar &#8211; Cerise Cassis R\u00e9glisse"}]},{"@type":"WebSite","@id":"https:\/\/nabukoo.com\/#website","url":"https:\/\/nabukoo.com\/","name":"Nabukoo","description":"Qulaity First","potentialAction":[{"@type":"SearchAction","target":{"@type":"EntryPoint","urlTemplate":"https:\/\/nabukoo.com\/?s={search_term_string}"},"query-input":{"@type":"PropertyValueSpecification","valueRequired":true,"valueName":"search_term_string"}}],"inLanguage":"nl-BE"}]}},"_links":{"self":[{"href":"https:\/\/nabukoo.com\/nl\/wp-json\/wp\/v2\/product\/11595"}],"collection":[{"href":"https:\/\/nabukoo.com\/nl\/wp-json\/wp\/v2\/product"}],"about":[{"href":"https:\/\/nabukoo.com\/nl\/wp-json\/wp\/v2\/types\/product"}],"replies":[{"embeddable":true,"href":"https:\/\/nabukoo.com\/nl\/wp-json\/wp\/v2\/comments?post=11595"}],"wp:attachment":[{"href":"https:\/\/nabukoo.com\/nl\/wp-json\/wp\/v2\/media?parent=11595"}],"wp:term":[{"taxonomy":"product_cat","embeddable":true,"href":"https:\/\/nabukoo.com\/nl\/wp-json\/wp\/v2\/product_cat?post=11595"},{"taxonomy":"product_tag","embeddable":true,"href":"https:\/\/nabukoo.com\/nl\/wp-json\/wp\/v2\/product_tag?post=11595"}],"curies":[{"name":"wp","href":"https:\/\/api.w.org\/{rel}","templated":true}]}}