{"id":11593,"date":"2024-03-28T16:47:05","date_gmt":"2024-03-28T15:47:05","guid":{"rendered":"https:\/\/nabukoo.com\/?post_type=product&#038;p=11593"},"modified":"2024-06-13T14:33:56","modified_gmt":"2024-06-13T12:33:56","slug":"jus-peche-feuille-shiso-25-cl","status":"publish","type":"product","link":"https:\/\/nabukoo.com\/nl\/product-2\/shiso-perzikbladsap-25-cl\/","title":{"rendered":"Sap &amp; Nectar - Perzikblad Shiso"},"content":{"rendered":"<p><strong>De Shiso<\/strong>Deze prachtige plant, geteeld in onze biologische boomgaarden, is een aromatische, medicinale en decoratieve schat. Zijn unieke smaak schommelt tussen komijn, zoethout en basilicum. Om een verrassende en ongelooflijk verfrissende drank te cre\u00ebren, wordt hij gecombineerd met <strong>vissen<\/strong>zoet en pittig, evenals de\u00a0<strong>cidaigre<\/strong>verkwikkend en versterkend.<\/p>\n<p>Elke slok van deze creatie is een uitnodiging voor een zintuiglijke reis waar smaken zich vermengen in een harmonieuze dans. \ud83c\udf3f\ud83c\udf51\ud83c\udf79<\/p>\n<p>DIXIT :<\/p>\n<p>Cidaigre?!? Wat is dat? Een gefermenteerd appelsap, of appelazijn.<\/p>\n<p>Onze kostbare cider komt van\u00a0<strong>Loire-Atlantique<\/strong>Het is gecertificeerd biologisch en gemaakt van ongepasteuriseerde Franse appels. Voor dit recept hebben we ons laten inspireren door een traditionele Japanse drank die het sap van de bladeren van de\u00a0<strong>shiso<\/strong>\u00a0met appelazijn. Een eeuwenoud drankje dat vooral lekker is tijdens de hete zomermaanden.<\/p>\n<p>Laat je meeslepen door deze fusie van smaken, waarbij de frisheid van de shiso danst met de levendigheid van de cider. Proost! \ud83c\udf4e\ud83c\udf3f\ud83c\udf79<\/p>","protected":false},"excerpt":{"rendered":"<p>Nos Jardins Imparfaits: een nectar van 25 cl<\/p>\n<div class=\"elementor-element elementor-element-e342dfb elementor-widget__width-initial elementor-widget-mobile__width-initial elementor-widget elementor-widget-heading\" data-id=\"e342dfb\" data-element_type=\"widget\" data-widget_type=\"heading.default\">\n<div class=\"elementor-widget-container\">\n<div class=\"elementor-heading-title elementor-size-default\">WITTE PERzik: Een delicate, sappige en zoete vrucht.<\/div>\n<\/div>\n<\/div>\n<div class=\"elementor-element elementor-element-e342dfb elementor-widget__width-initial elementor-widget-mobile__width-initial elementor-widget elementor-widget-heading\" data-id=\"e342dfb\" data-element_type=\"widget\" data-widget_type=\"heading.default\">\n<div class=\"elementor-widget-container\">\n<div class=\"elementor-element elementor-element-ecde3ab elementor-widget__width-initial elementor-widget-mobile__width-initial elementor-widget elementor-widget-heading\" data-id=\"ecde3ab\" data-element_type=\"widget\" data-widget_type=\"heading.default\">\n<div class=\"elementor-widget-container\">\n<div class=\"elementor-heading-title elementor-size-default\">\n<div class=\"elementor-element elementor-element-305af11 e-con-full jedv-enabled--yes e-flex e-con e-parent\" data-id=\"305af11\" data-element_type=\"container\" data-settings=\"{&quot;jet_parallax_layout_list&quot;:[]}\" data-core-v316-plus=\"true\">\n<div class=\"elementor-element elementor-element-7e22306 elementor-widget elementor-widget-jet-listing-grid\" data-id=\"7e22306\" data-element_type=\"widget\" data-settings=\"{&quot;columns&quot;:&quot;2&quot;,&quot;columns_tablet&quot;:&quot;1&quot;}\" data-widget_type=\"jet-listing-grid.default\">\n<div class=\"elementor-widget-container\">\n<div class=\"jet-listing-grid jet-listing\">\n<div class=\"jet-listing-grid__items grid-col-desk-2 grid-col-tablet-1 grid-col-mobile-1 jet-listing-grid--1431\" data-queried-id=\"6769|WP_Post\" data-nav=\"{&quot;enabled&quot;:false,&quot;type&quot;:null,&quot;more_el&quot;:null,&quot;query&quot;:[],&quot;widget_settings&quot;:{&quot;lisitng_id&quot;:1431,&quot;posts_num&quot;:2,&quot;columns&quot;:2,&quot;columns_tablet&quot;:1,&quot;columns_mobile&quot;:1,&quot;is_archive_template&quot;:&quot;&quot;,&quot;post_status&quot;:[&quot;publish&quot;],&quot;use_random_posts_num&quot;:&quot;&quot;,&quot;max_posts_num&quot;:9,&quot;not_found_message&quot;:&quot;Aucun ingru00e9dient trouvu00e9&quot;,&quot;is_masonry&quot;:false,&quot;equal_columns_height&quot;:&quot;&quot;,&quot;use_load_more&quot;:&quot;&quot;,&quot;load_more_id&quot;:&quot;&quot;,&quot;load_more_type&quot;:&quot;click&quot;,&quot;load_more_offset&quot;:{&quot;unit&quot;:&quot;px&quot;,&quot;size&quot;:0,&quot;sizes&quot;:[]},&quot;use_custom_post_types&quot;:&quot;&quot;,&quot;custom_post_types&quot;:[],&quot;hide_widget_if&quot;:&quot;empty_query&quot;,&quot;carousel_enabled&quot;:&quot;&quot;,&quot;slides_to_scroll&quot;:&quot;1&quot;,&quot;arrows&quot;:&quot;true&quot;,&quot;arrow_icon&quot;:&quot;fa fa-angle-left&quot;,&quot;dots&quot;:&quot;&quot;,&quot;autoplay&quot;:&quot;true&quot;,&quot;pause_on_hover&quot;:&quot;true&quot;,&quot;autoplay_speed&quot;:5000,&quot;infinite&quot;:&quot;true&quot;,&quot;center_mode&quot;:&quot;&quot;,&quot;effect&quot;:&quot;slide&quot;,&quot;speed&quot;:500,&quot;inject_alternative_items&quot;:&quot;yes&quot;,&quot;injection_items&quot;:[{&quot;_id&quot;:&quot;0d19a63&quot;,&quot;item&quot;:&quot;1450&quot;,&quot;item_colspan&quot;:&quot;1&quot;}],&quot;scroll_slider_enabled&quot;:&quot;&quot;,&quot;scroll_slider_on&quot;:[&quot;desktop&quot;,&quot;tablet&quot;,&quot;mobile&quot;],&quot;custom_query&quot;:false,&quot;custom_query_id&quot;:&quot;&quot;,&quot;_element_id&quot;:&quot;&quot;}}\" data-page=\"1\" data-pages=\"1\" data-listing-source=\"terms\" data-listing-id=\"1431\" data-query-id=\"\">\n<div class=\"jet-listing-grid__item jet-listing-dynamic-post-112 jet-listing-grid--1450\" data-post-id=\"112\">\n<div class=\"elementor elementor-1450\" data-elementor-type=\"jet-listing-items\" data-elementor-id=\"1450\" data-elementor-post-type=\"jet-engine\">\n<div class=\"elementor-element elementor-element-cc7d98a e-con-full e-flex e-con e-parent\" data-id=\"cc7d98a\" data-element_type=\"container\" data-settings=\"{&quot;jet_parallax_layout_list&quot;:[]}\" data-core-v316-plus=\"true\">\n<div class=\"elementor-element elementor-element-ecde3ab elementor-widget__width-initial elementor-widget-mobile__width-initial elementor-widget elementor-widget-heading\" data-id=\"ecde3ab\" data-element_type=\"widget\" data-widget_type=\"heading.default\">\n<div class=\"elementor-widget-container\">\n<div class=\"elementor-heading-title elementor-size-default\">SHISO LEAF: Een plant met een ongelooflijke aromatische complexiteit! Een smaak van komijn, zoethout, basilicum, munt en anijs... Zomaar!<\/div>\n<\/div>\n<\/div>\n<\/div>\n<\/div>\n<\/div>\n<\/div>\n<\/div>\n<\/div>\n<\/div>\n<\/div>\n<div class=\"elementor-element elementor-element-86a7aee e-con-full e-flex e-con e-parent\" data-id=\"86a7aee\" data-element_type=\"container\" data-settings=\"{&quot;jet_parallax_layout_list&quot;:[]}\" data-core-v316-plus=\"true\">\n<div class=\"elementor-element elementor-element-ab7d3b8 jedv-enabled--yes testt elementor-widget elementor-widget-jet-accordion\" data-id=\"ab7d3b8\" data-element_type=\"widget\" data-widget_type=\"jet-accordion.default\">\n<div class=\"elementor-widget-container\">\n<div class=\"jet-accordion\" data-settings=\"{&quot;collapsible&quot;:false,&quot;ajaxTemplate&quot;:false,&quot;switchScrolling&quot;:false,&quot;switchScrollingOffset&quot;:0,&quot;switchScrollingDelay&quot;:500}\">\n<div class=\"jet-accordion__inner\">\n<div class=\"jet-accordion__item jet-toggle jet-toggle-move-up-effect\">\n<div id=\"jet-toggle-control-1791\" class=\"jet-toggle__control elementor-menu-anchor\" role=\"button\" data-toggle=\"1\" aria-controls=\"jet-toggle-content-1791\" aria-expanded=\"false\" data-template-id=\"false\">\n<div class=\"jet-toggle__label-icon jet-toggle-icon-position-right\"><\/div>\n<\/div>\n<\/div>\n<\/div>\n<\/div>\n<\/div>\n<\/div>\n<\/div>\n<\/div>\n<\/div>\n<\/div>\n<\/div>\n<\/div>\n<p>&nbsp;<\/p>","protected":false},"featured_media":0,"comment_status":"open","ping_status":"closed","template":"","meta":[],"product_cat":[131,72],"product_tag":[],"yoast_head":"<!-- This site is optimized with the Yoast SEO plugin v23.8 - https:\/\/yoast.com\/wordpress\/plugins\/seo\/ -->\n<title>Jus &amp; Nectar - P\u00eache Feuille Shiso - Nabukoo<\/title>\n<meta name=\"robots\" content=\"index, follow, max-snippet:-1, max-image-preview:large, max-video-preview:-1\" \/>\n<link rel=\"canonical\" href=\"https:\/\/nabukoo.com\/nl\/product-2\/shiso-perzikbladsap-25-cl\/\" \/>\n<meta property=\"og:locale\" content=\"nl_BE\" \/>\n<meta property=\"og:type\" content=\"article\" \/>\n<meta property=\"og:title\" content=\"Jus &amp; Nectar - P\u00eache Feuille Shiso - Nabukoo\" \/>\n<meta property=\"og:description\" content=\"Nos Jardins Imparfaits : un nectar de 25 cl   P\u00caCHE BLANCHE : Un fruit d\u00e9licat, juteux et sucr\u00e9.                  FEUILLE DE SHISO : Une plante \u00e0 la complexit\u00e9 aromatique incroyable ! Un go\u00fbt de cumin, r\u00e9glisse, basilic, menthe et d&#039;anis... Rien que \u00e7a !                               &nbsp;\" \/>\n<meta property=\"og:url\" content=\"https:\/\/nabukoo.com\/nl\/product-2\/shiso-perzikbladsap-25-cl\/\" \/>\n<meta property=\"og:site_name\" content=\"Nabukoo\" \/>\n<meta property=\"article:modified_time\" content=\"2024-06-13T12:33:56+00:00\" \/>\n<meta property=\"og:image\" content=\"https:\/\/nabukoo.com\/wp-content\/uploads\/Jus-Peche-Funky-Spirit.jpg\" \/>\n\t<meta property=\"og:image:width\" content=\"1200\" \/>\n\t<meta property=\"og:image:height\" content=\"1600\" \/>\n\t<meta property=\"og:image:type\" content=\"image\/jpeg\" \/>\n<meta name=\"twitter:card\" content=\"summary_large_image\" \/>\n<meta name=\"twitter:label1\" content=\"Geschatte leestijd\" \/>\n\t<meta name=\"twitter:data1\" content=\"2 minuten\" \/>\n<script type=\"application\/ld+json\" class=\"yoast-schema-graph\">{\"@context\":\"https:\/\/schema.org\",\"@graph\":[{\"@type\":\"WebPage\",\"@id\":\"https:\/\/nabukoo.com\/produit\/jus-peche-feuille-shiso-25-cl\/\",\"url\":\"https:\/\/nabukoo.com\/produit\/jus-peche-feuille-shiso-25-cl\/\",\"name\":\"Jus &amp; Nectar - P\u00eache Feuille Shiso - Nabukoo\",\"isPartOf\":{\"@id\":\"https:\/\/nabukoo.com\/#website\"},\"datePublished\":\"2024-03-28T15:47:05+00:00\",\"dateModified\":\"2024-06-13T12:33:56+00:00\",\"breadcrumb\":{\"@id\":\"https:\/\/nabukoo.com\/produit\/jus-peche-feuille-shiso-25-cl\/#breadcrumb\"},\"inLanguage\":\"nl-BE\",\"potentialAction\":[{\"@type\":\"ReadAction\",\"target\":[\"https:\/\/nabukoo.com\/produit\/jus-peche-feuille-shiso-25-cl\/\"]}]},{\"@type\":\"BreadcrumbList\",\"@id\":\"https:\/\/nabukoo.com\/produit\/jus-peche-feuille-shiso-25-cl\/#breadcrumb\",\"itemListElement\":[{\"@type\":\"ListItem\",\"position\":1,\"name\":\"Accueil\",\"item\":\"https:\/\/nabukoo.com\/\"},{\"@type\":\"ListItem\",\"position\":2,\"name\":\"Nos rayons\",\"item\":\"https:\/\/nabukoo.com\/rayons\/\"},{\"@type\":\"ListItem\",\"position\":3,\"name\":\"Jus &amp; Nectar &#8211; P\u00eache Feuille Shiso\"}]},{\"@type\":\"WebSite\",\"@id\":\"https:\/\/nabukoo.com\/#website\",\"url\":\"https:\/\/nabukoo.com\/\",\"name\":\"Nabukoo\",\"description\":\"Qulaity First\",\"potentialAction\":[{\"@type\":\"SearchAction\",\"target\":{\"@type\":\"EntryPoint\",\"urlTemplate\":\"https:\/\/nabukoo.com\/?s={search_term_string}\"},\"query-input\":{\"@type\":\"PropertyValueSpecification\",\"valueRequired\":true,\"valueName\":\"search_term_string\"}}],\"inLanguage\":\"nl-BE\"}]}<\/script>\n<!-- \/ Yoast SEO plugin. -->","yoast_head_json":{"title":"Jus &amp; Nectar - P\u00eache Feuille Shiso - Nabukoo","robots":{"index":"index","follow":"follow","max-snippet":"max-snippet:-1","max-image-preview":"max-image-preview:large","max-video-preview":"max-video-preview:-1"},"canonical":"https:\/\/nabukoo.com\/nl\/product-2\/shiso-perzikbladsap-25-cl\/","og_locale":"nl_BE","og_type":"article","og_title":"Jus &amp; Nectar - P\u00eache Feuille Shiso - Nabukoo","og_description":"Nos Jardins Imparfaits : un nectar de 25 cl   P\u00caCHE BLANCHE : Un fruit d\u00e9licat, juteux et sucr\u00e9.                  FEUILLE DE SHISO : Une plante \u00e0 la complexit\u00e9 aromatique incroyable ! Un go\u00fbt de cumin, r\u00e9glisse, basilic, menthe et d'anis... Rien que \u00e7a !                               &nbsp;","og_url":"https:\/\/nabukoo.com\/nl\/product-2\/shiso-perzikbladsap-25-cl\/","og_site_name":"Nabukoo","article_modified_time":"2024-06-13T12:33:56+00:00","og_image":[{"width":1200,"height":1600,"url":"https:\/\/nabukoo.com\/wp-content\/uploads\/Jus-Peche-Funky-Spirit.jpg","type":"image\/jpeg"}],"twitter_card":"summary_large_image","twitter_misc":{"Geschatte leestijd":"2 minuten"},"schema":{"@context":"https:\/\/schema.org","@graph":[{"@type":"WebPage","@id":"https:\/\/nabukoo.com\/produit\/jus-peche-feuille-shiso-25-cl\/","url":"https:\/\/nabukoo.com\/produit\/jus-peche-feuille-shiso-25-cl\/","name":"Jus &amp; Nectar - P\u00eache Feuille Shiso - Nabukoo","isPartOf":{"@id":"https:\/\/nabukoo.com\/#website"},"datePublished":"2024-03-28T15:47:05+00:00","dateModified":"2024-06-13T12:33:56+00:00","breadcrumb":{"@id":"https:\/\/nabukoo.com\/produit\/jus-peche-feuille-shiso-25-cl\/#breadcrumb"},"inLanguage":"nl-BE","potentialAction":[{"@type":"ReadAction","target":["https:\/\/nabukoo.com\/produit\/jus-peche-feuille-shiso-25-cl\/"]}]},{"@type":"BreadcrumbList","@id":"https:\/\/nabukoo.com\/produit\/jus-peche-feuille-shiso-25-cl\/#breadcrumb","itemListElement":[{"@type":"ListItem","position":1,"name":"Accueil","item":"https:\/\/nabukoo.com\/"},{"@type":"ListItem","position":2,"name":"Nos rayons","item":"https:\/\/nabukoo.com\/rayons\/"},{"@type":"ListItem","position":3,"name":"Jus &amp; Nectar &#8211; P\u00eache Feuille Shiso"}]},{"@type":"WebSite","@id":"https:\/\/nabukoo.com\/#website","url":"https:\/\/nabukoo.com\/","name":"Nabukoo","description":"Qulaity First","potentialAction":[{"@type":"SearchAction","target":{"@type":"EntryPoint","urlTemplate":"https:\/\/nabukoo.com\/?s={search_term_string}"},"query-input":{"@type":"PropertyValueSpecification","valueRequired":true,"valueName":"search_term_string"}}],"inLanguage":"nl-BE"}]}},"_links":{"self":[{"href":"https:\/\/nabukoo.com\/nl\/wp-json\/wp\/v2\/product\/11593"}],"collection":[{"href":"https:\/\/nabukoo.com\/nl\/wp-json\/wp\/v2\/product"}],"about":[{"href":"https:\/\/nabukoo.com\/nl\/wp-json\/wp\/v2\/types\/product"}],"replies":[{"embeddable":true,"href":"https:\/\/nabukoo.com\/nl\/wp-json\/wp\/v2\/comments?post=11593"}],"wp:attachment":[{"href":"https:\/\/nabukoo.com\/nl\/wp-json\/wp\/v2\/media?parent=11593"}],"wp:term":[{"taxonomy":"product_cat","embeddable":true,"href":"https:\/\/nabukoo.com\/nl\/wp-json\/wp\/v2\/product_cat?post=11593"},{"taxonomy":"product_tag","embeddable":true,"href":"https:\/\/nabukoo.com\/nl\/wp-json\/wp\/v2\/product_tag?post=11593"}],"curies":[{"name":"wp","href":"https:\/\/api.w.org\/{rel}","templated":true}]}}