{"id":11589,"date":"2024-03-28T12:08:50","date_gmt":"2024-03-28T11:08:50","guid":{"rendered":"https:\/\/nabukoo.com\/?post_type=product&#038;p=11589"},"modified":"2024-06-13T14:30:17","modified_gmt":"2024-06-13T12:30:17","slug":"jus-cassis-menthe-cannelle-25-cl","status":"publish","type":"product","link":"https:\/\/nabukoo.com\/nl\/product-2\/zwarte-bessen-munt-kaneelsap-25-cl\/","title":{"rendered":"Sap &amp; Nectar - Zwarte bes Munt Kaneel"},"content":{"rendered":"<p><strong>De nectar van alle contrasten<\/strong>. De tannine van de\u00a0<strong>Zwarte bes \"Noir de Bourgogne<\/strong>\u00a0wordt subtiel gecompenseerd door de intense frisheid van de\u00a0<strong>chocolademunt<\/strong>. In de mond blijft een duidelijke indruk van frisheid hangen, harmonieus vermengd met een lichte kruidige wrangheid.<\/p>\n<p>Elke slok is een dans tussen intensiteit en zoetheid, waarbij smaken elegant in elkaar overlopen. \ud83c\udf47\ud83c\udf3f\ud83c\udf6b<\/p>","protected":false},"excerpt":{"rendered":"<p>Onze Imperfect Gardens overtreffen zichzelf opnieuw... 25 cl<\/p>\n<div class=\"elementor-element elementor-element-e342dfb elementor-widget__width-initial elementor-widget-mobile__width-initial elementor-widget elementor-widget-heading\" data-id=\"e342dfb\" data-element_type=\"widget\" data-widget_type=\"heading.default\">\n<div class=\"elementor-widget-container\">\n<div class=\"elementor-heading-title elementor-size-default\">MINT: Een aromatische, krachtige pepermuntsoort die een frisse indruk achterlaat in de mond.<\/div>\n<div>\n<div class=\"elementor-element elementor-element-ecde3ab elementor-widget__width-initial elementor-widget-mobile__width-initial elementor-widget elementor-widget-heading\" data-id=\"ecde3ab\" data-element_type=\"widget\" data-widget_type=\"heading.default\">\n<div class=\"elementor-widget-container\">\n<div class=\"elementor-heading-title elementor-size-default\">CASSIS: De Noir de Bourgogne brengt vegetale en tanninetonen met zich mee.<\/div>\n<\/div>\n<\/div>\n<\/div>\n<\/div>\n<\/div>\n<p>&nbsp;<\/p>","protected":false},"featured_media":0,"comment_status":"open","ping_status":"closed","template":"","meta":[],"product_cat":[131,72],"product_tag":[],"yoast_head":"<!-- This site is optimized with the Yoast SEO plugin v23.8 - https:\/\/yoast.com\/wordpress\/plugins\/seo\/ -->\n<title>Jus &amp; Nectar - Cassis Menthe Cannelle - Nabukoo<\/title>\n<meta name=\"robots\" content=\"index, follow, max-snippet:-1, max-image-preview:large, max-video-preview:-1\" \/>\n<link rel=\"canonical\" href=\"https:\/\/nabukoo.com\/nl\/product-2\/zwarte-bessen-munt-kaneelsap-25-cl\/\" \/>\n<meta property=\"og:locale\" content=\"nl_BE\" \/>\n<meta property=\"og:type\" content=\"article\" \/>\n<meta property=\"og:title\" content=\"Jus &amp; Nectar - Cassis Menthe Cannelle - Nabukoo\" \/>\n<meta property=\"og:description\" content=\"Nos Jardins Imparfaits se surpassent une fois encore... 25 cl   MENTHE : Vari\u00e9t\u00e9 de menthe poivr\u00e9e aromatique et puissante, qui laisse une impression de fra\u00eecheur en bouche.    CASSIS : La vari\u00e9t\u00e9 Noir de Bourgogne apporte des notes v\u00e9g\u00e9tales et tanniques.      &nbsp;\" \/>\n<meta property=\"og:url\" content=\"https:\/\/nabukoo.com\/nl\/product-2\/zwarte-bessen-munt-kaneelsap-25-cl\/\" \/>\n<meta property=\"og:site_name\" content=\"Nabukoo\" \/>\n<meta property=\"article:modified_time\" content=\"2024-06-13T12:30:17+00:00\" \/>\n<meta property=\"og:image\" content=\"https:\/\/nabukoo.com\/wp-content\/uploads\/Jus-Cassis-Menthe-Funky-Spirit-rotated.jpg\" \/>\n\t<meta property=\"og:image:width\" content=\"1200\" \/>\n\t<meta property=\"og:image:height\" content=\"1600\" \/>\n\t<meta property=\"og:image:type\" content=\"image\/jpeg\" \/>\n<meta name=\"twitter:card\" content=\"summary_large_image\" \/>\n<meta name=\"twitter:label1\" content=\"Geschatte leestijd\" \/>\n\t<meta name=\"twitter:data1\" content=\"1 minuut\" \/>\n<script type=\"application\/ld+json\" class=\"yoast-schema-graph\">{\"@context\":\"https:\/\/schema.org\",\"@graph\":[{\"@type\":\"WebPage\",\"@id\":\"https:\/\/nabukoo.com\/produit\/jus-cassis-menthe-cannelle-25-cl\/\",\"url\":\"https:\/\/nabukoo.com\/produit\/jus-cassis-menthe-cannelle-25-cl\/\",\"name\":\"Jus &amp; Nectar - Cassis Menthe Cannelle - Nabukoo\",\"isPartOf\":{\"@id\":\"https:\/\/nabukoo.com\/#website\"},\"datePublished\":\"2024-03-28T11:08:50+00:00\",\"dateModified\":\"2024-06-13T12:30:17+00:00\",\"breadcrumb\":{\"@id\":\"https:\/\/nabukoo.com\/produit\/jus-cassis-menthe-cannelle-25-cl\/#breadcrumb\"},\"inLanguage\":\"nl-BE\",\"potentialAction\":[{\"@type\":\"ReadAction\",\"target\":[\"https:\/\/nabukoo.com\/produit\/jus-cassis-menthe-cannelle-25-cl\/\"]}]},{\"@type\":\"BreadcrumbList\",\"@id\":\"https:\/\/nabukoo.com\/produit\/jus-cassis-menthe-cannelle-25-cl\/#breadcrumb\",\"itemListElement\":[{\"@type\":\"ListItem\",\"position\":1,\"name\":\"Accueil\",\"item\":\"https:\/\/nabukoo.com\/\"},{\"@type\":\"ListItem\",\"position\":2,\"name\":\"Nos rayons\",\"item\":\"https:\/\/nabukoo.com\/rayons\/\"},{\"@type\":\"ListItem\",\"position\":3,\"name\":\"Jus &amp; Nectar &#8211; Cassis Menthe Cannelle\"}]},{\"@type\":\"WebSite\",\"@id\":\"https:\/\/nabukoo.com\/#website\",\"url\":\"https:\/\/nabukoo.com\/\",\"name\":\"Nabukoo\",\"description\":\"Qulaity First\",\"potentialAction\":[{\"@type\":\"SearchAction\",\"target\":{\"@type\":\"EntryPoint\",\"urlTemplate\":\"https:\/\/nabukoo.com\/?s={search_term_string}\"},\"query-input\":{\"@type\":\"PropertyValueSpecification\",\"valueRequired\":true,\"valueName\":\"search_term_string\"}}],\"inLanguage\":\"nl-BE\"}]}<\/script>\n<!-- \/ Yoast SEO plugin. -->","yoast_head_json":{"title":"Jus &amp; Nectar - Cassis Menthe Cannelle - Nabukoo","robots":{"index":"index","follow":"follow","max-snippet":"max-snippet:-1","max-image-preview":"max-image-preview:large","max-video-preview":"max-video-preview:-1"},"canonical":"https:\/\/nabukoo.com\/nl\/product-2\/zwarte-bessen-munt-kaneelsap-25-cl\/","og_locale":"nl_BE","og_type":"article","og_title":"Jus &amp; Nectar - Cassis Menthe Cannelle - Nabukoo","og_description":"Nos Jardins Imparfaits se surpassent une fois encore... 25 cl   MENTHE : Vari\u00e9t\u00e9 de menthe poivr\u00e9e aromatique et puissante, qui laisse une impression de fra\u00eecheur en bouche.    CASSIS : La vari\u00e9t\u00e9 Noir de Bourgogne apporte des notes v\u00e9g\u00e9tales et tanniques.      &nbsp;","og_url":"https:\/\/nabukoo.com\/nl\/product-2\/zwarte-bessen-munt-kaneelsap-25-cl\/","og_site_name":"Nabukoo","article_modified_time":"2024-06-13T12:30:17+00:00","og_image":[{"width":1200,"height":1600,"url":"https:\/\/nabukoo.com\/wp-content\/uploads\/Jus-Cassis-Menthe-Funky-Spirit-rotated.jpg","type":"image\/jpeg"}],"twitter_card":"summary_large_image","twitter_misc":{"Geschatte leestijd":"1 minuut"},"schema":{"@context":"https:\/\/schema.org","@graph":[{"@type":"WebPage","@id":"https:\/\/nabukoo.com\/produit\/jus-cassis-menthe-cannelle-25-cl\/","url":"https:\/\/nabukoo.com\/produit\/jus-cassis-menthe-cannelle-25-cl\/","name":"Jus &amp; Nectar - Cassis Menthe Cannelle - Nabukoo","isPartOf":{"@id":"https:\/\/nabukoo.com\/#website"},"datePublished":"2024-03-28T11:08:50+00:00","dateModified":"2024-06-13T12:30:17+00:00","breadcrumb":{"@id":"https:\/\/nabukoo.com\/produit\/jus-cassis-menthe-cannelle-25-cl\/#breadcrumb"},"inLanguage":"nl-BE","potentialAction":[{"@type":"ReadAction","target":["https:\/\/nabukoo.com\/produit\/jus-cassis-menthe-cannelle-25-cl\/"]}]},{"@type":"BreadcrumbList","@id":"https:\/\/nabukoo.com\/produit\/jus-cassis-menthe-cannelle-25-cl\/#breadcrumb","itemListElement":[{"@type":"ListItem","position":1,"name":"Accueil","item":"https:\/\/nabukoo.com\/"},{"@type":"ListItem","position":2,"name":"Nos rayons","item":"https:\/\/nabukoo.com\/rayons\/"},{"@type":"ListItem","position":3,"name":"Jus &amp; Nectar &#8211; Cassis Menthe Cannelle"}]},{"@type":"WebSite","@id":"https:\/\/nabukoo.com\/#website","url":"https:\/\/nabukoo.com\/","name":"Nabukoo","description":"Qulaity First","potentialAction":[{"@type":"SearchAction","target":{"@type":"EntryPoint","urlTemplate":"https:\/\/nabukoo.com\/?s={search_term_string}"},"query-input":{"@type":"PropertyValueSpecification","valueRequired":true,"valueName":"search_term_string"}}],"inLanguage":"nl-BE"}]}},"_links":{"self":[{"href":"https:\/\/nabukoo.com\/nl\/wp-json\/wp\/v2\/product\/11589"}],"collection":[{"href":"https:\/\/nabukoo.com\/nl\/wp-json\/wp\/v2\/product"}],"about":[{"href":"https:\/\/nabukoo.com\/nl\/wp-json\/wp\/v2\/types\/product"}],"replies":[{"embeddable":true,"href":"https:\/\/nabukoo.com\/nl\/wp-json\/wp\/v2\/comments?post=11589"}],"wp:attachment":[{"href":"https:\/\/nabukoo.com\/nl\/wp-json\/wp\/v2\/media?parent=11589"}],"wp:term":[{"taxonomy":"product_cat","embeddable":true,"href":"https:\/\/nabukoo.com\/nl\/wp-json\/wp\/v2\/product_cat?post=11589"},{"taxonomy":"product_tag","embeddable":true,"href":"https:\/\/nabukoo.com\/nl\/wp-json\/wp\/v2\/product_tag?post=11589"}],"curies":[{"name":"wp","href":"https:\/\/api.w.org\/{rel}","templated":true}]}}