{"id":11586,"date":"2024-03-28T11:21:43","date_gmt":"2024-03-28T10:21:43","guid":{"rendered":"https:\/\/nabukoo.com\/?post_type=product&#038;p=11586"},"modified":"2024-06-13T14:35:57","modified_gmt":"2024-06-13T12:35:57","slug":"jus-mure-feuille-figuier-combava","status":"publish","type":"product","link":"https:\/\/nabukoo.com\/nl\/product-2\/sap-rijp-vijgenblad-combava\/","title":{"rendered":"Sap &amp; Nectar - Bramen Vijgenblad Combava"},"content":{"rendered":"<div id=\"cib-chat-main\" class=\"main\">\n<div class=\"message\">\n<div class=\"content\" aria-label=\"Verzonden door Copiloot : \">\n<div class=\"ac-container ac-adaptiveCard\">\n<div class=\"ac-textBlock\">\n<p><strong>Deze nectar<\/strong>met een soepele textuur en diepe kleuren,\u00a0<strong>verspreidt krachtige aroma's van vijgenbomen verwarmd door de zon<\/strong>\u00a0! La\u00a0<strong>bramenfrisheid<\/strong>\u00a0combineert perfect met de vegetale smaak van de\u00a0<strong>vijgenblad<\/strong>allemaal opgevoed door de\u00a0<strong>schil van combava<\/strong>\u00a0met verrassend frisse en exotische noten!<\/p>\n<p>Elke slok is een smaakavontuur waarbij smaken zich op gedurfde wijze met elkaar verweven. \ud83c\udf47\ud83c\udf3f\ud83c\udf1e<\/p>\n<p>DIXIT :<\/p>\n<p><strong>Voor onze Nectar van braambes, vijgenblad en combava<\/strong>hebben we ervoor gekozen om te cultiveren\u00a0<strong>fruitbramenstruik<\/strong>. Deze tamme bramensoort produceert grote, smakelijke vruchten die minder wrang zijn dan die van zijn wilde neef.<\/p>\n<p>Ons doel is om zelfvoorzienend te worden in dit gewas. Tegen 2022 zullen we\u00a0<strong>250 bramenplanten<\/strong>\u00a0uit onze AB-gecertificeerde boomgaarden. Dus elke slok van deze nectar is de vrucht van gepassioneerd werk met respect voor de natuur.<\/p>\n<p>Laat je meeslepen door deze unieke zintuiglijke ervaring, waar de zoetheid van braambes en de frisheid van vijgenbladeren elkaar heerlijk ontmoeten. \ud83c\udf47\ud83c\udf3f\ud83c\udf31<\/p>\n<\/div>\n<\/div>\n<\/div>\n<\/div>\n<\/div>\n<p>&nbsp;<\/p>","protected":false},"excerpt":{"rendered":"<p>Nos Jardins Imparfaits: biologische bramennectar 25 cl<\/p>\n<div class=\"elementor-element elementor-element-e342dfb elementor-widget__width-initial elementor-widget-mobile__width-initial elementor-widget elementor-widget-heading\" data-id=\"e342dfb\" data-element_type=\"widget\" data-widget_type=\"heading.default\">\n<div class=\"elementor-widget-container\">\n<div class=\"elementor-heading-title elementor-size-default\">MOET: De vrucht van de nazomer, sappig en zoet.<\/div>\n<div>\n<div class=\"elementor-element elementor-element-872786c elementor-widget__width-initial elementor-widget-mobile__width-initial elementor-widget elementor-widget-heading\" data-id=\"872786c\" data-element_type=\"widget\" data-widget_type=\"heading.default\">\n<div class=\"elementor-widget-container\">\n<div class=\"elementor-heading-title elementor-size-default\">FIG LEAF: Een echte zomergeur, vijgenblad is delicaat en mysterieus, zowel plantaardig als bloemig. Noten van verse vijg en kokos komen naar voren.<\/div>\n<div>\n<div class=\"elementor-element elementor-element-ecde3ab elementor-widget__width-initial elementor-widget-mobile__width-initial elementor-widget elementor-widget-heading\" data-id=\"ecde3ab\" data-element_type=\"widget\" data-widget_type=\"heading.default\">\n<div class=\"elementor-widget-container\">\n<div class=\"elementor-heading-title elementor-size-default\">COMBAVA: Een zesteur met exotische noten en een betoverende geur die doet denken aan citroengras, gember en koriander.<\/div>\n<\/div>\n<\/div>\n<\/div>\n<\/div>\n<\/div>\n<\/div>\n<\/div>\n<\/div>","protected":false},"featured_media":0,"comment_status":"open","ping_status":"closed","template":"","meta":[],"product_cat":[131,72],"product_tag":[],"yoast_head":"<!-- This site is optimized with the Yoast SEO plugin v23.8 - https:\/\/yoast.com\/wordpress\/plugins\/seo\/ -->\n<title>Jus &amp; Nectar - M\u00fbre Feuille Figuier Combava - Nabukoo<\/title>\n<meta name=\"robots\" content=\"index, follow, max-snippet:-1, max-image-preview:large, max-video-preview:-1\" \/>\n<link rel=\"canonical\" href=\"https:\/\/nabukoo.com\/nl\/product-2\/sap-rijp-vijgenblad-combava\/\" \/>\n<meta property=\"og:locale\" content=\"nl_BE\" \/>\n<meta property=\"og:type\" content=\"article\" \/>\n<meta property=\"og:title\" content=\"Jus &amp; Nectar - M\u00fbre Feuille Figuier Combava - Nabukoo\" \/>\n<meta property=\"og:description\" content=\"Nos Jardins Imparfaits: nectar bio de m\u00fbres 25 cl   M\u00dbRE : Le fruit de la fin d&#039;\u00e9t\u00e9, juteux et sucr\u00e9.    FEUILLE DE FIGUIER : V\u00e9ritable parfum d&#039;\u00e9t\u00e9, la feuille de figuier est d\u00e9licate et myst\u00e9rieuse, \u00e0 la fois v\u00e9g\u00e9tale et florale. Des notes de figue fra\u00eeche et de noix de coco se d\u00e9gagent.    COMBAVA : Un zeste aux notes exotiques et au parfum envo\u00fbtant rappelant la citronnelle, le gingembre et la coriandre.\" \/>\n<meta property=\"og:url\" content=\"https:\/\/nabukoo.com\/nl\/product-2\/sap-rijp-vijgenblad-combava\/\" \/>\n<meta property=\"og:site_name\" content=\"Nabukoo\" \/>\n<meta property=\"article:modified_time\" content=\"2024-06-13T12:35:57+00:00\" \/>\n<meta property=\"og:image\" content=\"https:\/\/nabukoo.com\/wp-content\/uploads\/Jus-Mure-Funky-Spirit-rotated.jpg\" \/>\n\t<meta property=\"og:image:width\" content=\"1200\" \/>\n\t<meta property=\"og:image:height\" content=\"1600\" \/>\n\t<meta property=\"og:image:type\" content=\"image\/jpeg\" \/>\n<meta name=\"twitter:card\" content=\"summary_large_image\" \/>\n<meta name=\"twitter:label1\" content=\"Geschatte leestijd\" \/>\n\t<meta name=\"twitter:data1\" content=\"2 minuten\" \/>\n<script type=\"application\/ld+json\" class=\"yoast-schema-graph\">{\"@context\":\"https:\/\/schema.org\",\"@graph\":[{\"@type\":\"WebPage\",\"@id\":\"https:\/\/nabukoo.com\/produit\/jus-mure-feuille-figuier-combava\/\",\"url\":\"https:\/\/nabukoo.com\/produit\/jus-mure-feuille-figuier-combava\/\",\"name\":\"Jus &amp; Nectar - M\u00fbre Feuille Figuier Combava - Nabukoo\",\"isPartOf\":{\"@id\":\"https:\/\/nabukoo.com\/#website\"},\"datePublished\":\"2024-03-28T10:21:43+00:00\",\"dateModified\":\"2024-06-13T12:35:57+00:00\",\"breadcrumb\":{\"@id\":\"https:\/\/nabukoo.com\/produit\/jus-mure-feuille-figuier-combava\/#breadcrumb\"},\"inLanguage\":\"nl-BE\",\"potentialAction\":[{\"@type\":\"ReadAction\",\"target\":[\"https:\/\/nabukoo.com\/produit\/jus-mure-feuille-figuier-combava\/\"]}]},{\"@type\":\"BreadcrumbList\",\"@id\":\"https:\/\/nabukoo.com\/produit\/jus-mure-feuille-figuier-combava\/#breadcrumb\",\"itemListElement\":[{\"@type\":\"ListItem\",\"position\":1,\"name\":\"Accueil\",\"item\":\"https:\/\/nabukoo.com\/\"},{\"@type\":\"ListItem\",\"position\":2,\"name\":\"Nos rayons\",\"item\":\"https:\/\/nabukoo.com\/rayons\/\"},{\"@type\":\"ListItem\",\"position\":3,\"name\":\"Jus &amp; Nectar &#8211; M\u00fbre Feuille Figuier Combava\"}]},{\"@type\":\"WebSite\",\"@id\":\"https:\/\/nabukoo.com\/#website\",\"url\":\"https:\/\/nabukoo.com\/\",\"name\":\"Nabukoo\",\"description\":\"Qulaity First\",\"potentialAction\":[{\"@type\":\"SearchAction\",\"target\":{\"@type\":\"EntryPoint\",\"urlTemplate\":\"https:\/\/nabukoo.com\/?s={search_term_string}\"},\"query-input\":{\"@type\":\"PropertyValueSpecification\",\"valueRequired\":true,\"valueName\":\"search_term_string\"}}],\"inLanguage\":\"nl-BE\"}]}<\/script>\n<!-- \/ Yoast SEO plugin. -->","yoast_head_json":{"title":"Jus &amp; Nectar - M\u00fbre Feuille Figuier Combava - Nabukoo","robots":{"index":"index","follow":"follow","max-snippet":"max-snippet:-1","max-image-preview":"max-image-preview:large","max-video-preview":"max-video-preview:-1"},"canonical":"https:\/\/nabukoo.com\/nl\/product-2\/sap-rijp-vijgenblad-combava\/","og_locale":"nl_BE","og_type":"article","og_title":"Jus &amp; Nectar - M\u00fbre Feuille Figuier Combava - Nabukoo","og_description":"Nos Jardins Imparfaits: nectar bio de m\u00fbres 25 cl   M\u00dbRE : Le fruit de la fin d'\u00e9t\u00e9, juteux et sucr\u00e9.    FEUILLE DE FIGUIER : V\u00e9ritable parfum d'\u00e9t\u00e9, la feuille de figuier est d\u00e9licate et myst\u00e9rieuse, \u00e0 la fois v\u00e9g\u00e9tale et florale. Des notes de figue fra\u00eeche et de noix de coco se d\u00e9gagent.    COMBAVA : Un zeste aux notes exotiques et au parfum envo\u00fbtant rappelant la citronnelle, le gingembre et la coriandre.","og_url":"https:\/\/nabukoo.com\/nl\/product-2\/sap-rijp-vijgenblad-combava\/","og_site_name":"Nabukoo","article_modified_time":"2024-06-13T12:35:57+00:00","og_image":[{"width":1200,"height":1600,"url":"https:\/\/nabukoo.com\/wp-content\/uploads\/Jus-Mure-Funky-Spirit-rotated.jpg","type":"image\/jpeg"}],"twitter_card":"summary_large_image","twitter_misc":{"Geschatte leestijd":"2 minuten"},"schema":{"@context":"https:\/\/schema.org","@graph":[{"@type":"WebPage","@id":"https:\/\/nabukoo.com\/produit\/jus-mure-feuille-figuier-combava\/","url":"https:\/\/nabukoo.com\/produit\/jus-mure-feuille-figuier-combava\/","name":"Jus &amp; Nectar - M\u00fbre Feuille Figuier Combava - Nabukoo","isPartOf":{"@id":"https:\/\/nabukoo.com\/#website"},"datePublished":"2024-03-28T10:21:43+00:00","dateModified":"2024-06-13T12:35:57+00:00","breadcrumb":{"@id":"https:\/\/nabukoo.com\/produit\/jus-mure-feuille-figuier-combava\/#breadcrumb"},"inLanguage":"nl-BE","potentialAction":[{"@type":"ReadAction","target":["https:\/\/nabukoo.com\/produit\/jus-mure-feuille-figuier-combava\/"]}]},{"@type":"BreadcrumbList","@id":"https:\/\/nabukoo.com\/produit\/jus-mure-feuille-figuier-combava\/#breadcrumb","itemListElement":[{"@type":"ListItem","position":1,"name":"Accueil","item":"https:\/\/nabukoo.com\/"},{"@type":"ListItem","position":2,"name":"Nos rayons","item":"https:\/\/nabukoo.com\/rayons\/"},{"@type":"ListItem","position":3,"name":"Jus &amp; Nectar &#8211; M\u00fbre Feuille Figuier Combava"}]},{"@type":"WebSite","@id":"https:\/\/nabukoo.com\/#website","url":"https:\/\/nabukoo.com\/","name":"Nabukoo","description":"Qulaity First","potentialAction":[{"@type":"SearchAction","target":{"@type":"EntryPoint","urlTemplate":"https:\/\/nabukoo.com\/?s={search_term_string}"},"query-input":{"@type":"PropertyValueSpecification","valueRequired":true,"valueName":"search_term_string"}}],"inLanguage":"nl-BE"}]}},"_links":{"self":[{"href":"https:\/\/nabukoo.com\/nl\/wp-json\/wp\/v2\/product\/11586"}],"collection":[{"href":"https:\/\/nabukoo.com\/nl\/wp-json\/wp\/v2\/product"}],"about":[{"href":"https:\/\/nabukoo.com\/nl\/wp-json\/wp\/v2\/types\/product"}],"replies":[{"embeddable":true,"href":"https:\/\/nabukoo.com\/nl\/wp-json\/wp\/v2\/comments?post=11586"}],"wp:attachment":[{"href":"https:\/\/nabukoo.com\/nl\/wp-json\/wp\/v2\/media?parent=11586"}],"wp:term":[{"taxonomy":"product_cat","embeddable":true,"href":"https:\/\/nabukoo.com\/nl\/wp-json\/wp\/v2\/product_cat?post=11586"},{"taxonomy":"product_tag","embeddable":true,"href":"https:\/\/nabukoo.com\/nl\/wp-json\/wp\/v2\/product_tag?post=11586"}],"curies":[{"name":"wp","href":"https:\/\/api.w.org\/{rel}","templated":true}]}}