{"id":11585,"date":"2024-03-28T11:21:34","date_gmt":"2024-03-28T10:21:34","guid":{"rendered":"https:\/\/nabukoo.com\/?post_type=product&#038;p=11585"},"modified":"2024-06-13T14:37:46","modified_gmt":"2024-06-13T12:37:46","slug":"jus-nectar-fraise-bergamote-baie-de-batak-nos-jardins-imparfaits","status":"publish","type":"product","link":"https:\/\/nabukoo.com\/nl\/product-2\/sap-nectar-aardbei-bergamot-batak-bes-onze-onvolmaakte-tuinen\/","title":{"rendered":"Sap &amp; Nectar - Aardbei Bergamot Batak Bes"},"content":{"rendered":"<p><strong>Een vlezige nectar<\/strong>met de intense geur van\u00a0<strong>vollegrond aardbeien<\/strong>Een gedurfde afwijking van de gebaande paden! Hij is niet erg zoet en onthult een subtiele zuurgraad, geaccentueerd door het sap van\u00a0<strong>bergamot<\/strong>. Voor een pittige, citroenachtige toets is de\u00a0<strong>Batak Baai<\/strong>\u00a0glijdt discreet in de mond.<\/p>\n<p>Elke slok is een smaakavontuur waarbij smaken zich op gedurfde wijze met elkaar verweven. \ud83c\udf53\ud83c\udf3f\ud83c\udf4b<\/p>","protected":false},"excerpt":{"rendered":"<p>Nos Jardins Imparfaits : Een vlezige nectar van 25 cl<\/p>\n<div class=\"elementor-element elementor-element-e342dfb elementor-widget__width-initial elementor-widget-mobile__width-initial elementor-widget elementor-widget-heading\" data-id=\"e342dfb\" data-element_type=\"widget\" data-widget_type=\"heading.default\">\n<div class=\"elementor-widget-container\">\n<div class=\"elementor-heading-title elementor-size-default\">STRAWBERRIES: AARDBEIEN zijn zeer aromatisch en hebben een mooie helderrode kleur.<\/div>\n<div>\n<div class=\"elementor-element elementor-element-872786c elementor-widget__width-initial elementor-widget-mobile__width-initial elementor-widget elementor-widget-heading\" data-id=\"872786c\" data-element_type=\"widget\" data-widget_type=\"heading.default\">\n<div class=\"elementor-widget-container\">\n<div class=\"elementor-heading-title elementor-size-default\">BERGAMOT: Een sap dat diepte toevoegt aan de blend, met een goede zuurgraad en een vleugje bitterheid.<\/div>\n<div>\n<div class=\"elementor-element elementor-element-ecde3ab elementor-widget__width-initial elementor-widget-mobile__width-initial elementor-widget elementor-widget-heading\" data-id=\"ecde3ab\" data-element_type=\"widget\" data-widget_type=\"heading.default\">\n<div class=\"elementor-widget-container\">\n<div class=\"elementor-heading-title elementor-size-default\">BAIE DE BATAK: Valse peper met citrustonen die vaak \"citroenpeper\" wordt genoemd.<\/div>\n<\/div>\n<\/div>\n<\/div>\n<\/div>\n<\/div>\n<\/div>\n<\/div>\n<\/div>","protected":false},"featured_media":0,"comment_status":"open","ping_status":"closed","template":"","meta":[],"product_cat":[131,72],"product_tag":[],"yoast_head":"<!-- This site is optimized with the Yoast SEO plugin v23.8 - https:\/\/yoast.com\/wordpress\/plugins\/seo\/ -->\n<title>Jus &amp; Nectar - Fraise Bergamote Baie de Batak - Nabukoo<\/title>\n<meta name=\"robots\" content=\"index, follow, max-snippet:-1, max-image-preview:large, max-video-preview:-1\" \/>\n<link rel=\"canonical\" href=\"https:\/\/nabukoo.com\/nl\/product-2\/sap-nectar-aardbei-bergamot-batak-bes-onze-onvolmaakte-tuinen\/\" \/>\n<meta property=\"og:locale\" content=\"nl_BE\" \/>\n<meta property=\"og:type\" content=\"article\" \/>\n<meta property=\"og:title\" content=\"Jus &amp; Nectar - Fraise Bergamote Baie de Batak - Nabukoo\" \/>\n<meta property=\"og:description\" content=\"Nos Jardins Imparfaits : Un nectar pulpeux de 25 cl   FRAISE : Des fraises cultiv\u00e9es en plein champ tr\u00e8s parfum\u00e9es et d&#039;une belle couleur rouge vif.    BERGAMOTE : Un jus qui apporte de la profondeur au m\u00e9lange avec une belle acidit\u00e9 et une pointe d&#039;amertume.    BAIE DE BATAK : Faux poivre aux notes d\u2019agrumes souvent appel\u00e9es &quot;poivre au citron&quot;.\" \/>\n<meta property=\"og:url\" content=\"https:\/\/nabukoo.com\/nl\/product-2\/sap-nectar-aardbei-bergamot-batak-bes-onze-onvolmaakte-tuinen\/\" \/>\n<meta property=\"og:site_name\" content=\"Nabukoo\" \/>\n<meta property=\"article:modified_time\" content=\"2024-06-13T12:37:46+00:00\" \/>\n<meta property=\"og:image\" content=\"https:\/\/nabukoo.com\/wp-content\/uploads\/Jus-Fraise-Bergamote-Funkyspirit.jpg\" \/>\n\t<meta property=\"og:image:width\" content=\"1200\" \/>\n\t<meta property=\"og:image:height\" content=\"1600\" \/>\n\t<meta property=\"og:image:type\" content=\"image\/jpeg\" \/>\n<meta name=\"twitter:card\" content=\"summary_large_image\" \/>\n<meta name=\"twitter:label1\" content=\"Geschatte leestijd\" \/>\n\t<meta name=\"twitter:data1\" content=\"1 minuut\" \/>\n<script type=\"application\/ld+json\" class=\"yoast-schema-graph\">{\"@context\":\"https:\/\/schema.org\",\"@graph\":[{\"@type\":\"WebPage\",\"@id\":\"https:\/\/nabukoo.com\/produit\/jus-nectar-fraise-bergamote-baie-de-batak-nos-jardins-imparfaits\/\",\"url\":\"https:\/\/nabukoo.com\/produit\/jus-nectar-fraise-bergamote-baie-de-batak-nos-jardins-imparfaits\/\",\"name\":\"Jus &amp; Nectar - Fraise Bergamote Baie de Batak - Nabukoo\",\"isPartOf\":{\"@id\":\"https:\/\/nabukoo.com\/#website\"},\"datePublished\":\"2024-03-28T10:21:34+00:00\",\"dateModified\":\"2024-06-13T12:37:46+00:00\",\"breadcrumb\":{\"@id\":\"https:\/\/nabukoo.com\/produit\/jus-nectar-fraise-bergamote-baie-de-batak-nos-jardins-imparfaits\/#breadcrumb\"},\"inLanguage\":\"nl-BE\",\"potentialAction\":[{\"@type\":\"ReadAction\",\"target\":[\"https:\/\/nabukoo.com\/produit\/jus-nectar-fraise-bergamote-baie-de-batak-nos-jardins-imparfaits\/\"]}]},{\"@type\":\"BreadcrumbList\",\"@id\":\"https:\/\/nabukoo.com\/produit\/jus-nectar-fraise-bergamote-baie-de-batak-nos-jardins-imparfaits\/#breadcrumb\",\"itemListElement\":[{\"@type\":\"ListItem\",\"position\":1,\"name\":\"Accueil\",\"item\":\"https:\/\/nabukoo.com\/\"},{\"@type\":\"ListItem\",\"position\":2,\"name\":\"Nos rayons\",\"item\":\"https:\/\/nabukoo.com\/rayons\/\"},{\"@type\":\"ListItem\",\"position\":3,\"name\":\"Jus &amp; Nectar &#8211; Fraise Bergamote Baie de Batak\"}]},{\"@type\":\"WebSite\",\"@id\":\"https:\/\/nabukoo.com\/#website\",\"url\":\"https:\/\/nabukoo.com\/\",\"name\":\"Nabukoo\",\"description\":\"Qulaity First\",\"potentialAction\":[{\"@type\":\"SearchAction\",\"target\":{\"@type\":\"EntryPoint\",\"urlTemplate\":\"https:\/\/nabukoo.com\/?s={search_term_string}\"},\"query-input\":{\"@type\":\"PropertyValueSpecification\",\"valueRequired\":true,\"valueName\":\"search_term_string\"}}],\"inLanguage\":\"nl-BE\"}]}<\/script>\n<!-- \/ Yoast SEO plugin. -->","yoast_head_json":{"title":"Jus &amp; Nectar - Fraise Bergamote Baie de Batak - Nabukoo","robots":{"index":"index","follow":"follow","max-snippet":"max-snippet:-1","max-image-preview":"max-image-preview:large","max-video-preview":"max-video-preview:-1"},"canonical":"https:\/\/nabukoo.com\/nl\/product-2\/sap-nectar-aardbei-bergamot-batak-bes-onze-onvolmaakte-tuinen\/","og_locale":"nl_BE","og_type":"article","og_title":"Jus &amp; Nectar - Fraise Bergamote Baie de Batak - Nabukoo","og_description":"Nos Jardins Imparfaits : Un nectar pulpeux de 25 cl   FRAISE : Des fraises cultiv\u00e9es en plein champ tr\u00e8s parfum\u00e9es et d'une belle couleur rouge vif.    BERGAMOTE : Un jus qui apporte de la profondeur au m\u00e9lange avec une belle acidit\u00e9 et une pointe d'amertume.    BAIE DE BATAK : Faux poivre aux notes d\u2019agrumes souvent appel\u00e9es \"poivre au citron\".","og_url":"https:\/\/nabukoo.com\/nl\/product-2\/sap-nectar-aardbei-bergamot-batak-bes-onze-onvolmaakte-tuinen\/","og_site_name":"Nabukoo","article_modified_time":"2024-06-13T12:37:46+00:00","og_image":[{"width":1200,"height":1600,"url":"https:\/\/nabukoo.com\/wp-content\/uploads\/Jus-Fraise-Bergamote-Funkyspirit.jpg","type":"image\/jpeg"}],"twitter_card":"summary_large_image","twitter_misc":{"Geschatte leestijd":"1 minuut"},"schema":{"@context":"https:\/\/schema.org","@graph":[{"@type":"WebPage","@id":"https:\/\/nabukoo.com\/produit\/jus-nectar-fraise-bergamote-baie-de-batak-nos-jardins-imparfaits\/","url":"https:\/\/nabukoo.com\/produit\/jus-nectar-fraise-bergamote-baie-de-batak-nos-jardins-imparfaits\/","name":"Jus &amp; Nectar - Fraise Bergamote Baie de Batak - Nabukoo","isPartOf":{"@id":"https:\/\/nabukoo.com\/#website"},"datePublished":"2024-03-28T10:21:34+00:00","dateModified":"2024-06-13T12:37:46+00:00","breadcrumb":{"@id":"https:\/\/nabukoo.com\/produit\/jus-nectar-fraise-bergamote-baie-de-batak-nos-jardins-imparfaits\/#breadcrumb"},"inLanguage":"nl-BE","potentialAction":[{"@type":"ReadAction","target":["https:\/\/nabukoo.com\/produit\/jus-nectar-fraise-bergamote-baie-de-batak-nos-jardins-imparfaits\/"]}]},{"@type":"BreadcrumbList","@id":"https:\/\/nabukoo.com\/produit\/jus-nectar-fraise-bergamote-baie-de-batak-nos-jardins-imparfaits\/#breadcrumb","itemListElement":[{"@type":"ListItem","position":1,"name":"Accueil","item":"https:\/\/nabukoo.com\/"},{"@type":"ListItem","position":2,"name":"Nos rayons","item":"https:\/\/nabukoo.com\/rayons\/"},{"@type":"ListItem","position":3,"name":"Jus &amp; Nectar &#8211; Fraise Bergamote Baie de Batak"}]},{"@type":"WebSite","@id":"https:\/\/nabukoo.com\/#website","url":"https:\/\/nabukoo.com\/","name":"Nabukoo","description":"Qulaity First","potentialAction":[{"@type":"SearchAction","target":{"@type":"EntryPoint","urlTemplate":"https:\/\/nabukoo.com\/?s={search_term_string}"},"query-input":{"@type":"PropertyValueSpecification","valueRequired":true,"valueName":"search_term_string"}}],"inLanguage":"nl-BE"}]}},"_links":{"self":[{"href":"https:\/\/nabukoo.com\/nl\/wp-json\/wp\/v2\/product\/11585"}],"collection":[{"href":"https:\/\/nabukoo.com\/nl\/wp-json\/wp\/v2\/product"}],"about":[{"href":"https:\/\/nabukoo.com\/nl\/wp-json\/wp\/v2\/types\/product"}],"replies":[{"embeddable":true,"href":"https:\/\/nabukoo.com\/nl\/wp-json\/wp\/v2\/comments?post=11585"}],"wp:attachment":[{"href":"https:\/\/nabukoo.com\/nl\/wp-json\/wp\/v2\/media?parent=11585"}],"wp:term":[{"taxonomy":"product_cat","embeddable":true,"href":"https:\/\/nabukoo.com\/nl\/wp-json\/wp\/v2\/product_cat?post=11585"},{"taxonomy":"product_tag","embeddable":true,"href":"https:\/\/nabukoo.com\/nl\/wp-json\/wp\/v2\/product_tag?post=11585"}],"curies":[{"name":"wp","href":"https:\/\/api.w.org\/{rel}","templated":true}]}}