{"id":11584,"date":"2024-03-28T11:19:59","date_gmt":"2024-03-28T10:19:59","guid":{"rendered":"https:\/\/nabukoo.com\/?post_type=product&#038;p=11584"},"modified":"2024-06-13T14:57:29","modified_gmt":"2024-06-13T12:57:29","slug":"jus-nectar-framboise-estragon-mexique-nos-jardins-imparfaits","status":"publish","type":"product","link":"https:\/\/nabukoo.com\/nl\/product-2\/sap-nectar-framboos-dragon-mexico-onze-onvolmaakte-tuinen\/","title":{"rendered":"Sap &amp; Nectar - Frambozen-dragon Mexico"},"content":{"rendered":"<p><strong>De zuurgraad van frambozen<\/strong>\u00a0en de\u00a0<strong>de frisse anijssmaak van Mexicaanse dragon<\/strong>\u00a0komen samen in een harmonieuze dans om een nectar te cre\u00ebren\u00a0<strong>totaal verslavend en dorstlessend<\/strong>\u00a0!<\/p>\n<p>En het beste van alles,\u00a0<strong>alle ingredi\u00ebnten zijn Frans<\/strong>. \ud83c\udf53\ud83c\udf3f\ud83c\uddeb\ud83c\uddf7<\/p>\n<p>&nbsp;<\/p>","protected":false},"excerpt":{"rendered":"<p>Nos Jardins Imparfaits: Nectarverslaving in 25 cl<\/p>\n<div class=\"elementor-element elementor-element-e342dfb elementor-widget__width-initial elementor-widget-mobile__width-initial elementor-widget elementor-widget-heading\" data-id=\"e342dfb\" data-element_type=\"widget\" data-widget_type=\"heading.default\">\n<div class=\"elementor-widget-container\">\n<div class=\"elementor-heading-title elementor-size-default\">FRAMBOISE: De koningin van de rode vruchten, delicaat, geurig en pittig.<\/div>\n<div>\n<div class=\"elementor-element elementor-element-ecde3ab elementor-widget__width-initial elementor-widget-mobile__width-initial elementor-widget elementor-widget-heading\" data-id=\"ecde3ab\" data-element_type=\"widget\" data-widget_type=\"heading.default\">\n<div class=\"elementor-widget-container\">\n<div class=\"elementor-heading-title elementor-size-default\">MEXICAANSE GARLIEK: De bloemen en bladeren van deze goudsbloem hebben een krachtig dragonaroma vermengd met anijs.<\/div>\n<\/div>\n<\/div>\n<\/div>\n<\/div>\n<\/div>","protected":false},"featured_media":0,"comment_status":"open","ping_status":"closed","template":"","meta":[],"product_cat":[131,72],"product_tag":[],"yoast_head":"<!-- This site is optimized with the Yoast SEO plugin v23.8 - https:\/\/yoast.com\/wordpress\/plugins\/seo\/ -->\n<title>Jus &amp; Nectar - Framboise Estragon Mexique - Nabukoo<\/title>\n<meta name=\"robots\" content=\"index, follow, max-snippet:-1, max-image-preview:large, max-video-preview:-1\" \/>\n<link rel=\"canonical\" href=\"https:\/\/nabukoo.com\/nl\/product-2\/sap-nectar-framboos-dragon-mexico-onze-onvolmaakte-tuinen\/\" \/>\n<meta property=\"og:locale\" content=\"nl_BE\" \/>\n<meta property=\"og:type\" content=\"article\" \/>\n<meta property=\"og:title\" content=\"Jus &amp; Nectar - Framboise Estragon Mexique - Nabukoo\" \/>\n<meta property=\"og:description\" content=\"Nos Jardins Imparfaits : L&#039;addiction aux nectars en 25 cl   FRAMBOISE : La reine des fruits rouges, d\u00e9licate, parfum\u00e9e et acidul\u00e9e.    ESTRAGON DU MEXIQUE : Fleurs et feuilles de cet \u0153illet d&#039;Inde (tag\u00e8te) poss\u00e8dent une aromatique puissante d\u2019estragon m\u00eal\u00e9e d\u2019anis.\" \/>\n<meta property=\"og:url\" content=\"https:\/\/nabukoo.com\/nl\/product-2\/sap-nectar-framboos-dragon-mexico-onze-onvolmaakte-tuinen\/\" \/>\n<meta property=\"og:site_name\" content=\"Nabukoo\" \/>\n<meta property=\"article:modified_time\" content=\"2024-06-13T12:57:29+00:00\" \/>\n<meta property=\"og:image\" content=\"https:\/\/nabukoo.com\/wp-content\/uploads\/Jus-Framboise-Estragon-Funky-Spirit-scaled.jpg\" \/>\n\t<meta property=\"og:image:width\" content=\"1920\" \/>\n\t<meta property=\"og:image:height\" content=\"2560\" \/>\n\t<meta property=\"og:image:type\" content=\"image\/jpeg\" \/>\n<meta name=\"twitter:card\" content=\"summary_large_image\" \/>\n<meta name=\"twitter:label1\" content=\"Geschatte leestijd\" \/>\n\t<meta name=\"twitter:data1\" content=\"1 minuut\" \/>\n<script type=\"application\/ld+json\" class=\"yoast-schema-graph\">{\"@context\":\"https:\/\/schema.org\",\"@graph\":[{\"@type\":\"WebPage\",\"@id\":\"https:\/\/nabukoo.com\/produit\/jus-nectar-framboise-estragon-mexique-nos-jardins-imparfaits\/\",\"url\":\"https:\/\/nabukoo.com\/produit\/jus-nectar-framboise-estragon-mexique-nos-jardins-imparfaits\/\",\"name\":\"Jus &amp; Nectar - Framboise Estragon Mexique - Nabukoo\",\"isPartOf\":{\"@id\":\"https:\/\/nabukoo.com\/#website\"},\"datePublished\":\"2024-03-28T10:19:59+00:00\",\"dateModified\":\"2024-06-13T12:57:29+00:00\",\"breadcrumb\":{\"@id\":\"https:\/\/nabukoo.com\/produit\/jus-nectar-framboise-estragon-mexique-nos-jardins-imparfaits\/#breadcrumb\"},\"inLanguage\":\"nl-BE\",\"potentialAction\":[{\"@type\":\"ReadAction\",\"target\":[\"https:\/\/nabukoo.com\/produit\/jus-nectar-framboise-estragon-mexique-nos-jardins-imparfaits\/\"]}]},{\"@type\":\"BreadcrumbList\",\"@id\":\"https:\/\/nabukoo.com\/produit\/jus-nectar-framboise-estragon-mexique-nos-jardins-imparfaits\/#breadcrumb\",\"itemListElement\":[{\"@type\":\"ListItem\",\"position\":1,\"name\":\"Accueil\",\"item\":\"https:\/\/nabukoo.com\/\"},{\"@type\":\"ListItem\",\"position\":2,\"name\":\"Nos rayons\",\"item\":\"https:\/\/nabukoo.com\/rayons\/\"},{\"@type\":\"ListItem\",\"position\":3,\"name\":\"Jus &amp; Nectar &#8211; Framboise Estragon Mexique\"}]},{\"@type\":\"WebSite\",\"@id\":\"https:\/\/nabukoo.com\/#website\",\"url\":\"https:\/\/nabukoo.com\/\",\"name\":\"Nabukoo\",\"description\":\"Qulaity First\",\"potentialAction\":[{\"@type\":\"SearchAction\",\"target\":{\"@type\":\"EntryPoint\",\"urlTemplate\":\"https:\/\/nabukoo.com\/?s={search_term_string}\"},\"query-input\":{\"@type\":\"PropertyValueSpecification\",\"valueRequired\":true,\"valueName\":\"search_term_string\"}}],\"inLanguage\":\"nl-BE\"}]}<\/script>\n<!-- \/ Yoast SEO plugin. -->","yoast_head_json":{"title":"Jus &amp; Nectar - Framboise Estragon Mexique - Nabukoo","robots":{"index":"index","follow":"follow","max-snippet":"max-snippet:-1","max-image-preview":"max-image-preview:large","max-video-preview":"max-video-preview:-1"},"canonical":"https:\/\/nabukoo.com\/nl\/product-2\/sap-nectar-framboos-dragon-mexico-onze-onvolmaakte-tuinen\/","og_locale":"nl_BE","og_type":"article","og_title":"Jus &amp; Nectar - Framboise Estragon Mexique - Nabukoo","og_description":"Nos Jardins Imparfaits : L'addiction aux nectars en 25 cl   FRAMBOISE : La reine des fruits rouges, d\u00e9licate, parfum\u00e9e et acidul\u00e9e.    ESTRAGON DU MEXIQUE : Fleurs et feuilles de cet \u0153illet d'Inde (tag\u00e8te) poss\u00e8dent une aromatique puissante d\u2019estragon m\u00eal\u00e9e d\u2019anis.","og_url":"https:\/\/nabukoo.com\/nl\/product-2\/sap-nectar-framboos-dragon-mexico-onze-onvolmaakte-tuinen\/","og_site_name":"Nabukoo","article_modified_time":"2024-06-13T12:57:29+00:00","og_image":[{"width":1920,"height":2560,"url":"https:\/\/nabukoo.com\/wp-content\/uploads\/Jus-Framboise-Estragon-Funky-Spirit-scaled.jpg","type":"image\/jpeg"}],"twitter_card":"summary_large_image","twitter_misc":{"Geschatte leestijd":"1 minuut"},"schema":{"@context":"https:\/\/schema.org","@graph":[{"@type":"WebPage","@id":"https:\/\/nabukoo.com\/produit\/jus-nectar-framboise-estragon-mexique-nos-jardins-imparfaits\/","url":"https:\/\/nabukoo.com\/produit\/jus-nectar-framboise-estragon-mexique-nos-jardins-imparfaits\/","name":"Jus &amp; Nectar - Framboise Estragon Mexique - Nabukoo","isPartOf":{"@id":"https:\/\/nabukoo.com\/#website"},"datePublished":"2024-03-28T10:19:59+00:00","dateModified":"2024-06-13T12:57:29+00:00","breadcrumb":{"@id":"https:\/\/nabukoo.com\/produit\/jus-nectar-framboise-estragon-mexique-nos-jardins-imparfaits\/#breadcrumb"},"inLanguage":"nl-BE","potentialAction":[{"@type":"ReadAction","target":["https:\/\/nabukoo.com\/produit\/jus-nectar-framboise-estragon-mexique-nos-jardins-imparfaits\/"]}]},{"@type":"BreadcrumbList","@id":"https:\/\/nabukoo.com\/produit\/jus-nectar-framboise-estragon-mexique-nos-jardins-imparfaits\/#breadcrumb","itemListElement":[{"@type":"ListItem","position":1,"name":"Accueil","item":"https:\/\/nabukoo.com\/"},{"@type":"ListItem","position":2,"name":"Nos rayons","item":"https:\/\/nabukoo.com\/rayons\/"},{"@type":"ListItem","position":3,"name":"Jus &amp; Nectar &#8211; Framboise Estragon Mexique"}]},{"@type":"WebSite","@id":"https:\/\/nabukoo.com\/#website","url":"https:\/\/nabukoo.com\/","name":"Nabukoo","description":"Qulaity First","potentialAction":[{"@type":"SearchAction","target":{"@type":"EntryPoint","urlTemplate":"https:\/\/nabukoo.com\/?s={search_term_string}"},"query-input":{"@type":"PropertyValueSpecification","valueRequired":true,"valueName":"search_term_string"}}],"inLanguage":"nl-BE"}]}},"_links":{"self":[{"href":"https:\/\/nabukoo.com\/nl\/wp-json\/wp\/v2\/product\/11584"}],"collection":[{"href":"https:\/\/nabukoo.com\/nl\/wp-json\/wp\/v2\/product"}],"about":[{"href":"https:\/\/nabukoo.com\/nl\/wp-json\/wp\/v2\/types\/product"}],"replies":[{"embeddable":true,"href":"https:\/\/nabukoo.com\/nl\/wp-json\/wp\/v2\/comments?post=11584"}],"wp:attachment":[{"href":"https:\/\/nabukoo.com\/nl\/wp-json\/wp\/v2\/media?parent=11584"}],"wp:term":[{"taxonomy":"product_cat","embeddable":true,"href":"https:\/\/nabukoo.com\/nl\/wp-json\/wp\/v2\/product_cat?post=11584"},{"taxonomy":"product_tag","embeddable":true,"href":"https:\/\/nabukoo.com\/nl\/wp-json\/wp\/v2\/product_tag?post=11584"}],"curies":[{"name":"wp","href":"https:\/\/api.w.org\/{rel}","templated":true}]}}