{"id":11581,"date":"2024-03-27T18:12:08","date_gmt":"2024-03-27T17:12:08","guid":{"rendered":"https:\/\/nabukoo.com\/?post_type=product&#038;p=11581"},"modified":"2024-06-13T14:58:34","modified_gmt":"2024-06-13T12:58:34","slug":"jus-nectar-groseille-framboise-galanga-nos-jardins-imparfaits","status":"publish","type":"product","link":"https:\/\/nabukoo.com\/nl\/product-2\/sap-nectar-aalbes-framboos-galanga-onze-onvolmaakte-tuinen\/","title":{"rendered":"Sap &amp; Nectar - Rode bes Framboos Galanga"},"content":{"rendered":"<p><strong>De aalbes<\/strong>Een levendige, sprankelende geur die pit toevoegt aan de mix.\u00a0<strong>Framboos<\/strong>is een fruitige zoetheid. Maar het is de\u00a0<strong>galanga<\/strong>\u00a0die fungeert als link tussen deze twee rode vruchten. Het bloemige karakter en de rondheid in de mond zorgen voor een heerlijke harmonie.<\/p>\n<p>Elke slok van deze drank is een symfonie van smaken, waarbij rode bes, framboos en galanga in perfecte synchroniciteit dansen. \ud83c\udf52\ud83c\udf53\ud83c\udf38<\/p>","protected":false},"excerpt":{"rendered":"<p><strong>Nos Jardins Imparfaits: Een pittige, intens fruitige nectar van 25cl<\/strong>Dit is de belofte van een drankje dat\u00a0<strong>maak je aperitief pittiger<\/strong><\/p>\n<div class=\"elementor-element elementor-element-e342dfb elementor-widget__width-initial elementor-widget-mobile__width-initial elementor-widget elementor-widget-heading\" data-id=\"e342dfb\" data-element_type=\"widget\" data-widget_type=\"heading.default\">\n<div class=\"elementor-widget-container\">\n<div class=\"elementor-heading-title elementor-size-default\">GROSEILLE: Een wrang bommetje met een verfrissende, dorstlessende smaak. Een lichte wrangheid voegt een mooi contrast toe aan de melange.<\/div>\n<div>\n<div class=\"elementor-element elementor-element-872786c elementor-widget__width-initial elementor-widget-mobile__width-initial elementor-widget elementor-widget-heading\" data-id=\"872786c\" data-element_type=\"widget\" data-widget_type=\"heading.default\">\n<div class=\"elementor-widget-container\">\n<div class=\"elementor-heading-title elementor-size-default\">GALANGA: Rizoom vergelijkbaar met gember, met zeer bloemige, kamferachtige, pittige en citroenachtige aroma's.<\/div>\n<div>\n<div class=\"elementor-element elementor-element-ecde3ab elementor-widget__width-initial elementor-widget-mobile__width-initial elementor-widget elementor-widget-heading\" data-id=\"ecde3ab\" data-element_type=\"widget\" data-widget_type=\"heading.default\">\n<div class=\"elementor-widget-container\">\n<div class=\"elementor-heading-title elementor-size-default\">FRAMBOISE: De koningin van de rode vruchten, delicaat, geurig en pittig.<\/div>\n<div><\/div>\n<\/div>\n<\/div>\n<\/div>\n<\/div>\n<\/div>\n<\/div>\n<\/div>\n<\/div>","protected":false},"featured_media":0,"comment_status":"open","ping_status":"closed","template":"","meta":[],"product_cat":[131,72],"product_tag":[],"yoast_head":"<!-- This site is optimized with the Yoast SEO plugin v23.8 - https:\/\/yoast.com\/wordpress\/plugins\/seo\/ -->\n<title>Jus &amp; Nectar - Groseille Framboise Galanga - Nabukoo<\/title>\n<meta name=\"robots\" content=\"index, follow, max-snippet:-1, max-image-preview:large, max-video-preview:-1\" \/>\n<link rel=\"canonical\" href=\"https:\/\/nabukoo.com\/nl\/product-2\/sap-nectar-aalbes-framboos-galanga-onze-onvolmaakte-tuinen\/\" \/>\n<meta property=\"og:locale\" content=\"nl_BE\" \/>\n<meta property=\"og:type\" content=\"article\" \/>\n<meta property=\"og:title\" content=\"Jus &amp; Nectar - Groseille Framboise Galanga - Nabukoo\" \/>\n<meta property=\"og:description\" content=\"Nos Jardins Imparfaits : Un nectar de 25 cl acidul\u00e9 et intens\u00e9ment fruit\u00e9, voil\u00e0 la promesse de cette boisson qui saura\u00a0pimper vos ap\u00e9ros   GROSEILLE : Une petite bombe acidul\u00e9e \u00e0 la saveur rafra\u00eechissante et d\u00e9salt\u00e9rante. Une l\u00e9g\u00e8re astringence apporte un beau contraste au m\u00e9lange..    GALANGA : Rhizome proche du gingembre, aux ar\u00f4mes tr\u00e8s floraux, camphr\u00e9s, acidul\u00e9s et citronn\u00e9s.    FRAMBOISE : La reine des fruits rouges, d\u00e9licate, parfum\u00e9e et acidul\u00e9e.\" \/>\n<meta property=\"og:url\" content=\"https:\/\/nabukoo.com\/nl\/product-2\/sap-nectar-aalbes-framboos-galanga-onze-onvolmaakte-tuinen\/\" \/>\n<meta property=\"og:site_name\" content=\"Nabukoo\" \/>\n<meta property=\"article:modified_time\" content=\"2024-06-13T12:58:34+00:00\" \/>\n<meta property=\"og:image\" content=\"https:\/\/nabukoo.com\/wp-content\/uploads\/Jus-Framboise-Funky-Spirit-scaled.jpg\" \/>\n\t<meta property=\"og:image:width\" content=\"1920\" \/>\n\t<meta property=\"og:image:height\" content=\"2560\" \/>\n\t<meta property=\"og:image:type\" content=\"image\/jpeg\" \/>\n<meta name=\"twitter:card\" content=\"summary_large_image\" \/>\n<meta name=\"twitter:label1\" content=\"Geschatte leestijd\" \/>\n\t<meta name=\"twitter:data1\" content=\"1 minuut\" \/>\n<script type=\"application\/ld+json\" class=\"yoast-schema-graph\">{\"@context\":\"https:\/\/schema.org\",\"@graph\":[{\"@type\":\"WebPage\",\"@id\":\"https:\/\/nabukoo.com\/produit\/jus-nectar-groseille-framboise-galanga-nos-jardins-imparfaits\/\",\"url\":\"https:\/\/nabukoo.com\/produit\/jus-nectar-groseille-framboise-galanga-nos-jardins-imparfaits\/\",\"name\":\"Jus &amp; Nectar - Groseille Framboise Galanga - Nabukoo\",\"isPartOf\":{\"@id\":\"https:\/\/nabukoo.com\/#website\"},\"datePublished\":\"2024-03-27T17:12:08+00:00\",\"dateModified\":\"2024-06-13T12:58:34+00:00\",\"breadcrumb\":{\"@id\":\"https:\/\/nabukoo.com\/produit\/jus-nectar-groseille-framboise-galanga-nos-jardins-imparfaits\/#breadcrumb\"},\"inLanguage\":\"nl-BE\",\"potentialAction\":[{\"@type\":\"ReadAction\",\"target\":[\"https:\/\/nabukoo.com\/produit\/jus-nectar-groseille-framboise-galanga-nos-jardins-imparfaits\/\"]}]},{\"@type\":\"BreadcrumbList\",\"@id\":\"https:\/\/nabukoo.com\/produit\/jus-nectar-groseille-framboise-galanga-nos-jardins-imparfaits\/#breadcrumb\",\"itemListElement\":[{\"@type\":\"ListItem\",\"position\":1,\"name\":\"Accueil\",\"item\":\"https:\/\/nabukoo.com\/\"},{\"@type\":\"ListItem\",\"position\":2,\"name\":\"Nos rayons\",\"item\":\"https:\/\/nabukoo.com\/rayons\/\"},{\"@type\":\"ListItem\",\"position\":3,\"name\":\"Jus &amp; Nectar &#8211; Groseille Framboise Galanga\"}]},{\"@type\":\"WebSite\",\"@id\":\"https:\/\/nabukoo.com\/#website\",\"url\":\"https:\/\/nabukoo.com\/\",\"name\":\"Nabukoo\",\"description\":\"Qulaity First\",\"potentialAction\":[{\"@type\":\"SearchAction\",\"target\":{\"@type\":\"EntryPoint\",\"urlTemplate\":\"https:\/\/nabukoo.com\/?s={search_term_string}\"},\"query-input\":{\"@type\":\"PropertyValueSpecification\",\"valueRequired\":true,\"valueName\":\"search_term_string\"}}],\"inLanguage\":\"nl-BE\"}]}<\/script>\n<!-- \/ Yoast SEO plugin. -->","yoast_head_json":{"title":"Jus &amp; Nectar - Groseille Framboise Galanga - Nabukoo","robots":{"index":"index","follow":"follow","max-snippet":"max-snippet:-1","max-image-preview":"max-image-preview:large","max-video-preview":"max-video-preview:-1"},"canonical":"https:\/\/nabukoo.com\/nl\/product-2\/sap-nectar-aalbes-framboos-galanga-onze-onvolmaakte-tuinen\/","og_locale":"nl_BE","og_type":"article","og_title":"Jus &amp; Nectar - Groseille Framboise Galanga - Nabukoo","og_description":"Nos Jardins Imparfaits : Un nectar de 25 cl acidul\u00e9 et intens\u00e9ment fruit\u00e9, voil\u00e0 la promesse de cette boisson qui saura\u00a0pimper vos ap\u00e9ros   GROSEILLE : Une petite bombe acidul\u00e9e \u00e0 la saveur rafra\u00eechissante et d\u00e9salt\u00e9rante. Une l\u00e9g\u00e8re astringence apporte un beau contraste au m\u00e9lange..    GALANGA : Rhizome proche du gingembre, aux ar\u00f4mes tr\u00e8s floraux, camphr\u00e9s, acidul\u00e9s et citronn\u00e9s.    FRAMBOISE : La reine des fruits rouges, d\u00e9licate, parfum\u00e9e et acidul\u00e9e.","og_url":"https:\/\/nabukoo.com\/nl\/product-2\/sap-nectar-aalbes-framboos-galanga-onze-onvolmaakte-tuinen\/","og_site_name":"Nabukoo","article_modified_time":"2024-06-13T12:58:34+00:00","og_image":[{"width":1920,"height":2560,"url":"https:\/\/nabukoo.com\/wp-content\/uploads\/Jus-Framboise-Funky-Spirit-scaled.jpg","type":"image\/jpeg"}],"twitter_card":"summary_large_image","twitter_misc":{"Geschatte leestijd":"1 minuut"},"schema":{"@context":"https:\/\/schema.org","@graph":[{"@type":"WebPage","@id":"https:\/\/nabukoo.com\/produit\/jus-nectar-groseille-framboise-galanga-nos-jardins-imparfaits\/","url":"https:\/\/nabukoo.com\/produit\/jus-nectar-groseille-framboise-galanga-nos-jardins-imparfaits\/","name":"Jus &amp; Nectar - Groseille Framboise Galanga - Nabukoo","isPartOf":{"@id":"https:\/\/nabukoo.com\/#website"},"datePublished":"2024-03-27T17:12:08+00:00","dateModified":"2024-06-13T12:58:34+00:00","breadcrumb":{"@id":"https:\/\/nabukoo.com\/produit\/jus-nectar-groseille-framboise-galanga-nos-jardins-imparfaits\/#breadcrumb"},"inLanguage":"nl-BE","potentialAction":[{"@type":"ReadAction","target":["https:\/\/nabukoo.com\/produit\/jus-nectar-groseille-framboise-galanga-nos-jardins-imparfaits\/"]}]},{"@type":"BreadcrumbList","@id":"https:\/\/nabukoo.com\/produit\/jus-nectar-groseille-framboise-galanga-nos-jardins-imparfaits\/#breadcrumb","itemListElement":[{"@type":"ListItem","position":1,"name":"Accueil","item":"https:\/\/nabukoo.com\/"},{"@type":"ListItem","position":2,"name":"Nos rayons","item":"https:\/\/nabukoo.com\/rayons\/"},{"@type":"ListItem","position":3,"name":"Jus &amp; Nectar &#8211; Groseille Framboise Galanga"}]},{"@type":"WebSite","@id":"https:\/\/nabukoo.com\/#website","url":"https:\/\/nabukoo.com\/","name":"Nabukoo","description":"Qulaity First","potentialAction":[{"@type":"SearchAction","target":{"@type":"EntryPoint","urlTemplate":"https:\/\/nabukoo.com\/?s={search_term_string}"},"query-input":{"@type":"PropertyValueSpecification","valueRequired":true,"valueName":"search_term_string"}}],"inLanguage":"nl-BE"}]}},"_links":{"self":[{"href":"https:\/\/nabukoo.com\/nl\/wp-json\/wp\/v2\/product\/11581"}],"collection":[{"href":"https:\/\/nabukoo.com\/nl\/wp-json\/wp\/v2\/product"}],"about":[{"href":"https:\/\/nabukoo.com\/nl\/wp-json\/wp\/v2\/types\/product"}],"replies":[{"embeddable":true,"href":"https:\/\/nabukoo.com\/nl\/wp-json\/wp\/v2\/comments?post=11581"}],"wp:attachment":[{"href":"https:\/\/nabukoo.com\/nl\/wp-json\/wp\/v2\/media?parent=11581"}],"wp:term":[{"taxonomy":"product_cat","embeddable":true,"href":"https:\/\/nabukoo.com\/nl\/wp-json\/wp\/v2\/product_cat?post=11581"},{"taxonomy":"product_tag","embeddable":true,"href":"https:\/\/nabukoo.com\/nl\/wp-json\/wp\/v2\/product_tag?post=11581"}],"curies":[{"name":"wp","href":"https:\/\/api.w.org\/{rel}","templated":true}]}}