{"id":11579,"date":"2024-03-27T17:57:56","date_gmt":"2024-03-27T16:57:56","guid":{"rendered":"https:\/\/nabukoo.com\/?post_type=product&#038;p=11579"},"modified":"2024-06-13T14:59:29","modified_gmt":"2024-06-13T12:59:29","slug":"jus-nectar-abricot-verjus-menthe-nos-jardins-imparfaits","status":"publish","type":"product","link":"https:\/\/nabukoo.com\/nl\/product-2\/sap-nectar-abrikoos-verjus-munt-onze-onvolmaakte-tuinen\/","title":{"rendered":"Sap &amp; Nectar - Abrikoos Verjus Munt"},"content":{"rendered":"<p><strong>Een handgemaakte creatie, helemaal Frans en heerlijk suikerarm!<\/strong>\u00a0De natuurlijke zuurgraad van de abrikoos wordt versterkt door de verjus, terwijl de\u00a0<strong>haan munt<\/strong>\u00a0voegt licht kamferachtige nuances van zwarte thee toe.<\/p>\n<p>Elke slok van deze drank is een uitnodiging voor een zintuiglijke reis waar smaken zich vermengen in een harmonieuze dans.<\/p>\n<p>La\u00a0<strong>balsemiet<\/strong>Deze vaste plant uit de Asteraceae familie heeft bladeren met een krachtige chlorofylgeur, hoewel het geen munt is (hij behoort tot de tansyfamilie). Hij staat soms bekend als \"haanmunt\" of \"Notre-Dame munt\". In de mond behoudt het een levendige bitterheid.<\/p>\n<p>Voor onze drank\u00a0<strong>Abrikoos, verjus en balsemiet<\/strong>We gebruiken balsemietbladeren in infusies. Onze eigen balsemiet wordt sinds 2022 in onze AB-gecertificeerde tuinen geteeld en voegt een unieke noot toe aan deze creatie.<\/p>\n<p>Laat je meeslepen door deze zintuiglijke ervaring, waar natuur en smaak harmonieus samensmelten in elke slok. \ud83c\udf3f\ud83c\udf51\ud83c\udf3c<\/p>","protected":false},"excerpt":{"rendered":"<p>Nos Jardins Imparfaits : Biologische Nectar - 25cl<\/p>\n<div class=\"elementor-element elementor-element-ecde3ab elementor-widget__width-initial elementor-widget-mobile__width-initial elementor-widget elementor-widget-heading\" data-id=\"ecde3ab\" data-element_type=\"widget\" data-widget_type=\"heading.default\">\n<div class=\"elementor-widget-container\">\n<div class=\"elementor-heading-title elementor-size-default\">ABRICOT : Een vrucht die barst van de zon! Zeer geurig met een goed evenwicht tussen suiker en zuurgraad.<\/div>\n<div>\n<div class=\"elementor-element elementor-element-872786c elementor-widget__width-initial elementor-widget-mobile__width-initial elementor-widget elementor-widget-heading\" data-id=\"872786c\" data-element_type=\"widget\" data-widget_type=\"heading.default\">\n<div class=\"elementor-widget-container\">\n<div class=\"elementor-heading-title elementor-size-default\">MENTHE COQ: Een kamferachtige, doordringende geur die doet denken aan absint. Geeft een zwarte theesmaak aan de melange.<\/div>\n<\/div>\n<\/div>\n<div class=\"elementor-element elementor-element-c751e4f elementor-widget-divider--view-line elementor-widget elementor-widget-divider\" data-id=\"c751e4f\" data-element_type=\"widget\" data-widget_type=\"divider.default\">\n<div class=\"elementor-widget-container\">\n<div class=\"elementor-divider\">\n<div class=\"elementor-element elementor-element-e342dfb elementor-widget__width-initial elementor-widget-mobile__width-initial elementor-widget elementor-widget-heading\" data-id=\"e342dfb\" data-element_type=\"widget\" data-widget_type=\"heading.default\">\n<div class=\"elementor-widget-container\">\n<div class=\"elementor-heading-title elementor-size-default\">VERJUS: Een volledig gezuurd groen druivensap gemaakt van een blend van Dordogne druivenrassen. Het ontwikkelt smaken van groene druif en granny apple.<\/div>\n<\/div>\n<\/div>\n<\/div>\n<\/div>\n<\/div>\n<\/div>\n<\/div>\n<\/div>","protected":false},"featured_media":0,"comment_status":"open","ping_status":"closed","template":"","meta":[],"product_cat":[131,72],"product_tag":[],"yoast_head":"<!-- This site is optimized with the Yoast SEO plugin v23.8 - https:\/\/yoast.com\/wordpress\/plugins\/seo\/ -->\n<title>Jus &amp; Nectar - Abricot Verjus Menthe - Nabukoo<\/title>\n<meta name=\"robots\" content=\"index, follow, max-snippet:-1, max-image-preview:large, max-video-preview:-1\" \/>\n<link rel=\"canonical\" href=\"https:\/\/nabukoo.com\/nl\/product-2\/sap-nectar-abrikoos-verjus-munt-onze-onvolmaakte-tuinen\/\" \/>\n<meta property=\"og:locale\" content=\"nl_BE\" \/>\n<meta property=\"og:type\" content=\"article\" \/>\n<meta property=\"og:title\" content=\"Jus &amp; Nectar - Abricot Verjus Menthe - Nabukoo\" \/>\n<meta property=\"og:description\" content=\"Nos Jardins Imparfaits : Nectar bio peu sucr\u00e9 - 25cl   ABRICOT : Un fruit gorg\u00e9 de soleil ! Tr\u00e8s parfum\u00e9 avec un bel \u00e9quilibre entre le sucre et l&#039;acidit\u00e9.    MENTHE COQ : Une odeur camphr\u00e9e et p\u00e9n\u00e9trante rappelant celle de l\u2019absinthe. Donne des ar\u00f4mes de th\u00e9 noir au m\u00e9lange.        VERJUS : Un jus de raisin vert compl\u00e8tement acidul\u00e9 issu d&#039;un assemblage de c\u00e9pages de Dordogne. Il d\u00e9veloppe des parfums de raisin vert et de pomme granny.\" \/>\n<meta property=\"og:url\" content=\"https:\/\/nabukoo.com\/nl\/product-2\/sap-nectar-abrikoos-verjus-munt-onze-onvolmaakte-tuinen\/\" \/>\n<meta property=\"og:site_name\" content=\"Nabukoo\" \/>\n<meta property=\"article:modified_time\" content=\"2024-06-13T12:59:29+00:00\" \/>\n<meta property=\"og:image\" content=\"https:\/\/nabukoo.com\/wp-content\/uploads\/Jus-Abricot-Funky-Spirit-scaled.jpg\" \/>\n\t<meta property=\"og:image:width\" content=\"1920\" \/>\n\t<meta property=\"og:image:height\" content=\"2560\" \/>\n\t<meta property=\"og:image:type\" content=\"image\/jpeg\" \/>\n<meta name=\"twitter:card\" content=\"summary_large_image\" \/>\n<meta name=\"twitter:label1\" content=\"Geschatte leestijd\" \/>\n\t<meta name=\"twitter:data1\" content=\"1 minuut\" \/>\n<script type=\"application\/ld+json\" class=\"yoast-schema-graph\">{\"@context\":\"https:\/\/schema.org\",\"@graph\":[{\"@type\":\"WebPage\",\"@id\":\"https:\/\/nabukoo.com\/produit\/jus-nectar-abricot-verjus-menthe-nos-jardins-imparfaits\/\",\"url\":\"https:\/\/nabukoo.com\/produit\/jus-nectar-abricot-verjus-menthe-nos-jardins-imparfaits\/\",\"name\":\"Jus &amp; Nectar - Abricot Verjus Menthe - Nabukoo\",\"isPartOf\":{\"@id\":\"https:\/\/nabukoo.com\/#website\"},\"datePublished\":\"2024-03-27T16:57:56+00:00\",\"dateModified\":\"2024-06-13T12:59:29+00:00\",\"breadcrumb\":{\"@id\":\"https:\/\/nabukoo.com\/produit\/jus-nectar-abricot-verjus-menthe-nos-jardins-imparfaits\/#breadcrumb\"},\"inLanguage\":\"nl-BE\",\"potentialAction\":[{\"@type\":\"ReadAction\",\"target\":[\"https:\/\/nabukoo.com\/produit\/jus-nectar-abricot-verjus-menthe-nos-jardins-imparfaits\/\"]}]},{\"@type\":\"BreadcrumbList\",\"@id\":\"https:\/\/nabukoo.com\/produit\/jus-nectar-abricot-verjus-menthe-nos-jardins-imparfaits\/#breadcrumb\",\"itemListElement\":[{\"@type\":\"ListItem\",\"position\":1,\"name\":\"Accueil\",\"item\":\"https:\/\/nabukoo.com\/\"},{\"@type\":\"ListItem\",\"position\":2,\"name\":\"Nos rayons\",\"item\":\"https:\/\/nabukoo.com\/rayons\/\"},{\"@type\":\"ListItem\",\"position\":3,\"name\":\"Jus &amp; Nectar &#8211; Abricot Verjus Menthe\"}]},{\"@type\":\"WebSite\",\"@id\":\"https:\/\/nabukoo.com\/#website\",\"url\":\"https:\/\/nabukoo.com\/\",\"name\":\"Nabukoo\",\"description\":\"Qulaity First\",\"potentialAction\":[{\"@type\":\"SearchAction\",\"target\":{\"@type\":\"EntryPoint\",\"urlTemplate\":\"https:\/\/nabukoo.com\/?s={search_term_string}\"},\"query-input\":{\"@type\":\"PropertyValueSpecification\",\"valueRequired\":true,\"valueName\":\"search_term_string\"}}],\"inLanguage\":\"nl-BE\"}]}<\/script>\n<!-- \/ Yoast SEO plugin. -->","yoast_head_json":{"title":"Jus &amp; Nectar - Abricot Verjus Menthe - Nabukoo","robots":{"index":"index","follow":"follow","max-snippet":"max-snippet:-1","max-image-preview":"max-image-preview:large","max-video-preview":"max-video-preview:-1"},"canonical":"https:\/\/nabukoo.com\/nl\/product-2\/sap-nectar-abrikoos-verjus-munt-onze-onvolmaakte-tuinen\/","og_locale":"nl_BE","og_type":"article","og_title":"Jus &amp; Nectar - Abricot Verjus Menthe - Nabukoo","og_description":"Nos Jardins Imparfaits : Nectar bio peu sucr\u00e9 - 25cl   ABRICOT : Un fruit gorg\u00e9 de soleil ! Tr\u00e8s parfum\u00e9 avec un bel \u00e9quilibre entre le sucre et l'acidit\u00e9.    MENTHE COQ : Une odeur camphr\u00e9e et p\u00e9n\u00e9trante rappelant celle de l\u2019absinthe. Donne des ar\u00f4mes de th\u00e9 noir au m\u00e9lange.        VERJUS : Un jus de raisin vert compl\u00e8tement acidul\u00e9 issu d'un assemblage de c\u00e9pages de Dordogne. Il d\u00e9veloppe des parfums de raisin vert et de pomme granny.","og_url":"https:\/\/nabukoo.com\/nl\/product-2\/sap-nectar-abrikoos-verjus-munt-onze-onvolmaakte-tuinen\/","og_site_name":"Nabukoo","article_modified_time":"2024-06-13T12:59:29+00:00","og_image":[{"width":1920,"height":2560,"url":"https:\/\/nabukoo.com\/wp-content\/uploads\/Jus-Abricot-Funky-Spirit-scaled.jpg","type":"image\/jpeg"}],"twitter_card":"summary_large_image","twitter_misc":{"Geschatte leestijd":"1 minuut"},"schema":{"@context":"https:\/\/schema.org","@graph":[{"@type":"WebPage","@id":"https:\/\/nabukoo.com\/produit\/jus-nectar-abricot-verjus-menthe-nos-jardins-imparfaits\/","url":"https:\/\/nabukoo.com\/produit\/jus-nectar-abricot-verjus-menthe-nos-jardins-imparfaits\/","name":"Jus &amp; Nectar - Abricot Verjus Menthe - Nabukoo","isPartOf":{"@id":"https:\/\/nabukoo.com\/#website"},"datePublished":"2024-03-27T16:57:56+00:00","dateModified":"2024-06-13T12:59:29+00:00","breadcrumb":{"@id":"https:\/\/nabukoo.com\/produit\/jus-nectar-abricot-verjus-menthe-nos-jardins-imparfaits\/#breadcrumb"},"inLanguage":"nl-BE","potentialAction":[{"@type":"ReadAction","target":["https:\/\/nabukoo.com\/produit\/jus-nectar-abricot-verjus-menthe-nos-jardins-imparfaits\/"]}]},{"@type":"BreadcrumbList","@id":"https:\/\/nabukoo.com\/produit\/jus-nectar-abricot-verjus-menthe-nos-jardins-imparfaits\/#breadcrumb","itemListElement":[{"@type":"ListItem","position":1,"name":"Accueil","item":"https:\/\/nabukoo.com\/"},{"@type":"ListItem","position":2,"name":"Nos rayons","item":"https:\/\/nabukoo.com\/rayons\/"},{"@type":"ListItem","position":3,"name":"Jus &amp; Nectar &#8211; Abricot Verjus Menthe"}]},{"@type":"WebSite","@id":"https:\/\/nabukoo.com\/#website","url":"https:\/\/nabukoo.com\/","name":"Nabukoo","description":"Qulaity First","potentialAction":[{"@type":"SearchAction","target":{"@type":"EntryPoint","urlTemplate":"https:\/\/nabukoo.com\/?s={search_term_string}"},"query-input":{"@type":"PropertyValueSpecification","valueRequired":true,"valueName":"search_term_string"}}],"inLanguage":"nl-BE"}]}},"_links":{"self":[{"href":"https:\/\/nabukoo.com\/nl\/wp-json\/wp\/v2\/product\/11579"}],"collection":[{"href":"https:\/\/nabukoo.com\/nl\/wp-json\/wp\/v2\/product"}],"about":[{"href":"https:\/\/nabukoo.com\/nl\/wp-json\/wp\/v2\/types\/product"}],"replies":[{"embeddable":true,"href":"https:\/\/nabukoo.com\/nl\/wp-json\/wp\/v2\/comments?post=11579"}],"wp:attachment":[{"href":"https:\/\/nabukoo.com\/nl\/wp-json\/wp\/v2\/media?parent=11579"}],"wp:term":[{"taxonomy":"product_cat","embeddable":true,"href":"https:\/\/nabukoo.com\/nl\/wp-json\/wp\/v2\/product_cat?post=11579"},{"taxonomy":"product_tag","embeddable":true,"href":"https:\/\/nabukoo.com\/nl\/wp-json\/wp\/v2\/product_tag?post=11579"}],"curies":[{"name":"wp","href":"https:\/\/api.w.org\/{rel}","templated":true}]}}