{"id":11578,"date":"2024-03-27T17:53:42","date_gmt":"2024-03-27T16:53:42","guid":{"rendered":"https:\/\/nabukoo.com\/?post_type=product&#038;p=11578"},"modified":"2024-06-13T15:00:39","modified_gmt":"2024-06-13T13:00:39","slug":"jus-nectar-poire-bergamote-tagete-nos-jardins-imparfaits","status":"publish","type":"product","link":"https:\/\/nabukoo.com\/nl\/product-2\/sap-nectar-peer-bergamot-tagete-onze-onvolmaakte-tuinen\/","title":{"rendered":"Sap &amp; Nectar - Peer Bergamot Tagetes"},"content":{"rendered":"<p><strong>Een onverwachte harmonie, maar wel een die bij elke slok duidelijk wordt!<\/strong><\/p>\n<p>Dit lichte sap, met zijn mooie gouden kleur, combineert\u00a0<strong>Williams peer<\/strong>zacht en zacht, met bijzondere geuren. Aan de ene kant\u00a0<strong>bergamot<\/strong>met zijn kenmerkende zuurheid en bitterheid. Aan de andere kant, de\u00a0<strong>tagetes tenuifolia<\/strong>een goudsbloemvari\u00ebteit uit onze boomgaarden, geeft citroentonen.<\/p>\n<p>Laat je meeslepen door deze unieke zintuiglijke ervaring, waar smaken zich weven in een delicate dans op je gehemelte. \ud83c\udf50\ud83c\udf4b\ud83c\udf3c<\/p>","protected":false},"excerpt":{"rendered":"<p>Nos Jardins Imparfaits : Nectar 25 cl : Peer - goudsbloem - bergamot<\/p>\n<div class=\"elementor-element elementor-element-e342dfb elementor-widget__width-initial elementor-widget-mobile__width-initial elementor-widget elementor-widget-heading\" data-id=\"e342dfb\" data-element_type=\"widget\" data-widget_type=\"heading.default\">\n<div class=\"elementor-widget-container\">\n<div class=\"elementor-heading-title elementor-size-default\">Peren: Een van de beste vari\u00ebteiten is de Williams-peer, met zijn fijne, licht korrelige vruchtvlees en zoete, gastronomische smaak.<\/div>\n<div>\n<div class=\"elementor-element elementor-element-872786c elementor-widget__width-initial elementor-widget-mobile__width-initial elementor-widget elementor-widget-heading\" data-id=\"872786c\" data-element_type=\"widget\" data-widget_type=\"heading.default\">\n<div class=\"elementor-widget-container\">\n<div class=\"elementor-heading-title elementor-size-default\">INDIAN EYE: Tagetes Tenuifolia met citrus-, citroen- en mandarijnaroma's.<\/div>\n<div>\n<div class=\"elementor-element elementor-element-ecde3ab elementor-widget__width-initial elementor-widget-mobile__width-initial elementor-widget elementor-widget-heading\" data-id=\"ecde3ab\" data-element_type=\"widget\" data-widget_type=\"heading.default\">\n<div class=\"elementor-widget-container\">\n<div class=\"elementor-heading-title elementor-size-default\">BERGAMOT: Een sap dat diepte toevoegt aan de blend, met een goede zuurgraad en een vleugje bitterheid.<\/div>\n<\/div>\n<\/div>\n<\/div>\n<\/div>\n<\/div>\n<\/div>\n<\/div>\n<\/div>\n<p>&nbsp;<\/p>","protected":false},"featured_media":0,"comment_status":"open","ping_status":"closed","template":"","meta":[],"product_cat":[131,72],"product_tag":[],"yoast_head":"<!-- This site is optimized with the Yoast SEO plugin v23.8 - https:\/\/yoast.com\/wordpress\/plugins\/seo\/ -->\n<title>Jus &amp; Nectar - Poire Bergamote Tag\u00e8te - Nabukoo<\/title>\n<meta name=\"robots\" content=\"index, follow, max-snippet:-1, max-image-preview:large, max-video-preview:-1\" \/>\n<link rel=\"canonical\" href=\"https:\/\/nabukoo.com\/nl\/product-2\/sap-nectar-peer-bergamot-tagete-onze-onvolmaakte-tuinen\/\" \/>\n<meta property=\"og:locale\" content=\"nl_BE\" \/>\n<meta property=\"og:type\" content=\"article\" \/>\n<meta property=\"og:title\" content=\"Jus &amp; Nectar - Poire Bergamote Tag\u00e8te - Nabukoo\" \/>\n<meta property=\"og:description\" content=\"Nos Jardins Imparfaits : Nectar de 25 cl : Poire - Oeillet d&#039;Inde - Bergamote   POIRE : Une des meilleures vari\u00e9t\u00e9s : la poire Williams avec sa chair fine l\u00e9g\u00e8rement granuleuse, au go\u00fbt sucr\u00e9 et gourmand.    OEILLET D&#039;INDE : La tag\u00e8te Tenuifolia aux ar\u00f4mes d&#039;agrumes, de citron et de mandarine.    BERGAMOTE : Un jus qui apporte de la profondeur au m\u00e9lange avec une belle acidit\u00e9 et une pointe d&#039;amertume.         &nbsp;\" \/>\n<meta property=\"og:url\" content=\"https:\/\/nabukoo.com\/nl\/product-2\/sap-nectar-peer-bergamot-tagete-onze-onvolmaakte-tuinen\/\" \/>\n<meta property=\"og:site_name\" content=\"Nabukoo\" \/>\n<meta property=\"article:modified_time\" content=\"2024-06-13T13:00:39+00:00\" \/>\n<meta property=\"og:image\" content=\"https:\/\/nabukoo.com\/wp-content\/uploads\/Jus-Poire-Bergmote-Funky-Spirit.jpg\" \/>\n\t<meta property=\"og:image:width\" content=\"1200\" \/>\n\t<meta property=\"og:image:height\" content=\"1600\" \/>\n\t<meta property=\"og:image:type\" content=\"image\/jpeg\" \/>\n<meta name=\"twitter:card\" content=\"summary_large_image\" \/>\n<meta name=\"twitter:label1\" content=\"Geschatte leestijd\" \/>\n\t<meta name=\"twitter:data1\" content=\"1 minuut\" \/>\n<script type=\"application\/ld+json\" class=\"yoast-schema-graph\">{\"@context\":\"https:\/\/schema.org\",\"@graph\":[{\"@type\":\"WebPage\",\"@id\":\"https:\/\/nabukoo.com\/produit\/jus-nectar-poire-bergamote-tagete-nos-jardins-imparfaits\/\",\"url\":\"https:\/\/nabukoo.com\/produit\/jus-nectar-poire-bergamote-tagete-nos-jardins-imparfaits\/\",\"name\":\"Jus &amp; Nectar - Poire Bergamote Tag\u00e8te - Nabukoo\",\"isPartOf\":{\"@id\":\"https:\/\/nabukoo.com\/#website\"},\"datePublished\":\"2024-03-27T16:53:42+00:00\",\"dateModified\":\"2024-06-13T13:00:39+00:00\",\"breadcrumb\":{\"@id\":\"https:\/\/nabukoo.com\/produit\/jus-nectar-poire-bergamote-tagete-nos-jardins-imparfaits\/#breadcrumb\"},\"inLanguage\":\"nl-BE\",\"potentialAction\":[{\"@type\":\"ReadAction\",\"target\":[\"https:\/\/nabukoo.com\/produit\/jus-nectar-poire-bergamote-tagete-nos-jardins-imparfaits\/\"]}]},{\"@type\":\"BreadcrumbList\",\"@id\":\"https:\/\/nabukoo.com\/produit\/jus-nectar-poire-bergamote-tagete-nos-jardins-imparfaits\/#breadcrumb\",\"itemListElement\":[{\"@type\":\"ListItem\",\"position\":1,\"name\":\"Accueil\",\"item\":\"https:\/\/nabukoo.com\/\"},{\"@type\":\"ListItem\",\"position\":2,\"name\":\"Nos rayons\",\"item\":\"https:\/\/nabukoo.com\/rayons\/\"},{\"@type\":\"ListItem\",\"position\":3,\"name\":\"Jus &amp; Nectar &#8211; Poire Bergamote Tag\u00e8te\"}]},{\"@type\":\"WebSite\",\"@id\":\"https:\/\/nabukoo.com\/#website\",\"url\":\"https:\/\/nabukoo.com\/\",\"name\":\"Nabukoo\",\"description\":\"Qulaity First\",\"potentialAction\":[{\"@type\":\"SearchAction\",\"target\":{\"@type\":\"EntryPoint\",\"urlTemplate\":\"https:\/\/nabukoo.com\/?s={search_term_string}\"},\"query-input\":{\"@type\":\"PropertyValueSpecification\",\"valueRequired\":true,\"valueName\":\"search_term_string\"}}],\"inLanguage\":\"nl-BE\"}]}<\/script>\n<!-- \/ Yoast SEO plugin. -->","yoast_head_json":{"title":"Jus &amp; Nectar - Poire Bergamote Tag\u00e8te - Nabukoo","robots":{"index":"index","follow":"follow","max-snippet":"max-snippet:-1","max-image-preview":"max-image-preview:large","max-video-preview":"max-video-preview:-1"},"canonical":"https:\/\/nabukoo.com\/nl\/product-2\/sap-nectar-peer-bergamot-tagete-onze-onvolmaakte-tuinen\/","og_locale":"nl_BE","og_type":"article","og_title":"Jus &amp; Nectar - Poire Bergamote Tag\u00e8te - Nabukoo","og_description":"Nos Jardins Imparfaits : Nectar de 25 cl : Poire - Oeillet d'Inde - Bergamote   POIRE : Une des meilleures vari\u00e9t\u00e9s : la poire Williams avec sa chair fine l\u00e9g\u00e8rement granuleuse, au go\u00fbt sucr\u00e9 et gourmand.    OEILLET D'INDE : La tag\u00e8te Tenuifolia aux ar\u00f4mes d'agrumes, de citron et de mandarine.    BERGAMOTE : Un jus qui apporte de la profondeur au m\u00e9lange avec une belle acidit\u00e9 et une pointe d'amertume.         &nbsp;","og_url":"https:\/\/nabukoo.com\/nl\/product-2\/sap-nectar-peer-bergamot-tagete-onze-onvolmaakte-tuinen\/","og_site_name":"Nabukoo","article_modified_time":"2024-06-13T13:00:39+00:00","og_image":[{"width":1200,"height":1600,"url":"https:\/\/nabukoo.com\/wp-content\/uploads\/Jus-Poire-Bergmote-Funky-Spirit.jpg","type":"image\/jpeg"}],"twitter_card":"summary_large_image","twitter_misc":{"Geschatte leestijd":"1 minuut"},"schema":{"@context":"https:\/\/schema.org","@graph":[{"@type":"WebPage","@id":"https:\/\/nabukoo.com\/produit\/jus-nectar-poire-bergamote-tagete-nos-jardins-imparfaits\/","url":"https:\/\/nabukoo.com\/produit\/jus-nectar-poire-bergamote-tagete-nos-jardins-imparfaits\/","name":"Jus &amp; Nectar - Poire Bergamote Tag\u00e8te - Nabukoo","isPartOf":{"@id":"https:\/\/nabukoo.com\/#website"},"datePublished":"2024-03-27T16:53:42+00:00","dateModified":"2024-06-13T13:00:39+00:00","breadcrumb":{"@id":"https:\/\/nabukoo.com\/produit\/jus-nectar-poire-bergamote-tagete-nos-jardins-imparfaits\/#breadcrumb"},"inLanguage":"nl-BE","potentialAction":[{"@type":"ReadAction","target":["https:\/\/nabukoo.com\/produit\/jus-nectar-poire-bergamote-tagete-nos-jardins-imparfaits\/"]}]},{"@type":"BreadcrumbList","@id":"https:\/\/nabukoo.com\/produit\/jus-nectar-poire-bergamote-tagete-nos-jardins-imparfaits\/#breadcrumb","itemListElement":[{"@type":"ListItem","position":1,"name":"Accueil","item":"https:\/\/nabukoo.com\/"},{"@type":"ListItem","position":2,"name":"Nos rayons","item":"https:\/\/nabukoo.com\/rayons\/"},{"@type":"ListItem","position":3,"name":"Jus &amp; Nectar &#8211; Poire Bergamote Tag\u00e8te"}]},{"@type":"WebSite","@id":"https:\/\/nabukoo.com\/#website","url":"https:\/\/nabukoo.com\/","name":"Nabukoo","description":"Qulaity First","potentialAction":[{"@type":"SearchAction","target":{"@type":"EntryPoint","urlTemplate":"https:\/\/nabukoo.com\/?s={search_term_string}"},"query-input":{"@type":"PropertyValueSpecification","valueRequired":true,"valueName":"search_term_string"}}],"inLanguage":"nl-BE"}]}},"_links":{"self":[{"href":"https:\/\/nabukoo.com\/nl\/wp-json\/wp\/v2\/product\/11578"}],"collection":[{"href":"https:\/\/nabukoo.com\/nl\/wp-json\/wp\/v2\/product"}],"about":[{"href":"https:\/\/nabukoo.com\/nl\/wp-json\/wp\/v2\/types\/product"}],"replies":[{"embeddable":true,"href":"https:\/\/nabukoo.com\/nl\/wp-json\/wp\/v2\/comments?post=11578"}],"wp:attachment":[{"href":"https:\/\/nabukoo.com\/nl\/wp-json\/wp\/v2\/media?parent=11578"}],"wp:term":[{"taxonomy":"product_cat","embeddable":true,"href":"https:\/\/nabukoo.com\/nl\/wp-json\/wp\/v2\/product_cat?post=11578"},{"taxonomy":"product_tag","embeddable":true,"href":"https:\/\/nabukoo.com\/nl\/wp-json\/wp\/v2\/product_tag?post=11578"}],"curies":[{"name":"wp","href":"https:\/\/api.w.org\/{rel}","templated":true}]}}