{"id":11572,"date":"2024-03-27T16:39:33","date_gmt":"2024-03-27T15:39:33","guid":{"rendered":"https:\/\/nabukoo.com\/?post_type=product&#038;p=11572"},"modified":"2024-06-13T15:05:11","modified_gmt":"2024-06-13T13:05:11","slug":"soda-botanique-bio-foret-nos-jardins-imparfaits","status":"publish","type":"product","link":"https:\/\/nabukoo.com\/nl\/product-2\/biologische-botanische-soda-foret-nos-jardins-imparfaits\/","title":{"rendered":"Biologische plantaardige soda - Foret"},"content":{"rendered":"<p><strong>Bos<\/strong>Deze subtiel sprankelende, lichtzoete en ongelooflijk verfrissende drank neemt je mee naar het hart van onze sparrenbossen in de Jura. Zonder kunstmatige toevoegingen of smaakstoffen is het de vrucht van een wilde oogst.<\/p>\n<p>La\u00a0<strong>spar maceratie<\/strong>met zijn citroenachtige, licht harsachtige nuances mengt zich harmonieus met de\u00a0<strong>Dordogne verjus<\/strong>wrang en fris. Voor een gastronomische touch voegen we een vleugje\u00a0<strong>ongeraffineerde suiker uit de Loiret<\/strong>.<\/p>\n<p>Laat je meeslepen door deze unieke zintuiglijke ervaring, waar natuur en delicatesse elkaar ontmoeten in elke slok. \ud83c\udf32\ud83c\udf4b\ud83c\udf3f<\/p>","protected":false},"excerpt":{"rendered":"<p>Nos Jardins Imparfaits : Bio Plantaardige Soda : Fir &amp; Verjus - 33 cl<\/p>\n<div class=\"elementor-element elementor-element-ecde3ab elementor-widget__width-initial elementor-widget-mobile__width-initial elementor-widget elementor-widget-heading\" data-id=\"ecde3ab\" data-element_type=\"widget\" data-widget_type=\"heading.default\">\n<div class=\"elementor-widget-container\">\n<div class=\"elementor-heading-title elementor-size-default\">WITTE VUUR: Jonge witte sparren ontwikkelen verbazingwekkend complexe citrus- en citroenaroma's!<\/div>\n<\/div>\n<\/div>\n<div class=\"elementor-element elementor-element-483aa1f elementor-widget elementor-widget-heading\" data-id=\"483aa1f\" data-element_type=\"widget\" data-widget_type=\"heading.default\">\n<div class=\"elementor-widget-container\">\n<div class=\"elementor-element elementor-element-e342dfb elementor-widget__width-initial elementor-widget-mobile__width-initial elementor-widget elementor-widget-heading\" data-id=\"e342dfb\" data-element_type=\"widget\" data-widget_type=\"heading.default\">\n<div class=\"elementor-widget-container\">\n<div class=\"elementor-heading-title elementor-size-default\">VERJUS: Een volledig gezuurd groen druivensap gemaakt van een blend van Dordogne druivenrassen. Het ontwikkelt smaken van groene druif en granny apple.<\/div>\n<\/div>\n<\/div>\n<\/div>\n<\/div>","protected":false},"featured_media":0,"comment_status":"open","ping_status":"closed","template":"","meta":[],"product_cat":[131,72],"product_tag":[],"yoast_head":"<!-- This site is optimized with the Yoast SEO plugin v23.8 - https:\/\/yoast.com\/wordpress\/plugins\/seo\/ -->\n<title>Soda Botanique Bio - Foret - Nabukoo<\/title>\n<meta name=\"robots\" content=\"index, follow, max-snippet:-1, max-image-preview:large, max-video-preview:-1\" \/>\n<link rel=\"canonical\" href=\"https:\/\/nabukoo.com\/nl\/product-2\/biologische-botanische-soda-foret-nos-jardins-imparfaits\/\" \/>\n<meta property=\"og:locale\" content=\"nl_BE\" \/>\n<meta property=\"og:type\" content=\"article\" \/>\n<meta property=\"og:title\" content=\"Soda Botanique Bio - Foret - Nabukoo\" \/>\n<meta property=\"og:description\" content=\"Nos Jardins Imparfaits : Un Soda botanique bio : Sapin &amp; Verjus - 33 cl   SAPIN BLANC : Les jeunes pousses de sapin blanc d\u00e9veloppent des ar\u00f4mes complexes d&#039;agrume et de citron \u00e9tonnants !       VERJUS : Un jus de raisin vert compl\u00e8tement acidul\u00e9 issu d&#039;un assemblage de c\u00e9pages de Dordogne. Il d\u00e9veloppe des parfums de raisin vert et de pomme granny.\" \/>\n<meta property=\"og:url\" content=\"https:\/\/nabukoo.com\/nl\/product-2\/biologische-botanische-soda-foret-nos-jardins-imparfaits\/\" \/>\n<meta property=\"og:site_name\" content=\"Nabukoo\" \/>\n<meta property=\"article:modified_time\" content=\"2024-06-13T13:05:11+00:00\" \/>\n<meta property=\"og:image\" content=\"https:\/\/nabukoo.com\/wp-content\/uploads\/Foret-Funky-Spirit-scaled.jpg\" \/>\n\t<meta property=\"og:image:width\" content=\"1920\" \/>\n\t<meta property=\"og:image:height\" content=\"2560\" \/>\n\t<meta property=\"og:image:type\" content=\"image\/jpeg\" \/>\n<meta name=\"twitter:card\" content=\"summary_large_image\" \/>\n<meta name=\"twitter:label1\" content=\"Geschatte leestijd\" \/>\n\t<meta name=\"twitter:data1\" content=\"1 minuut\" \/>\n<script type=\"application\/ld+json\" class=\"yoast-schema-graph\">{\"@context\":\"https:\/\/schema.org\",\"@graph\":[{\"@type\":\"WebPage\",\"@id\":\"https:\/\/nabukoo.com\/produit\/soda-botanique-bio-foret-nos-jardins-imparfaits\/\",\"url\":\"https:\/\/nabukoo.com\/produit\/soda-botanique-bio-foret-nos-jardins-imparfaits\/\",\"name\":\"Soda Botanique Bio - Foret - Nabukoo\",\"isPartOf\":{\"@id\":\"https:\/\/nabukoo.com\/#website\"},\"datePublished\":\"2024-03-27T15:39:33+00:00\",\"dateModified\":\"2024-06-13T13:05:11+00:00\",\"breadcrumb\":{\"@id\":\"https:\/\/nabukoo.com\/produit\/soda-botanique-bio-foret-nos-jardins-imparfaits\/#breadcrumb\"},\"inLanguage\":\"nl-BE\",\"potentialAction\":[{\"@type\":\"ReadAction\",\"target\":[\"https:\/\/nabukoo.com\/produit\/soda-botanique-bio-foret-nos-jardins-imparfaits\/\"]}]},{\"@type\":\"BreadcrumbList\",\"@id\":\"https:\/\/nabukoo.com\/produit\/soda-botanique-bio-foret-nos-jardins-imparfaits\/#breadcrumb\",\"itemListElement\":[{\"@type\":\"ListItem\",\"position\":1,\"name\":\"Accueil\",\"item\":\"https:\/\/nabukoo.com\/\"},{\"@type\":\"ListItem\",\"position\":2,\"name\":\"Nos rayons\",\"item\":\"https:\/\/nabukoo.com\/rayons\/\"},{\"@type\":\"ListItem\",\"position\":3,\"name\":\"Soda Botanique Bio &#8211; Foret\"}]},{\"@type\":\"WebSite\",\"@id\":\"https:\/\/nabukoo.com\/#website\",\"url\":\"https:\/\/nabukoo.com\/\",\"name\":\"Nabukoo\",\"description\":\"Qulaity First\",\"potentialAction\":[{\"@type\":\"SearchAction\",\"target\":{\"@type\":\"EntryPoint\",\"urlTemplate\":\"https:\/\/nabukoo.com\/?s={search_term_string}\"},\"query-input\":{\"@type\":\"PropertyValueSpecification\",\"valueRequired\":true,\"valueName\":\"search_term_string\"}}],\"inLanguage\":\"nl-BE\"}]}<\/script>\n<!-- \/ Yoast SEO plugin. -->","yoast_head_json":{"title":"Soda Botanique Bio - Foret - Nabukoo","robots":{"index":"index","follow":"follow","max-snippet":"max-snippet:-1","max-image-preview":"max-image-preview:large","max-video-preview":"max-video-preview:-1"},"canonical":"https:\/\/nabukoo.com\/nl\/product-2\/biologische-botanische-soda-foret-nos-jardins-imparfaits\/","og_locale":"nl_BE","og_type":"article","og_title":"Soda Botanique Bio - Foret - Nabukoo","og_description":"Nos Jardins Imparfaits : Un Soda botanique bio : Sapin &amp; Verjus - 33 cl   SAPIN BLANC : Les jeunes pousses de sapin blanc d\u00e9veloppent des ar\u00f4mes complexes d'agrume et de citron \u00e9tonnants !       VERJUS : Un jus de raisin vert compl\u00e8tement acidul\u00e9 issu d'un assemblage de c\u00e9pages de Dordogne. Il d\u00e9veloppe des parfums de raisin vert et de pomme granny.","og_url":"https:\/\/nabukoo.com\/nl\/product-2\/biologische-botanische-soda-foret-nos-jardins-imparfaits\/","og_site_name":"Nabukoo","article_modified_time":"2024-06-13T13:05:11+00:00","og_image":[{"width":1920,"height":2560,"url":"https:\/\/nabukoo.com\/wp-content\/uploads\/Foret-Funky-Spirit-scaled.jpg","type":"image\/jpeg"}],"twitter_card":"summary_large_image","twitter_misc":{"Geschatte leestijd":"1 minuut"},"schema":{"@context":"https:\/\/schema.org","@graph":[{"@type":"WebPage","@id":"https:\/\/nabukoo.com\/produit\/soda-botanique-bio-foret-nos-jardins-imparfaits\/","url":"https:\/\/nabukoo.com\/produit\/soda-botanique-bio-foret-nos-jardins-imparfaits\/","name":"Soda Botanique Bio - Foret - Nabukoo","isPartOf":{"@id":"https:\/\/nabukoo.com\/#website"},"datePublished":"2024-03-27T15:39:33+00:00","dateModified":"2024-06-13T13:05:11+00:00","breadcrumb":{"@id":"https:\/\/nabukoo.com\/produit\/soda-botanique-bio-foret-nos-jardins-imparfaits\/#breadcrumb"},"inLanguage":"nl-BE","potentialAction":[{"@type":"ReadAction","target":["https:\/\/nabukoo.com\/produit\/soda-botanique-bio-foret-nos-jardins-imparfaits\/"]}]},{"@type":"BreadcrumbList","@id":"https:\/\/nabukoo.com\/produit\/soda-botanique-bio-foret-nos-jardins-imparfaits\/#breadcrumb","itemListElement":[{"@type":"ListItem","position":1,"name":"Accueil","item":"https:\/\/nabukoo.com\/"},{"@type":"ListItem","position":2,"name":"Nos rayons","item":"https:\/\/nabukoo.com\/rayons\/"},{"@type":"ListItem","position":3,"name":"Soda Botanique Bio &#8211; Foret"}]},{"@type":"WebSite","@id":"https:\/\/nabukoo.com\/#website","url":"https:\/\/nabukoo.com\/","name":"Nabukoo","description":"Qulaity First","potentialAction":[{"@type":"SearchAction","target":{"@type":"EntryPoint","urlTemplate":"https:\/\/nabukoo.com\/?s={search_term_string}"},"query-input":{"@type":"PropertyValueSpecification","valueRequired":true,"valueName":"search_term_string"}}],"inLanguage":"nl-BE"}]}},"_links":{"self":[{"href":"https:\/\/nabukoo.com\/nl\/wp-json\/wp\/v2\/product\/11572"}],"collection":[{"href":"https:\/\/nabukoo.com\/nl\/wp-json\/wp\/v2\/product"}],"about":[{"href":"https:\/\/nabukoo.com\/nl\/wp-json\/wp\/v2\/types\/product"}],"replies":[{"embeddable":true,"href":"https:\/\/nabukoo.com\/nl\/wp-json\/wp\/v2\/comments?post=11572"}],"wp:attachment":[{"href":"https:\/\/nabukoo.com\/nl\/wp-json\/wp\/v2\/media?parent=11572"}],"wp:term":[{"taxonomy":"product_cat","embeddable":true,"href":"https:\/\/nabukoo.com\/nl\/wp-json\/wp\/v2\/product_cat?post=11572"},{"taxonomy":"product_tag","embeddable":true,"href":"https:\/\/nabukoo.com\/nl\/wp-json\/wp\/v2\/product_tag?post=11572"}],"curies":[{"name":"wp","href":"https:\/\/api.w.org\/{rel}","templated":true}]}}