{"id":11521,"date":"2024-03-18T11:22:37","date_gmt":"2024-03-18T10:22:37","guid":{"rendered":"https:\/\/nabukoo.com\/?post_type=product&#038;p=11521"},"modified":"2024-06-13T15:13:24","modified_gmt":"2024-06-13T13:13:24","slug":"bouche-kombucha-lemon-drop","status":"publish","type":"product","link":"https:\/\/nabukoo.com\/nl\/product-2\/mond-kombucha-citroendruppel\/","title":{"rendered":"Kombucha Bouche - Citroendruppel"},"content":{"rendered":"<p>Een tijdloze creatie. Genoemd naar de gelijknamige hop die gebruikt wordt bij het brouwen, roept deze kombucha kruidige tonen op die gekenmerkt worden door hop en verse kruiden, die doen denken aan de nuances van een ambachtelijk kwaliteitsbier. In combinatie met krachtige fruit- en citrusaroma's is het resultaat een complete smaakervaring, gekenmerkt door een verfrissende rondheid, een dichte textuur en een harmonieuze zuurgraad. De aanwezigheid van vlierbloesem en een subtiel zoetje maken het profiel compleet.<\/p>\n<div class=\"mt-1 flex justify-start gap-3 empty:hidden\">\n<div class=\"text-gray-400 flex self-end lg:self-center items-center justify-center lg:justify-start mt-0 -ml-1 h-7 gap-[2px] visible\">\n<table width=\"100%\">\n<tbody>\n<tr>\n<td>AIGRE<\/td>\n<td>BLOEM<\/td>\n<td>Plantaardig<\/td>\n<\/tr>\n<tr>\n<td>\u25cf \u25cf<\/td>\n<td>\u25cf \u25cf<\/td>\n<td>\u25cf \u25cf \u25cf<\/td>\n<\/tr>\n<\/tbody>\n<\/table>\n<table>\n<tbody>\n<tr>\n<th colspan=\"2\">Gemiddelde voedingswaarden per 100 ml<\/th>\n<\/tr>\n<tr>\n<td>Energie<\/td>\n<td>64 kJ \/ 15 kcal<\/td>\n<\/tr>\n<tr>\n<td>Koolhydraten<br \/>\nwaarvan suiker<\/td>\n<td>3,7 g<br \/>\n3,0 g<\/td>\n<\/tr>\n<tr>\n<td>Zout<\/td>\n<td>0,01g<\/td>\n<\/tr>\n<tr>\n<td colspan=\"2\">Bevat kleine hoeveelheden: vet, verzadigd vet, eiwit<\/td>\n<\/tr>\n<\/tbody>\n<\/table>\n<\/div>\n<\/div>","protected":false},"excerpt":{"rendered":"<p>33 Cl fles - Biologisch<\/p>\n<p>INGREDI\u00cbNTEN - Gefermenteerde infusie (water, suiker*, Sencha*, Assam thee*, Kombucha* cultuur (gist* en bacterieculturen)), hop<\/p>\n<p>*van gecontroleerde biologische landbouw<\/p>","protected":false},"featured_media":0,"comment_status":"open","ping_status":"closed","template":"","meta":[],"product_cat":[130,72],"product_tag":[],"yoast_head":"<!-- This site is optimized with the Yoast SEO plugin v23.8 - https:\/\/yoast.com\/wordpress\/plugins\/seo\/ -->\n<title>Kombucha Bouche - Lemon Drop - Nabukoo<\/title>\n<meta name=\"robots\" content=\"index, follow, max-snippet:-1, max-image-preview:large, max-video-preview:-1\" \/>\n<link rel=\"canonical\" href=\"https:\/\/nabukoo.com\/nl\/product-2\/mond-kombucha-citroendruppel\/\" \/>\n<meta property=\"og:locale\" content=\"nl_BE\" \/>\n<meta property=\"og:type\" content=\"article\" \/>\n<meta property=\"og:title\" content=\"Kombucha Bouche - Lemon Drop - Nabukoo\" \/>\n<meta property=\"og:description\" content=\"Bouteille de 33 Cl - Bio  INGR\u00c9DIENTS \u2022 Infusion ferment\u00e9e (eau, sucre*, Sencha*, th\u00e9 Assam*, culture de Kombucha* (levure* et cultures bact\u00e9riennes)), houblon  *issu de l&#039;agriculture biologique contr\u00f4l\u00e9e\" \/>\n<meta property=\"og:url\" content=\"https:\/\/nabukoo.com\/nl\/product-2\/mond-kombucha-citroendruppel\/\" \/>\n<meta property=\"og:site_name\" content=\"Nabukoo\" \/>\n<meta property=\"article:modified_time\" content=\"2024-06-13T13:13:24+00:00\" \/>\n<meta property=\"og:image\" content=\"https:\/\/nabukoo.com\/wp-content\/uploads\/211103_BOUCHE_LD_01.png\" \/>\n\t<meta property=\"og:image:width\" content=\"683\" \/>\n\t<meta property=\"og:image:height\" content=\"1024\" \/>\n\t<meta property=\"og:image:type\" content=\"image\/png\" \/>\n<meta name=\"twitter:card\" content=\"summary_large_image\" \/>\n<meta name=\"twitter:label1\" content=\"Geschatte leestijd\" \/>\n\t<meta name=\"twitter:data1\" content=\"1 minuut\" \/>\n<script type=\"application\/ld+json\" class=\"yoast-schema-graph\">{\"@context\":\"https:\/\/schema.org\",\"@graph\":[{\"@type\":\"WebPage\",\"@id\":\"https:\/\/nabukoo.com\/produit\/bouche-kombucha-lemon-drop\/\",\"url\":\"https:\/\/nabukoo.com\/produit\/bouche-kombucha-lemon-drop\/\",\"name\":\"Kombucha Bouche - Lemon Drop - Nabukoo\",\"isPartOf\":{\"@id\":\"https:\/\/nabukoo.com\/#website\"},\"datePublished\":\"2024-03-18T10:22:37+00:00\",\"dateModified\":\"2024-06-13T13:13:24+00:00\",\"breadcrumb\":{\"@id\":\"https:\/\/nabukoo.com\/produit\/bouche-kombucha-lemon-drop\/#breadcrumb\"},\"inLanguage\":\"nl-BE\",\"potentialAction\":[{\"@type\":\"ReadAction\",\"target\":[\"https:\/\/nabukoo.com\/produit\/bouche-kombucha-lemon-drop\/\"]}]},{\"@type\":\"BreadcrumbList\",\"@id\":\"https:\/\/nabukoo.com\/produit\/bouche-kombucha-lemon-drop\/#breadcrumb\",\"itemListElement\":[{\"@type\":\"ListItem\",\"position\":1,\"name\":\"Accueil\",\"item\":\"https:\/\/nabukoo.com\/\"},{\"@type\":\"ListItem\",\"position\":2,\"name\":\"Nos rayons\",\"item\":\"https:\/\/nabukoo.com\/rayons\/\"},{\"@type\":\"ListItem\",\"position\":3,\"name\":\"Kombucha Bouche &#8211; Lemon Drop\"}]},{\"@type\":\"WebSite\",\"@id\":\"https:\/\/nabukoo.com\/#website\",\"url\":\"https:\/\/nabukoo.com\/\",\"name\":\"Nabukoo\",\"description\":\"Qulaity First\",\"potentialAction\":[{\"@type\":\"SearchAction\",\"target\":{\"@type\":\"EntryPoint\",\"urlTemplate\":\"https:\/\/nabukoo.com\/?s={search_term_string}\"},\"query-input\":{\"@type\":\"PropertyValueSpecification\",\"valueRequired\":true,\"valueName\":\"search_term_string\"}}],\"inLanguage\":\"nl-BE\"}]}<\/script>\n<!-- \/ Yoast SEO plugin. -->","yoast_head_json":{"title":"Kombucha Bouche - Lemon Drop - Nabukoo","robots":{"index":"index","follow":"follow","max-snippet":"max-snippet:-1","max-image-preview":"max-image-preview:large","max-video-preview":"max-video-preview:-1"},"canonical":"https:\/\/nabukoo.com\/nl\/product-2\/mond-kombucha-citroendruppel\/","og_locale":"nl_BE","og_type":"article","og_title":"Kombucha Bouche - Lemon Drop - Nabukoo","og_description":"Bouteille de 33 Cl - Bio  INGR\u00c9DIENTS \u2022 Infusion ferment\u00e9e (eau, sucre*, Sencha*, th\u00e9 Assam*, culture de Kombucha* (levure* et cultures bact\u00e9riennes)), houblon  *issu de l'agriculture biologique contr\u00f4l\u00e9e","og_url":"https:\/\/nabukoo.com\/nl\/product-2\/mond-kombucha-citroendruppel\/","og_site_name":"Nabukoo","article_modified_time":"2024-06-13T13:13:24+00:00","og_image":[{"url":"https:\/\/nabukoo.com\/wp-content\/uploads\/211103_BOUCHE_LD_01.png","width":683,"height":1024,"type":"image\/png"}],"twitter_card":"summary_large_image","twitter_misc":{"Geschatte leestijd":"1 minuut"},"schema":{"@context":"https:\/\/schema.org","@graph":[{"@type":"WebPage","@id":"https:\/\/nabukoo.com\/produit\/bouche-kombucha-lemon-drop\/","url":"https:\/\/nabukoo.com\/produit\/bouche-kombucha-lemon-drop\/","name":"Kombucha Bouche - Lemon Drop - Nabukoo","isPartOf":{"@id":"https:\/\/nabukoo.com\/#website"},"datePublished":"2024-03-18T10:22:37+00:00","dateModified":"2024-06-13T13:13:24+00:00","breadcrumb":{"@id":"https:\/\/nabukoo.com\/produit\/bouche-kombucha-lemon-drop\/#breadcrumb"},"inLanguage":"nl-BE","potentialAction":[{"@type":"ReadAction","target":["https:\/\/nabukoo.com\/produit\/bouche-kombucha-lemon-drop\/"]}]},{"@type":"BreadcrumbList","@id":"https:\/\/nabukoo.com\/produit\/bouche-kombucha-lemon-drop\/#breadcrumb","itemListElement":[{"@type":"ListItem","position":1,"name":"Accueil","item":"https:\/\/nabukoo.com\/"},{"@type":"ListItem","position":2,"name":"Nos rayons","item":"https:\/\/nabukoo.com\/rayons\/"},{"@type":"ListItem","position":3,"name":"Kombucha Bouche &#8211; Lemon Drop"}]},{"@type":"WebSite","@id":"https:\/\/nabukoo.com\/#website","url":"https:\/\/nabukoo.com\/","name":"Nabukoo","description":"Qulaity First","potentialAction":[{"@type":"SearchAction","target":{"@type":"EntryPoint","urlTemplate":"https:\/\/nabukoo.com\/?s={search_term_string}"},"query-input":{"@type":"PropertyValueSpecification","valueRequired":true,"valueName":"search_term_string"}}],"inLanguage":"nl-BE"}]}},"_links":{"self":[{"href":"https:\/\/nabukoo.com\/nl\/wp-json\/wp\/v2\/product\/11521"}],"collection":[{"href":"https:\/\/nabukoo.com\/nl\/wp-json\/wp\/v2\/product"}],"about":[{"href":"https:\/\/nabukoo.com\/nl\/wp-json\/wp\/v2\/types\/product"}],"replies":[{"embeddable":true,"href":"https:\/\/nabukoo.com\/nl\/wp-json\/wp\/v2\/comments?post=11521"}],"wp:attachment":[{"href":"https:\/\/nabukoo.com\/nl\/wp-json\/wp\/v2\/media?parent=11521"}],"wp:term":[{"taxonomy":"product_cat","embeddable":true,"href":"https:\/\/nabukoo.com\/nl\/wp-json\/wp\/v2\/product_cat?post=11521"},{"taxonomy":"product_tag","embeddable":true,"href":"https:\/\/nabukoo.com\/nl\/wp-json\/wp\/v2\/product_tag?post=11521"}],"curies":[{"name":"wp","href":"https:\/\/api.w.org\/{rel}","templated":true}]}}