{"id":11520,"date":"2024-03-18T08:17:06","date_gmt":"2024-03-18T07:17:06","guid":{"rendered":"https:\/\/nabukoo.com\/?post_type=product&#038;p=11520"},"modified":"2024-06-13T15:09:57","modified_gmt":"2024-06-13T13:09:57","slug":"bouche-kombucha-hybiskus7","status":"publish","type":"product","link":"https:\/\/nabukoo.com\/nl\/product-2\/bouche-kombucha-hybiskus7\/","title":{"rendered":"Kombucha Bouche - Hibiskus7"},"content":{"rendered":"<p>Ce kombucha se r\u00e9v\u00e8le initialement avec une essence florale, une fra\u00eecheur et une touche subtilement tropicale, toutefois, il r\u00e9v\u00e8le une complexit\u00e9 bien plus profonde. Les ar\u00f4mes floraux et fruit\u00e9s, n\u00e9s de l&#8217;infusion d&#8217;hibiscus et de th\u00e9 au jasmin, s&#8217;harmonisent avec les houblons Idaho7 et Nectaron pour offrir une texture riche et expressive, ponctu\u00e9e d&#8217;une acidit\u00e9 vivifiante. L&#8217;ajout de zeste de citron vert procure une nuance am\u00e8re, discr\u00e8te mais suffisamment prononc\u00e9e pour enrichir le bouquet de saveurs.<\/p>\n<table width=\"100%\">\n<tbody>\n<tr>\n<td>AIGRE<\/td>\n<td>BLOEM<\/td>\n<td>CITRUS<\/td>\n<\/tr>\n<tr>\n<td>\u25cf \u25cf \u25cf<\/td>\n<td>\u25cf \u25cf \u25cf<\/td>\n<td>\u25cf \u25cf \u25cf \u25cf<\/td>\n<\/tr>\n<\/tbody>\n<\/table>\n<table>\n<tbody>\n<tr>\n<th colspan=\"2\">Gemiddelde waarden per 100 ml<\/th>\n<\/tr>\n<tr>\n<td>energie<\/td>\n<td>70 kJ \/ 17 kcal<\/td>\n<\/tr>\n<tr>\n<td>Koolhydraten<br \/>\nwaarvan suiker<\/td>\n<td>3,8g<br \/>\n2,3g<\/td>\n<\/tr>\n<tr>\n<td>Zout<\/td>\n<td>0,01g<\/td>\n<\/tr>\n<tr>\n<td colspan=\"2\">Bevat kleine hoeveelheden: vet, verzadigd vet, eiwit<\/td>\n<\/tr>\n<\/tbody>\n<\/table>","protected":false},"excerpt":{"rendered":"<p>Kombucha 33 Cl &#8211; Bio (par carton 12 pi\u00e8ces)<\/p>\n<p>INGR\u00c9DIENTS \u2022 Infusion ferment\u00e9e (eau, sucre*, jasmin*, th\u00e9 orange pekoe*, fleur d&#8217;hibiscus*, culture de kombucha* (levure* et cultures bact\u00e9riennes)), jus de citron vert*, houblon*<\/p>\n<p>*van gecontroleerde biologische landbouw<\/p>","protected":false},"featured_media":0,"comment_status":"open","ping_status":"closed","template":"","meta":[],"product_cat":[130,72],"product_tag":[],"yoast_head":"<!-- This site is optimized with the Yoast SEO plugin v23.8 - https:\/\/yoast.com\/wordpress\/plugins\/seo\/ -->\n<title>Kombucha Bouche - Hibiskus7 - Nabukoo<\/title>\n<meta name=\"robots\" content=\"index, follow, max-snippet:-1, max-image-preview:large, max-video-preview:-1\" \/>\n<link rel=\"canonical\" href=\"https:\/\/nabukoo.com\/nl\/product-2\/bouche-kombucha-hybiskus7\/\" \/>\n<meta property=\"og:locale\" content=\"nl_BE\" \/>\n<meta property=\"og:type\" content=\"article\" \/>\n<meta property=\"og:title\" content=\"Kombucha Bouche - Hibiskus7 - Nabukoo\" \/>\n<meta property=\"og:description\" content=\"Kombucha 33 Cl - Bio (par carton 12 pi\u00e8ces)  INGR\u00c9DIENTS \u2022 Infusion ferment\u00e9e (eau, sucre*, jasmin*, th\u00e9 orange pekoe*, fleur d&#039;hibiscus*, culture de kombucha* (levure* et cultures bact\u00e9riennes)), jus de citron vert*, houblon*  *issu de l&#039;agriculture biologique contr\u00f4l\u00e9e\" \/>\n<meta property=\"og:url\" content=\"https:\/\/nabukoo.com\/nl\/product-2\/bouche-kombucha-hybiskus7\/\" \/>\n<meta property=\"og:site_name\" content=\"Nabukoo\" \/>\n<meta property=\"article:modified_time\" content=\"2024-06-13T13:09:57+00:00\" \/>\n<meta property=\"og:image\" content=\"https:\/\/nabukoo.com\/wp-content\/uploads\/BOUCHE_KOMBUCHA_HIBISKUS7_01-scaled.jpg\" \/>\n\t<meta property=\"og:image:width\" content=\"2048\" \/>\n\t<meta property=\"og:image:height\" content=\"2560\" \/>\n\t<meta property=\"og:image:type\" content=\"image\/jpeg\" \/>\n<meta name=\"twitter:card\" content=\"summary_large_image\" \/>\n<meta name=\"twitter:label1\" content=\"Geschatte leestijd\" \/>\n\t<meta name=\"twitter:data1\" content=\"1 minuut\" \/>\n<script type=\"application\/ld+json\" class=\"yoast-schema-graph\">{\"@context\":\"https:\/\/schema.org\",\"@graph\":[{\"@type\":\"WebPage\",\"@id\":\"https:\/\/nabukoo.com\/produit\/bouche-kombucha-hybiskus7\/\",\"url\":\"https:\/\/nabukoo.com\/produit\/bouche-kombucha-hybiskus7\/\",\"name\":\"Kombucha Bouche - Hibiskus7 - Nabukoo\",\"isPartOf\":{\"@id\":\"https:\/\/nabukoo.com\/#website\"},\"datePublished\":\"2024-03-18T07:17:06+00:00\",\"dateModified\":\"2024-06-13T13:09:57+00:00\",\"breadcrumb\":{\"@id\":\"https:\/\/nabukoo.com\/produit\/bouche-kombucha-hybiskus7\/#breadcrumb\"},\"inLanguage\":\"nl-BE\",\"potentialAction\":[{\"@type\":\"ReadAction\",\"target\":[\"https:\/\/nabukoo.com\/produit\/bouche-kombucha-hybiskus7\/\"]}]},{\"@type\":\"BreadcrumbList\",\"@id\":\"https:\/\/nabukoo.com\/produit\/bouche-kombucha-hybiskus7\/#breadcrumb\",\"itemListElement\":[{\"@type\":\"ListItem\",\"position\":1,\"name\":\"Accueil\",\"item\":\"https:\/\/nabukoo.com\/\"},{\"@type\":\"ListItem\",\"position\":2,\"name\":\"Nos rayons\",\"item\":\"https:\/\/nabukoo.com\/rayons\/\"},{\"@type\":\"ListItem\",\"position\":3,\"name\":\"Kombucha Bouche &#8211; Hibiskus7\"}]},{\"@type\":\"WebSite\",\"@id\":\"https:\/\/nabukoo.com\/#website\",\"url\":\"https:\/\/nabukoo.com\/\",\"name\":\"Nabukoo\",\"description\":\"Qulaity First\",\"potentialAction\":[{\"@type\":\"SearchAction\",\"target\":{\"@type\":\"EntryPoint\",\"urlTemplate\":\"https:\/\/nabukoo.com\/?s={search_term_string}\"},\"query-input\":{\"@type\":\"PropertyValueSpecification\",\"valueRequired\":true,\"valueName\":\"search_term_string\"}}],\"inLanguage\":\"nl-BE\"}]}<\/script>\n<!-- \/ Yoast SEO plugin. -->","yoast_head_json":{"title":"Kombucha Bouche - Hibiskus7 - Nabukoo","robots":{"index":"index","follow":"follow","max-snippet":"max-snippet:-1","max-image-preview":"max-image-preview:large","max-video-preview":"max-video-preview:-1"},"canonical":"https:\/\/nabukoo.com\/nl\/product-2\/bouche-kombucha-hybiskus7\/","og_locale":"nl_BE","og_type":"article","og_title":"Kombucha Bouche - Hibiskus7 - Nabukoo","og_description":"Kombucha 33 Cl - Bio (par carton 12 pi\u00e8ces)  INGR\u00c9DIENTS \u2022 Infusion ferment\u00e9e (eau, sucre*, jasmin*, th\u00e9 orange pekoe*, fleur d'hibiscus*, culture de kombucha* (levure* et cultures bact\u00e9riennes)), jus de citron vert*, houblon*  *issu de l'agriculture biologique contr\u00f4l\u00e9e","og_url":"https:\/\/nabukoo.com\/nl\/product-2\/bouche-kombucha-hybiskus7\/","og_site_name":"Nabukoo","article_modified_time":"2024-06-13T13:09:57+00:00","og_image":[{"width":2048,"height":2560,"url":"https:\/\/nabukoo.com\/wp-content\/uploads\/BOUCHE_KOMBUCHA_HIBISKUS7_01-scaled.jpg","type":"image\/jpeg"}],"twitter_card":"summary_large_image","twitter_misc":{"Geschatte leestijd":"1 minuut"},"schema":{"@context":"https:\/\/schema.org","@graph":[{"@type":"WebPage","@id":"https:\/\/nabukoo.com\/produit\/bouche-kombucha-hybiskus7\/","url":"https:\/\/nabukoo.com\/produit\/bouche-kombucha-hybiskus7\/","name":"Kombucha Bouche - Hibiskus7 - Nabukoo","isPartOf":{"@id":"https:\/\/nabukoo.com\/#website"},"datePublished":"2024-03-18T07:17:06+00:00","dateModified":"2024-06-13T13:09:57+00:00","breadcrumb":{"@id":"https:\/\/nabukoo.com\/produit\/bouche-kombucha-hybiskus7\/#breadcrumb"},"inLanguage":"nl-BE","potentialAction":[{"@type":"ReadAction","target":["https:\/\/nabukoo.com\/produit\/bouche-kombucha-hybiskus7\/"]}]},{"@type":"BreadcrumbList","@id":"https:\/\/nabukoo.com\/produit\/bouche-kombucha-hybiskus7\/#breadcrumb","itemListElement":[{"@type":"ListItem","position":1,"name":"Accueil","item":"https:\/\/nabukoo.com\/"},{"@type":"ListItem","position":2,"name":"Nos rayons","item":"https:\/\/nabukoo.com\/rayons\/"},{"@type":"ListItem","position":3,"name":"Kombucha Bouche &#8211; Hibiskus7"}]},{"@type":"WebSite","@id":"https:\/\/nabukoo.com\/#website","url":"https:\/\/nabukoo.com\/","name":"Nabukoo","description":"Qulaity First","potentialAction":[{"@type":"SearchAction","target":{"@type":"EntryPoint","urlTemplate":"https:\/\/nabukoo.com\/?s={search_term_string}"},"query-input":{"@type":"PropertyValueSpecification","valueRequired":true,"valueName":"search_term_string"}}],"inLanguage":"nl-BE"}]}},"_links":{"self":[{"href":"https:\/\/nabukoo.com\/nl\/wp-json\/wp\/v2\/product\/11520"}],"collection":[{"href":"https:\/\/nabukoo.com\/nl\/wp-json\/wp\/v2\/product"}],"about":[{"href":"https:\/\/nabukoo.com\/nl\/wp-json\/wp\/v2\/types\/product"}],"replies":[{"embeddable":true,"href":"https:\/\/nabukoo.com\/nl\/wp-json\/wp\/v2\/comments?post=11520"}],"wp:attachment":[{"href":"https:\/\/nabukoo.com\/nl\/wp-json\/wp\/v2\/media?parent=11520"}],"wp:term":[{"taxonomy":"product_cat","embeddable":true,"href":"https:\/\/nabukoo.com\/nl\/wp-json\/wp\/v2\/product_cat?post=11520"},{"taxonomy":"product_tag","embeddable":true,"href":"https:\/\/nabukoo.com\/nl\/wp-json\/wp\/v2\/product_tag?post=11520"}],"curies":[{"name":"wp","href":"https:\/\/api.w.org\/{rel}","templated":true}]}}