{"id":11517,"date":"2024-03-18T08:06:18","date_gmt":"2024-03-18T07:06:18","guid":{"rendered":"https:\/\/nabukoo.com\/?post_type=product&#038;p=11517"},"modified":"2024-06-13T15:14:16","modified_gmt":"2024-06-13T13:14:16","slug":"bouche-kombucha-earlybird","status":"publish","type":"product","link":"https:\/\/nabukoo.com\/nl\/product-2\/mond-kombucha-earlybird\/","title":{"rendered":"Earlybird Kombucha - Mond"},"content":{"rendered":"<p>EARLYBIRD Kombucha mengt de verfijning van Darjeeling-thee met de aromatische essentie van bergamot, waardoor een levendige, heldere, licht wrange smaak ontstaat. Hints van karamel zorgen voor een fluweelzachte textuur in de mond, terwijl hints van hout en aarde een subtiele bitterheid toevoegen. Tannines, die tijdens het maceratieproces worden opgevangen, geven deze drank een afdronk die eerder droger dan zoeter is. Alles bij elkaar is EARLYBIRD de belofte van een dynamische wake-up call.<\/p>\n<table width=\"100%\">\n<tbody>\n<tr>\n<td>AIGRE<\/td>\n<td>BLOEM<\/td>\n<td>CITRUS<\/td>\n<\/tr>\n<tr>\n<td>\u25cf \u25cf<\/td>\n<td>\u25cf \u25cf<\/td>\n<td>\u25cf \u25cf \u25cf<\/td>\n<\/tr>\n<\/tbody>\n<\/table>\n<table>\n<tbody>\n<tr>\n<th colspan=\"2\">Gemiddelde voedingswaarden per 100 ml<\/th>\n<\/tr>\n<tr>\n<td>Energie<\/td>\n<td>61 kJ \/ 14 kcal<\/td>\n<\/tr>\n<tr>\n<td>Koolhydraten<br \/>\nwaarvan suiker<\/td>\n<td>3,2 g<br \/>\n2,8 g<\/td>\n<\/tr>\n<tr>\n<td>Zout<\/td>\n<td>0,01g<\/td>\n<\/tr>\n<tr>\n<td colspan=\"2\">Bevat kleine hoeveelheden: vet, verzadigd vet, eiwit<\/td>\n<\/tr>\n<\/tbody>\n<\/table>","protected":false},"excerpt":{"rendered":"<p>Kombucha 33 cl<\/p>\n<p>INGREDI\u00cbNTEN - Gefermenteerde infusie (water, suiker*, Assam*, Sencha*, Darjeeling thee*, Kombucha* cultuur (gist* en bacterieculturen)), bergamotolie*, bergamotschil* *.<\/p>\n<p>*Van gecontroleerde biologische landbouw.<\/p>","protected":false},"featured_media":0,"comment_status":"open","ping_status":"closed","template":"","meta":[],"product_cat":[130,72],"product_tag":[],"yoast_head":"<!-- This site is optimized with the Yoast SEO plugin v23.8 - https:\/\/yoast.com\/wordpress\/plugins\/seo\/ -->\n<title>Kombucha Earlybird - Bouche - Nabukoo<\/title>\n<meta name=\"robots\" content=\"index, follow, max-snippet:-1, max-image-preview:large, max-video-preview:-1\" \/>\n<link rel=\"canonical\" href=\"https:\/\/nabukoo.com\/nl\/product-2\/mond-kombucha-earlybird\/\" \/>\n<meta property=\"og:locale\" content=\"nl_BE\" \/>\n<meta property=\"og:type\" content=\"article\" \/>\n<meta property=\"og:title\" content=\"Kombucha Earlybird - Bouche - Nabukoo\" \/>\n<meta property=\"og:description\" content=\"Kombucha 33 cl  INGR\u00c9DIENTS \u2022 Infusion ferment\u00e9e (eau, sucre*, Assam*, Sencha*, th\u00e9 Darjeeling*, culture de Kombucha* (levure* et cultures bact\u00e9riennes)), huile de bergamote*, zeste de bergamote* *  *issu de l&#039;agriculture biologique contr\u00f4l\u00e9e.\" \/>\n<meta property=\"og:url\" content=\"https:\/\/nabukoo.com\/nl\/product-2\/mond-kombucha-earlybird\/\" \/>\n<meta property=\"og:site_name\" content=\"Nabukoo\" \/>\n<meta property=\"article:modified_time\" content=\"2024-06-13T13:14:16+00:00\" \/>\n<meta property=\"og:image\" content=\"https:\/\/nabukoo.com\/wp-content\/uploads\/BOUCHE_KOMBUCHA_EARLYBIRD_02-scaled.jpg\" \/>\n\t<meta property=\"og:image:width\" content=\"1707\" \/>\n\t<meta property=\"og:image:height\" content=\"2560\" \/>\n\t<meta property=\"og:image:type\" content=\"image\/jpeg\" \/>\n<meta name=\"twitter:card\" content=\"summary_large_image\" \/>\n<meta name=\"twitter:label1\" content=\"Geschatte leestijd\" \/>\n\t<meta name=\"twitter:data1\" content=\"1 minuut\" \/>\n<script type=\"application\/ld+json\" class=\"yoast-schema-graph\">{\"@context\":\"https:\/\/schema.org\",\"@graph\":[{\"@type\":\"WebPage\",\"@id\":\"https:\/\/nabukoo.com\/produit\/bouche-kombucha-earlybird\/\",\"url\":\"https:\/\/nabukoo.com\/produit\/bouche-kombucha-earlybird\/\",\"name\":\"Kombucha Earlybird - Bouche - Nabukoo\",\"isPartOf\":{\"@id\":\"https:\/\/nabukoo.com\/#website\"},\"datePublished\":\"2024-03-18T07:06:18+00:00\",\"dateModified\":\"2024-06-13T13:14:16+00:00\",\"breadcrumb\":{\"@id\":\"https:\/\/nabukoo.com\/produit\/bouche-kombucha-earlybird\/#breadcrumb\"},\"inLanguage\":\"nl-BE\",\"potentialAction\":[{\"@type\":\"ReadAction\",\"target\":[\"https:\/\/nabukoo.com\/produit\/bouche-kombucha-earlybird\/\"]}]},{\"@type\":\"BreadcrumbList\",\"@id\":\"https:\/\/nabukoo.com\/produit\/bouche-kombucha-earlybird\/#breadcrumb\",\"itemListElement\":[{\"@type\":\"ListItem\",\"position\":1,\"name\":\"Accueil\",\"item\":\"https:\/\/nabukoo.com\/\"},{\"@type\":\"ListItem\",\"position\":2,\"name\":\"Nos rayons\",\"item\":\"https:\/\/nabukoo.com\/rayons\/\"},{\"@type\":\"ListItem\",\"position\":3,\"name\":\"Kombucha Earlybird &#8211; Bouche\"}]},{\"@type\":\"WebSite\",\"@id\":\"https:\/\/nabukoo.com\/#website\",\"url\":\"https:\/\/nabukoo.com\/\",\"name\":\"Nabukoo\",\"description\":\"Qulaity First\",\"potentialAction\":[{\"@type\":\"SearchAction\",\"target\":{\"@type\":\"EntryPoint\",\"urlTemplate\":\"https:\/\/nabukoo.com\/?s={search_term_string}\"},\"query-input\":{\"@type\":\"PropertyValueSpecification\",\"valueRequired\":true,\"valueName\":\"search_term_string\"}}],\"inLanguage\":\"nl-BE\"}]}<\/script>\n<!-- \/ Yoast SEO plugin. -->","yoast_head_json":{"title":"Kombucha Earlybird - Bouche - Nabukoo","robots":{"index":"index","follow":"follow","max-snippet":"max-snippet:-1","max-image-preview":"max-image-preview:large","max-video-preview":"max-video-preview:-1"},"canonical":"https:\/\/nabukoo.com\/nl\/product-2\/mond-kombucha-earlybird\/","og_locale":"nl_BE","og_type":"article","og_title":"Kombucha Earlybird - Bouche - Nabukoo","og_description":"Kombucha 33 cl  INGR\u00c9DIENTS \u2022 Infusion ferment\u00e9e (eau, sucre*, Assam*, Sencha*, th\u00e9 Darjeeling*, culture de Kombucha* (levure* et cultures bact\u00e9riennes)), huile de bergamote*, zeste de bergamote* *  *issu de l'agriculture biologique contr\u00f4l\u00e9e.","og_url":"https:\/\/nabukoo.com\/nl\/product-2\/mond-kombucha-earlybird\/","og_site_name":"Nabukoo","article_modified_time":"2024-06-13T13:14:16+00:00","og_image":[{"width":1707,"height":2560,"url":"https:\/\/nabukoo.com\/wp-content\/uploads\/BOUCHE_KOMBUCHA_EARLYBIRD_02-scaled.jpg","type":"image\/jpeg"}],"twitter_card":"summary_large_image","twitter_misc":{"Geschatte leestijd":"1 minuut"},"schema":{"@context":"https:\/\/schema.org","@graph":[{"@type":"WebPage","@id":"https:\/\/nabukoo.com\/produit\/bouche-kombucha-earlybird\/","url":"https:\/\/nabukoo.com\/produit\/bouche-kombucha-earlybird\/","name":"Kombucha Earlybird - Bouche - Nabukoo","isPartOf":{"@id":"https:\/\/nabukoo.com\/#website"},"datePublished":"2024-03-18T07:06:18+00:00","dateModified":"2024-06-13T13:14:16+00:00","breadcrumb":{"@id":"https:\/\/nabukoo.com\/produit\/bouche-kombucha-earlybird\/#breadcrumb"},"inLanguage":"nl-BE","potentialAction":[{"@type":"ReadAction","target":["https:\/\/nabukoo.com\/produit\/bouche-kombucha-earlybird\/"]}]},{"@type":"BreadcrumbList","@id":"https:\/\/nabukoo.com\/produit\/bouche-kombucha-earlybird\/#breadcrumb","itemListElement":[{"@type":"ListItem","position":1,"name":"Accueil","item":"https:\/\/nabukoo.com\/"},{"@type":"ListItem","position":2,"name":"Nos rayons","item":"https:\/\/nabukoo.com\/rayons\/"},{"@type":"ListItem","position":3,"name":"Kombucha Earlybird &#8211; Bouche"}]},{"@type":"WebSite","@id":"https:\/\/nabukoo.com\/#website","url":"https:\/\/nabukoo.com\/","name":"Nabukoo","description":"Qulaity First","potentialAction":[{"@type":"SearchAction","target":{"@type":"EntryPoint","urlTemplate":"https:\/\/nabukoo.com\/?s={search_term_string}"},"query-input":{"@type":"PropertyValueSpecification","valueRequired":true,"valueName":"search_term_string"}}],"inLanguage":"nl-BE"}]}},"_links":{"self":[{"href":"https:\/\/nabukoo.com\/nl\/wp-json\/wp\/v2\/product\/11517"}],"collection":[{"href":"https:\/\/nabukoo.com\/nl\/wp-json\/wp\/v2\/product"}],"about":[{"href":"https:\/\/nabukoo.com\/nl\/wp-json\/wp\/v2\/types\/product"}],"replies":[{"embeddable":true,"href":"https:\/\/nabukoo.com\/nl\/wp-json\/wp\/v2\/comments?post=11517"}],"wp:attachment":[{"href":"https:\/\/nabukoo.com\/nl\/wp-json\/wp\/v2\/media?parent=11517"}],"wp:term":[{"taxonomy":"product_cat","embeddable":true,"href":"https:\/\/nabukoo.com\/nl\/wp-json\/wp\/v2\/product_cat?post=11517"},{"taxonomy":"product_tag","embeddable":true,"href":"https:\/\/nabukoo.com\/nl\/wp-json\/wp\/v2\/product_tag?post=11517"}],"curies":[{"name":"wp","href":"https:\/\/api.w.org\/{rel}","templated":true}]}}