{"id":11514,"date":"2024-03-18T07:52:52","date_gmt":"2024-03-18T06:52:52","guid":{"rendered":"https:\/\/nabukoo.com\/?post_type=product&#038;p=11514"},"modified":"2024-06-13T15:17:42","modified_gmt":"2024-06-13T13:17:42","slug":"bouche-cascarah-kombucha","status":"publish","type":"product","link":"https:\/\/nabukoo.com\/nl\/product-2\/cascarah-kombucha-mond\/","title":{"rendered":"Mond - Kombucha Cascarah"},"content":{"rendered":"<p>CASCARAH is ge\u00efnspireerd op cascara, de buitenste schil van de vrucht van de koffieplant. Wanneer de schors gedroogd is, kan het gebruikt worden voor een infusie die lijkt op thee. Onze kombucha, gemaakt van deze grondstof, onderscheidt zich door zijn milde karamelsmaak en een discreet vleugje cacao, versterkt door heldere citrusgeuren en een lichte lavendelgeur. Hoewel deze kombucha geen koffiesmaak heeft, is hij rijk aan cafe\u00efne.<\/p>\n<table width=\"100%\">\n<tbody>\n<tr>\n<td>KARAMEL<\/td>\n<td>BLOEM<\/td>\n<td>AIGRE<\/td>\n<\/tr>\n<tr>\n<td>\u25cf \u25cf \u25cf \u25cf<\/td>\n<td>\u25cf \u25cf \u25cf<\/td>\n<td>\u25cf \u25cf \u25cf<\/td>\n<\/tr>\n<\/tbody>\n<\/table>\n<table>\n<tbody>\n<tr>\n<th colspan=\"2\">Gemiddelde voedingswaarden per 100 ml<\/th>\n<\/tr>\n<tr>\n<td>energie<\/td>\n<td>61 kJ \/ 14 kcal<\/td>\n<\/tr>\n<tr>\n<td>Koolhydraten<br \/>\nwaarvan suiker<\/td>\n<td>3,2 g<br \/>\n2,8 g<\/td>\n<\/tr>\n<tr>\n<td>Zout<\/td>\n<td>0,01g<\/td>\n<\/tr>\n<tr>\n<td colspan=\"2\">Bevat kleine hoeveelheden: vet, verzadigd vet, eiwit<\/td>\n<\/tr>\n<\/tbody>\n<\/table>","protected":false},"excerpt":{"rendered":"<p>Kombucha 33 Cl - Geval van 12 stuks<\/p>\n<p>INGREDI\u00cbNTEN - Gefermenteerde infusie (water, suiker*, koffiekersenhullen, zwarte thee (Assam)*, groene thee (Sencha)*, jasmijnbloemen*, lavendelbloemen*, kombuchacultuur* (gist* en bacterieculturen))<\/p>\n<p>*van gecertificeerde biologische landbouw, DE-\u00d6KO-070<\/p>","protected":false},"featured_media":0,"comment_status":"open","ping_status":"closed","template":"","meta":[],"product_cat":[130,72],"product_tag":[],"yoast_head":"<!-- This site is optimized with the Yoast SEO plugin v23.8 - https:\/\/yoast.com\/wordpress\/plugins\/seo\/ -->\n<title>Bouche - Kombucha Cascarah - Nabukoo<\/title>\n<meta name=\"robots\" content=\"index, follow, max-snippet:-1, max-image-preview:large, max-video-preview:-1\" \/>\n<link rel=\"canonical\" href=\"https:\/\/nabukoo.com\/nl\/product-2\/cascarah-kombucha-mond\/\" \/>\n<meta property=\"og:locale\" content=\"nl_BE\" \/>\n<meta property=\"og:type\" content=\"article\" \/>\n<meta property=\"og:title\" content=\"Bouche - Kombucha Cascarah - Nabukoo\" \/>\n<meta property=\"og:description\" content=\"Kombucha 33 Cl - Par carton de 12 pi\u00e8ces  INGR\u00c9DIENTS \u2022 Infusion ferment\u00e9e (eau, sucre*, \u00e9corces de cerises de caf\u00e9, th\u00e9 noir (Assam)*, th\u00e9 vert (Sencha)*, fleurs de jasmin*, fleurs de lavande*, culture de kombucha* (levure* et cultures bact\u00e9riennes))  *issu de l&#039;agriculture biologique contr\u00f4l\u00e9e, DE-\u00d6KO-070\" \/>\n<meta property=\"og:url\" content=\"https:\/\/nabukoo.com\/nl\/product-2\/cascarah-kombucha-mond\/\" \/>\n<meta property=\"og:site_name\" content=\"Nabukoo\" \/>\n<meta property=\"article:modified_time\" content=\"2024-06-13T13:17:42+00:00\" \/>\n<meta property=\"og:image\" content=\"https:\/\/nabukoo.com\/wp-content\/uploads\/BOUCHE_KOMBUCHA_CASCARAH_01.jpg\" \/>\n\t<meta property=\"og:image:width\" content=\"1280\" \/>\n\t<meta property=\"og:image:height\" content=\"1920\" \/>\n\t<meta property=\"og:image:type\" content=\"image\/jpeg\" \/>\n<meta name=\"twitter:card\" content=\"summary_large_image\" \/>\n<meta name=\"twitter:label1\" content=\"Geschatte leestijd\" \/>\n\t<meta name=\"twitter:data1\" content=\"1 minuut\" \/>\n<script type=\"application\/ld+json\" class=\"yoast-schema-graph\">{\"@context\":\"https:\/\/schema.org\",\"@graph\":[{\"@type\":\"WebPage\",\"@id\":\"https:\/\/nabukoo.com\/produit\/bouche-cascarah-kombucha\/\",\"url\":\"https:\/\/nabukoo.com\/produit\/bouche-cascarah-kombucha\/\",\"name\":\"Bouche - Kombucha Cascarah - Nabukoo\",\"isPartOf\":{\"@id\":\"https:\/\/nabukoo.com\/#website\"},\"datePublished\":\"2024-03-18T06:52:52+00:00\",\"dateModified\":\"2024-06-13T13:17:42+00:00\",\"breadcrumb\":{\"@id\":\"https:\/\/nabukoo.com\/produit\/bouche-cascarah-kombucha\/#breadcrumb\"},\"inLanguage\":\"nl-BE\",\"potentialAction\":[{\"@type\":\"ReadAction\",\"target\":[\"https:\/\/nabukoo.com\/produit\/bouche-cascarah-kombucha\/\"]}]},{\"@type\":\"BreadcrumbList\",\"@id\":\"https:\/\/nabukoo.com\/produit\/bouche-cascarah-kombucha\/#breadcrumb\",\"itemListElement\":[{\"@type\":\"ListItem\",\"position\":1,\"name\":\"Accueil\",\"item\":\"https:\/\/nabukoo.com\/\"},{\"@type\":\"ListItem\",\"position\":2,\"name\":\"Nos rayons\",\"item\":\"https:\/\/nabukoo.com\/rayons\/\"},{\"@type\":\"ListItem\",\"position\":3,\"name\":\"Bouche &#8211; Kombucha Cascarah\"}]},{\"@type\":\"WebSite\",\"@id\":\"https:\/\/nabukoo.com\/#website\",\"url\":\"https:\/\/nabukoo.com\/\",\"name\":\"Nabukoo\",\"description\":\"Qulaity First\",\"potentialAction\":[{\"@type\":\"SearchAction\",\"target\":{\"@type\":\"EntryPoint\",\"urlTemplate\":\"https:\/\/nabukoo.com\/?s={search_term_string}\"},\"query-input\":{\"@type\":\"PropertyValueSpecification\",\"valueRequired\":true,\"valueName\":\"search_term_string\"}}],\"inLanguage\":\"nl-BE\"}]}<\/script>\n<!-- \/ Yoast SEO plugin. -->","yoast_head_json":{"title":"Bouche - Kombucha Cascarah - Nabukoo","robots":{"index":"index","follow":"follow","max-snippet":"max-snippet:-1","max-image-preview":"max-image-preview:large","max-video-preview":"max-video-preview:-1"},"canonical":"https:\/\/nabukoo.com\/nl\/product-2\/cascarah-kombucha-mond\/","og_locale":"nl_BE","og_type":"article","og_title":"Bouche - Kombucha Cascarah - Nabukoo","og_description":"Kombucha 33 Cl - Par carton de 12 pi\u00e8ces  INGR\u00c9DIENTS \u2022 Infusion ferment\u00e9e (eau, sucre*, \u00e9corces de cerises de caf\u00e9, th\u00e9 noir (Assam)*, th\u00e9 vert (Sencha)*, fleurs de jasmin*, fleurs de lavande*, culture de kombucha* (levure* et cultures bact\u00e9riennes))  *issu de l'agriculture biologique contr\u00f4l\u00e9e, DE-\u00d6KO-070","og_url":"https:\/\/nabukoo.com\/nl\/product-2\/cascarah-kombucha-mond\/","og_site_name":"Nabukoo","article_modified_time":"2024-06-13T13:17:42+00:00","og_image":[{"width":1280,"height":1920,"url":"https:\/\/nabukoo.com\/wp-content\/uploads\/BOUCHE_KOMBUCHA_CASCARAH_01.jpg","type":"image\/jpeg"}],"twitter_card":"summary_large_image","twitter_misc":{"Geschatte leestijd":"1 minuut"},"schema":{"@context":"https:\/\/schema.org","@graph":[{"@type":"WebPage","@id":"https:\/\/nabukoo.com\/produit\/bouche-cascarah-kombucha\/","url":"https:\/\/nabukoo.com\/produit\/bouche-cascarah-kombucha\/","name":"Bouche - Kombucha Cascarah - Nabukoo","isPartOf":{"@id":"https:\/\/nabukoo.com\/#website"},"datePublished":"2024-03-18T06:52:52+00:00","dateModified":"2024-06-13T13:17:42+00:00","breadcrumb":{"@id":"https:\/\/nabukoo.com\/produit\/bouche-cascarah-kombucha\/#breadcrumb"},"inLanguage":"nl-BE","potentialAction":[{"@type":"ReadAction","target":["https:\/\/nabukoo.com\/produit\/bouche-cascarah-kombucha\/"]}]},{"@type":"BreadcrumbList","@id":"https:\/\/nabukoo.com\/produit\/bouche-cascarah-kombucha\/#breadcrumb","itemListElement":[{"@type":"ListItem","position":1,"name":"Accueil","item":"https:\/\/nabukoo.com\/"},{"@type":"ListItem","position":2,"name":"Nos rayons","item":"https:\/\/nabukoo.com\/rayons\/"},{"@type":"ListItem","position":3,"name":"Bouche &#8211; Kombucha Cascarah"}]},{"@type":"WebSite","@id":"https:\/\/nabukoo.com\/#website","url":"https:\/\/nabukoo.com\/","name":"Nabukoo","description":"Qulaity First","potentialAction":[{"@type":"SearchAction","target":{"@type":"EntryPoint","urlTemplate":"https:\/\/nabukoo.com\/?s={search_term_string}"},"query-input":{"@type":"PropertyValueSpecification","valueRequired":true,"valueName":"search_term_string"}}],"inLanguage":"nl-BE"}]}},"_links":{"self":[{"href":"https:\/\/nabukoo.com\/nl\/wp-json\/wp\/v2\/product\/11514"}],"collection":[{"href":"https:\/\/nabukoo.com\/nl\/wp-json\/wp\/v2\/product"}],"about":[{"href":"https:\/\/nabukoo.com\/nl\/wp-json\/wp\/v2\/types\/product"}],"replies":[{"embeddable":true,"href":"https:\/\/nabukoo.com\/nl\/wp-json\/wp\/v2\/comments?post=11514"}],"wp:attachment":[{"href":"https:\/\/nabukoo.com\/nl\/wp-json\/wp\/v2\/media?parent=11514"}],"wp:term":[{"taxonomy":"product_cat","embeddable":true,"href":"https:\/\/nabukoo.com\/nl\/wp-json\/wp\/v2\/product_cat?post=11514"},{"taxonomy":"product_tag","embeddable":true,"href":"https:\/\/nabukoo.com\/nl\/wp-json\/wp\/v2\/product_tag?post=11514"}],"curies":[{"name":"wp","href":"https:\/\/api.w.org\/{rel}","templated":true}]}}