{"id":11411,"date":"2024-03-06T18:27:04","date_gmt":"2024-03-06T17:27:04","guid":{"rendered":"https:\/\/nabukoo.com\/?post_type=product&#038;p=11411"},"modified":"2024-09-06T10:56:53","modified_gmt":"2024-09-06T08:56:53","slug":"cocktail-gin-to-27-5-cl","status":"publish","type":"product","link":"https:\/\/nabukoo.com\/nl\/product-2\/cocktailjenever-tot-27-5-cl\/","title":{"rendered":"Ousia Cocktail - Gin Naar"},"content":{"rendered":"<div class=\"flex flex-grow flex-col max-w-full\">\n<div class=\"min-h-[20px] text-message flex flex-col items-start gap-3 whitespace-pre-wrap break-words [.text-message+&amp;]:mt-5 overflow-x-auto\" data-message-author-role=\"assistant\" data-message-id=\"3264dfca-2ac5-464b-b3ad-766e1c088dcb\">\n<div class=\"markdown prose w-full break-words dark:prose-invert light\">\n<p>Ontdek de alcoholvrije Ginto, een eigentijdse en elegante versie van de traditionele gin-tonic die je meeneemt op een zintuiglijke reis door een tuin vol aroma's. De botanische verfijning van deze cocktail komt tot uiting in de harmonieuze combinatie van jeneverbes, jeneverbessen en citrusnoten en biedt een onderdompeling in een geurig en verfijnd universum.<\/p>\n<p>Met elke slok onthult Ginto een rijke en subtiele zintuiglijke ervaring, die doet denken aan de elegante ambiance van hoogwaardige recepties. Zorgvuldig geselecteerde jeneverbesinfusies, pure jeneverbessenextracten en natuurlijke aroma's cre\u00ebren een smaakmelodie die zowel evenwichtig als geraffineerd is en je uitnodigt om te genieten van een moment van nobele aromatische finesse zonder in te boeten aan genot.<\/p>\n<\/div>\n<\/div>\n<\/div>","protected":false},"excerpt":{"rendered":"<p>Cocktail 27,5 cl<\/p>\n<p>Ontdek een moderne kijk op de klassieke Gin Tonic, met een delicate bitterheid voor een verfijnde smaakervaring.<\/p>\n<p>Aankomstdatum : 04-2024<\/p>","protected":false},"featured_media":0,"comment_status":"open","ping_status":"closed","template":"","meta":[],"product_cat":[510,509],"product_tag":[],"yoast_head":"<!-- This site is optimized with the Yoast SEO plugin v23.8 - https:\/\/yoast.com\/wordpress\/plugins\/seo\/ -->\n<title>Ousia Cocktail - Gin To - Nabukoo<\/title>\n<meta name=\"robots\" content=\"index, follow, max-snippet:-1, max-image-preview:large, max-video-preview:-1\" \/>\n<link rel=\"canonical\" href=\"https:\/\/nabukoo.com\/nl\/product-2\/cocktailjenever-tot-27-5-cl\/\" \/>\n<meta property=\"og:locale\" content=\"nl_BE\" \/>\n<meta property=\"og:type\" content=\"article\" \/>\n<meta property=\"og:title\" content=\"Ousia Cocktail - Gin To - Nabukoo\" \/>\n<meta property=\"og:description\" content=\"Cocktail 27.5 cl  D\u00e9couvrez une revisite moderne du classique Gin Tonic, agr\u00e9ment\u00e9e d&#039;une d\u00e9licate amertume pour une exp\u00e9rience gustative raffin\u00e9e.  Arrivage : 04-2024\" \/>\n<meta property=\"og:url\" content=\"https:\/\/nabukoo.com\/nl\/product-2\/cocktailjenever-tot-27-5-cl\/\" \/>\n<meta property=\"og:site_name\" content=\"Nabukoo\" \/>\n<meta property=\"article:modified_time\" content=\"2024-09-06T08:56:53+00:00\" \/>\n<meta property=\"og:image\" content=\"https:\/\/nabukoo.com\/wp-content\/uploads\/GinTo_square-1.png\" \/>\n\t<meta property=\"og:image:width\" content=\"2474\" \/>\n\t<meta property=\"og:image:height\" content=\"2475\" \/>\n\t<meta property=\"og:image:type\" content=\"image\/png\" \/>\n<meta name=\"twitter:card\" content=\"summary_large_image\" \/>\n<meta name=\"twitter:label1\" content=\"Geschatte leestijd\" \/>\n\t<meta name=\"twitter:data1\" content=\"1 minuut\" \/>\n<script type=\"application\/ld+json\" class=\"yoast-schema-graph\">{\"@context\":\"https:\/\/schema.org\",\"@graph\":[{\"@type\":\"WebPage\",\"@id\":\"https:\/\/nabukoo.com\/produit\/cocktail-gin-to-27-5-cl\/\",\"url\":\"https:\/\/nabukoo.com\/produit\/cocktail-gin-to-27-5-cl\/\",\"name\":\"Ousia Cocktail - Gin To - Nabukoo\",\"isPartOf\":{\"@id\":\"https:\/\/nabukoo.com\/#website\"},\"datePublished\":\"2024-03-06T17:27:04+00:00\",\"dateModified\":\"2024-09-06T08:56:53+00:00\",\"breadcrumb\":{\"@id\":\"https:\/\/nabukoo.com\/produit\/cocktail-gin-to-27-5-cl\/#breadcrumb\"},\"inLanguage\":\"nl-BE\",\"potentialAction\":[{\"@type\":\"ReadAction\",\"target\":[\"https:\/\/nabukoo.com\/produit\/cocktail-gin-to-27-5-cl\/\"]}]},{\"@type\":\"BreadcrumbList\",\"@id\":\"https:\/\/nabukoo.com\/produit\/cocktail-gin-to-27-5-cl\/#breadcrumb\",\"itemListElement\":[{\"@type\":\"ListItem\",\"position\":1,\"name\":\"Accueil\",\"item\":\"https:\/\/nabukoo.com\/\"},{\"@type\":\"ListItem\",\"position\":2,\"name\":\"Nos rayons\",\"item\":\"https:\/\/nabukoo.com\/rayons\/\"},{\"@type\":\"ListItem\",\"position\":3,\"name\":\"Ousia Cocktail &#8211; Gin To\"}]},{\"@type\":\"WebSite\",\"@id\":\"https:\/\/nabukoo.com\/#website\",\"url\":\"https:\/\/nabukoo.com\/\",\"name\":\"Nabukoo\",\"description\":\"Qulaity First\",\"potentialAction\":[{\"@type\":\"SearchAction\",\"target\":{\"@type\":\"EntryPoint\",\"urlTemplate\":\"https:\/\/nabukoo.com\/?s={search_term_string}\"},\"query-input\":{\"@type\":\"PropertyValueSpecification\",\"valueRequired\":true,\"valueName\":\"search_term_string\"}}],\"inLanguage\":\"nl-BE\"}]}<\/script>\n<!-- \/ Yoast SEO plugin. -->","yoast_head_json":{"title":"Ousia Cocktail - Gin To - Nabukoo","robots":{"index":"index","follow":"follow","max-snippet":"max-snippet:-1","max-image-preview":"max-image-preview:large","max-video-preview":"max-video-preview:-1"},"canonical":"https:\/\/nabukoo.com\/nl\/product-2\/cocktailjenever-tot-27-5-cl\/","og_locale":"nl_BE","og_type":"article","og_title":"Ousia Cocktail - Gin To - Nabukoo","og_description":"Cocktail 27.5 cl  D\u00e9couvrez une revisite moderne du classique Gin Tonic, agr\u00e9ment\u00e9e d'une d\u00e9licate amertume pour une exp\u00e9rience gustative raffin\u00e9e.  Arrivage : 04-2024","og_url":"https:\/\/nabukoo.com\/nl\/product-2\/cocktailjenever-tot-27-5-cl\/","og_site_name":"Nabukoo","article_modified_time":"2024-09-06T08:56:53+00:00","og_image":[{"width":2474,"height":2475,"url":"https:\/\/nabukoo.com\/wp-content\/uploads\/GinTo_square-1.png","type":"image\/png"}],"twitter_card":"summary_large_image","twitter_misc":{"Geschatte leestijd":"1 minuut"},"schema":{"@context":"https:\/\/schema.org","@graph":[{"@type":"WebPage","@id":"https:\/\/nabukoo.com\/produit\/cocktail-gin-to-27-5-cl\/","url":"https:\/\/nabukoo.com\/produit\/cocktail-gin-to-27-5-cl\/","name":"Ousia Cocktail - Gin To - Nabukoo","isPartOf":{"@id":"https:\/\/nabukoo.com\/#website"},"datePublished":"2024-03-06T17:27:04+00:00","dateModified":"2024-09-06T08:56:53+00:00","breadcrumb":{"@id":"https:\/\/nabukoo.com\/produit\/cocktail-gin-to-27-5-cl\/#breadcrumb"},"inLanguage":"nl-BE","potentialAction":[{"@type":"ReadAction","target":["https:\/\/nabukoo.com\/produit\/cocktail-gin-to-27-5-cl\/"]}]},{"@type":"BreadcrumbList","@id":"https:\/\/nabukoo.com\/produit\/cocktail-gin-to-27-5-cl\/#breadcrumb","itemListElement":[{"@type":"ListItem","position":1,"name":"Accueil","item":"https:\/\/nabukoo.com\/"},{"@type":"ListItem","position":2,"name":"Nos rayons","item":"https:\/\/nabukoo.com\/rayons\/"},{"@type":"ListItem","position":3,"name":"Ousia Cocktail &#8211; Gin To"}]},{"@type":"WebSite","@id":"https:\/\/nabukoo.com\/#website","url":"https:\/\/nabukoo.com\/","name":"Nabukoo","description":"Qulaity First","potentialAction":[{"@type":"SearchAction","target":{"@type":"EntryPoint","urlTemplate":"https:\/\/nabukoo.com\/?s={search_term_string}"},"query-input":{"@type":"PropertyValueSpecification","valueRequired":true,"valueName":"search_term_string"}}],"inLanguage":"nl-BE"}]}},"_links":{"self":[{"href":"https:\/\/nabukoo.com\/nl\/wp-json\/wp\/v2\/product\/11411"}],"collection":[{"href":"https:\/\/nabukoo.com\/nl\/wp-json\/wp\/v2\/product"}],"about":[{"href":"https:\/\/nabukoo.com\/nl\/wp-json\/wp\/v2\/types\/product"}],"replies":[{"embeddable":true,"href":"https:\/\/nabukoo.com\/nl\/wp-json\/wp\/v2\/comments?post=11411"}],"wp:attachment":[{"href":"https:\/\/nabukoo.com\/nl\/wp-json\/wp\/v2\/media?parent=11411"}],"wp:term":[{"taxonomy":"product_cat","embeddable":true,"href":"https:\/\/nabukoo.com\/nl\/wp-json\/wp\/v2\/product_cat?post=11411"},{"taxonomy":"product_tag","embeddable":true,"href":"https:\/\/nabukoo.com\/nl\/wp-json\/wp\/v2\/product_tag?post=11411"}],"curies":[{"name":"wp","href":"https:\/\/api.w.org\/{rel}","templated":true}]}}