{"id":11217,"date":"2023-12-08T13:30:12","date_gmt":"2023-12-08T12:30:12","guid":{"rendered":"https:\/\/nabukoo.com\/produit\/fat-grisou\/"},"modified":"2023-12-08T13:42:57","modified_gmt":"2023-12-08T12:42:57","slug":"fat-grisou","status":"publish","type":"product","link":"https:\/\/nabukoo.com\/nl\/product-2\/vet-grisou\/","title":{"rendered":"F\u00e2t grisou"},"content":{"rendered":"","protected":false},"excerpt":{"rendered":"<p>Fat Grisou is een Imperial Stout. Hij heeft een donkerzwarte kleur en een romige, gladde beige schuimkraag. De aroma's worden gekenmerkt door tonen van branding. Er is koffie en cacao, maar ook toffee en gekonfijte vruchtenmarmelade. In de mond is het ondanks het alcoholgehalte heel drinkbaar, met de kanarie die een mooie lichtheid toevoegt.<\/p>\n<p>60 voor 24<\/p>","protected":false},"featured_media":11216,"comment_status":"closed","ping_status":"closed","template":"","meta":[],"product_cat":[132,72],"product_tag":[],"yoast_head":"<!-- This site is optimized with the Yoast SEO plugin v23.8 - https:\/\/yoast.com\/wordpress\/plugins\/seo\/ -->\n<title>F\u00e2t grisou - Nabukoo<\/title>\n<meta name=\"robots\" content=\"index, follow, max-snippet:-1, max-image-preview:large, max-video-preview:-1\" \/>\n<link rel=\"canonical\" href=\"https:\/\/nabukoo.com\/nl\/product-2\/vet-grisou\/\" \/>\n<meta property=\"og:locale\" content=\"nl_BE\" \/>\n<meta property=\"og:type\" content=\"article\" \/>\n<meta property=\"og:title\" content=\"F\u00e2t grisou - Nabukoo\" \/>\n<meta property=\"og:description\" content=\"Fat Grisou est un Imperial Stout. La robe est noire fonc\u00e9e, la mousse est beige, cr\u00e9meuse et onctueuse. Les ar\u00f4mes sont marqu\u00e9s par des notes de torr\u00e9faction. On y retrouve du caf\u00e9 et du cacao mais aussi du toffee et de la marmelade de fruits confits. En bouche, malgr\u00e9 le taux d\u2019alcool, c\u2019est assez drinkable, le canari apporte une belle touche de l\u00e9g\u00e8ret\u00e9.  60\u20ac pour 24\" \/>\n<meta property=\"og:url\" content=\"https:\/\/nabukoo.com\/nl\/product-2\/vet-grisou\/\" \/>\n<meta property=\"og:site_name\" content=\"Nabukoo\" \/>\n<meta property=\"article:modified_time\" content=\"2023-12-08T12:42:57+00:00\" \/>\n<meta name=\"twitter:card\" content=\"summary_large_image\" \/>\n<script type=\"application\/ld+json\" class=\"yoast-schema-graph\">{\"@context\":\"https:\/\/schema.org\",\"@graph\":[{\"@type\":\"WebPage\",\"@id\":\"https:\/\/nabukoo.com\/produit\/fat-grisou\/\",\"url\":\"https:\/\/nabukoo.com\/produit\/fat-grisou\/\",\"name\":\"F\u00e2t grisou - Nabukoo\",\"isPartOf\":{\"@id\":\"https:\/\/nabukoo.com\/#website\"},\"primaryImageOfPage\":{\"@id\":\"https:\/\/nabukoo.com\/produit\/fat-grisou\/#primaryimage\"},\"image\":{\"@id\":\"https:\/\/nabukoo.com\/produit\/fat-grisou\/#primaryimage\"},\"thumbnailUrl\":\"https:\/\/nabukoo.com\/wp-content\/uploads\/fatgrizou_mobile-1.jpg\",\"datePublished\":\"2023-12-08T12:30:12+00:00\",\"dateModified\":\"2023-12-08T12:42:57+00:00\",\"breadcrumb\":{\"@id\":\"https:\/\/nabukoo.com\/produit\/fat-grisou\/#breadcrumb\"},\"inLanguage\":\"nl-BE\",\"potentialAction\":[{\"@type\":\"ReadAction\",\"target\":[\"https:\/\/nabukoo.com\/produit\/fat-grisou\/\"]}]},{\"@type\":\"ImageObject\",\"inLanguage\":\"nl-BE\",\"@id\":\"https:\/\/nabukoo.com\/produit\/fat-grisou\/#primaryimage\",\"url\":\"https:\/\/nabukoo.com\/wp-content\/uploads\/fatgrizou_mobile-1.jpg\",\"contentUrl\":\"https:\/\/nabukoo.com\/wp-content\/uploads\/fatgrizou_mobile-1.jpg\",\"width\":700,\"height\":340},{\"@type\":\"BreadcrumbList\",\"@id\":\"https:\/\/nabukoo.com\/produit\/fat-grisou\/#breadcrumb\",\"itemListElement\":[{\"@type\":\"ListItem\",\"position\":1,\"name\":\"Accueil\",\"item\":\"https:\/\/nabukoo.com\/\"},{\"@type\":\"ListItem\",\"position\":2,\"name\":\"Nos rayons\",\"item\":\"https:\/\/nabukoo.com\/rayons\/\"},{\"@type\":\"ListItem\",\"position\":3,\"name\":\"F\u00e2t grisou\"}]},{\"@type\":\"WebSite\",\"@id\":\"https:\/\/nabukoo.com\/#website\",\"url\":\"https:\/\/nabukoo.com\/\",\"name\":\"Nabukoo\",\"description\":\"Qulaity First\",\"potentialAction\":[{\"@type\":\"SearchAction\",\"target\":{\"@type\":\"EntryPoint\",\"urlTemplate\":\"https:\/\/nabukoo.com\/?s={search_term_string}\"},\"query-input\":{\"@type\":\"PropertyValueSpecification\",\"valueRequired\":true,\"valueName\":\"search_term_string\"}}],\"inLanguage\":\"nl-BE\"}]}<\/script>\n<!-- \/ Yoast SEO plugin. -->","yoast_head_json":{"title":"F\u00e2t grisou - Nabukoo","robots":{"index":"index","follow":"follow","max-snippet":"max-snippet:-1","max-image-preview":"max-image-preview:large","max-video-preview":"max-video-preview:-1"},"canonical":"https:\/\/nabukoo.com\/nl\/product-2\/vet-grisou\/","og_locale":"nl_BE","og_type":"article","og_title":"F\u00e2t grisou - Nabukoo","og_description":"Fat Grisou est un Imperial Stout. La robe est noire fonc\u00e9e, la mousse est beige, cr\u00e9meuse et onctueuse. Les ar\u00f4mes sont marqu\u00e9s par des notes de torr\u00e9faction. On y retrouve du caf\u00e9 et du cacao mais aussi du toffee et de la marmelade de fruits confits. En bouche, malgr\u00e9 le taux d\u2019alcool, c\u2019est assez drinkable, le canari apporte une belle touche de l\u00e9g\u00e8ret\u00e9.  60\u20ac pour 24","og_url":"https:\/\/nabukoo.com\/nl\/product-2\/vet-grisou\/","og_site_name":"Nabukoo","article_modified_time":"2023-12-08T12:42:57+00:00","twitter_card":"summary_large_image","schema":{"@context":"https:\/\/schema.org","@graph":[{"@type":"WebPage","@id":"https:\/\/nabukoo.com\/produit\/fat-grisou\/","url":"https:\/\/nabukoo.com\/produit\/fat-grisou\/","name":"F\u00e2t grisou - Nabukoo","isPartOf":{"@id":"https:\/\/nabukoo.com\/#website"},"primaryImageOfPage":{"@id":"https:\/\/nabukoo.com\/produit\/fat-grisou\/#primaryimage"},"image":{"@id":"https:\/\/nabukoo.com\/produit\/fat-grisou\/#primaryimage"},"thumbnailUrl":"https:\/\/nabukoo.com\/wp-content\/uploads\/fatgrizou_mobile-1.jpg","datePublished":"2023-12-08T12:30:12+00:00","dateModified":"2023-12-08T12:42:57+00:00","breadcrumb":{"@id":"https:\/\/nabukoo.com\/produit\/fat-grisou\/#breadcrumb"},"inLanguage":"nl-BE","potentialAction":[{"@type":"ReadAction","target":["https:\/\/nabukoo.com\/produit\/fat-grisou\/"]}]},{"@type":"ImageObject","inLanguage":"nl-BE","@id":"https:\/\/nabukoo.com\/produit\/fat-grisou\/#primaryimage","url":"https:\/\/nabukoo.com\/wp-content\/uploads\/fatgrizou_mobile-1.jpg","contentUrl":"https:\/\/nabukoo.com\/wp-content\/uploads\/fatgrizou_mobile-1.jpg","width":700,"height":340},{"@type":"BreadcrumbList","@id":"https:\/\/nabukoo.com\/produit\/fat-grisou\/#breadcrumb","itemListElement":[{"@type":"ListItem","position":1,"name":"Accueil","item":"https:\/\/nabukoo.com\/"},{"@type":"ListItem","position":2,"name":"Nos rayons","item":"https:\/\/nabukoo.com\/rayons\/"},{"@type":"ListItem","position":3,"name":"F\u00e2t grisou"}]},{"@type":"WebSite","@id":"https:\/\/nabukoo.com\/#website","url":"https:\/\/nabukoo.com\/","name":"Nabukoo","description":"Qulaity First","potentialAction":[{"@type":"SearchAction","target":{"@type":"EntryPoint","urlTemplate":"https:\/\/nabukoo.com\/?s={search_term_string}"},"query-input":{"@type":"PropertyValueSpecification","valueRequired":true,"valueName":"search_term_string"}}],"inLanguage":"nl-BE"}]}},"_links":{"self":[{"href":"https:\/\/nabukoo.com\/nl\/wp-json\/wp\/v2\/product\/11217"}],"collection":[{"href":"https:\/\/nabukoo.com\/nl\/wp-json\/wp\/v2\/product"}],"about":[{"href":"https:\/\/nabukoo.com\/nl\/wp-json\/wp\/v2\/types\/product"}],"replies":[{"embeddable":true,"href":"https:\/\/nabukoo.com\/nl\/wp-json\/wp\/v2\/comments?post=11217"}],"wp:featuredmedia":[{"embeddable":true,"href":"https:\/\/nabukoo.com\/nl\/wp-json\/wp\/v2\/media\/11216"}],"wp:attachment":[{"href":"https:\/\/nabukoo.com\/nl\/wp-json\/wp\/v2\/media?parent=11217"}],"wp:term":[{"taxonomy":"product_cat","embeddable":true,"href":"https:\/\/nabukoo.com\/nl\/wp-json\/wp\/v2\/product_cat?post=11217"},{"taxonomy":"product_tag","embeddable":true,"href":"https:\/\/nabukoo.com\/nl\/wp-json\/wp\/v2\/product_tag?post=11217"}],"curies":[{"name":"wp","href":"https:\/\/api.w.org\/{rel}","templated":true}]}}