{"id":11205,"date":"2023-12-08T13:30:11","date_gmt":"2023-12-08T12:30:11","guid":{"rendered":"https:\/\/nabukoo.com\/produit\/mulet-pils\/"},"modified":"2023-12-08T13:41:55","modified_gmt":"2023-12-08T12:41:55","slug":"mulet-pils","status":"publish","type":"product","link":"https:\/\/nabukoo.com\/nl\/product-2\/harder-pils\/","title":{"rendered":"Pilsen harder"},"content":{"rendered":"<p>Mulet Pils is een troebel tarwepils, halverwege tussen een pils en een wit. Het heeft een graanaroma. In de mond verrast het met de zoetheid van de haver, de levendigheid van de tarwe en de delicate, fruitige bitterheid van de kruishoppen Saaz en Bramling.<\/p>\n<p>Ultra-pintabel.<\/p>\n<p><strong>TYPE<\/strong> Tarwebier<br \/>\n<strong>ALC<\/strong> 5,2%vol.<br \/>\n<strong>IBU<\/strong> 0<br \/>\n<strong>EBC<\/strong> 6<br \/>\n<strong>VOL<\/strong> 33cl, 20l, blik<\/p>\n<div id=\"ConnectiveDocSignExtentionInstalled\" data-extension-version=\"1.0.4\">45\u20ac20 voor 24<\/div>","protected":false},"excerpt":{"rendered":"<p>Fruitig vooraan, kruidig achteraan en dauwanne rondom!<\/p>\n<div id=\"ConnectiveDocSignExtentionInstalled\" data-extension-version=\"1.0.4\"><\/div>","protected":false},"featured_media":11204,"comment_status":"closed","ping_status":"closed","template":"","meta":[],"product_cat":[132,72],"product_tag":[],"yoast_head":"<!-- This site is optimized with the Yoast SEO plugin v23.8 - https:\/\/yoast.com\/wordpress\/plugins\/seo\/ -->\n<title>Mulet pils - Nabukoo<\/title>\n<meta name=\"robots\" content=\"index, follow, max-snippet:-1, max-image-preview:large, max-video-preview:-1\" \/>\n<link rel=\"canonical\" href=\"https:\/\/nabukoo.com\/nl\/product-2\/harder-pils\/\" \/>\n<meta property=\"og:locale\" content=\"nl_BE\" \/>\n<meta property=\"og:type\" content=\"article\" \/>\n<meta property=\"og:title\" content=\"Mulet pils - Nabukoo\" \/>\n<meta property=\"og:description\" content=\"Fruit\u00e9 in the front, herbac\u00e9 at the back and d\u00e9wanne all around !\" \/>\n<meta property=\"og:url\" content=\"https:\/\/nabukoo.com\/nl\/product-2\/harder-pils\/\" \/>\n<meta property=\"og:site_name\" content=\"Nabukoo\" \/>\n<meta property=\"article:modified_time\" content=\"2023-12-08T12:41:55+00:00\" \/>\n<meta name=\"twitter:card\" content=\"summary_large_image\" \/>\n<script type=\"application\/ld+json\" class=\"yoast-schema-graph\">{\"@context\":\"https:\/\/schema.org\",\"@graph\":[{\"@type\":\"WebPage\",\"@id\":\"https:\/\/nabukoo.com\/produit\/mulet-pils\/\",\"url\":\"https:\/\/nabukoo.com\/produit\/mulet-pils\/\",\"name\":\"Mulet pils - Nabukoo\",\"isPartOf\":{\"@id\":\"https:\/\/nabukoo.com\/#website\"},\"primaryImageOfPage\":{\"@id\":\"https:\/\/nabukoo.com\/produit\/mulet-pils\/#primaryimage\"},\"image\":{\"@id\":\"https:\/\/nabukoo.com\/produit\/mulet-pils\/#primaryimage\"},\"thumbnailUrl\":\"https:\/\/nabukoo.com\/wp-content\/uploads\/mulet_mobile-1.jpg\",\"datePublished\":\"2023-12-08T12:30:11+00:00\",\"dateModified\":\"2023-12-08T12:41:55+00:00\",\"breadcrumb\":{\"@id\":\"https:\/\/nabukoo.com\/produit\/mulet-pils\/#breadcrumb\"},\"inLanguage\":\"nl-BE\",\"potentialAction\":[{\"@type\":\"ReadAction\",\"target\":[\"https:\/\/nabukoo.com\/produit\/mulet-pils\/\"]}]},{\"@type\":\"ImageObject\",\"inLanguage\":\"nl-BE\",\"@id\":\"https:\/\/nabukoo.com\/produit\/mulet-pils\/#primaryimage\",\"url\":\"https:\/\/nabukoo.com\/wp-content\/uploads\/mulet_mobile-1.jpg\",\"contentUrl\":\"https:\/\/nabukoo.com\/wp-content\/uploads\/mulet_mobile-1.jpg\",\"width\":800,\"height\":953},{\"@type\":\"BreadcrumbList\",\"@id\":\"https:\/\/nabukoo.com\/produit\/mulet-pils\/#breadcrumb\",\"itemListElement\":[{\"@type\":\"ListItem\",\"position\":1,\"name\":\"Accueil\",\"item\":\"https:\/\/nabukoo.com\/\"},{\"@type\":\"ListItem\",\"position\":2,\"name\":\"Nos rayons\",\"item\":\"https:\/\/nabukoo.com\/rayons\/\"},{\"@type\":\"ListItem\",\"position\":3,\"name\":\"Mulet pils\"}]},{\"@type\":\"WebSite\",\"@id\":\"https:\/\/nabukoo.com\/#website\",\"url\":\"https:\/\/nabukoo.com\/\",\"name\":\"Nabukoo\",\"description\":\"Qulaity First\",\"potentialAction\":[{\"@type\":\"SearchAction\",\"target\":{\"@type\":\"EntryPoint\",\"urlTemplate\":\"https:\/\/nabukoo.com\/?s={search_term_string}\"},\"query-input\":{\"@type\":\"PropertyValueSpecification\",\"valueRequired\":true,\"valueName\":\"search_term_string\"}}],\"inLanguage\":\"nl-BE\"}]}<\/script>\n<!-- \/ Yoast SEO plugin. -->","yoast_head_json":{"title":"Mulet pils - Nabukoo","robots":{"index":"index","follow":"follow","max-snippet":"max-snippet:-1","max-image-preview":"max-image-preview:large","max-video-preview":"max-video-preview:-1"},"canonical":"https:\/\/nabukoo.com\/nl\/product-2\/harder-pils\/","og_locale":"nl_BE","og_type":"article","og_title":"Mulet pils - Nabukoo","og_description":"Fruit\u00e9 in the front, herbac\u00e9 at the back and d\u00e9wanne all around !","og_url":"https:\/\/nabukoo.com\/nl\/product-2\/harder-pils\/","og_site_name":"Nabukoo","article_modified_time":"2023-12-08T12:41:55+00:00","twitter_card":"summary_large_image","schema":{"@context":"https:\/\/schema.org","@graph":[{"@type":"WebPage","@id":"https:\/\/nabukoo.com\/produit\/mulet-pils\/","url":"https:\/\/nabukoo.com\/produit\/mulet-pils\/","name":"Mulet pils - Nabukoo","isPartOf":{"@id":"https:\/\/nabukoo.com\/#website"},"primaryImageOfPage":{"@id":"https:\/\/nabukoo.com\/produit\/mulet-pils\/#primaryimage"},"image":{"@id":"https:\/\/nabukoo.com\/produit\/mulet-pils\/#primaryimage"},"thumbnailUrl":"https:\/\/nabukoo.com\/wp-content\/uploads\/mulet_mobile-1.jpg","datePublished":"2023-12-08T12:30:11+00:00","dateModified":"2023-12-08T12:41:55+00:00","breadcrumb":{"@id":"https:\/\/nabukoo.com\/produit\/mulet-pils\/#breadcrumb"},"inLanguage":"nl-BE","potentialAction":[{"@type":"ReadAction","target":["https:\/\/nabukoo.com\/produit\/mulet-pils\/"]}]},{"@type":"ImageObject","inLanguage":"nl-BE","@id":"https:\/\/nabukoo.com\/produit\/mulet-pils\/#primaryimage","url":"https:\/\/nabukoo.com\/wp-content\/uploads\/mulet_mobile-1.jpg","contentUrl":"https:\/\/nabukoo.com\/wp-content\/uploads\/mulet_mobile-1.jpg","width":800,"height":953},{"@type":"BreadcrumbList","@id":"https:\/\/nabukoo.com\/produit\/mulet-pils\/#breadcrumb","itemListElement":[{"@type":"ListItem","position":1,"name":"Accueil","item":"https:\/\/nabukoo.com\/"},{"@type":"ListItem","position":2,"name":"Nos rayons","item":"https:\/\/nabukoo.com\/rayons\/"},{"@type":"ListItem","position":3,"name":"Mulet pils"}]},{"@type":"WebSite","@id":"https:\/\/nabukoo.com\/#website","url":"https:\/\/nabukoo.com\/","name":"Nabukoo","description":"Qulaity First","potentialAction":[{"@type":"SearchAction","target":{"@type":"EntryPoint","urlTemplate":"https:\/\/nabukoo.com\/?s={search_term_string}"},"query-input":{"@type":"PropertyValueSpecification","valueRequired":true,"valueName":"search_term_string"}}],"inLanguage":"nl-BE"}]}},"_links":{"self":[{"href":"https:\/\/nabukoo.com\/nl\/wp-json\/wp\/v2\/product\/11205"}],"collection":[{"href":"https:\/\/nabukoo.com\/nl\/wp-json\/wp\/v2\/product"}],"about":[{"href":"https:\/\/nabukoo.com\/nl\/wp-json\/wp\/v2\/types\/product"}],"replies":[{"embeddable":true,"href":"https:\/\/nabukoo.com\/nl\/wp-json\/wp\/v2\/comments?post=11205"}],"wp:featuredmedia":[{"embeddable":true,"href":"https:\/\/nabukoo.com\/nl\/wp-json\/wp\/v2\/media\/11204"}],"wp:attachment":[{"href":"https:\/\/nabukoo.com\/nl\/wp-json\/wp\/v2\/media?parent=11205"}],"wp:term":[{"taxonomy":"product_cat","embeddable":true,"href":"https:\/\/nabukoo.com\/nl\/wp-json\/wp\/v2\/product_cat?post=11205"},{"taxonomy":"product_tag","embeddable":true,"href":"https:\/\/nabukoo.com\/nl\/wp-json\/wp\/v2\/product_tag?post=11205"}],"curies":[{"name":"wp","href":"https:\/\/api.w.org\/{rel}","templated":true}]}}