{"id":10904,"date":"2023-10-20T16:27:55","date_gmt":"2023-10-20T14:27:55","guid":{"rendered":"https:\/\/nabukoo.com\/?post_type=product&#038;p=10904"},"modified":"2023-10-24T14:54:53","modified_gmt":"2023-10-24T12:54:53","slug":"allumettes-10cm","status":"publish","type":"product","link":"https:\/\/nabukoo.com\/nl\/product-2\/lucifers-10cm\/","title":{"rendered":"10cm lucifers"},"content":{"rendered":"<p>Set van 20 houten lucifers van 10 cm. Presentatie: herbruikbare glazen reageerbuis (2,5 cm diameter x 15 cm hoog) Ideaal voor het aansteken van onze kaarsen, zodat je je vingers niet brandt en de was niet besmet raakt met het metaal van de aansteker. Het is de perfecte manier om een cadeau met een van onze kaarsen aan te vullen, en ook een uniek en speciaal decoratief element.<\/p>","protected":false},"excerpt":{"rendered":"<p>Set van 20 houten lucifers van 10 cm. Presentatie: herbruikbare glazen reageerbuis (2,5cm diameter x 15cm<\/p>","protected":false},"featured_media":10905,"comment_status":"open","ping_status":"closed","template":"","meta":[],"product_cat":[118,139,82,113,81],"product_tag":[],"yoast_head":"<!-- This site is optimized with the Yoast SEO plugin v23.8 - https:\/\/yoast.com\/wordpress\/plugins\/seo\/ -->\n<title>Allumettes 10cm - Nabukoo<\/title>\n<meta name=\"robots\" content=\"index, follow, max-snippet:-1, max-image-preview:large, max-video-preview:-1\" \/>\n<link rel=\"canonical\" href=\"https:\/\/nabukoo.com\/nl\/product-2\/lucifers-10cm\/\" \/>\n<meta property=\"og:locale\" content=\"nl_BE\" \/>\n<meta property=\"og:type\" content=\"article\" \/>\n<meta property=\"og:title\" content=\"Allumettes 10cm - Nabukoo\" \/>\n<meta property=\"og:description\" content=\"Set de 20 allumettes en bois de 3 pouces (10cm). Pr\u00e9sentation: \u00e9prouvette en verre r\u00e9utilisable (2,5cm de diam\u00e8tre x 15cm\" \/>\n<meta property=\"og:url\" content=\"https:\/\/nabukoo.com\/nl\/product-2\/lucifers-10cm\/\" \/>\n<meta property=\"og:site_name\" content=\"Nabukoo\" \/>\n<meta property=\"article:modified_time\" content=\"2023-10-24T12:54:53+00:00\" \/>\n<meta property=\"og:image\" content=\"https:\/\/nabukoo.com\/wp-content\/uploads\/Allumettes-fondo-negro.png\" \/>\n\t<meta property=\"og:image:width\" content=\"1080\" \/>\n\t<meta property=\"og:image:height\" content=\"1080\" \/>\n\t<meta property=\"og:image:type\" content=\"image\/png\" \/>\n<meta name=\"twitter:card\" content=\"summary_large_image\" \/>\n<script type=\"application\/ld+json\" class=\"yoast-schema-graph\">{\"@context\":\"https:\/\/schema.org\",\"@graph\":[{\"@type\":\"WebPage\",\"@id\":\"https:\/\/nabukoo.com\/produit\/allumettes-10cm\/\",\"url\":\"https:\/\/nabukoo.com\/produit\/allumettes-10cm\/\",\"name\":\"Allumettes 10cm - Nabukoo\",\"isPartOf\":{\"@id\":\"https:\/\/nabukoo.com\/#website\"},\"primaryImageOfPage\":{\"@id\":\"https:\/\/nabukoo.com\/produit\/allumettes-10cm\/#primaryimage\"},\"image\":{\"@id\":\"https:\/\/nabukoo.com\/produit\/allumettes-10cm\/#primaryimage\"},\"thumbnailUrl\":\"https:\/\/nabukoo.com\/wp-content\/uploads\/Allumettes-fondo-negro.png\",\"datePublished\":\"2023-10-20T14:27:55+00:00\",\"dateModified\":\"2023-10-24T12:54:53+00:00\",\"breadcrumb\":{\"@id\":\"https:\/\/nabukoo.com\/produit\/allumettes-10cm\/#breadcrumb\"},\"inLanguage\":\"nl-BE\",\"potentialAction\":[{\"@type\":\"ReadAction\",\"target\":[\"https:\/\/nabukoo.com\/produit\/allumettes-10cm\/\"]}]},{\"@type\":\"ImageObject\",\"inLanguage\":\"nl-BE\",\"@id\":\"https:\/\/nabukoo.com\/produit\/allumettes-10cm\/#primaryimage\",\"url\":\"https:\/\/nabukoo.com\/wp-content\/uploads\/Allumettes-fondo-negro.png\",\"contentUrl\":\"https:\/\/nabukoo.com\/wp-content\/uploads\/Allumettes-fondo-negro.png\",\"width\":1080,\"height\":1080},{\"@type\":\"BreadcrumbList\",\"@id\":\"https:\/\/nabukoo.com\/produit\/allumettes-10cm\/#breadcrumb\",\"itemListElement\":[{\"@type\":\"ListItem\",\"position\":1,\"name\":\"Accueil\",\"item\":\"https:\/\/nabukoo.com\/\"},{\"@type\":\"ListItem\",\"position\":2,\"name\":\"Nos rayons\",\"item\":\"https:\/\/nabukoo.com\/rayons\/\"},{\"@type\":\"ListItem\",\"position\":3,\"name\":\"Allumettes 10cm\"}]},{\"@type\":\"WebSite\",\"@id\":\"https:\/\/nabukoo.com\/#website\",\"url\":\"https:\/\/nabukoo.com\/\",\"name\":\"Nabukoo\",\"description\":\"Qulaity First\",\"potentialAction\":[{\"@type\":\"SearchAction\",\"target\":{\"@type\":\"EntryPoint\",\"urlTemplate\":\"https:\/\/nabukoo.com\/?s={search_term_string}\"},\"query-input\":{\"@type\":\"PropertyValueSpecification\",\"valueRequired\":true,\"valueName\":\"search_term_string\"}}],\"inLanguage\":\"nl-BE\"}]}<\/script>\n<!-- \/ Yoast SEO plugin. -->","yoast_head_json":{"title":"Allumettes 10cm - Nabukoo","robots":{"index":"index","follow":"follow","max-snippet":"max-snippet:-1","max-image-preview":"max-image-preview:large","max-video-preview":"max-video-preview:-1"},"canonical":"https:\/\/nabukoo.com\/nl\/product-2\/lucifers-10cm\/","og_locale":"nl_BE","og_type":"article","og_title":"Allumettes 10cm - Nabukoo","og_description":"Set de 20 allumettes en bois de 3 pouces (10cm). Pr\u00e9sentation: \u00e9prouvette en verre r\u00e9utilisable (2,5cm de diam\u00e8tre x 15cm","og_url":"https:\/\/nabukoo.com\/nl\/product-2\/lucifers-10cm\/","og_site_name":"Nabukoo","article_modified_time":"2023-10-24T12:54:53+00:00","og_image":[{"width":1080,"height":1080,"url":"https:\/\/nabukoo.com\/wp-content\/uploads\/Allumettes-fondo-negro.png","type":"image\/png"}],"twitter_card":"summary_large_image","schema":{"@context":"https:\/\/schema.org","@graph":[{"@type":"WebPage","@id":"https:\/\/nabukoo.com\/produit\/allumettes-10cm\/","url":"https:\/\/nabukoo.com\/produit\/allumettes-10cm\/","name":"Allumettes 10cm - Nabukoo","isPartOf":{"@id":"https:\/\/nabukoo.com\/#website"},"primaryImageOfPage":{"@id":"https:\/\/nabukoo.com\/produit\/allumettes-10cm\/#primaryimage"},"image":{"@id":"https:\/\/nabukoo.com\/produit\/allumettes-10cm\/#primaryimage"},"thumbnailUrl":"https:\/\/nabukoo.com\/wp-content\/uploads\/Allumettes-fondo-negro.png","datePublished":"2023-10-20T14:27:55+00:00","dateModified":"2023-10-24T12:54:53+00:00","breadcrumb":{"@id":"https:\/\/nabukoo.com\/produit\/allumettes-10cm\/#breadcrumb"},"inLanguage":"nl-BE","potentialAction":[{"@type":"ReadAction","target":["https:\/\/nabukoo.com\/produit\/allumettes-10cm\/"]}]},{"@type":"ImageObject","inLanguage":"nl-BE","@id":"https:\/\/nabukoo.com\/produit\/allumettes-10cm\/#primaryimage","url":"https:\/\/nabukoo.com\/wp-content\/uploads\/Allumettes-fondo-negro.png","contentUrl":"https:\/\/nabukoo.com\/wp-content\/uploads\/Allumettes-fondo-negro.png","width":1080,"height":1080},{"@type":"BreadcrumbList","@id":"https:\/\/nabukoo.com\/produit\/allumettes-10cm\/#breadcrumb","itemListElement":[{"@type":"ListItem","position":1,"name":"Accueil","item":"https:\/\/nabukoo.com\/"},{"@type":"ListItem","position":2,"name":"Nos rayons","item":"https:\/\/nabukoo.com\/rayons\/"},{"@type":"ListItem","position":3,"name":"Allumettes 10cm"}]},{"@type":"WebSite","@id":"https:\/\/nabukoo.com\/#website","url":"https:\/\/nabukoo.com\/","name":"Nabukoo","description":"Qulaity First","potentialAction":[{"@type":"SearchAction","target":{"@type":"EntryPoint","urlTemplate":"https:\/\/nabukoo.com\/?s={search_term_string}"},"query-input":{"@type":"PropertyValueSpecification","valueRequired":true,"valueName":"search_term_string"}}],"inLanguage":"nl-BE"}]}},"_links":{"self":[{"href":"https:\/\/nabukoo.com\/nl\/wp-json\/wp\/v2\/product\/10904"}],"collection":[{"href":"https:\/\/nabukoo.com\/nl\/wp-json\/wp\/v2\/product"}],"about":[{"href":"https:\/\/nabukoo.com\/nl\/wp-json\/wp\/v2\/types\/product"}],"replies":[{"embeddable":true,"href":"https:\/\/nabukoo.com\/nl\/wp-json\/wp\/v2\/comments?post=10904"}],"wp:featuredmedia":[{"embeddable":true,"href":"https:\/\/nabukoo.com\/nl\/wp-json\/wp\/v2\/media\/10905"}],"wp:attachment":[{"href":"https:\/\/nabukoo.com\/nl\/wp-json\/wp\/v2\/media?parent=10904"}],"wp:term":[{"taxonomy":"product_cat","embeddable":true,"href":"https:\/\/nabukoo.com\/nl\/wp-json\/wp\/v2\/product_cat?post=10904"},{"taxonomy":"product_tag","embeddable":true,"href":"https:\/\/nabukoo.com\/nl\/wp-json\/wp\/v2\/product_tag?post=10904"}],"curies":[{"name":"wp","href":"https:\/\/api.w.org\/{rel}","templated":true}]}}