{"id":10889,"date":"2023-10-20T15:16:50","date_gmt":"2023-10-20T13:16:50","guid":{"rendered":"https:\/\/nabukoo.com\/?post_type=product&#038;p=10889"},"modified":"2023-10-20T15:25:15","modified_gmt":"2023-10-20T13:25:15","slug":"bougie-cloche","status":"publish","type":"product","link":"https:\/\/nabukoo.com\/nl\/product-2\/belkaars\/","title":{"rendered":"Bel Kaars"},"content":{"rendered":"","protected":false},"excerpt":{"rendered":"<p>Geurkaars van natuurlijke sojawas. 210 ml was. Brandduur ca. 35 uur. Handgegoten in Belgi\u00eb met biologisch afbreekbare sojawas 100%, veganistisch en gecertificeerd GMO-vrij. De lonten zijn gemaakt van natuurlijk katoen met een papieren kern; de glazen verpakkingen zijn recyclebaar en herbruikbaar. Als verpakking een herbruikbaar en composteerbaar zakje van natuurlijk biologisch katoen. Beschikbare geuren: Cool Aloha - Dulce de leche - Patagonia - Jardin d'Ipanema - Vent de Calabre - Mystique.<\/p>","protected":false},"featured_media":10890,"comment_status":"open","ping_status":"closed","template":"","meta":[],"product_cat":[118,139,82,113,81],"product_tag":[],"yoast_head":"<!-- This site is optimized with the Yoast SEO plugin v23.8 - https:\/\/yoast.com\/wordpress\/plugins\/seo\/ -->\n<title>Bougie Cloche - Nabukoo<\/title>\n<meta name=\"robots\" content=\"index, follow, max-snippet:-1, max-image-preview:large, max-video-preview:-1\" \/>\n<link rel=\"canonical\" href=\"https:\/\/nabukoo.com\/nl\/product-2\/belkaars\/\" \/>\n<meta property=\"og:locale\" content=\"nl_BE\" \/>\n<meta property=\"og:type\" content=\"article\" \/>\n<meta property=\"og:title\" content=\"Bougie Cloche - Nabukoo\" \/>\n<meta property=\"og:description\" content=\"Bougie de cire de soja naturel parfum\u00e9e. 210ml de cire. Environ 35hs. de br\u00fblage. Coul\u00e9e \u00e0 la main en Belgique en utilisant de cire de soja 100% biodegradable, vegan et certifi\u00e9e sans OGM. Ses m\u00e8ches sont en coton naturel avec \u00e2me en papier; les r\u00e9cipients en verre sont recyclables et r\u00e9utilisables. Comme emballage, sac en coton bio naturel r\u00e9utilisable et compostable. Fragances disponibles: Cool Aloha - Dulce de leche - Patagonia - Jardin d\u00b4Ipanema - Vent de Calabre - Mystique.\" \/>\n<meta property=\"og:url\" content=\"https:\/\/nabukoo.com\/nl\/product-2\/belkaars\/\" \/>\n<meta property=\"og:site_name\" content=\"Nabukoo\" \/>\n<meta property=\"article:modified_time\" content=\"2023-10-20T13:25:15+00:00\" \/>\n<meta property=\"og:image\" content=\"https:\/\/nabukoo.com\/wp-content\/uploads\/Cloche-Fondo-negro.png\" \/>\n\t<meta property=\"og:image:width\" content=\"1080\" \/>\n\t<meta property=\"og:image:height\" content=\"1080\" \/>\n\t<meta property=\"og:image:type\" content=\"image\/png\" \/>\n<meta name=\"twitter:card\" content=\"summary_large_image\" \/>\n<script type=\"application\/ld+json\" class=\"yoast-schema-graph\">{\"@context\":\"https:\/\/schema.org\",\"@graph\":[{\"@type\":\"WebPage\",\"@id\":\"https:\/\/nabukoo.com\/produit\/bougie-cloche\/\",\"url\":\"https:\/\/nabukoo.com\/produit\/bougie-cloche\/\",\"name\":\"Bougie Cloche - Nabukoo\",\"isPartOf\":{\"@id\":\"https:\/\/nabukoo.com\/#website\"},\"primaryImageOfPage\":{\"@id\":\"https:\/\/nabukoo.com\/produit\/bougie-cloche\/#primaryimage\"},\"image\":{\"@id\":\"https:\/\/nabukoo.com\/produit\/bougie-cloche\/#primaryimage\"},\"thumbnailUrl\":\"https:\/\/nabukoo.com\/wp-content\/uploads\/Cloche-Fondo-negro.png\",\"datePublished\":\"2023-10-20T13:16:50+00:00\",\"dateModified\":\"2023-10-20T13:25:15+00:00\",\"breadcrumb\":{\"@id\":\"https:\/\/nabukoo.com\/produit\/bougie-cloche\/#breadcrumb\"},\"inLanguage\":\"nl-BE\",\"potentialAction\":[{\"@type\":\"ReadAction\",\"target\":[\"https:\/\/nabukoo.com\/produit\/bougie-cloche\/\"]}]},{\"@type\":\"ImageObject\",\"inLanguage\":\"nl-BE\",\"@id\":\"https:\/\/nabukoo.com\/produit\/bougie-cloche\/#primaryimage\",\"url\":\"https:\/\/nabukoo.com\/wp-content\/uploads\/Cloche-Fondo-negro.png\",\"contentUrl\":\"https:\/\/nabukoo.com\/wp-content\/uploads\/Cloche-Fondo-negro.png\",\"width\":1080,\"height\":1080},{\"@type\":\"BreadcrumbList\",\"@id\":\"https:\/\/nabukoo.com\/produit\/bougie-cloche\/#breadcrumb\",\"itemListElement\":[{\"@type\":\"ListItem\",\"position\":1,\"name\":\"Accueil\",\"item\":\"https:\/\/nabukoo.com\/\"},{\"@type\":\"ListItem\",\"position\":2,\"name\":\"Nos rayons\",\"item\":\"https:\/\/nabukoo.com\/rayons\/\"},{\"@type\":\"ListItem\",\"position\":3,\"name\":\"Bougie Cloche\"}]},{\"@type\":\"WebSite\",\"@id\":\"https:\/\/nabukoo.com\/#website\",\"url\":\"https:\/\/nabukoo.com\/\",\"name\":\"Nabukoo\",\"description\":\"Qulaity First\",\"potentialAction\":[{\"@type\":\"SearchAction\",\"target\":{\"@type\":\"EntryPoint\",\"urlTemplate\":\"https:\/\/nabukoo.com\/?s={search_term_string}\"},\"query-input\":{\"@type\":\"PropertyValueSpecification\",\"valueRequired\":true,\"valueName\":\"search_term_string\"}}],\"inLanguage\":\"nl-BE\"}]}<\/script>\n<!-- \/ Yoast SEO plugin. -->","yoast_head_json":{"title":"Bougie Cloche - Nabukoo","robots":{"index":"index","follow":"follow","max-snippet":"max-snippet:-1","max-image-preview":"max-image-preview:large","max-video-preview":"max-video-preview:-1"},"canonical":"https:\/\/nabukoo.com\/nl\/product-2\/belkaars\/","og_locale":"nl_BE","og_type":"article","og_title":"Bougie Cloche - Nabukoo","og_description":"Bougie de cire de soja naturel parfum\u00e9e. 210ml de cire. Environ 35hs. de br\u00fblage. Coul\u00e9e \u00e0 la main en Belgique en utilisant de cire de soja 100% biodegradable, vegan et certifi\u00e9e sans OGM. Ses m\u00e8ches sont en coton naturel avec \u00e2me en papier; les r\u00e9cipients en verre sont recyclables et r\u00e9utilisables. Comme emballage, sac en coton bio naturel r\u00e9utilisable et compostable. Fragances disponibles: Cool Aloha - Dulce de leche - Patagonia - Jardin d\u00b4Ipanema - Vent de Calabre - Mystique.","og_url":"https:\/\/nabukoo.com\/nl\/product-2\/belkaars\/","og_site_name":"Nabukoo","article_modified_time":"2023-10-20T13:25:15+00:00","og_image":[{"width":1080,"height":1080,"url":"https:\/\/nabukoo.com\/wp-content\/uploads\/Cloche-Fondo-negro.png","type":"image\/png"}],"twitter_card":"summary_large_image","schema":{"@context":"https:\/\/schema.org","@graph":[{"@type":"WebPage","@id":"https:\/\/nabukoo.com\/produit\/bougie-cloche\/","url":"https:\/\/nabukoo.com\/produit\/bougie-cloche\/","name":"Bougie Cloche - Nabukoo","isPartOf":{"@id":"https:\/\/nabukoo.com\/#website"},"primaryImageOfPage":{"@id":"https:\/\/nabukoo.com\/produit\/bougie-cloche\/#primaryimage"},"image":{"@id":"https:\/\/nabukoo.com\/produit\/bougie-cloche\/#primaryimage"},"thumbnailUrl":"https:\/\/nabukoo.com\/wp-content\/uploads\/Cloche-Fondo-negro.png","datePublished":"2023-10-20T13:16:50+00:00","dateModified":"2023-10-20T13:25:15+00:00","breadcrumb":{"@id":"https:\/\/nabukoo.com\/produit\/bougie-cloche\/#breadcrumb"},"inLanguage":"nl-BE","potentialAction":[{"@type":"ReadAction","target":["https:\/\/nabukoo.com\/produit\/bougie-cloche\/"]}]},{"@type":"ImageObject","inLanguage":"nl-BE","@id":"https:\/\/nabukoo.com\/produit\/bougie-cloche\/#primaryimage","url":"https:\/\/nabukoo.com\/wp-content\/uploads\/Cloche-Fondo-negro.png","contentUrl":"https:\/\/nabukoo.com\/wp-content\/uploads\/Cloche-Fondo-negro.png","width":1080,"height":1080},{"@type":"BreadcrumbList","@id":"https:\/\/nabukoo.com\/produit\/bougie-cloche\/#breadcrumb","itemListElement":[{"@type":"ListItem","position":1,"name":"Accueil","item":"https:\/\/nabukoo.com\/"},{"@type":"ListItem","position":2,"name":"Nos rayons","item":"https:\/\/nabukoo.com\/rayons\/"},{"@type":"ListItem","position":3,"name":"Bougie Cloche"}]},{"@type":"WebSite","@id":"https:\/\/nabukoo.com\/#website","url":"https:\/\/nabukoo.com\/","name":"Nabukoo","description":"Qulaity First","potentialAction":[{"@type":"SearchAction","target":{"@type":"EntryPoint","urlTemplate":"https:\/\/nabukoo.com\/?s={search_term_string}"},"query-input":{"@type":"PropertyValueSpecification","valueRequired":true,"valueName":"search_term_string"}}],"inLanguage":"nl-BE"}]}},"_links":{"self":[{"href":"https:\/\/nabukoo.com\/nl\/wp-json\/wp\/v2\/product\/10889"}],"collection":[{"href":"https:\/\/nabukoo.com\/nl\/wp-json\/wp\/v2\/product"}],"about":[{"href":"https:\/\/nabukoo.com\/nl\/wp-json\/wp\/v2\/types\/product"}],"replies":[{"embeddable":true,"href":"https:\/\/nabukoo.com\/nl\/wp-json\/wp\/v2\/comments?post=10889"}],"wp:featuredmedia":[{"embeddable":true,"href":"https:\/\/nabukoo.com\/nl\/wp-json\/wp\/v2\/media\/10890"}],"wp:attachment":[{"href":"https:\/\/nabukoo.com\/nl\/wp-json\/wp\/v2\/media?parent=10889"}],"wp:term":[{"taxonomy":"product_cat","embeddable":true,"href":"https:\/\/nabukoo.com\/nl\/wp-json\/wp\/v2\/product_cat?post=10889"},{"taxonomy":"product_tag","embeddable":true,"href":"https:\/\/nabukoo.com\/nl\/wp-json\/wp\/v2\/product_tag?post=10889"}],"curies":[{"name":"wp","href":"https:\/\/api.w.org\/{rel}","templated":true}]}}