{"id":10882,"date":"2023-10-20T14:12:26","date_gmt":"2023-10-20T12:12:26","guid":{"rendered":"https:\/\/nabukoo.com\/?post_type=product&#038;p=10882"},"modified":"2023-10-20T14:48:01","modified_gmt":"2023-10-20T12:48:01","slug":"bougie-votive","status":"publish","type":"product","link":"https:\/\/nabukoo.com\/nl\/product-2\/votiefkaars\/","title":{"rendered":"Votiefkaars"},"content":{"rendered":"","protected":false},"excerpt":{"rendered":"<p>Geurkaars van natuurlijk sojawas.<\/p>\n<p>Inhoud: 100ml<\/p>\n<p>Brandt ongeveer 28 uur.<\/p>\n<p>Afmetingen: 7,5cm (hoogte) - 7,5cm (diameter)<\/p>\n<p>Handgegoten in Belgi\u00eb met 100% biologisch afbreekbare sojawas, veganistisch en gecertificeerd GMO-vrij. De lonten zijn gemaakt van natuurlijk katoen met een papieren kern; de glazen verpakkingen zijn recyclebaar en herbruikbaar. De verpakking is een natuurlijk biologisch katoenen zakje dat hergebruikt en gecomposteerd kan worden.<\/p>","protected":false},"featured_media":10883,"comment_status":"open","ping_status":"closed","template":"","meta":[],"product_cat":[118,139,82,113,81],"product_tag":[],"yoast_head":"<!-- This site is optimized with the Yoast SEO plugin v23.8 - https:\/\/yoast.com\/wordpress\/plugins\/seo\/ -->\n<title>Bougie Votive - Nabukoo<\/title>\n<meta name=\"robots\" content=\"index, follow, max-snippet:-1, max-image-preview:large, max-video-preview:-1\" \/>\n<link rel=\"canonical\" href=\"https:\/\/nabukoo.com\/nl\/product-2\/votiefkaars\/\" \/>\n<meta property=\"og:locale\" content=\"nl_BE\" \/>\n<meta property=\"og:type\" content=\"article\" \/>\n<meta property=\"og:title\" content=\"Bougie Votive - Nabukoo\" \/>\n<meta property=\"og:description\" content=\"Bougie de cire de soja\u00a0naturel parfum\u00e9e.  Taille: 100ml  Environ 28hs. de br\u00fblage.  Mesures: 7,5cm (haute) - 7,5 cm (diam\u00e8tre)  Coul\u00e9e \u00e0 la main en Belgique en utilisant de cire de soja 100% biodegradable, vegan et certifi\u00e9e sans OGM. Ses\u00a0m\u00e8ches sont en coton naturel avec \u00e2me en papier; les\u00a0r\u00e9cipients en verre sont recyclables et r\u00e9utilisables. Comme emballage, sac en coton bio naturel r\u00e9utilisable et compostable.\" \/>\n<meta property=\"og:url\" content=\"https:\/\/nabukoo.com\/nl\/product-2\/votiefkaars\/\" \/>\n<meta property=\"og:site_name\" content=\"Nabukoo\" \/>\n<meta property=\"article:modified_time\" content=\"2023-10-20T12:48:01+00:00\" \/>\n<meta property=\"og:image\" content=\"https:\/\/nabukoo.com\/wp-content\/uploads\/Votive-achicada-y-aclarada-fondo-negro.png\" \/>\n\t<meta property=\"og:image:width\" content=\"1080\" \/>\n\t<meta property=\"og:image:height\" content=\"1080\" \/>\n\t<meta property=\"og:image:type\" content=\"image\/png\" \/>\n<meta name=\"twitter:card\" content=\"summary_large_image\" \/>\n<script type=\"application\/ld+json\" class=\"yoast-schema-graph\">{\"@context\":\"https:\/\/schema.org\",\"@graph\":[{\"@type\":\"WebPage\",\"@id\":\"https:\/\/nabukoo.com\/produit\/bougie-votive\/\",\"url\":\"https:\/\/nabukoo.com\/produit\/bougie-votive\/\",\"name\":\"Bougie Votive - Nabukoo\",\"isPartOf\":{\"@id\":\"https:\/\/nabukoo.com\/#website\"},\"primaryImageOfPage\":{\"@id\":\"https:\/\/nabukoo.com\/produit\/bougie-votive\/#primaryimage\"},\"image\":{\"@id\":\"https:\/\/nabukoo.com\/produit\/bougie-votive\/#primaryimage\"},\"thumbnailUrl\":\"https:\/\/nabukoo.com\/wp-content\/uploads\/Votive-achicada-y-aclarada-fondo-negro.png\",\"datePublished\":\"2023-10-20T12:12:26+00:00\",\"dateModified\":\"2023-10-20T12:48:01+00:00\",\"breadcrumb\":{\"@id\":\"https:\/\/nabukoo.com\/produit\/bougie-votive\/#breadcrumb\"},\"inLanguage\":\"nl-BE\",\"potentialAction\":[{\"@type\":\"ReadAction\",\"target\":[\"https:\/\/nabukoo.com\/produit\/bougie-votive\/\"]}]},{\"@type\":\"ImageObject\",\"inLanguage\":\"nl-BE\",\"@id\":\"https:\/\/nabukoo.com\/produit\/bougie-votive\/#primaryimage\",\"url\":\"https:\/\/nabukoo.com\/wp-content\/uploads\/Votive-achicada-y-aclarada-fondo-negro.png\",\"contentUrl\":\"https:\/\/nabukoo.com\/wp-content\/uploads\/Votive-achicada-y-aclarada-fondo-negro.png\",\"width\":1080,\"height\":1080},{\"@type\":\"BreadcrumbList\",\"@id\":\"https:\/\/nabukoo.com\/produit\/bougie-votive\/#breadcrumb\",\"itemListElement\":[{\"@type\":\"ListItem\",\"position\":1,\"name\":\"Accueil\",\"item\":\"https:\/\/nabukoo.com\/\"},{\"@type\":\"ListItem\",\"position\":2,\"name\":\"Nos rayons\",\"item\":\"https:\/\/nabukoo.com\/rayons\/\"},{\"@type\":\"ListItem\",\"position\":3,\"name\":\"Bougie Votive\"}]},{\"@type\":\"WebSite\",\"@id\":\"https:\/\/nabukoo.com\/#website\",\"url\":\"https:\/\/nabukoo.com\/\",\"name\":\"Nabukoo\",\"description\":\"Qulaity First\",\"potentialAction\":[{\"@type\":\"SearchAction\",\"target\":{\"@type\":\"EntryPoint\",\"urlTemplate\":\"https:\/\/nabukoo.com\/?s={search_term_string}\"},\"query-input\":{\"@type\":\"PropertyValueSpecification\",\"valueRequired\":true,\"valueName\":\"search_term_string\"}}],\"inLanguage\":\"nl-BE\"}]}<\/script>\n<!-- \/ Yoast SEO plugin. -->","yoast_head_json":{"title":"Bougie Votive - Nabukoo","robots":{"index":"index","follow":"follow","max-snippet":"max-snippet:-1","max-image-preview":"max-image-preview:large","max-video-preview":"max-video-preview:-1"},"canonical":"https:\/\/nabukoo.com\/nl\/product-2\/votiefkaars\/","og_locale":"nl_BE","og_type":"article","og_title":"Bougie Votive - Nabukoo","og_description":"Bougie de cire de soja\u00a0naturel parfum\u00e9e.  Taille: 100ml  Environ 28hs. de br\u00fblage.  Mesures: 7,5cm (haute) - 7,5 cm (diam\u00e8tre)  Coul\u00e9e \u00e0 la main en Belgique en utilisant de cire de soja 100% biodegradable, vegan et certifi\u00e9e sans OGM. Ses\u00a0m\u00e8ches sont en coton naturel avec \u00e2me en papier; les\u00a0r\u00e9cipients en verre sont recyclables et r\u00e9utilisables. Comme emballage, sac en coton bio naturel r\u00e9utilisable et compostable.","og_url":"https:\/\/nabukoo.com\/nl\/product-2\/votiefkaars\/","og_site_name":"Nabukoo","article_modified_time":"2023-10-20T12:48:01+00:00","og_image":[{"width":1080,"height":1080,"url":"https:\/\/nabukoo.com\/wp-content\/uploads\/Votive-achicada-y-aclarada-fondo-negro.png","type":"image\/png"}],"twitter_card":"summary_large_image","schema":{"@context":"https:\/\/schema.org","@graph":[{"@type":"WebPage","@id":"https:\/\/nabukoo.com\/produit\/bougie-votive\/","url":"https:\/\/nabukoo.com\/produit\/bougie-votive\/","name":"Bougie Votive - Nabukoo","isPartOf":{"@id":"https:\/\/nabukoo.com\/#website"},"primaryImageOfPage":{"@id":"https:\/\/nabukoo.com\/produit\/bougie-votive\/#primaryimage"},"image":{"@id":"https:\/\/nabukoo.com\/produit\/bougie-votive\/#primaryimage"},"thumbnailUrl":"https:\/\/nabukoo.com\/wp-content\/uploads\/Votive-achicada-y-aclarada-fondo-negro.png","datePublished":"2023-10-20T12:12:26+00:00","dateModified":"2023-10-20T12:48:01+00:00","breadcrumb":{"@id":"https:\/\/nabukoo.com\/produit\/bougie-votive\/#breadcrumb"},"inLanguage":"nl-BE","potentialAction":[{"@type":"ReadAction","target":["https:\/\/nabukoo.com\/produit\/bougie-votive\/"]}]},{"@type":"ImageObject","inLanguage":"nl-BE","@id":"https:\/\/nabukoo.com\/produit\/bougie-votive\/#primaryimage","url":"https:\/\/nabukoo.com\/wp-content\/uploads\/Votive-achicada-y-aclarada-fondo-negro.png","contentUrl":"https:\/\/nabukoo.com\/wp-content\/uploads\/Votive-achicada-y-aclarada-fondo-negro.png","width":1080,"height":1080},{"@type":"BreadcrumbList","@id":"https:\/\/nabukoo.com\/produit\/bougie-votive\/#breadcrumb","itemListElement":[{"@type":"ListItem","position":1,"name":"Accueil","item":"https:\/\/nabukoo.com\/"},{"@type":"ListItem","position":2,"name":"Nos rayons","item":"https:\/\/nabukoo.com\/rayons\/"},{"@type":"ListItem","position":3,"name":"Bougie Votive"}]},{"@type":"WebSite","@id":"https:\/\/nabukoo.com\/#website","url":"https:\/\/nabukoo.com\/","name":"Nabukoo","description":"Qulaity First","potentialAction":[{"@type":"SearchAction","target":{"@type":"EntryPoint","urlTemplate":"https:\/\/nabukoo.com\/?s={search_term_string}"},"query-input":{"@type":"PropertyValueSpecification","valueRequired":true,"valueName":"search_term_string"}}],"inLanguage":"nl-BE"}]}},"_links":{"self":[{"href":"https:\/\/nabukoo.com\/nl\/wp-json\/wp\/v2\/product\/10882"}],"collection":[{"href":"https:\/\/nabukoo.com\/nl\/wp-json\/wp\/v2\/product"}],"about":[{"href":"https:\/\/nabukoo.com\/nl\/wp-json\/wp\/v2\/types\/product"}],"replies":[{"embeddable":true,"href":"https:\/\/nabukoo.com\/nl\/wp-json\/wp\/v2\/comments?post=10882"}],"wp:featuredmedia":[{"embeddable":true,"href":"https:\/\/nabukoo.com\/nl\/wp-json\/wp\/v2\/media\/10883"}],"wp:attachment":[{"href":"https:\/\/nabukoo.com\/nl\/wp-json\/wp\/v2\/media?parent=10882"}],"wp:term":[{"taxonomy":"product_cat","embeddable":true,"href":"https:\/\/nabukoo.com\/nl\/wp-json\/wp\/v2\/product_cat?post=10882"},{"taxonomy":"product_tag","embeddable":true,"href":"https:\/\/nabukoo.com\/nl\/wp-json\/wp\/v2\/product_tag?post=10882"}],"curies":[{"name":"wp","href":"https:\/\/api.w.org\/{rel}","templated":true}]}}