{"id":10870,"date":"2023-10-18T13:08:17","date_gmt":"2023-10-18T11:08:17","guid":{"rendered":"https:\/\/nabukoo.com\/?post_type=product&#038;p=10870"},"modified":"2023-11-28T20:32:09","modified_gmt":"2023-11-28T19:32:09","slug":"miel-acerola-hibiscus","status":"publish","type":"product","link":"https:\/\/nabukoo.com\/nl\/product-2\/miel-acerola-hibiscus\/","title":{"rendered":"ACEROLA HIBISCUSHONING"},"content":{"rendered":"<p>Deze levendige, energieke honing is een krachtige bondgenoot voor je gezondheid.<\/p>\n<p>140g.<\/p>\n<p>Bij koude verwerking blijven alle deugden en actieve ingredi\u00ebnten (enzymen en lysosomen) behouden.<br \/>\net jouer le r\u00f4le de catalyseur pour les propri\u00e9t\u00e9s de l\u2019ACEROLA et de l\u2019HIBISCUS.<\/p>\n<p>La synergie Miel \u2013 Acerola \u2013 Hibiscus vous garanti vos besoins quotidiens en vitamine C, soutien votre \u00e9nergie, renforce votre syst\u00e8me immunitaire<br \/>\net est un puissant antioxydant.<\/p>\n<p>2 c\u00e0c \/jour vous apportent votre dose journali\u00e8re de vitamine C ( 125mg)<\/p>","protected":false},"excerpt":{"rendered":"<p>MIEL ACEROLA HIBISCUS 140 GR<\/p>","protected":false},"featured_media":10871,"comment_status":"open","ping_status":"closed","template":"","meta":[],"product_cat":[116,81],"product_tag":[],"yoast_head":"<!-- This site is optimized with the Yoast SEO plugin v23.8 - https:\/\/yoast.com\/wordpress\/plugins\/seo\/ -->\n<title>MIEL ACEROLA HIBISCUS - Nabukoo<\/title>\n<meta name=\"robots\" content=\"index, follow, max-snippet:-1, max-image-preview:large, max-video-preview:-1\" \/>\n<link rel=\"canonical\" href=\"https:\/\/nabukoo.com\/nl\/product-2\/miel-acerola-hibiscus\/\" \/>\n<meta property=\"og:locale\" content=\"nl_BE\" \/>\n<meta property=\"og:type\" content=\"article\" \/>\n<meta property=\"og:title\" content=\"MIEL ACEROLA HIBISCUS - Nabukoo\" \/>\n<meta property=\"og:description\" content=\"MIEL ACEROLA HIBISCUS 140 GR\" \/>\n<meta property=\"og:url\" content=\"https:\/\/nabukoo.com\/nl\/product-2\/miel-acerola-hibiscus\/\" \/>\n<meta property=\"og:site_name\" content=\"Nabukoo\" \/>\n<meta property=\"article:modified_time\" content=\"2023-11-28T19:32:09+00:00\" \/>\n<meta property=\"og:image\" content=\"https:\/\/nabukoo.com\/wp-content\/uploads\/MIEL-ACEROLA-HIBISCUS.jpg\" \/>\n\t<meta property=\"og:image:width\" content=\"1707\" \/>\n\t<meta property=\"og:image:height\" content=\"2560\" \/>\n\t<meta property=\"og:image:type\" content=\"image\/jpeg\" \/>\n<meta name=\"twitter:card\" content=\"summary_large_image\" \/>\n<script type=\"application\/ld+json\" class=\"yoast-schema-graph\">{\"@context\":\"https:\/\/schema.org\",\"@graph\":[{\"@type\":\"WebPage\",\"@id\":\"https:\/\/nabukoo.com\/produit\/miel-acerola-hibiscus\/\",\"url\":\"https:\/\/nabukoo.com\/produit\/miel-acerola-hibiscus\/\",\"name\":\"MIEL ACEROLA HIBISCUS - Nabukoo\",\"isPartOf\":{\"@id\":\"https:\/\/nabukoo.com\/#website\"},\"primaryImageOfPage\":{\"@id\":\"https:\/\/nabukoo.com\/produit\/miel-acerola-hibiscus\/#primaryimage\"},\"image\":{\"@id\":\"https:\/\/nabukoo.com\/produit\/miel-acerola-hibiscus\/#primaryimage\"},\"thumbnailUrl\":\"https:\/\/nabukoo.com\/wp-content\/uploads\/MIEL-ACEROLA-HIBISCUS.jpg\",\"datePublished\":\"2023-10-18T11:08:17+00:00\",\"dateModified\":\"2023-11-28T19:32:09+00:00\",\"breadcrumb\":{\"@id\":\"https:\/\/nabukoo.com\/produit\/miel-acerola-hibiscus\/#breadcrumb\"},\"inLanguage\":\"nl-BE\",\"potentialAction\":[{\"@type\":\"ReadAction\",\"target\":[\"https:\/\/nabukoo.com\/produit\/miel-acerola-hibiscus\/\"]}]},{\"@type\":\"ImageObject\",\"inLanguage\":\"nl-BE\",\"@id\":\"https:\/\/nabukoo.com\/produit\/miel-acerola-hibiscus\/#primaryimage\",\"url\":\"https:\/\/nabukoo.com\/wp-content\/uploads\/MIEL-ACEROLA-HIBISCUS.jpg\",\"contentUrl\":\"https:\/\/nabukoo.com\/wp-content\/uploads\/MIEL-ACEROLA-HIBISCUS.jpg\",\"width\":1707,\"height\":2560},{\"@type\":\"BreadcrumbList\",\"@id\":\"https:\/\/nabukoo.com\/produit\/miel-acerola-hibiscus\/#breadcrumb\",\"itemListElement\":[{\"@type\":\"ListItem\",\"position\":1,\"name\":\"Accueil\",\"item\":\"https:\/\/nabukoo.com\/\"},{\"@type\":\"ListItem\",\"position\":2,\"name\":\"Nos rayons\",\"item\":\"https:\/\/nabukoo.com\/rayons\/\"},{\"@type\":\"ListItem\",\"position\":3,\"name\":\"MIEL ACEROLA HIBISCUS\"}]},{\"@type\":\"WebSite\",\"@id\":\"https:\/\/nabukoo.com\/#website\",\"url\":\"https:\/\/nabukoo.com\/\",\"name\":\"Nabukoo\",\"description\":\"Qulaity First\",\"potentialAction\":[{\"@type\":\"SearchAction\",\"target\":{\"@type\":\"EntryPoint\",\"urlTemplate\":\"https:\/\/nabukoo.com\/?s={search_term_string}\"},\"query-input\":{\"@type\":\"PropertyValueSpecification\",\"valueRequired\":true,\"valueName\":\"search_term_string\"}}],\"inLanguage\":\"nl-BE\"}]}<\/script>\n<!-- \/ Yoast SEO plugin. -->","yoast_head_json":{"title":"MIEL ACEROLA HIBISCUS - Nabukoo","robots":{"index":"index","follow":"follow","max-snippet":"max-snippet:-1","max-image-preview":"max-image-preview:large","max-video-preview":"max-video-preview:-1"},"canonical":"https:\/\/nabukoo.com\/nl\/product-2\/miel-acerola-hibiscus\/","og_locale":"nl_BE","og_type":"article","og_title":"MIEL ACEROLA HIBISCUS - Nabukoo","og_description":"MIEL ACEROLA HIBISCUS 140 GR","og_url":"https:\/\/nabukoo.com\/nl\/product-2\/miel-acerola-hibiscus\/","og_site_name":"Nabukoo","article_modified_time":"2023-11-28T19:32:09+00:00","og_image":[{"width":1707,"height":2560,"url":"https:\/\/nabukoo.com\/wp-content\/uploads\/MIEL-ACEROLA-HIBISCUS.jpg","type":"image\/jpeg"}],"twitter_card":"summary_large_image","schema":{"@context":"https:\/\/schema.org","@graph":[{"@type":"WebPage","@id":"https:\/\/nabukoo.com\/produit\/miel-acerola-hibiscus\/","url":"https:\/\/nabukoo.com\/produit\/miel-acerola-hibiscus\/","name":"MIEL ACEROLA HIBISCUS - Nabukoo","isPartOf":{"@id":"https:\/\/nabukoo.com\/#website"},"primaryImageOfPage":{"@id":"https:\/\/nabukoo.com\/produit\/miel-acerola-hibiscus\/#primaryimage"},"image":{"@id":"https:\/\/nabukoo.com\/produit\/miel-acerola-hibiscus\/#primaryimage"},"thumbnailUrl":"https:\/\/nabukoo.com\/wp-content\/uploads\/MIEL-ACEROLA-HIBISCUS.jpg","datePublished":"2023-10-18T11:08:17+00:00","dateModified":"2023-11-28T19:32:09+00:00","breadcrumb":{"@id":"https:\/\/nabukoo.com\/produit\/miel-acerola-hibiscus\/#breadcrumb"},"inLanguage":"nl-BE","potentialAction":[{"@type":"ReadAction","target":["https:\/\/nabukoo.com\/produit\/miel-acerola-hibiscus\/"]}]},{"@type":"ImageObject","inLanguage":"nl-BE","@id":"https:\/\/nabukoo.com\/produit\/miel-acerola-hibiscus\/#primaryimage","url":"https:\/\/nabukoo.com\/wp-content\/uploads\/MIEL-ACEROLA-HIBISCUS.jpg","contentUrl":"https:\/\/nabukoo.com\/wp-content\/uploads\/MIEL-ACEROLA-HIBISCUS.jpg","width":1707,"height":2560},{"@type":"BreadcrumbList","@id":"https:\/\/nabukoo.com\/produit\/miel-acerola-hibiscus\/#breadcrumb","itemListElement":[{"@type":"ListItem","position":1,"name":"Accueil","item":"https:\/\/nabukoo.com\/"},{"@type":"ListItem","position":2,"name":"Nos rayons","item":"https:\/\/nabukoo.com\/rayons\/"},{"@type":"ListItem","position":3,"name":"MIEL ACEROLA HIBISCUS"}]},{"@type":"WebSite","@id":"https:\/\/nabukoo.com\/#website","url":"https:\/\/nabukoo.com\/","name":"Nabukoo","description":"Qulaity First","potentialAction":[{"@type":"SearchAction","target":{"@type":"EntryPoint","urlTemplate":"https:\/\/nabukoo.com\/?s={search_term_string}"},"query-input":{"@type":"PropertyValueSpecification","valueRequired":true,"valueName":"search_term_string"}}],"inLanguage":"nl-BE"}]}},"_links":{"self":[{"href":"https:\/\/nabukoo.com\/nl\/wp-json\/wp\/v2\/product\/10870"}],"collection":[{"href":"https:\/\/nabukoo.com\/nl\/wp-json\/wp\/v2\/product"}],"about":[{"href":"https:\/\/nabukoo.com\/nl\/wp-json\/wp\/v2\/types\/product"}],"replies":[{"embeddable":true,"href":"https:\/\/nabukoo.com\/nl\/wp-json\/wp\/v2\/comments?post=10870"}],"wp:featuredmedia":[{"embeddable":true,"href":"https:\/\/nabukoo.com\/nl\/wp-json\/wp\/v2\/media\/10871"}],"wp:attachment":[{"href":"https:\/\/nabukoo.com\/nl\/wp-json\/wp\/v2\/media?parent=10870"}],"wp:term":[{"taxonomy":"product_cat","embeddable":true,"href":"https:\/\/nabukoo.com\/nl\/wp-json\/wp\/v2\/product_cat?post=10870"},{"taxonomy":"product_tag","embeddable":true,"href":"https:\/\/nabukoo.com\/nl\/wp-json\/wp\/v2\/product_tag?post=10870"}],"curies":[{"name":"wp","href":"https:\/\/api.w.org\/{rel}","templated":true}]}}