{"id":10859,"date":"2023-10-18T12:54:16","date_gmt":"2023-10-18T10:54:16","guid":{"rendered":"https:\/\/nabukoo.com\/?post_type=product&#038;p=10859"},"modified":"2023-11-28T20:32:09","modified_gmt":"2023-11-28T19:32:09","slug":"miel-summer-ete","status":"publish","type":"product","link":"https:\/\/nabukoo.com\/nl\/product-2\/zomerhoning\/","title":{"rendered":"ZOMERHONING"},"content":{"rendered":"<p><strong>Onze honing is uitsluitend afkomstig van onze lokale productie.<\/strong><\/p>\n<p><strong>Wat je in het potje vindt, komt rechtstreeks uit de alveolus.<\/strong><\/p>\n<p><strong>De honing wordt met de hand koud gewonnen, gefilterd en gerijpt voordat hij in potten wordt gedaan.<\/strong><\/p>\n<p><strong>Er is geen suiker aan toegevoegd en het is op geen enkele manier veranderd door andere producten.<\/strong><\/p>\n<p><strong>L<\/strong><strong>e zomereditie (zomer - alle bloemen) komt uit onze bijenstallen in het hart van het platteland.<\/strong><\/p>\n<p><strong>De unieke textuur en sterke smaak zijn de perfecte begeleiding bij het ontbijt, thee (max 40\u00b0) of kaasplankjes.<br \/>\n<\/strong><\/p>\n<p><strong>Inhoud:250g<\/strong><\/p>\n<p><strong>Productie: 2022<\/strong><\/p>","protected":false},"excerpt":{"rendered":"<p>ZOMERHONING 250 GR<\/p>","protected":false},"featured_media":10860,"comment_status":"open","ping_status":"closed","template":"","meta":[],"product_cat":[116,81],"product_tag":[],"yoast_head":"<!-- This site is optimized with the Yoast SEO plugin v23.8 - https:\/\/yoast.com\/wordpress\/plugins\/seo\/ -->\n<title>MIEL SUMMER (\u00e9t\u00e9) - Nabukoo<\/title>\n<meta name=\"robots\" content=\"index, follow, max-snippet:-1, max-image-preview:large, max-video-preview:-1\" \/>\n<link rel=\"canonical\" href=\"https:\/\/nabukoo.com\/nl\/product-2\/zomerhoning\/\" \/>\n<meta property=\"og:locale\" content=\"nl_BE\" \/>\n<meta property=\"og:type\" content=\"article\" \/>\n<meta property=\"og:title\" content=\"MIEL SUMMER (\u00e9t\u00e9) - Nabukoo\" \/>\n<meta property=\"og:description\" content=\"MIEL SUMMER (\u00e9t\u00e9) 250 GR\" \/>\n<meta property=\"og:url\" content=\"https:\/\/nabukoo.com\/nl\/product-2\/zomerhoning\/\" \/>\n<meta property=\"og:site_name\" content=\"Nabukoo\" \/>\n<meta property=\"article:modified_time\" content=\"2023-11-28T19:32:09+00:00\" \/>\n<meta property=\"og:image\" content=\"https:\/\/nabukoo.com\/wp-content\/uploads\/MIEL-SUMMER.png\" \/>\n\t<meta property=\"og:image:width\" content=\"315\" \/>\n\t<meta property=\"og:image:height\" content=\"442\" \/>\n\t<meta property=\"og:image:type\" content=\"image\/png\" \/>\n<meta name=\"twitter:card\" content=\"summary_large_image\" \/>\n<script type=\"application\/ld+json\" class=\"yoast-schema-graph\">{\"@context\":\"https:\/\/schema.org\",\"@graph\":[{\"@type\":\"WebPage\",\"@id\":\"https:\/\/nabukoo.com\/produit\/miel-summer-ete\/\",\"url\":\"https:\/\/nabukoo.com\/produit\/miel-summer-ete\/\",\"name\":\"MIEL SUMMER (\u00e9t\u00e9) - Nabukoo\",\"isPartOf\":{\"@id\":\"https:\/\/nabukoo.com\/#website\"},\"primaryImageOfPage\":{\"@id\":\"https:\/\/nabukoo.com\/produit\/miel-summer-ete\/#primaryimage\"},\"image\":{\"@id\":\"https:\/\/nabukoo.com\/produit\/miel-summer-ete\/#primaryimage\"},\"thumbnailUrl\":\"https:\/\/nabukoo.com\/wp-content\/uploads\/MIEL-SUMMER.png\",\"datePublished\":\"2023-10-18T10:54:16+00:00\",\"dateModified\":\"2023-11-28T19:32:09+00:00\",\"breadcrumb\":{\"@id\":\"https:\/\/nabukoo.com\/produit\/miel-summer-ete\/#breadcrumb\"},\"inLanguage\":\"nl-BE\",\"potentialAction\":[{\"@type\":\"ReadAction\",\"target\":[\"https:\/\/nabukoo.com\/produit\/miel-summer-ete\/\"]}]},{\"@type\":\"ImageObject\",\"inLanguage\":\"nl-BE\",\"@id\":\"https:\/\/nabukoo.com\/produit\/miel-summer-ete\/#primaryimage\",\"url\":\"https:\/\/nabukoo.com\/wp-content\/uploads\/MIEL-SUMMER.png\",\"contentUrl\":\"https:\/\/nabukoo.com\/wp-content\/uploads\/MIEL-SUMMER.png\",\"width\":315,\"height\":442},{\"@type\":\"BreadcrumbList\",\"@id\":\"https:\/\/nabukoo.com\/produit\/miel-summer-ete\/#breadcrumb\",\"itemListElement\":[{\"@type\":\"ListItem\",\"position\":1,\"name\":\"Accueil\",\"item\":\"https:\/\/nabukoo.com\/\"},{\"@type\":\"ListItem\",\"position\":2,\"name\":\"Nos rayons\",\"item\":\"https:\/\/nabukoo.com\/rayons\/\"},{\"@type\":\"ListItem\",\"position\":3,\"name\":\"MIEL SUMMER (\u00e9t\u00e9)\"}]},{\"@type\":\"WebSite\",\"@id\":\"https:\/\/nabukoo.com\/#website\",\"url\":\"https:\/\/nabukoo.com\/\",\"name\":\"Nabukoo\",\"description\":\"Qulaity First\",\"potentialAction\":[{\"@type\":\"SearchAction\",\"target\":{\"@type\":\"EntryPoint\",\"urlTemplate\":\"https:\/\/nabukoo.com\/?s={search_term_string}\"},\"query-input\":{\"@type\":\"PropertyValueSpecification\",\"valueRequired\":true,\"valueName\":\"search_term_string\"}}],\"inLanguage\":\"nl-BE\"}]}<\/script>\n<!-- \/ Yoast SEO plugin. -->","yoast_head_json":{"title":"MIEL SUMMER (\u00e9t\u00e9) - Nabukoo","robots":{"index":"index","follow":"follow","max-snippet":"max-snippet:-1","max-image-preview":"max-image-preview:large","max-video-preview":"max-video-preview:-1"},"canonical":"https:\/\/nabukoo.com\/nl\/product-2\/zomerhoning\/","og_locale":"nl_BE","og_type":"article","og_title":"MIEL SUMMER (\u00e9t\u00e9) - Nabukoo","og_description":"MIEL SUMMER (\u00e9t\u00e9) 250 GR","og_url":"https:\/\/nabukoo.com\/nl\/product-2\/zomerhoning\/","og_site_name":"Nabukoo","article_modified_time":"2023-11-28T19:32:09+00:00","og_image":[{"width":315,"height":442,"url":"https:\/\/nabukoo.com\/wp-content\/uploads\/MIEL-SUMMER.png","type":"image\/png"}],"twitter_card":"summary_large_image","schema":{"@context":"https:\/\/schema.org","@graph":[{"@type":"WebPage","@id":"https:\/\/nabukoo.com\/produit\/miel-summer-ete\/","url":"https:\/\/nabukoo.com\/produit\/miel-summer-ete\/","name":"MIEL SUMMER (\u00e9t\u00e9) - Nabukoo","isPartOf":{"@id":"https:\/\/nabukoo.com\/#website"},"primaryImageOfPage":{"@id":"https:\/\/nabukoo.com\/produit\/miel-summer-ete\/#primaryimage"},"image":{"@id":"https:\/\/nabukoo.com\/produit\/miel-summer-ete\/#primaryimage"},"thumbnailUrl":"https:\/\/nabukoo.com\/wp-content\/uploads\/MIEL-SUMMER.png","datePublished":"2023-10-18T10:54:16+00:00","dateModified":"2023-11-28T19:32:09+00:00","breadcrumb":{"@id":"https:\/\/nabukoo.com\/produit\/miel-summer-ete\/#breadcrumb"},"inLanguage":"nl-BE","potentialAction":[{"@type":"ReadAction","target":["https:\/\/nabukoo.com\/produit\/miel-summer-ete\/"]}]},{"@type":"ImageObject","inLanguage":"nl-BE","@id":"https:\/\/nabukoo.com\/produit\/miel-summer-ete\/#primaryimage","url":"https:\/\/nabukoo.com\/wp-content\/uploads\/MIEL-SUMMER.png","contentUrl":"https:\/\/nabukoo.com\/wp-content\/uploads\/MIEL-SUMMER.png","width":315,"height":442},{"@type":"BreadcrumbList","@id":"https:\/\/nabukoo.com\/produit\/miel-summer-ete\/#breadcrumb","itemListElement":[{"@type":"ListItem","position":1,"name":"Accueil","item":"https:\/\/nabukoo.com\/"},{"@type":"ListItem","position":2,"name":"Nos rayons","item":"https:\/\/nabukoo.com\/rayons\/"},{"@type":"ListItem","position":3,"name":"MIEL SUMMER (\u00e9t\u00e9)"}]},{"@type":"WebSite","@id":"https:\/\/nabukoo.com\/#website","url":"https:\/\/nabukoo.com\/","name":"Nabukoo","description":"Qulaity First","potentialAction":[{"@type":"SearchAction","target":{"@type":"EntryPoint","urlTemplate":"https:\/\/nabukoo.com\/?s={search_term_string}"},"query-input":{"@type":"PropertyValueSpecification","valueRequired":true,"valueName":"search_term_string"}}],"inLanguage":"nl-BE"}]}},"_links":{"self":[{"href":"https:\/\/nabukoo.com\/nl\/wp-json\/wp\/v2\/product\/10859"}],"collection":[{"href":"https:\/\/nabukoo.com\/nl\/wp-json\/wp\/v2\/product"}],"about":[{"href":"https:\/\/nabukoo.com\/nl\/wp-json\/wp\/v2\/types\/product"}],"replies":[{"embeddable":true,"href":"https:\/\/nabukoo.com\/nl\/wp-json\/wp\/v2\/comments?post=10859"}],"wp:featuredmedia":[{"embeddable":true,"href":"https:\/\/nabukoo.com\/nl\/wp-json\/wp\/v2\/media\/10860"}],"wp:attachment":[{"href":"https:\/\/nabukoo.com\/nl\/wp-json\/wp\/v2\/media?parent=10859"}],"wp:term":[{"taxonomy":"product_cat","embeddable":true,"href":"https:\/\/nabukoo.com\/nl\/wp-json\/wp\/v2\/product_cat?post=10859"},{"taxonomy":"product_tag","embeddable":true,"href":"https:\/\/nabukoo.com\/nl\/wp-json\/wp\/v2\/product_tag?post=10859"}],"curies":[{"name":"wp","href":"https:\/\/api.w.org\/{rel}","templated":true}]}}