{"id":10809,"date":"2023-10-10T11:08:32","date_gmt":"2023-10-10T09:08:32","guid":{"rendered":"https:\/\/nabukoo.com\/?post_type=product&#038;p=10809"},"modified":"2023-10-10T12:21:56","modified_gmt":"2023-10-10T10:21:56","slug":"pesto-basilic","status":"publish","type":"product","link":"https:\/\/nabukoo.com\/nl\/product-2\/pesto-basilic\/","title":{"rendered":"Basilicumpesto - 100gr"},"content":{"rendered":"<p>Enfin un pesto artisanal, made in Belgium et produit avec de bons ingr\u00e9dients bio ! Notre olio (huile d&#8217;olive vierge extra bio) + du basilic fra\u00eechement plant\u00e9 chez nos amis de la ferme 3.z\u00e9ro \u00e0 Herve (r\u00e9gion li\u00e9geoise), \u00e7a donne le pesto Occhiolino : un vrai r\u00e9gal, sur les p\u00e2tes, avec un gressin ou \u00e0 la cuill\u00e8re. \ud83c\udf3f Pot de 100gr<\/p>","protected":false},"excerpt":{"rendered":"<p>Pesto basilic artisanal avec des ingr\u00e9dients bio<\/p>","protected":false},"featured_media":10811,"comment_status":"open","ping_status":"closed","template":"","meta":[],"product_cat":[116,81],"product_tag":[],"yoast_head":"<!-- This site is optimized with the Yoast SEO plugin v23.8 - https:\/\/yoast.com\/wordpress\/plugins\/seo\/ -->\n<title>Pesto basilic - 100gr - Nabukoo<\/title>\n<meta name=\"robots\" content=\"index, follow, max-snippet:-1, max-image-preview:large, max-video-preview:-1\" \/>\n<link rel=\"canonical\" href=\"https:\/\/nabukoo.com\/nl\/product-2\/pesto-basilic\/\" \/>\n<meta property=\"og:locale\" content=\"nl_BE\" \/>\n<meta property=\"og:type\" content=\"article\" \/>\n<meta property=\"og:title\" content=\"Pesto basilic - 100gr - Nabukoo\" \/>\n<meta property=\"og:description\" content=\"Pesto basilic artisanal avec des ingr\u00e9dients bio\" \/>\n<meta property=\"og:url\" content=\"https:\/\/nabukoo.com\/nl\/product-2\/pesto-basilic\/\" \/>\n<meta property=\"og:site_name\" content=\"Nabukoo\" \/>\n<meta property=\"article:modified_time\" content=\"2023-10-10T10:21:56+00:00\" \/>\n<meta property=\"og:image\" content=\"https:\/\/nabukoo.com\/wp-content\/uploads\/Capture-decran-2023-10-10-111142.png\" \/>\n\t<meta property=\"og:image:width\" content=\"571\" \/>\n\t<meta property=\"og:image:height\" content=\"562\" \/>\n\t<meta property=\"og:image:type\" content=\"image\/png\" \/>\n<meta name=\"twitter:card\" content=\"summary_large_image\" \/>\n<script type=\"application\/ld+json\" class=\"yoast-schema-graph\">{\"@context\":\"https:\/\/schema.org\",\"@graph\":[{\"@type\":\"WebPage\",\"@id\":\"https:\/\/nabukoo.com\/produit\/pesto-basilic\/\",\"url\":\"https:\/\/nabukoo.com\/produit\/pesto-basilic\/\",\"name\":\"Pesto basilic - 100gr - Nabukoo\",\"isPartOf\":{\"@id\":\"https:\/\/nabukoo.com\/#website\"},\"primaryImageOfPage\":{\"@id\":\"https:\/\/nabukoo.com\/produit\/pesto-basilic\/#primaryimage\"},\"image\":{\"@id\":\"https:\/\/nabukoo.com\/produit\/pesto-basilic\/#primaryimage\"},\"thumbnailUrl\":\"https:\/\/nabukoo.com\/wp-content\/uploads\/Capture-decran-2023-10-10-111142.png\",\"datePublished\":\"2023-10-10T09:08:32+00:00\",\"dateModified\":\"2023-10-10T10:21:56+00:00\",\"breadcrumb\":{\"@id\":\"https:\/\/nabukoo.com\/produit\/pesto-basilic\/#breadcrumb\"},\"inLanguage\":\"nl-BE\",\"potentialAction\":[{\"@type\":\"ReadAction\",\"target\":[\"https:\/\/nabukoo.com\/produit\/pesto-basilic\/\"]}]},{\"@type\":\"ImageObject\",\"inLanguage\":\"nl-BE\",\"@id\":\"https:\/\/nabukoo.com\/produit\/pesto-basilic\/#primaryimage\",\"url\":\"https:\/\/nabukoo.com\/wp-content\/uploads\/Capture-decran-2023-10-10-111142.png\",\"contentUrl\":\"https:\/\/nabukoo.com\/wp-content\/uploads\/Capture-decran-2023-10-10-111142.png\",\"width\":571,\"height\":562},{\"@type\":\"BreadcrumbList\",\"@id\":\"https:\/\/nabukoo.com\/produit\/pesto-basilic\/#breadcrumb\",\"itemListElement\":[{\"@type\":\"ListItem\",\"position\":1,\"name\":\"Accueil\",\"item\":\"https:\/\/nabukoo.com\/\"},{\"@type\":\"ListItem\",\"position\":2,\"name\":\"Nos rayons\",\"item\":\"https:\/\/nabukoo.com\/rayons\/\"},{\"@type\":\"ListItem\",\"position\":3,\"name\":\"Pesto basilic &#8211; 100gr\"}]},{\"@type\":\"WebSite\",\"@id\":\"https:\/\/nabukoo.com\/#website\",\"url\":\"https:\/\/nabukoo.com\/\",\"name\":\"Nabukoo\",\"description\":\"Qulaity First\",\"potentialAction\":[{\"@type\":\"SearchAction\",\"target\":{\"@type\":\"EntryPoint\",\"urlTemplate\":\"https:\/\/nabukoo.com\/?s={search_term_string}\"},\"query-input\":{\"@type\":\"PropertyValueSpecification\",\"valueRequired\":true,\"valueName\":\"search_term_string\"}}],\"inLanguage\":\"nl-BE\"}]}<\/script>\n<!-- \/ Yoast SEO plugin. -->","yoast_head_json":{"title":"Pesto basilic - 100gr - Nabukoo","robots":{"index":"index","follow":"follow","max-snippet":"max-snippet:-1","max-image-preview":"max-image-preview:large","max-video-preview":"max-video-preview:-1"},"canonical":"https:\/\/nabukoo.com\/nl\/product-2\/pesto-basilic\/","og_locale":"nl_BE","og_type":"article","og_title":"Pesto basilic - 100gr - Nabukoo","og_description":"Pesto basilic artisanal avec des ingr\u00e9dients bio","og_url":"https:\/\/nabukoo.com\/nl\/product-2\/pesto-basilic\/","og_site_name":"Nabukoo","article_modified_time":"2023-10-10T10:21:56+00:00","og_image":[{"width":571,"height":562,"url":"https:\/\/nabukoo.com\/wp-content\/uploads\/Capture-decran-2023-10-10-111142.png","type":"image\/png"}],"twitter_card":"summary_large_image","schema":{"@context":"https:\/\/schema.org","@graph":[{"@type":"WebPage","@id":"https:\/\/nabukoo.com\/produit\/pesto-basilic\/","url":"https:\/\/nabukoo.com\/produit\/pesto-basilic\/","name":"Pesto basilic - 100gr - Nabukoo","isPartOf":{"@id":"https:\/\/nabukoo.com\/#website"},"primaryImageOfPage":{"@id":"https:\/\/nabukoo.com\/produit\/pesto-basilic\/#primaryimage"},"image":{"@id":"https:\/\/nabukoo.com\/produit\/pesto-basilic\/#primaryimage"},"thumbnailUrl":"https:\/\/nabukoo.com\/wp-content\/uploads\/Capture-decran-2023-10-10-111142.png","datePublished":"2023-10-10T09:08:32+00:00","dateModified":"2023-10-10T10:21:56+00:00","breadcrumb":{"@id":"https:\/\/nabukoo.com\/produit\/pesto-basilic\/#breadcrumb"},"inLanguage":"nl-BE","potentialAction":[{"@type":"ReadAction","target":["https:\/\/nabukoo.com\/produit\/pesto-basilic\/"]}]},{"@type":"ImageObject","inLanguage":"nl-BE","@id":"https:\/\/nabukoo.com\/produit\/pesto-basilic\/#primaryimage","url":"https:\/\/nabukoo.com\/wp-content\/uploads\/Capture-decran-2023-10-10-111142.png","contentUrl":"https:\/\/nabukoo.com\/wp-content\/uploads\/Capture-decran-2023-10-10-111142.png","width":571,"height":562},{"@type":"BreadcrumbList","@id":"https:\/\/nabukoo.com\/produit\/pesto-basilic\/#breadcrumb","itemListElement":[{"@type":"ListItem","position":1,"name":"Accueil","item":"https:\/\/nabukoo.com\/"},{"@type":"ListItem","position":2,"name":"Nos rayons","item":"https:\/\/nabukoo.com\/rayons\/"},{"@type":"ListItem","position":3,"name":"Pesto basilic &#8211; 100gr"}]},{"@type":"WebSite","@id":"https:\/\/nabukoo.com\/#website","url":"https:\/\/nabukoo.com\/","name":"Nabukoo","description":"Qulaity First","potentialAction":[{"@type":"SearchAction","target":{"@type":"EntryPoint","urlTemplate":"https:\/\/nabukoo.com\/?s={search_term_string}"},"query-input":{"@type":"PropertyValueSpecification","valueRequired":true,"valueName":"search_term_string"}}],"inLanguage":"nl-BE"}]}},"_links":{"self":[{"href":"https:\/\/nabukoo.com\/nl\/wp-json\/wp\/v2\/product\/10809"}],"collection":[{"href":"https:\/\/nabukoo.com\/nl\/wp-json\/wp\/v2\/product"}],"about":[{"href":"https:\/\/nabukoo.com\/nl\/wp-json\/wp\/v2\/types\/product"}],"replies":[{"embeddable":true,"href":"https:\/\/nabukoo.com\/nl\/wp-json\/wp\/v2\/comments?post=10809"}],"wp:featuredmedia":[{"embeddable":true,"href":"https:\/\/nabukoo.com\/nl\/wp-json\/wp\/v2\/media\/10811"}],"wp:attachment":[{"href":"https:\/\/nabukoo.com\/nl\/wp-json\/wp\/v2\/media?parent=10809"}],"wp:term":[{"taxonomy":"product_cat","embeddable":true,"href":"https:\/\/nabukoo.com\/nl\/wp-json\/wp\/v2\/product_cat?post=10809"},{"taxonomy":"product_tag","embeddable":true,"href":"https:\/\/nabukoo.com\/nl\/wp-json\/wp\/v2\/product_tag?post=10809"}],"curies":[{"name":"wp","href":"https:\/\/api.w.org\/{rel}","templated":true}]}}