{"id":10736,"date":"2023-10-05T17:21:55","date_gmt":"2023-10-05T15:21:55","guid":{"rendered":"https:\/\/nabukoo.com\/?post_type=product&#038;p=10736"},"modified":"2023-10-05T17:34:31","modified_gmt":"2023-10-05T15:34:31","slug":"elephant-origami-papier-et-tissu-2","status":"publish","type":"product","link":"https:\/\/nabukoo.com\/nl\/product-2\/papier-en-stof-origami-olifant-2\/","title":{"rendered":"Papier en stof origami olifant"},"content":{"rendered":"<p>Ontdek dit opmerkelijke olifantensculptuur, gemaakt met behulp van de delicate origamitechniek. Elke nauwgezette en precieze vouw is met de hand gemaakt, waardoor een uniek stuk is ontstaan dat is doordrenkt van schoonheid en gratie. De strakke lijnen en subtiele hoeken van dit beeld vangen de essentie van het majestueuze wezen dat de olifant is. De minutieus bewerkte details, zoals de delicate oren en de fijne huidplooien, zijn een bewijs van het talent en geduld van de kunstenaar. Gemaakt van papier en stof van hoge kwaliteit, belichaamt deze origami sculptuur de harmonie tussen traditie en hedendaagse creativiteit. Verwen jezelf met dit unieke kunstwerk dat een vleugje elegantie en originaliteit aan je huis zal toevoegen, terwijl het de eeuwenoude praktijk van origami viert.<\/p>","protected":false},"excerpt":{"rendered":"<p>Ontdek dit opmerkelijke olifantensculptuur, gemaakt met behulp van de delicate origamitechniek. Elke nauwgezette en precieze vouw is met de hand gemaakt, waardoor een uniek stuk is ontstaan dat is doordrenkt van schoonheid en gratie.<\/p>","protected":false},"featured_media":10740,"comment_status":"open","ping_status":"closed","template":"","meta":[],"product_cat":[139,82],"product_tag":[],"yoast_head":"<!-- This site is optimized with the Yoast SEO plugin v23.8 - https:\/\/yoast.com\/wordpress\/plugins\/seo\/ -->\n<title>Elephant origami papier et tissu - Nabukoo<\/title>\n<meta name=\"robots\" content=\"index, follow, max-snippet:-1, max-image-preview:large, max-video-preview:-1\" \/>\n<link rel=\"canonical\" href=\"https:\/\/nabukoo.com\/nl\/product-2\/papier-en-stof-origami-olifant-2\/\" \/>\n<meta property=\"og:locale\" content=\"nl_BE\" \/>\n<meta property=\"og:type\" content=\"article\" \/>\n<meta property=\"og:title\" content=\"Elephant origami papier et tissu - Nabukoo\" \/>\n<meta property=\"og:description\" content=\"D\u00e9couvrez cette remarquable sculpture d&#039;\u00e9l\u00e9phant, r\u00e9alis\u00e9e avec la technique d\u00e9licate de l&#039;origami. Chaque pli minutieux et pr\u00e9cis a \u00e9t\u00e9 effectu\u00e9 \u00e0 la main, cr\u00e9ant ainsi une pi\u00e8ce unique empreinte de beaut\u00e9 et de gr\u00e2ce.\" \/>\n<meta property=\"og:url\" content=\"https:\/\/nabukoo.com\/nl\/product-2\/papier-en-stof-origami-olifant-2\/\" \/>\n<meta property=\"og:site_name\" content=\"Nabukoo\" \/>\n<meta property=\"article:modified_time\" content=\"2023-10-05T15:34:31+00:00\" \/>\n<meta property=\"og:image\" content=\"https:\/\/nabukoo.com\/wp-content\/uploads\/Elephant-verst-ligne-dore.jpg\" \/>\n\t<meta property=\"og:image:width\" content=\"1796\" \/>\n\t<meta property=\"og:image:height\" content=\"1094\" \/>\n\t<meta property=\"og:image:type\" content=\"image\/jpeg\" \/>\n<meta name=\"twitter:card\" content=\"summary_large_image\" \/>\n<meta name=\"twitter:label1\" content=\"Geschatte leestijd\" \/>\n\t<meta name=\"twitter:data1\" content=\"1 minuut\" \/>\n<script type=\"application\/ld+json\" class=\"yoast-schema-graph\">{\"@context\":\"https:\/\/schema.org\",\"@graph\":[{\"@type\":\"WebPage\",\"@id\":\"https:\/\/nabukoo.com\/produit\/elephant-origami-papier-et-tissu-2\/\",\"url\":\"https:\/\/nabukoo.com\/produit\/elephant-origami-papier-et-tissu-2\/\",\"name\":\"Elephant origami papier et tissu - Nabukoo\",\"isPartOf\":{\"@id\":\"https:\/\/nabukoo.com\/#website\"},\"primaryImageOfPage\":{\"@id\":\"https:\/\/nabukoo.com\/produit\/elephant-origami-papier-et-tissu-2\/#primaryimage\"},\"image\":{\"@id\":\"https:\/\/nabukoo.com\/produit\/elephant-origami-papier-et-tissu-2\/#primaryimage\"},\"thumbnailUrl\":\"https:\/\/nabukoo.com\/wp-content\/uploads\/Elephant-verst-ligne-dore.jpg\",\"datePublished\":\"2023-10-05T15:21:55+00:00\",\"dateModified\":\"2023-10-05T15:34:31+00:00\",\"breadcrumb\":{\"@id\":\"https:\/\/nabukoo.com\/produit\/elephant-origami-papier-et-tissu-2\/#breadcrumb\"},\"inLanguage\":\"nl-BE\",\"potentialAction\":[{\"@type\":\"ReadAction\",\"target\":[\"https:\/\/nabukoo.com\/produit\/elephant-origami-papier-et-tissu-2\/\"]}]},{\"@type\":\"ImageObject\",\"inLanguage\":\"nl-BE\",\"@id\":\"https:\/\/nabukoo.com\/produit\/elephant-origami-papier-et-tissu-2\/#primaryimage\",\"url\":\"https:\/\/nabukoo.com\/wp-content\/uploads\/Elephant-verst-ligne-dore.jpg\",\"contentUrl\":\"https:\/\/nabukoo.com\/wp-content\/uploads\/Elephant-verst-ligne-dore.jpg\",\"width\":1796,\"height\":1094},{\"@type\":\"BreadcrumbList\",\"@id\":\"https:\/\/nabukoo.com\/produit\/elephant-origami-papier-et-tissu-2\/#breadcrumb\",\"itemListElement\":[{\"@type\":\"ListItem\",\"position\":1,\"name\":\"Accueil\",\"item\":\"https:\/\/nabukoo.com\/\"},{\"@type\":\"ListItem\",\"position\":2,\"name\":\"Nos rayons\",\"item\":\"https:\/\/nabukoo.com\/rayons\/\"},{\"@type\":\"ListItem\",\"position\":3,\"name\":\"Elephant origami papier et tissu\"}]},{\"@type\":\"WebSite\",\"@id\":\"https:\/\/nabukoo.com\/#website\",\"url\":\"https:\/\/nabukoo.com\/\",\"name\":\"Nabukoo\",\"description\":\"Qulaity First\",\"potentialAction\":[{\"@type\":\"SearchAction\",\"target\":{\"@type\":\"EntryPoint\",\"urlTemplate\":\"https:\/\/nabukoo.com\/?s={search_term_string}\"},\"query-input\":{\"@type\":\"PropertyValueSpecification\",\"valueRequired\":true,\"valueName\":\"search_term_string\"}}],\"inLanguage\":\"nl-BE\"}]}<\/script>\n<!-- \/ Yoast SEO plugin. -->","yoast_head_json":{"title":"Elephant origami papier et tissu - Nabukoo","robots":{"index":"index","follow":"follow","max-snippet":"max-snippet:-1","max-image-preview":"max-image-preview:large","max-video-preview":"max-video-preview:-1"},"canonical":"https:\/\/nabukoo.com\/nl\/product-2\/papier-en-stof-origami-olifant-2\/","og_locale":"nl_BE","og_type":"article","og_title":"Elephant origami papier et tissu - Nabukoo","og_description":"D\u00e9couvrez cette remarquable sculpture d'\u00e9l\u00e9phant, r\u00e9alis\u00e9e avec la technique d\u00e9licate de l'origami. Chaque pli minutieux et pr\u00e9cis a \u00e9t\u00e9 effectu\u00e9 \u00e0 la main, cr\u00e9ant ainsi une pi\u00e8ce unique empreinte de beaut\u00e9 et de gr\u00e2ce.","og_url":"https:\/\/nabukoo.com\/nl\/product-2\/papier-en-stof-origami-olifant-2\/","og_site_name":"Nabukoo","article_modified_time":"2023-10-05T15:34:31+00:00","og_image":[{"width":1796,"height":1094,"url":"https:\/\/nabukoo.com\/wp-content\/uploads\/Elephant-verst-ligne-dore.jpg","type":"image\/jpeg"}],"twitter_card":"summary_large_image","twitter_misc":{"Geschatte leestijd":"1 minuut"},"schema":{"@context":"https:\/\/schema.org","@graph":[{"@type":"WebPage","@id":"https:\/\/nabukoo.com\/produit\/elephant-origami-papier-et-tissu-2\/","url":"https:\/\/nabukoo.com\/produit\/elephant-origami-papier-et-tissu-2\/","name":"Elephant origami papier et tissu - Nabukoo","isPartOf":{"@id":"https:\/\/nabukoo.com\/#website"},"primaryImageOfPage":{"@id":"https:\/\/nabukoo.com\/produit\/elephant-origami-papier-et-tissu-2\/#primaryimage"},"image":{"@id":"https:\/\/nabukoo.com\/produit\/elephant-origami-papier-et-tissu-2\/#primaryimage"},"thumbnailUrl":"https:\/\/nabukoo.com\/wp-content\/uploads\/Elephant-verst-ligne-dore.jpg","datePublished":"2023-10-05T15:21:55+00:00","dateModified":"2023-10-05T15:34:31+00:00","breadcrumb":{"@id":"https:\/\/nabukoo.com\/produit\/elephant-origami-papier-et-tissu-2\/#breadcrumb"},"inLanguage":"nl-BE","potentialAction":[{"@type":"ReadAction","target":["https:\/\/nabukoo.com\/produit\/elephant-origami-papier-et-tissu-2\/"]}]},{"@type":"ImageObject","inLanguage":"nl-BE","@id":"https:\/\/nabukoo.com\/produit\/elephant-origami-papier-et-tissu-2\/#primaryimage","url":"https:\/\/nabukoo.com\/wp-content\/uploads\/Elephant-verst-ligne-dore.jpg","contentUrl":"https:\/\/nabukoo.com\/wp-content\/uploads\/Elephant-verst-ligne-dore.jpg","width":1796,"height":1094},{"@type":"BreadcrumbList","@id":"https:\/\/nabukoo.com\/produit\/elephant-origami-papier-et-tissu-2\/#breadcrumb","itemListElement":[{"@type":"ListItem","position":1,"name":"Accueil","item":"https:\/\/nabukoo.com\/"},{"@type":"ListItem","position":2,"name":"Nos rayons","item":"https:\/\/nabukoo.com\/rayons\/"},{"@type":"ListItem","position":3,"name":"Elephant origami papier et tissu"}]},{"@type":"WebSite","@id":"https:\/\/nabukoo.com\/#website","url":"https:\/\/nabukoo.com\/","name":"Nabukoo","description":"Qulaity First","potentialAction":[{"@type":"SearchAction","target":{"@type":"EntryPoint","urlTemplate":"https:\/\/nabukoo.com\/?s={search_term_string}"},"query-input":{"@type":"PropertyValueSpecification","valueRequired":true,"valueName":"search_term_string"}}],"inLanguage":"nl-BE"}]}},"_links":{"self":[{"href":"https:\/\/nabukoo.com\/nl\/wp-json\/wp\/v2\/product\/10736"}],"collection":[{"href":"https:\/\/nabukoo.com\/nl\/wp-json\/wp\/v2\/product"}],"about":[{"href":"https:\/\/nabukoo.com\/nl\/wp-json\/wp\/v2\/types\/product"}],"replies":[{"embeddable":true,"href":"https:\/\/nabukoo.com\/nl\/wp-json\/wp\/v2\/comments?post=10736"}],"wp:featuredmedia":[{"embeddable":true,"href":"https:\/\/nabukoo.com\/nl\/wp-json\/wp\/v2\/media\/10740"}],"wp:attachment":[{"href":"https:\/\/nabukoo.com\/nl\/wp-json\/wp\/v2\/media?parent=10736"}],"wp:term":[{"taxonomy":"product_cat","embeddable":true,"href":"https:\/\/nabukoo.com\/nl\/wp-json\/wp\/v2\/product_cat?post=10736"},{"taxonomy":"product_tag","embeddable":true,"href":"https:\/\/nabukoo.com\/nl\/wp-json\/wp\/v2\/product_tag?post=10736"}],"curies":[{"name":"wp","href":"https:\/\/api.w.org\/{rel}","templated":true}]}}