{"id":10712,"date":"2023-10-05T15:48:06","date_gmt":"2023-10-05T13:48:06","guid":{"rendered":"https:\/\/nabukoo.com\/?post_type=product&#038;p=10712"},"modified":"2023-10-05T17:07:12","modified_gmt":"2023-10-05T15:07:12","slug":"lampe-teucrium-ecaille-pastelle","status":"publish","type":"product","link":"https:\/\/nabukoo.com\/nl\/product-2\/teucrium-ecaille-pastelle-lamp\/","title":{"rendered":"Teucrium schildpadlamp"},"content":{"rendered":"<div class=\"_3_bl\">\n<div class=\"_5w1r _3_om _5wdf\">\n<div class=\"_4gx_\">\n<div class=\"_1aa6\">\n<div><strong><span class=\"_5yl5\">Teucrium lamp<\/span><\/strong><\/div>\n<div><\/div>\n<div><span class=\"_5yl5\">Deze lamp is ontworpen als bedlampje.<\/span><\/div>\n<div><\/div>\n<div><span class=\"_5yl5\">De vouwen en de dikte van het papier geven een heel zacht, warm licht dat je voorbereidt op een zachte slaap.\u00a0<\/span><\/div>\n<div><\/div>\n<div><\/div>\n<div><strong><span class=\"_5yl5\">Van welke materialen is het gemaakt?<\/span><\/strong><\/div>\n<div><\/div>\n<div><span class=\"_5yl5\">Deze lampenkap is met uiterste precisie gevouwen uit \u00e9\u00e9n vel papier. Dit papier, met zijn natuurlijke oppervlak en hoog witpunt, is gemaakt van ECF-cellulose en is ISO 9706 gecertificeerd.\u00a0<\/span>De sokkel is versierd met verschillende kleurrijke motieven. De sokkel is gemaakt van gerecycled hout door een timmerman in Brussel.<\/div>\n<div><\/div>\n<div><strong><span class=\"_5yl5\">Welk type lamp moet ik gebruiken?<\/span><\/strong><\/div>\n<div><\/div>\n<div><span class=\"_5yl5\">Deze lampen zijn alleen bedoeld voor gebruik met spaarlampen of LED-lampen.<\/span><\/div>\n<\/div>\n<\/div>\n<\/div>\n<\/div>\n<p dir=\"ltr\">Lamp (optioneel) : LED E14 7W<\/p>","protected":false},"excerpt":{"rendered":"<p>Deze op origami ge\u00efnspireerde lamp is gemaakt van de hoogste kwaliteit FSC-gecertificeerd papier.<\/p>\n<p>De lamp is met de hand gemaakt met grote precisie om de technische details van de origamikunst te benadrukken.<\/p>\n<p><a>\u00a0Handgemaakt in Belgi\u00eb<\/a><\/p>","protected":false},"featured_media":10713,"comment_status":"open","ping_status":"closed","template":"","meta":[],"product_cat":[139,82],"product_tag":[],"yoast_head":"<!-- This site is optimized with the Yoast SEO plugin v23.8 - https:\/\/yoast.com\/wordpress\/plugins\/seo\/ -->\n<title>Lampe Teucrium \u00e9caille pastelle - Nabukoo<\/title>\n<meta name=\"robots\" content=\"index, follow, max-snippet:-1, max-image-preview:large, max-video-preview:-1\" \/>\n<link rel=\"canonical\" href=\"https:\/\/nabukoo.com\/nl\/product-2\/teucrium-ecaille-pastelle-lamp\/\" \/>\n<meta property=\"og:locale\" content=\"nl_BE\" \/>\n<meta property=\"og:type\" content=\"article\" \/>\n<meta property=\"og:title\" content=\"Lampe Teucrium \u00e9caille pastelle - Nabukoo\" \/>\n<meta property=\"og:description\" content=\"Cette lampe inspir\u00e9e de l\u2019origami a \u00e9t\u00e9 cr\u00e9e en utilisant la meilleure qualit\u00e9 du papier certifi\u00e9 FSC.  La lampe est faite \u00e0 la main avec beaucoup de pr\u00e9cision afin de mettre en valeur les d\u00e9tails technique de l&#039;art de l&#039;origami.  \u00a0Fabriqu\u00e9e \u00e0 la main en Belgique\" \/>\n<meta property=\"og:url\" content=\"https:\/\/nabukoo.com\/nl\/product-2\/teucrium-ecaille-pastelle-lamp\/\" \/>\n<meta property=\"og:site_name\" content=\"Nabukoo\" \/>\n<meta property=\"article:modified_time\" content=\"2023-10-05T15:07:12+00:00\" \/>\n<meta property=\"og:image\" content=\"https:\/\/nabukoo.com\/wp-content\/uploads\/Teucrium-corail-etsy.png\" \/>\n\t<meta property=\"og:image:width\" content=\"2160\" \/>\n\t<meta property=\"og:image:height\" content=\"2160\" \/>\n\t<meta property=\"og:image:type\" content=\"image\/png\" \/>\n<meta name=\"twitter:card\" content=\"summary_large_image\" \/>\n<meta name=\"twitter:label1\" content=\"Geschatte leestijd\" \/>\n\t<meta name=\"twitter:data1\" content=\"1 minuut\" \/>\n<script type=\"application\/ld+json\" class=\"yoast-schema-graph\">{\"@context\":\"https:\/\/schema.org\",\"@graph\":[{\"@type\":\"WebPage\",\"@id\":\"https:\/\/nabukoo.com\/produit\/lampe-teucrium-ecaille-pastelle\/\",\"url\":\"https:\/\/nabukoo.com\/produit\/lampe-teucrium-ecaille-pastelle\/\",\"name\":\"Lampe Teucrium \u00e9caille pastelle - Nabukoo\",\"isPartOf\":{\"@id\":\"https:\/\/nabukoo.com\/#website\"},\"primaryImageOfPage\":{\"@id\":\"https:\/\/nabukoo.com\/produit\/lampe-teucrium-ecaille-pastelle\/#primaryimage\"},\"image\":{\"@id\":\"https:\/\/nabukoo.com\/produit\/lampe-teucrium-ecaille-pastelle\/#primaryimage\"},\"thumbnailUrl\":\"https:\/\/nabukoo.com\/wp-content\/uploads\/Teucrium-corail-etsy.png\",\"datePublished\":\"2023-10-05T13:48:06+00:00\",\"dateModified\":\"2023-10-05T15:07:12+00:00\",\"breadcrumb\":{\"@id\":\"https:\/\/nabukoo.com\/produit\/lampe-teucrium-ecaille-pastelle\/#breadcrumb\"},\"inLanguage\":\"nl-BE\",\"potentialAction\":[{\"@type\":\"ReadAction\",\"target\":[\"https:\/\/nabukoo.com\/produit\/lampe-teucrium-ecaille-pastelle\/\"]}]},{\"@type\":\"ImageObject\",\"inLanguage\":\"nl-BE\",\"@id\":\"https:\/\/nabukoo.com\/produit\/lampe-teucrium-ecaille-pastelle\/#primaryimage\",\"url\":\"https:\/\/nabukoo.com\/wp-content\/uploads\/Teucrium-corail-etsy.png\",\"contentUrl\":\"https:\/\/nabukoo.com\/wp-content\/uploads\/Teucrium-corail-etsy.png\",\"width\":2160,\"height\":2160},{\"@type\":\"BreadcrumbList\",\"@id\":\"https:\/\/nabukoo.com\/produit\/lampe-teucrium-ecaille-pastelle\/#breadcrumb\",\"itemListElement\":[{\"@type\":\"ListItem\",\"position\":1,\"name\":\"Accueil\",\"item\":\"https:\/\/nabukoo.com\/\"},{\"@type\":\"ListItem\",\"position\":2,\"name\":\"Nos rayons\",\"item\":\"https:\/\/nabukoo.com\/rayons\/\"},{\"@type\":\"ListItem\",\"position\":3,\"name\":\"Lampe Teucrium \u00e9caille pastelle\"}]},{\"@type\":\"WebSite\",\"@id\":\"https:\/\/nabukoo.com\/#website\",\"url\":\"https:\/\/nabukoo.com\/\",\"name\":\"Nabukoo\",\"description\":\"Qulaity First\",\"potentialAction\":[{\"@type\":\"SearchAction\",\"target\":{\"@type\":\"EntryPoint\",\"urlTemplate\":\"https:\/\/nabukoo.com\/?s={search_term_string}\"},\"query-input\":{\"@type\":\"PropertyValueSpecification\",\"valueRequired\":true,\"valueName\":\"search_term_string\"}}],\"inLanguage\":\"nl-BE\"}]}<\/script>\n<!-- \/ Yoast SEO plugin. -->","yoast_head_json":{"title":"Lampe Teucrium \u00e9caille pastelle - Nabukoo","robots":{"index":"index","follow":"follow","max-snippet":"max-snippet:-1","max-image-preview":"max-image-preview:large","max-video-preview":"max-video-preview:-1"},"canonical":"https:\/\/nabukoo.com\/nl\/product-2\/teucrium-ecaille-pastelle-lamp\/","og_locale":"nl_BE","og_type":"article","og_title":"Lampe Teucrium \u00e9caille pastelle - Nabukoo","og_description":"Cette lampe inspir\u00e9e de l\u2019origami a \u00e9t\u00e9 cr\u00e9e en utilisant la meilleure qualit\u00e9 du papier certifi\u00e9 FSC.  La lampe est faite \u00e0 la main avec beaucoup de pr\u00e9cision afin de mettre en valeur les d\u00e9tails technique de l'art de l'origami.  \u00a0Fabriqu\u00e9e \u00e0 la main en Belgique","og_url":"https:\/\/nabukoo.com\/nl\/product-2\/teucrium-ecaille-pastelle-lamp\/","og_site_name":"Nabukoo","article_modified_time":"2023-10-05T15:07:12+00:00","og_image":[{"width":2160,"height":2160,"url":"https:\/\/nabukoo.com\/wp-content\/uploads\/Teucrium-corail-etsy.png","type":"image\/png"}],"twitter_card":"summary_large_image","twitter_misc":{"Geschatte leestijd":"1 minuut"},"schema":{"@context":"https:\/\/schema.org","@graph":[{"@type":"WebPage","@id":"https:\/\/nabukoo.com\/produit\/lampe-teucrium-ecaille-pastelle\/","url":"https:\/\/nabukoo.com\/produit\/lampe-teucrium-ecaille-pastelle\/","name":"Lampe Teucrium \u00e9caille pastelle - Nabukoo","isPartOf":{"@id":"https:\/\/nabukoo.com\/#website"},"primaryImageOfPage":{"@id":"https:\/\/nabukoo.com\/produit\/lampe-teucrium-ecaille-pastelle\/#primaryimage"},"image":{"@id":"https:\/\/nabukoo.com\/produit\/lampe-teucrium-ecaille-pastelle\/#primaryimage"},"thumbnailUrl":"https:\/\/nabukoo.com\/wp-content\/uploads\/Teucrium-corail-etsy.png","datePublished":"2023-10-05T13:48:06+00:00","dateModified":"2023-10-05T15:07:12+00:00","breadcrumb":{"@id":"https:\/\/nabukoo.com\/produit\/lampe-teucrium-ecaille-pastelle\/#breadcrumb"},"inLanguage":"nl-BE","potentialAction":[{"@type":"ReadAction","target":["https:\/\/nabukoo.com\/produit\/lampe-teucrium-ecaille-pastelle\/"]}]},{"@type":"ImageObject","inLanguage":"nl-BE","@id":"https:\/\/nabukoo.com\/produit\/lampe-teucrium-ecaille-pastelle\/#primaryimage","url":"https:\/\/nabukoo.com\/wp-content\/uploads\/Teucrium-corail-etsy.png","contentUrl":"https:\/\/nabukoo.com\/wp-content\/uploads\/Teucrium-corail-etsy.png","width":2160,"height":2160},{"@type":"BreadcrumbList","@id":"https:\/\/nabukoo.com\/produit\/lampe-teucrium-ecaille-pastelle\/#breadcrumb","itemListElement":[{"@type":"ListItem","position":1,"name":"Accueil","item":"https:\/\/nabukoo.com\/"},{"@type":"ListItem","position":2,"name":"Nos rayons","item":"https:\/\/nabukoo.com\/rayons\/"},{"@type":"ListItem","position":3,"name":"Lampe Teucrium \u00e9caille pastelle"}]},{"@type":"WebSite","@id":"https:\/\/nabukoo.com\/#website","url":"https:\/\/nabukoo.com\/","name":"Nabukoo","description":"Qulaity First","potentialAction":[{"@type":"SearchAction","target":{"@type":"EntryPoint","urlTemplate":"https:\/\/nabukoo.com\/?s={search_term_string}"},"query-input":{"@type":"PropertyValueSpecification","valueRequired":true,"valueName":"search_term_string"}}],"inLanguage":"nl-BE"}]}},"_links":{"self":[{"href":"https:\/\/nabukoo.com\/nl\/wp-json\/wp\/v2\/product\/10712"}],"collection":[{"href":"https:\/\/nabukoo.com\/nl\/wp-json\/wp\/v2\/product"}],"about":[{"href":"https:\/\/nabukoo.com\/nl\/wp-json\/wp\/v2\/types\/product"}],"replies":[{"embeddable":true,"href":"https:\/\/nabukoo.com\/nl\/wp-json\/wp\/v2\/comments?post=10712"}],"wp:featuredmedia":[{"embeddable":true,"href":"https:\/\/nabukoo.com\/nl\/wp-json\/wp\/v2\/media\/10713"}],"wp:attachment":[{"href":"https:\/\/nabukoo.com\/nl\/wp-json\/wp\/v2\/media?parent=10712"}],"wp:term":[{"taxonomy":"product_cat","embeddable":true,"href":"https:\/\/nabukoo.com\/nl\/wp-json\/wp\/v2\/product_cat?post=10712"},{"taxonomy":"product_tag","embeddable":true,"href":"https:\/\/nabukoo.com\/nl\/wp-json\/wp\/v2\/product_tag?post=10712"}],"curies":[{"name":"wp","href":"https:\/\/api.w.org\/{rel}","templated":true}]}}