{"id":10689,"date":"2023-10-03T10:48:44","date_gmt":"2023-10-03T08:48:44","guid":{"rendered":"https:\/\/nabukoo.com\/?post_type=product&#038;p=10689"},"modified":"2023-10-05T17:06:10","modified_gmt":"2023-10-05T15:06:10","slug":"farcies-tube-pastel","status":"publish","type":"product","link":"https:\/\/nabukoo.com\/nl\/product-2\/gevulde-pastelkoker\/","title":{"rendered":"Pastelle koraal tube vullingen"},"content":{"rendered":"<div class=\"_3_bl\">\n<div class=\"_5w1r _3_om _5wdf\">\n<div class=\"_4gx_\">\n<div class=\"_1aa6\">\n<div><span class=\"_5yl5\">Lampe Farcies Buis<\/span><\/div>\n<div><\/div>\n<div><span class=\"_5yl5\">Deze lamp is ontworpen als lounge lamp.<\/span><\/div>\n<div><\/div>\n<div><span class=\"_5yl5\">De vouwen en de dikte van het papier geven een zacht, warm licht dat je zal vergezellen in je leeshoek of je woonkamer zal opfleuren.<\/span><\/div>\n<div><\/div>\n<div><span class=\"_5yl5\">Van welke materialen is het gemaakt?<\/span><\/div>\n<div><\/div>\n<div><span class=\"_5yl5\">Deze lampenkap is met uiterste precisie gevouwen uit \u00e9\u00e9n vel papier. Dit papier, met zijn natuurlijke oppervlak en hoog witpunt, is gemaakt van ECF-cellulose en is ISO 9706 gecertificeerd.  De voet is voorzien van verschillende kleurrijke patronen. De basis is<br \/>\ngemaakt van gerecycled hout.<\/span><\/div>\n<div><\/div>\n<div><span class=\"_5yl5\">Welk type lamp moet ik gebruiken?<\/span><\/div>\n<div><\/div>\n<div><span class=\"_5yl5\">Deze lampen zijn alleen bedoeld voor gebruik met spaarlampen of LED-lampen.<\/span><\/div>\n<\/div>\n<\/div>\n<\/div>\n<\/div>\n<p dir=\"ltr\">Lamp (optioneel) : E27 LED<\/p>","protected":false},"excerpt":{"rendered":"<p>Deze op origami ge\u00efnspireerde lamp is gemaakt van de hoogste kwaliteit FSC-gecertificeerd papier.<\/p>\n<p>De lamp is met de hand gemaakt met grote precisie om de technische details van de origamikunst te benadrukken.<\/p>\n<p><a>\u00a0Handgemaakt in Belgi\u00eb<\/a><\/p>","protected":false},"featured_media":10721,"comment_status":"open","ping_status":"closed","template":"","meta":[],"product_cat":[139,82],"product_tag":[],"yoast_head":"<!-- This site is optimized with the Yoast SEO plugin v23.8 - https:\/\/yoast.com\/wordpress\/plugins\/seo\/ -->\n<title>Farcies tube corail Pastelle - Nabukoo<\/title>\n<meta name=\"robots\" content=\"index, follow, max-snippet:-1, max-image-preview:large, max-video-preview:-1\" \/>\n<link rel=\"canonical\" href=\"https:\/\/nabukoo.com\/nl\/product-2\/gevulde-pastelkoker\/\" \/>\n<meta property=\"og:locale\" content=\"nl_BE\" \/>\n<meta property=\"og:type\" content=\"article\" \/>\n<meta property=\"og:title\" content=\"Farcies tube corail Pastelle - Nabukoo\" \/>\n<meta property=\"og:description\" content=\"Cette lampe inspir\u00e9e de l\u2019origami a \u00e9t\u00e9 cr\u00e9e en utilisant la meilleure qualit\u00e9 du papier certifi\u00e9 FSC.  La lampe est faite \u00e0 la main avec beaucoup de pr\u00e9cision afin de mettre en valeur les d\u00e9tails technique de l&#039;art de l&#039;origami.  \u00a0Fabriqu\u00e9e \u00e0 la main en Belgique\" \/>\n<meta property=\"og:url\" content=\"https:\/\/nabukoo.com\/nl\/product-2\/gevulde-pastelkoker\/\" \/>\n<meta property=\"og:site_name\" content=\"Nabukoo\" \/>\n<meta property=\"article:modified_time\" content=\"2023-10-05T15:06:10+00:00\" \/>\n<meta property=\"og:image\" content=\"https:\/\/nabukoo.com\/wp-content\/uploads\/Farcies-corail.png\" \/>\n\t<meta property=\"og:image:width\" content=\"2160\" \/>\n\t<meta property=\"og:image:height\" content=\"2160\" \/>\n\t<meta property=\"og:image:type\" content=\"image\/png\" \/>\n<meta name=\"twitter:card\" content=\"summary_large_image\" \/>\n<meta name=\"twitter:label1\" content=\"Geschatte leestijd\" \/>\n\t<meta name=\"twitter:data1\" content=\"1 minuut\" \/>\n<script type=\"application\/ld+json\" class=\"yoast-schema-graph\">{\"@context\":\"https:\/\/schema.org\",\"@graph\":[{\"@type\":\"WebPage\",\"@id\":\"https:\/\/nabukoo.com\/produit\/farcies-tube-pastel\/\",\"url\":\"https:\/\/nabukoo.com\/produit\/farcies-tube-pastel\/\",\"name\":\"Farcies tube corail Pastelle - Nabukoo\",\"isPartOf\":{\"@id\":\"https:\/\/nabukoo.com\/#website\"},\"primaryImageOfPage\":{\"@id\":\"https:\/\/nabukoo.com\/produit\/farcies-tube-pastel\/#primaryimage\"},\"image\":{\"@id\":\"https:\/\/nabukoo.com\/produit\/farcies-tube-pastel\/#primaryimage\"},\"thumbnailUrl\":\"https:\/\/nabukoo.com\/wp-content\/uploads\/Farcies-corail.png\",\"datePublished\":\"2023-10-03T08:48:44+00:00\",\"dateModified\":\"2023-10-05T15:06:10+00:00\",\"breadcrumb\":{\"@id\":\"https:\/\/nabukoo.com\/produit\/farcies-tube-pastel\/#breadcrumb\"},\"inLanguage\":\"nl-BE\",\"potentialAction\":[{\"@type\":\"ReadAction\",\"target\":[\"https:\/\/nabukoo.com\/produit\/farcies-tube-pastel\/\"]}]},{\"@type\":\"ImageObject\",\"inLanguage\":\"nl-BE\",\"@id\":\"https:\/\/nabukoo.com\/produit\/farcies-tube-pastel\/#primaryimage\",\"url\":\"https:\/\/nabukoo.com\/wp-content\/uploads\/Farcies-corail.png\",\"contentUrl\":\"https:\/\/nabukoo.com\/wp-content\/uploads\/Farcies-corail.png\",\"width\":2160,\"height\":2160},{\"@type\":\"BreadcrumbList\",\"@id\":\"https:\/\/nabukoo.com\/produit\/farcies-tube-pastel\/#breadcrumb\",\"itemListElement\":[{\"@type\":\"ListItem\",\"position\":1,\"name\":\"Accueil\",\"item\":\"https:\/\/nabukoo.com\/\"},{\"@type\":\"ListItem\",\"position\":2,\"name\":\"Nos rayons\",\"item\":\"https:\/\/nabukoo.com\/rayons\/\"},{\"@type\":\"ListItem\",\"position\":3,\"name\":\"Farcies tube corail Pastelle\"}]},{\"@type\":\"WebSite\",\"@id\":\"https:\/\/nabukoo.com\/#website\",\"url\":\"https:\/\/nabukoo.com\/\",\"name\":\"Nabukoo\",\"description\":\"Qulaity First\",\"potentialAction\":[{\"@type\":\"SearchAction\",\"target\":{\"@type\":\"EntryPoint\",\"urlTemplate\":\"https:\/\/nabukoo.com\/?s={search_term_string}\"},\"query-input\":{\"@type\":\"PropertyValueSpecification\",\"valueRequired\":true,\"valueName\":\"search_term_string\"}}],\"inLanguage\":\"nl-BE\"}]}<\/script>\n<!-- \/ Yoast SEO plugin. -->","yoast_head_json":{"title":"Farcies tube corail Pastelle - Nabukoo","robots":{"index":"index","follow":"follow","max-snippet":"max-snippet:-1","max-image-preview":"max-image-preview:large","max-video-preview":"max-video-preview:-1"},"canonical":"https:\/\/nabukoo.com\/nl\/product-2\/gevulde-pastelkoker\/","og_locale":"nl_BE","og_type":"article","og_title":"Farcies tube corail Pastelle - Nabukoo","og_description":"Cette lampe inspir\u00e9e de l\u2019origami a \u00e9t\u00e9 cr\u00e9e en utilisant la meilleure qualit\u00e9 du papier certifi\u00e9 FSC.  La lampe est faite \u00e0 la main avec beaucoup de pr\u00e9cision afin de mettre en valeur les d\u00e9tails technique de l'art de l'origami.  \u00a0Fabriqu\u00e9e \u00e0 la main en Belgique","og_url":"https:\/\/nabukoo.com\/nl\/product-2\/gevulde-pastelkoker\/","og_site_name":"Nabukoo","article_modified_time":"2023-10-05T15:06:10+00:00","og_image":[{"width":2160,"height":2160,"url":"https:\/\/nabukoo.com\/wp-content\/uploads\/Farcies-corail.png","type":"image\/png"}],"twitter_card":"summary_large_image","twitter_misc":{"Geschatte leestijd":"1 minuut"},"schema":{"@context":"https:\/\/schema.org","@graph":[{"@type":"WebPage","@id":"https:\/\/nabukoo.com\/produit\/farcies-tube-pastel\/","url":"https:\/\/nabukoo.com\/produit\/farcies-tube-pastel\/","name":"Farcies tube corail Pastelle - Nabukoo","isPartOf":{"@id":"https:\/\/nabukoo.com\/#website"},"primaryImageOfPage":{"@id":"https:\/\/nabukoo.com\/produit\/farcies-tube-pastel\/#primaryimage"},"image":{"@id":"https:\/\/nabukoo.com\/produit\/farcies-tube-pastel\/#primaryimage"},"thumbnailUrl":"https:\/\/nabukoo.com\/wp-content\/uploads\/Farcies-corail.png","datePublished":"2023-10-03T08:48:44+00:00","dateModified":"2023-10-05T15:06:10+00:00","breadcrumb":{"@id":"https:\/\/nabukoo.com\/produit\/farcies-tube-pastel\/#breadcrumb"},"inLanguage":"nl-BE","potentialAction":[{"@type":"ReadAction","target":["https:\/\/nabukoo.com\/produit\/farcies-tube-pastel\/"]}]},{"@type":"ImageObject","inLanguage":"nl-BE","@id":"https:\/\/nabukoo.com\/produit\/farcies-tube-pastel\/#primaryimage","url":"https:\/\/nabukoo.com\/wp-content\/uploads\/Farcies-corail.png","contentUrl":"https:\/\/nabukoo.com\/wp-content\/uploads\/Farcies-corail.png","width":2160,"height":2160},{"@type":"BreadcrumbList","@id":"https:\/\/nabukoo.com\/produit\/farcies-tube-pastel\/#breadcrumb","itemListElement":[{"@type":"ListItem","position":1,"name":"Accueil","item":"https:\/\/nabukoo.com\/"},{"@type":"ListItem","position":2,"name":"Nos rayons","item":"https:\/\/nabukoo.com\/rayons\/"},{"@type":"ListItem","position":3,"name":"Farcies tube corail Pastelle"}]},{"@type":"WebSite","@id":"https:\/\/nabukoo.com\/#website","url":"https:\/\/nabukoo.com\/","name":"Nabukoo","description":"Qulaity First","potentialAction":[{"@type":"SearchAction","target":{"@type":"EntryPoint","urlTemplate":"https:\/\/nabukoo.com\/?s={search_term_string}"},"query-input":{"@type":"PropertyValueSpecification","valueRequired":true,"valueName":"search_term_string"}}],"inLanguage":"nl-BE"}]}},"_links":{"self":[{"href":"https:\/\/nabukoo.com\/nl\/wp-json\/wp\/v2\/product\/10689"}],"collection":[{"href":"https:\/\/nabukoo.com\/nl\/wp-json\/wp\/v2\/product"}],"about":[{"href":"https:\/\/nabukoo.com\/nl\/wp-json\/wp\/v2\/types\/product"}],"replies":[{"embeddable":true,"href":"https:\/\/nabukoo.com\/nl\/wp-json\/wp\/v2\/comments?post=10689"}],"wp:featuredmedia":[{"embeddable":true,"href":"https:\/\/nabukoo.com\/nl\/wp-json\/wp\/v2\/media\/10721"}],"wp:attachment":[{"href":"https:\/\/nabukoo.com\/nl\/wp-json\/wp\/v2\/media?parent=10689"}],"wp:term":[{"taxonomy":"product_cat","embeddable":true,"href":"https:\/\/nabukoo.com\/nl\/wp-json\/wp\/v2\/product_cat?post=10689"},{"taxonomy":"product_tag","embeddable":true,"href":"https:\/\/nabukoo.com\/nl\/wp-json\/wp\/v2\/product_tag?post=10689"}],"curies":[{"name":"wp","href":"https:\/\/api.w.org\/{rel}","templated":true}]}}