{"id":10390,"date":"2023-07-11T14:41:15","date_gmt":"2023-07-11T12:41:15","guid":{"rendered":"https:\/\/nabukoo.com\/produit\/zenivits-60-gelules-vegetales-pullulan\/"},"modified":"2023-07-17T14:58:15","modified_gmt":"2023-07-17T12:58:15","slug":"zenivits-60-gelules-vegetales-pullulan","status":"publish","type":"product","link":"https:\/\/nabukoo.com\/nl\/product-2\/zenivits-60-vegetal-capsules-pullulan\/","title":{"rendered":"Zenivits - 60 pullulan vegetarische capsules"},"content":{"rendered":"<p><span style=\"text-decoration: underline\"><strong><span style=\"letter-spacing: 0.6px\">Gezondheidsclaims<\/span><\/strong><\/span><\/p>\n<p><span style=\"letter-spacing: 0.1px\">\u221a Vitamine B1, B6 en B12 helpen bij het behouden van een normale psychologische functie en zink draagt bij aan een normale cognitieve functie;<\/span><\/p>\n<p><span style=\"letter-spacing: 0.1px\">\u221a Saffraan bevordert ontspanning en geestelijk en lichamelijk welzijn. Ashwagandha helpt het lichaam om te gaan met stress.<\/span><\/p>\n<p><span style=\"text-decoration: underline\"><strong><span style=\"letter-spacing: 0.6px\">Voordelen van de formule<\/span> <\/strong><\/span><\/p>\n<p><span style=\"letter-spacing: 0.1px\">\u221a Saffraan rijk aan safranal (3%) en crocines (7,5%);<\/span><\/p>\n<p><span style=\"letter-spacing: 0.1px\">\u221a Ashwagandha-extract (SHODEN\u00ae) ondersteund door wetenschappelijke studies;\u00a0<\/span><\/p>\n<p><span style=\"letter-spacing: 0.1px\">\u221a Klinische studie die de cellulaire retentie (+233%), verhoogde antioxidantbijdrage van 12% van liposomale vitamine C (PureWay-C\u2122) in vergelijking met ascorbinezuur en calciumascorbaat aantoont;<\/span><\/p>\n<p><span style=\"letter-spacing: 0.1px\">\u221a Quatrefolic\u00ae is gewijzigd door klinische studies die de significante biologische beschikbaarheid van folaten in de vorm van glucosaminezout hebben aangetoond;<\/span><\/p>\n<p><span style=\"letter-spacing: 0.1px\">\u221a Synergie van plantenextracten, vitaminen en biobeschikbare mineralen;\u00a0<\/span><\/p>\n<p><span style=\"letter-spacing: 0.1px\">\u221a Natuurlijke galenische vorm (pullulan) en hulpstof (rijstzetmeel).<\/span><\/p>\n<p><span style=\"text-decoration: underline\"><strong><span style=\"letter-spacing: 0.6px\">Aanbevelingen<\/span><\/strong><\/span><\/p>\n<p><span style=\"letter-spacing: 0.1px\">Dit voedingssupplement is geen vervanging voor een gevarieerde en evenwichtige voeding en een gezonde levensstijl en is geen geneesmiddel. Vertel het uw arts en\/of apotheker als u tegelijkertijd antistollingsmiddelen gebruikt. Het gebruik moet beperkt worden tot enkele weken\/maand. Niet aanbevolen voor zwangere vrouwen. Als je gelijktijdig chemische antidepressiva neemt, raad ik je aan je arts te raadplegen. Volgens gezondheidsinstanties wordt het niet aanbevolen voor kinderen onder de 12 jaar. Buiten bereik van kinderen bewaren. Koel en droog bewaren. De aangegeven dosering niet overschrijden.\u00a0<\/span><\/p>","protected":false},"excerpt":{"rendered":"<p><span style=\"letter-spacing: 0.1px\">Gestresst? <b>Zenivits<\/b> is een specifiek complex dat bioactieve stoffen bevat, waaronder een saffraanextract getitreerd tot 3% in safranal en 7,5% in crocines, een gepatenteerd ashwagandha-extract \"Shoden<sup>\u00ae<\/sup>\"Getitreerd met 35% metanalo\u00efden, gecombineerd met extracten van L-theanine en horehound. De toevoeging van zinkcitraat en B-vitaminen versterkt de cognitieve functie en helpt bij het behouden van een normale psychologische functie.<\/span><\/p>","protected":false},"featured_media":10389,"comment_status":"open","ping_status":"closed","template":"","meta":[],"product_cat":[118,116,81],"product_tag":[],"yoast_head":"<!-- This site is optimized with the Yoast SEO plugin v23.8 - https:\/\/yoast.com\/wordpress\/plugins\/seo\/ -->\n<title>Zenivits - 60 g\u00e9lules v\u00e9g\u00e9tales pullulan - Nabukoo<\/title>\n<meta name=\"robots\" content=\"index, follow, max-snippet:-1, max-image-preview:large, max-video-preview:-1\" \/>\n<link rel=\"canonical\" href=\"https:\/\/nabukoo.com\/nl\/product-2\/zenivits-60-vegetal-capsules-pullulan\/\" \/>\n<meta property=\"og:locale\" content=\"nl_BE\" \/>\n<meta property=\"og:type\" content=\"article\" \/>\n<meta property=\"og:title\" content=\"Zenivits - 60 g\u00e9lules v\u00e9g\u00e9tales pullulan - Nabukoo\" \/>\n<meta property=\"og:description\" content=\"Stress\u00e9.e ? Zenivits est un complexe sp\u00e9cifique contenant des bioactifs dont un extrait de safran titr\u00e9 \u00e0 3% en safranal et 7,5% en crocines, un extrait brevet\u00e9 d\u2019ashwagandha \u00abShoden\u00ae\u00bb titr\u00e9 en \u00e0 35% withanalo\u00efdes, combin\u00e9s \u00e0 des extraits de L-th\u00e9anine et de ballote. L\u2019ajout de citrate de zinc et de vitamines B renforcent le bon fonctionnement cognitif et le maintien de fonctions psychologiques normales.\" \/>\n<meta property=\"og:url\" content=\"https:\/\/nabukoo.com\/nl\/product-2\/zenivits-60-vegetal-capsules-pullulan\/\" \/>\n<meta property=\"og:site_name\" content=\"Nabukoo\" \/>\n<meta property=\"article:modified_time\" content=\"2023-07-17T12:58:15+00:00\" \/>\n<meta property=\"og:image\" content=\"https:\/\/nabukoo.com\/wp-content\/uploads\/Zenivits_60-LEPIVITS.jpg-scaled.jpg\" \/>\n\t<meta property=\"og:image:width\" content=\"2560\" \/>\n\t<meta property=\"og:image:height\" content=\"2560\" \/>\n\t<meta property=\"og:image:type\" content=\"image\/jpeg\" \/>\n<meta name=\"twitter:card\" content=\"summary_large_image\" \/>\n<meta name=\"twitter:label1\" content=\"Geschatte leestijd\" \/>\n\t<meta name=\"twitter:data1\" content=\"1 minuut\" \/>\n<script type=\"application\/ld+json\" class=\"yoast-schema-graph\">{\"@context\":\"https:\/\/schema.org\",\"@graph\":[{\"@type\":\"WebPage\",\"@id\":\"https:\/\/nabukoo.com\/produit\/zenivits-60-gelules-vegetales-pullulan\/\",\"url\":\"https:\/\/nabukoo.com\/produit\/zenivits-60-gelules-vegetales-pullulan\/\",\"name\":\"Zenivits - 60 g\u00e9lules v\u00e9g\u00e9tales pullulan - Nabukoo\",\"isPartOf\":{\"@id\":\"https:\/\/nabukoo.com\/#website\"},\"primaryImageOfPage\":{\"@id\":\"https:\/\/nabukoo.com\/produit\/zenivits-60-gelules-vegetales-pullulan\/#primaryimage\"},\"image\":{\"@id\":\"https:\/\/nabukoo.com\/produit\/zenivits-60-gelules-vegetales-pullulan\/#primaryimage\"},\"thumbnailUrl\":\"https:\/\/nabukoo.com\/wp-content\/uploads\/Zenivits_60-LEPIVITS.jpg-scaled.jpg\",\"datePublished\":\"2023-07-11T12:41:15+00:00\",\"dateModified\":\"2023-07-17T12:58:15+00:00\",\"breadcrumb\":{\"@id\":\"https:\/\/nabukoo.com\/produit\/zenivits-60-gelules-vegetales-pullulan\/#breadcrumb\"},\"inLanguage\":\"nl-BE\",\"potentialAction\":[{\"@type\":\"ReadAction\",\"target\":[\"https:\/\/nabukoo.com\/produit\/zenivits-60-gelules-vegetales-pullulan\/\"]}]},{\"@type\":\"ImageObject\",\"inLanguage\":\"nl-BE\",\"@id\":\"https:\/\/nabukoo.com\/produit\/zenivits-60-gelules-vegetales-pullulan\/#primaryimage\",\"url\":\"https:\/\/nabukoo.com\/wp-content\/uploads\/Zenivits_60-LEPIVITS.jpg-scaled.jpg\",\"contentUrl\":\"https:\/\/nabukoo.com\/wp-content\/uploads\/Zenivits_60-LEPIVITS.jpg-scaled.jpg\",\"width\":2560,\"height\":2560},{\"@type\":\"BreadcrumbList\",\"@id\":\"https:\/\/nabukoo.com\/produit\/zenivits-60-gelules-vegetales-pullulan\/#breadcrumb\",\"itemListElement\":[{\"@type\":\"ListItem\",\"position\":1,\"name\":\"Accueil\",\"item\":\"https:\/\/nabukoo.com\/\"},{\"@type\":\"ListItem\",\"position\":2,\"name\":\"Nos rayons\",\"item\":\"https:\/\/nabukoo.com\/rayons\/\"},{\"@type\":\"ListItem\",\"position\":3,\"name\":\"Zenivits &#8211; 60 g\u00e9lules v\u00e9g\u00e9tales pullulan\"}]},{\"@type\":\"WebSite\",\"@id\":\"https:\/\/nabukoo.com\/#website\",\"url\":\"https:\/\/nabukoo.com\/\",\"name\":\"Nabukoo\",\"description\":\"Qulaity First\",\"potentialAction\":[{\"@type\":\"SearchAction\",\"target\":{\"@type\":\"EntryPoint\",\"urlTemplate\":\"https:\/\/nabukoo.com\/?s={search_term_string}\"},\"query-input\":{\"@type\":\"PropertyValueSpecification\",\"valueRequired\":true,\"valueName\":\"search_term_string\"}}],\"inLanguage\":\"nl-BE\"}]}<\/script>\n<!-- \/ Yoast SEO plugin. -->","yoast_head_json":{"title":"Zenivits - 60 g\u00e9lules v\u00e9g\u00e9tales pullulan - Nabukoo","robots":{"index":"index","follow":"follow","max-snippet":"max-snippet:-1","max-image-preview":"max-image-preview:large","max-video-preview":"max-video-preview:-1"},"canonical":"https:\/\/nabukoo.com\/nl\/product-2\/zenivits-60-vegetal-capsules-pullulan\/","og_locale":"nl_BE","og_type":"article","og_title":"Zenivits - 60 g\u00e9lules v\u00e9g\u00e9tales pullulan - Nabukoo","og_description":"Stress\u00e9.e ? Zenivits est un complexe sp\u00e9cifique contenant des bioactifs dont un extrait de safran titr\u00e9 \u00e0 3% en safranal et 7,5% en crocines, un extrait brevet\u00e9 d\u2019ashwagandha \u00abShoden\u00ae\u00bb titr\u00e9 en \u00e0 35% withanalo\u00efdes, combin\u00e9s \u00e0 des extraits de L-th\u00e9anine et de ballote. L\u2019ajout de citrate de zinc et de vitamines B renforcent le bon fonctionnement cognitif et le maintien de fonctions psychologiques normales.","og_url":"https:\/\/nabukoo.com\/nl\/product-2\/zenivits-60-vegetal-capsules-pullulan\/","og_site_name":"Nabukoo","article_modified_time":"2023-07-17T12:58:15+00:00","og_image":[{"width":2560,"height":2560,"url":"https:\/\/nabukoo.com\/wp-content\/uploads\/Zenivits_60-LEPIVITS.jpg-scaled.jpg","type":"image\/jpeg"}],"twitter_card":"summary_large_image","twitter_misc":{"Geschatte leestijd":"1 minuut"},"schema":{"@context":"https:\/\/schema.org","@graph":[{"@type":"WebPage","@id":"https:\/\/nabukoo.com\/produit\/zenivits-60-gelules-vegetales-pullulan\/","url":"https:\/\/nabukoo.com\/produit\/zenivits-60-gelules-vegetales-pullulan\/","name":"Zenivits - 60 g\u00e9lules v\u00e9g\u00e9tales pullulan - Nabukoo","isPartOf":{"@id":"https:\/\/nabukoo.com\/#website"},"primaryImageOfPage":{"@id":"https:\/\/nabukoo.com\/produit\/zenivits-60-gelules-vegetales-pullulan\/#primaryimage"},"image":{"@id":"https:\/\/nabukoo.com\/produit\/zenivits-60-gelules-vegetales-pullulan\/#primaryimage"},"thumbnailUrl":"https:\/\/nabukoo.com\/wp-content\/uploads\/Zenivits_60-LEPIVITS.jpg-scaled.jpg","datePublished":"2023-07-11T12:41:15+00:00","dateModified":"2023-07-17T12:58:15+00:00","breadcrumb":{"@id":"https:\/\/nabukoo.com\/produit\/zenivits-60-gelules-vegetales-pullulan\/#breadcrumb"},"inLanguage":"nl-BE","potentialAction":[{"@type":"ReadAction","target":["https:\/\/nabukoo.com\/produit\/zenivits-60-gelules-vegetales-pullulan\/"]}]},{"@type":"ImageObject","inLanguage":"nl-BE","@id":"https:\/\/nabukoo.com\/produit\/zenivits-60-gelules-vegetales-pullulan\/#primaryimage","url":"https:\/\/nabukoo.com\/wp-content\/uploads\/Zenivits_60-LEPIVITS.jpg-scaled.jpg","contentUrl":"https:\/\/nabukoo.com\/wp-content\/uploads\/Zenivits_60-LEPIVITS.jpg-scaled.jpg","width":2560,"height":2560},{"@type":"BreadcrumbList","@id":"https:\/\/nabukoo.com\/produit\/zenivits-60-gelules-vegetales-pullulan\/#breadcrumb","itemListElement":[{"@type":"ListItem","position":1,"name":"Accueil","item":"https:\/\/nabukoo.com\/"},{"@type":"ListItem","position":2,"name":"Nos rayons","item":"https:\/\/nabukoo.com\/rayons\/"},{"@type":"ListItem","position":3,"name":"Zenivits &#8211; 60 g\u00e9lules v\u00e9g\u00e9tales pullulan"}]},{"@type":"WebSite","@id":"https:\/\/nabukoo.com\/#website","url":"https:\/\/nabukoo.com\/","name":"Nabukoo","description":"Qulaity First","potentialAction":[{"@type":"SearchAction","target":{"@type":"EntryPoint","urlTemplate":"https:\/\/nabukoo.com\/?s={search_term_string}"},"query-input":{"@type":"PropertyValueSpecification","valueRequired":true,"valueName":"search_term_string"}}],"inLanguage":"nl-BE"}]}},"_links":{"self":[{"href":"https:\/\/nabukoo.com\/nl\/wp-json\/wp\/v2\/product\/10390"}],"collection":[{"href":"https:\/\/nabukoo.com\/nl\/wp-json\/wp\/v2\/product"}],"about":[{"href":"https:\/\/nabukoo.com\/nl\/wp-json\/wp\/v2\/types\/product"}],"replies":[{"embeddable":true,"href":"https:\/\/nabukoo.com\/nl\/wp-json\/wp\/v2\/comments?post=10390"}],"wp:featuredmedia":[{"embeddable":true,"href":"https:\/\/nabukoo.com\/nl\/wp-json\/wp\/v2\/media\/10389"}],"wp:attachment":[{"href":"https:\/\/nabukoo.com\/nl\/wp-json\/wp\/v2\/media?parent=10390"}],"wp:term":[{"taxonomy":"product_cat","embeddable":true,"href":"https:\/\/nabukoo.com\/nl\/wp-json\/wp\/v2\/product_cat?post=10390"},{"taxonomy":"product_tag","embeddable":true,"href":"https:\/\/nabukoo.com\/nl\/wp-json\/wp\/v2\/product_tag?post=10390"}],"curies":[{"name":"wp","href":"https:\/\/api.w.org\/{rel}","templated":true}]}}