{"id":10386,"date":"2023-07-11T14:39:58","date_gmt":"2023-07-11T12:39:58","guid":{"rendered":"https:\/\/nabukoo.com\/produit\/osteovits-60-gelules-vegetales-pullulan\/"},"modified":"2023-07-17T14:58:15","modified_gmt":"2023-07-17T12:58:15","slug":"osteovits-60-gelules-vegetales-pullulan","status":"publish","type":"product","link":"https:\/\/nabukoo.com\/nl\/product-2\/osteovits-60-vegetal-jellies-pullulan\/","title":{"rendered":"Osteovits - 60 pullulan vegetarische capsules"},"content":{"rendered":"<p><span style=\"text-decoration: underline\"><strong><span style=\"letter-spacing: 0.6px\">Gezondheidsclaims<\/span><\/strong><\/span><\/p>\n<p><span style=\"letter-spacing: 0.1px\">\u221a Vitamine D en K en calcium, magnesium en zink helpen bij het behouden van een normale botstructuur;<\/span><\/p>\n<p><span style=\"letter-spacing: 0.1px\">\u221a Vitamine C draagt bij aan de normale vorming van collageen voor een normale botfunctie;<\/span><\/p>\n<p><span style=\"letter-spacing: 0.1px\">\u221a Vitamine B6 draagt bij aan een normaal eiwitmetabolisme;<\/span><\/p>\n<p><span style=\"letter-spacing: 0.1px\">\u221a Vitamine D en magnesium, calcium en zink helpen bij het behouden van een normale spierfunctie.<\/span><\/p>\n<p><span style=\"text-decoration: underline\"><strong><span style=\"letter-spacing: 0.6px\">Voordelen van de formule<\/span><\/strong><\/span><\/p>\n<p><span style=\"letter-spacing: 0.1px\">\u221a Vitamine- en mineralenformule zonder ijzer of koper om oxidatieve reacties in de aanwezigheid van vitamine C te voorkomen;<\/span><\/p>\n<p><span style=\"letter-spacing: 0.1px\">\u221a Klinische studie die de cellulaire retentie (+233%), verhoogde antioxidantbijdrage van 12% van liposomale vitamine C (PureWay-C\u2122) in vergelijking met ascorbinezuur en calciumascorbaat aantoont;<\/span><\/p>\n<p><span style=\"letter-spacing: 0.1px\">\u221a Biobeschikbaar calcium, magnesium en zink citraatzouten;<\/span><\/p>\n<p><span style=\"letter-spacing: 0.1px;color: #273582\">\u221a <\/span>Actieve vormen van vitamine D en K (cholecalciferol - menachinon) en B6;<\/p>\n<p><span style=\"letter-spacing: 0.1px\">\u221a Natuurlijke galenische vorm (pullulan) en hulpstof (rijstzetmeel).<\/span><\/p>\n<p><span style=\"text-decoration: underline\"><strong><span style=\"letter-spacing: 0.6px\">Aanbevelingen<\/span><\/strong><\/span><\/p>\n<p><span style=\"letter-spacing: 0.1px\">Voedingssupplement, kan een gevarieerde en evenwichtige voeding niet vervangen. Te nemen als onderdeel van een gezonde levensstijl. Alleen voor volwassenen. Niet geschikt voor kinderen, adolescenten, zwangere vrouwen of vrouwen die borstvoeding geven. Niet geschikt voor mensen die cumarine-anticoagulantia innemen. Het gebruik moet beperkt worden tot enkele weken\/maand. Buiten bereik van kinderen bewaren. Bewaren bij kamertemperatuur op een droge plaats. De aanbevolen dagelijkse dosis niet overschrijden.<\/span><\/p>","protected":false},"excerpt":{"rendered":"<p><span style=\"letter-spacing: 0.1px\">Broze botten? L'<strong>Osteovits<\/strong> bevat biobeschikbare minerale zouten zoals calcium, magnesium en zink, die bijdragen aan het behoud van een normale botstructuur. Vitaminen B6, C, D en K optimaliseren de samenstelling.<\/span><\/p>","protected":false},"featured_media":10385,"comment_status":"open","ping_status":"closed","template":"","meta":[],"product_cat":[116,81],"product_tag":[],"yoast_head":"<!-- This site is optimized with the Yoast SEO plugin v23.8 - https:\/\/yoast.com\/wordpress\/plugins\/seo\/ -->\n<title>Osteovits - 60 g\u00e9lules v\u00e9g\u00e9tales pullulan - Nabukoo<\/title>\n<meta name=\"robots\" content=\"index, follow, max-snippet:-1, max-image-preview:large, max-video-preview:-1\" \/>\n<link rel=\"canonical\" href=\"https:\/\/nabukoo.com\/nl\/product-2\/osteovits-60-vegetal-jellies-pullulan\/\" \/>\n<meta property=\"og:locale\" content=\"nl_BE\" \/>\n<meta property=\"og:type\" content=\"article\" \/>\n<meta property=\"og:title\" content=\"Osteovits - 60 g\u00e9lules v\u00e9g\u00e9tales pullulan - Nabukoo\" \/>\n<meta property=\"og:description\" content=\"Fragilit\u00e9 osseuse ? L\u2019Osteovits contenant des sels de min\u00e9raux biodisponibles tels que le calcium, le magn\u00e9sium et le zinc qui contribuent au maintien d\u2019une ossature normale. Les vitamines B6, C, D et K optimisent la formulation.\" \/>\n<meta property=\"og:url\" content=\"https:\/\/nabukoo.com\/nl\/product-2\/osteovits-60-vegetal-jellies-pullulan\/\" \/>\n<meta property=\"og:site_name\" content=\"Nabukoo\" \/>\n<meta property=\"article:modified_time\" content=\"2023-07-17T12:58:15+00:00\" \/>\n<meta property=\"og:image\" content=\"https:\/\/nabukoo.com\/wp-content\/uploads\/Osteovits_60-gelules-LEPIVITS-scaled.jpg\" \/>\n\t<meta property=\"og:image:width\" content=\"2560\" \/>\n\t<meta property=\"og:image:height\" content=\"2560\" \/>\n\t<meta property=\"og:image:type\" content=\"image\/jpeg\" \/>\n<meta name=\"twitter:card\" content=\"summary_large_image\" \/>\n<meta name=\"twitter:label1\" content=\"Geschatte leestijd\" \/>\n\t<meta name=\"twitter:data1\" content=\"1 minuut\" \/>\n<script type=\"application\/ld+json\" class=\"yoast-schema-graph\">{\"@context\":\"https:\/\/schema.org\",\"@graph\":[{\"@type\":\"WebPage\",\"@id\":\"https:\/\/nabukoo.com\/produit\/osteovits-60-gelules-vegetales-pullulan\/\",\"url\":\"https:\/\/nabukoo.com\/produit\/osteovits-60-gelules-vegetales-pullulan\/\",\"name\":\"Osteovits - 60 g\u00e9lules v\u00e9g\u00e9tales pullulan - Nabukoo\",\"isPartOf\":{\"@id\":\"https:\/\/nabukoo.com\/#website\"},\"primaryImageOfPage\":{\"@id\":\"https:\/\/nabukoo.com\/produit\/osteovits-60-gelules-vegetales-pullulan\/#primaryimage\"},\"image\":{\"@id\":\"https:\/\/nabukoo.com\/produit\/osteovits-60-gelules-vegetales-pullulan\/#primaryimage\"},\"thumbnailUrl\":\"https:\/\/nabukoo.com\/wp-content\/uploads\/Osteovits_60-gelules-LEPIVITS-scaled.jpg\",\"datePublished\":\"2023-07-11T12:39:58+00:00\",\"dateModified\":\"2023-07-17T12:58:15+00:00\",\"breadcrumb\":{\"@id\":\"https:\/\/nabukoo.com\/produit\/osteovits-60-gelules-vegetales-pullulan\/#breadcrumb\"},\"inLanguage\":\"nl-BE\",\"potentialAction\":[{\"@type\":\"ReadAction\",\"target\":[\"https:\/\/nabukoo.com\/produit\/osteovits-60-gelules-vegetales-pullulan\/\"]}]},{\"@type\":\"ImageObject\",\"inLanguage\":\"nl-BE\",\"@id\":\"https:\/\/nabukoo.com\/produit\/osteovits-60-gelules-vegetales-pullulan\/#primaryimage\",\"url\":\"https:\/\/nabukoo.com\/wp-content\/uploads\/Osteovits_60-gelules-LEPIVITS-scaled.jpg\",\"contentUrl\":\"https:\/\/nabukoo.com\/wp-content\/uploads\/Osteovits_60-gelules-LEPIVITS-scaled.jpg\",\"width\":2560,\"height\":2560},{\"@type\":\"BreadcrumbList\",\"@id\":\"https:\/\/nabukoo.com\/produit\/osteovits-60-gelules-vegetales-pullulan\/#breadcrumb\",\"itemListElement\":[{\"@type\":\"ListItem\",\"position\":1,\"name\":\"Accueil\",\"item\":\"https:\/\/nabukoo.com\/\"},{\"@type\":\"ListItem\",\"position\":2,\"name\":\"Nos rayons\",\"item\":\"https:\/\/nabukoo.com\/rayons\/\"},{\"@type\":\"ListItem\",\"position\":3,\"name\":\"Osteovits &#8211; 60 g\u00e9lules v\u00e9g\u00e9tales pullulan\"}]},{\"@type\":\"WebSite\",\"@id\":\"https:\/\/nabukoo.com\/#website\",\"url\":\"https:\/\/nabukoo.com\/\",\"name\":\"Nabukoo\",\"description\":\"Qulaity First\",\"potentialAction\":[{\"@type\":\"SearchAction\",\"target\":{\"@type\":\"EntryPoint\",\"urlTemplate\":\"https:\/\/nabukoo.com\/?s={search_term_string}\"},\"query-input\":{\"@type\":\"PropertyValueSpecification\",\"valueRequired\":true,\"valueName\":\"search_term_string\"}}],\"inLanguage\":\"nl-BE\"}]}<\/script>\n<!-- \/ Yoast SEO plugin. -->","yoast_head_json":{"title":"Osteovits - 60 g\u00e9lules v\u00e9g\u00e9tales pullulan - Nabukoo","robots":{"index":"index","follow":"follow","max-snippet":"max-snippet:-1","max-image-preview":"max-image-preview:large","max-video-preview":"max-video-preview:-1"},"canonical":"https:\/\/nabukoo.com\/nl\/product-2\/osteovits-60-vegetal-jellies-pullulan\/","og_locale":"nl_BE","og_type":"article","og_title":"Osteovits - 60 g\u00e9lules v\u00e9g\u00e9tales pullulan - Nabukoo","og_description":"Fragilit\u00e9 osseuse ? L\u2019Osteovits contenant des sels de min\u00e9raux biodisponibles tels que le calcium, le magn\u00e9sium et le zinc qui contribuent au maintien d\u2019une ossature normale. Les vitamines B6, C, D et K optimisent la formulation.","og_url":"https:\/\/nabukoo.com\/nl\/product-2\/osteovits-60-vegetal-jellies-pullulan\/","og_site_name":"Nabukoo","article_modified_time":"2023-07-17T12:58:15+00:00","og_image":[{"width":2560,"height":2560,"url":"https:\/\/nabukoo.com\/wp-content\/uploads\/Osteovits_60-gelules-LEPIVITS-scaled.jpg","type":"image\/jpeg"}],"twitter_card":"summary_large_image","twitter_misc":{"Geschatte leestijd":"1 minuut"},"schema":{"@context":"https:\/\/schema.org","@graph":[{"@type":"WebPage","@id":"https:\/\/nabukoo.com\/produit\/osteovits-60-gelules-vegetales-pullulan\/","url":"https:\/\/nabukoo.com\/produit\/osteovits-60-gelules-vegetales-pullulan\/","name":"Osteovits - 60 g\u00e9lules v\u00e9g\u00e9tales pullulan - Nabukoo","isPartOf":{"@id":"https:\/\/nabukoo.com\/#website"},"primaryImageOfPage":{"@id":"https:\/\/nabukoo.com\/produit\/osteovits-60-gelules-vegetales-pullulan\/#primaryimage"},"image":{"@id":"https:\/\/nabukoo.com\/produit\/osteovits-60-gelules-vegetales-pullulan\/#primaryimage"},"thumbnailUrl":"https:\/\/nabukoo.com\/wp-content\/uploads\/Osteovits_60-gelules-LEPIVITS-scaled.jpg","datePublished":"2023-07-11T12:39:58+00:00","dateModified":"2023-07-17T12:58:15+00:00","breadcrumb":{"@id":"https:\/\/nabukoo.com\/produit\/osteovits-60-gelules-vegetales-pullulan\/#breadcrumb"},"inLanguage":"nl-BE","potentialAction":[{"@type":"ReadAction","target":["https:\/\/nabukoo.com\/produit\/osteovits-60-gelules-vegetales-pullulan\/"]}]},{"@type":"ImageObject","inLanguage":"nl-BE","@id":"https:\/\/nabukoo.com\/produit\/osteovits-60-gelules-vegetales-pullulan\/#primaryimage","url":"https:\/\/nabukoo.com\/wp-content\/uploads\/Osteovits_60-gelules-LEPIVITS-scaled.jpg","contentUrl":"https:\/\/nabukoo.com\/wp-content\/uploads\/Osteovits_60-gelules-LEPIVITS-scaled.jpg","width":2560,"height":2560},{"@type":"BreadcrumbList","@id":"https:\/\/nabukoo.com\/produit\/osteovits-60-gelules-vegetales-pullulan\/#breadcrumb","itemListElement":[{"@type":"ListItem","position":1,"name":"Accueil","item":"https:\/\/nabukoo.com\/"},{"@type":"ListItem","position":2,"name":"Nos rayons","item":"https:\/\/nabukoo.com\/rayons\/"},{"@type":"ListItem","position":3,"name":"Osteovits &#8211; 60 g\u00e9lules v\u00e9g\u00e9tales pullulan"}]},{"@type":"WebSite","@id":"https:\/\/nabukoo.com\/#website","url":"https:\/\/nabukoo.com\/","name":"Nabukoo","description":"Qulaity First","potentialAction":[{"@type":"SearchAction","target":{"@type":"EntryPoint","urlTemplate":"https:\/\/nabukoo.com\/?s={search_term_string}"},"query-input":{"@type":"PropertyValueSpecification","valueRequired":true,"valueName":"search_term_string"}}],"inLanguage":"nl-BE"}]}},"_links":{"self":[{"href":"https:\/\/nabukoo.com\/nl\/wp-json\/wp\/v2\/product\/10386"}],"collection":[{"href":"https:\/\/nabukoo.com\/nl\/wp-json\/wp\/v2\/product"}],"about":[{"href":"https:\/\/nabukoo.com\/nl\/wp-json\/wp\/v2\/types\/product"}],"replies":[{"embeddable":true,"href":"https:\/\/nabukoo.com\/nl\/wp-json\/wp\/v2\/comments?post=10386"}],"wp:featuredmedia":[{"embeddable":true,"href":"https:\/\/nabukoo.com\/nl\/wp-json\/wp\/v2\/media\/10385"}],"wp:attachment":[{"href":"https:\/\/nabukoo.com\/nl\/wp-json\/wp\/v2\/media?parent=10386"}],"wp:term":[{"taxonomy":"product_cat","embeddable":true,"href":"https:\/\/nabukoo.com\/nl\/wp-json\/wp\/v2\/product_cat?post=10386"},{"taxonomy":"product_tag","embeddable":true,"href":"https:\/\/nabukoo.com\/nl\/wp-json\/wp\/v2\/product_tag?post=10386"}],"curies":[{"name":"wp","href":"https:\/\/api.w.org\/{rel}","templated":true}]}}