{"id":10384,"date":"2023-07-11T14:39:18","date_gmt":"2023-07-11T12:39:18","guid":{"rendered":"https:\/\/nabukoo.com\/produit\/memoryvits-60-gelules-vegetales-pullulan\/"},"modified":"2023-07-17T14:58:15","modified_gmt":"2023-07-17T12:58:15","slug":"memoryvits-60-gelules-vegetales-pullulan","status":"publish","type":"product","link":"https:\/\/nabukoo.com\/nl\/product-2\/memoryvits-60-vegetal-pullulan-capsules\/","title":{"rendered":"Memoryvits - 60 pullulan vegetarische capsules"},"content":{"rendered":"<p><span style=\"text-decoration: underline\"><strong><span style=\"letter-spacing: 0.6px\">Gezondheidsclaims <\/span><\/strong><\/span><\/p>\n<p><span style=\"letter-spacing: 0.1px\">\u221a Choline, Waterhyssop en Ginkgo biloba helpen het geheugen en een goede cognitieve functie te behouden;<\/span><\/p>\n<p><span style=\"letter-spacing: 0.1px\">\u221a Zink draagt bij tot een normale eiwitsynthese en cognitieve functie;<\/span><\/p>\n<p><span style=\"letter-spacing: 0.1px\">\u221a Vitamine B1, B6, B9 en B12 helpen bij het behouden van normale psychologische functies;<\/span><\/p>\n<p><span style=\"letter-spacing: 0.1px\">\u221a Pantotheenzuur draagt bij tot normale intellectuele prestaties.<\/span><\/p>\n<p><span style=\"text-decoration: underline\"><strong><span style=\"letter-spacing: 0.6px\">Voordelen van de formule<\/span><\/strong><\/span><\/p>\n<p><span style=\"letter-spacing: 0.1px\">\u221a Gepatenteerd extract van druiven en wilde bosbessen (MEMOPHENOL\u2122), ondersteund door gerandomiseerde dubbelblinde placebogecontroleerde onderzoeken;<\/span><\/p>\n<p><span style=\"letter-spacing: 0.1px\">\u221a Waterhyposide-extract getitreerd tot 25% bacosiden;<\/span><\/p>\n<p><span style=\"letter-spacing: 0.1px\">\u221a Ginkgo biloba extract geconcentreerd tot 24% flavonolglycosiden;<\/span><\/p>\n<p><span style=\"letter-spacing: 0.1px\">\u221a Levert choline, actieve vitaminen en biobeschikbaar zink;<\/span><\/p>\n<p><span style=\"letter-spacing: 0.1px\">\u221a Natuurlijke galenische vorm (pullulan) en hulpstof (rijstzetmeel).<\/span><\/p>\n<p><span style=\"text-decoration: underline\"><strong><span style=\"letter-spacing: 0.6px\">Aanbevelingen <\/span><\/strong><\/span><\/p>\n<p><span style=\"letter-spacing: 0.1px\">Dit voedingssupplement is geen vervanging voor een gevarieerde en evenwichtige voeding en een gezonde levensstijl en is geen geneesmiddel. Raadpleeg uw arts als u tegelijkertijd antistollingsmiddelen gebruikt. Niet gebruiken tijdens zwangerschap of borstvoeding. Buiten het bereik van kinderen bewaren. Bewaren bij kamertemperatuur op een droge plaats. De aanbevolen dagelijkse dosis niet overschrijden.<\/span><\/p>","protected":false},"excerpt":{"rendered":"<p><span style=\"letter-spacing: 0.1px\">Geheugenverlies, gebrek aan concentratie? <b>Geheugenvits<\/b> is samengesteld uit een synergie van op fytonutri\u00ebnten gebaseerde actieve ingredi\u00ebnten zoals waterhyssop en Ginkgo biloba. De toevoeging van een gepatenteerd Memophenol\u2122-ingredi\u00ebnt met extracten van wilde bosbes en druif zorgt voor een uitstekende bron van polyfenolen. De wetenschappelijk bewezen biologische beschikbaarheid van Memophenol\u2122 over het hersenmembraan versterkt de werking van Memoryvits.\u00a0<\/span><\/p>","protected":false},"featured_media":10383,"comment_status":"open","ping_status":"closed","template":"","meta":[],"product_cat":[116,81],"product_tag":[],"yoast_head":"<!-- This site is optimized with the Yoast SEO plugin v23.8 - https:\/\/yoast.com\/wordpress\/plugins\/seo\/ -->\n<title>Memoryvits - 60 g\u00e9lules v\u00e9g\u00e9tales pullulan - Nabukoo<\/title>\n<meta name=\"robots\" content=\"index, follow, max-snippet:-1, max-image-preview:large, max-video-preview:-1\" \/>\n<link rel=\"canonical\" href=\"https:\/\/nabukoo.com\/nl\/product-2\/memoryvits-60-vegetal-pullulan-capsules\/\" \/>\n<meta property=\"og:locale\" content=\"nl_BE\" \/>\n<meta property=\"og:type\" content=\"article\" \/>\n<meta property=\"og:title\" content=\"Memoryvits - 60 g\u00e9lules v\u00e9g\u00e9tales pullulan - Nabukoo\" \/>\n<meta property=\"og:description\" content=\"Baisse de m\u00e9moire, manque de concentration? Memoryvits est compos\u00e9 d\u2019une synergie de principes actifs \u00e0 base de phytonutriments tels que l\u2019hysope d\u2019eau et le Ginkgo biloba. L\u2019ajout d\u2019un ingr\u00e9dient brevet\u00e9 Memophenol\u2122 contenant des extraits de bleuet sauvage et de raisins fournit une excellente source de polyph\u00e9nols. La biodisponibilit\u00e9 scientifiquement d\u00e9montr\u00e9e du Memophenol\u2122 au travers de la membrane c\u00e9r\u00e9brale renforce l\u2019action du Memoryvits.\u00a0\" \/>\n<meta property=\"og:url\" content=\"https:\/\/nabukoo.com\/nl\/product-2\/memoryvits-60-vegetal-pullulan-capsules\/\" \/>\n<meta property=\"og:site_name\" content=\"Nabukoo\" \/>\n<meta property=\"article:modified_time\" content=\"2023-07-17T12:58:15+00:00\" \/>\n<meta property=\"og:image\" content=\"https:\/\/nabukoo.com\/wp-content\/uploads\/MemoryVits_60-gelules-LEPIVITS-scaled.jpg\" \/>\n\t<meta property=\"og:image:width\" content=\"2560\" \/>\n\t<meta property=\"og:image:height\" content=\"2560\" \/>\n\t<meta property=\"og:image:type\" content=\"image\/jpeg\" \/>\n<meta name=\"twitter:card\" content=\"summary_large_image\" \/>\n<meta name=\"twitter:label1\" content=\"Geschatte leestijd\" \/>\n\t<meta name=\"twitter:data1\" content=\"1 minuut\" \/>\n<script type=\"application\/ld+json\" class=\"yoast-schema-graph\">{\"@context\":\"https:\/\/schema.org\",\"@graph\":[{\"@type\":\"WebPage\",\"@id\":\"https:\/\/nabukoo.com\/produit\/memoryvits-60-gelules-vegetales-pullulan\/\",\"url\":\"https:\/\/nabukoo.com\/produit\/memoryvits-60-gelules-vegetales-pullulan\/\",\"name\":\"Memoryvits - 60 g\u00e9lules v\u00e9g\u00e9tales pullulan - Nabukoo\",\"isPartOf\":{\"@id\":\"https:\/\/nabukoo.com\/#website\"},\"primaryImageOfPage\":{\"@id\":\"https:\/\/nabukoo.com\/produit\/memoryvits-60-gelules-vegetales-pullulan\/#primaryimage\"},\"image\":{\"@id\":\"https:\/\/nabukoo.com\/produit\/memoryvits-60-gelules-vegetales-pullulan\/#primaryimage\"},\"thumbnailUrl\":\"https:\/\/nabukoo.com\/wp-content\/uploads\/MemoryVits_60-gelules-LEPIVITS-scaled.jpg\",\"datePublished\":\"2023-07-11T12:39:18+00:00\",\"dateModified\":\"2023-07-17T12:58:15+00:00\",\"breadcrumb\":{\"@id\":\"https:\/\/nabukoo.com\/produit\/memoryvits-60-gelules-vegetales-pullulan\/#breadcrumb\"},\"inLanguage\":\"nl-BE\",\"potentialAction\":[{\"@type\":\"ReadAction\",\"target\":[\"https:\/\/nabukoo.com\/produit\/memoryvits-60-gelules-vegetales-pullulan\/\"]}]},{\"@type\":\"ImageObject\",\"inLanguage\":\"nl-BE\",\"@id\":\"https:\/\/nabukoo.com\/produit\/memoryvits-60-gelules-vegetales-pullulan\/#primaryimage\",\"url\":\"https:\/\/nabukoo.com\/wp-content\/uploads\/MemoryVits_60-gelules-LEPIVITS-scaled.jpg\",\"contentUrl\":\"https:\/\/nabukoo.com\/wp-content\/uploads\/MemoryVits_60-gelules-LEPIVITS-scaled.jpg\",\"width\":2560,\"height\":2560},{\"@type\":\"BreadcrumbList\",\"@id\":\"https:\/\/nabukoo.com\/produit\/memoryvits-60-gelules-vegetales-pullulan\/#breadcrumb\",\"itemListElement\":[{\"@type\":\"ListItem\",\"position\":1,\"name\":\"Accueil\",\"item\":\"https:\/\/nabukoo.com\/\"},{\"@type\":\"ListItem\",\"position\":2,\"name\":\"Nos rayons\",\"item\":\"https:\/\/nabukoo.com\/rayons\/\"},{\"@type\":\"ListItem\",\"position\":3,\"name\":\"Memoryvits &#8211; 60 g\u00e9lules v\u00e9g\u00e9tales pullulan\"}]},{\"@type\":\"WebSite\",\"@id\":\"https:\/\/nabukoo.com\/#website\",\"url\":\"https:\/\/nabukoo.com\/\",\"name\":\"Nabukoo\",\"description\":\"Qulaity First\",\"potentialAction\":[{\"@type\":\"SearchAction\",\"target\":{\"@type\":\"EntryPoint\",\"urlTemplate\":\"https:\/\/nabukoo.com\/?s={search_term_string}\"},\"query-input\":{\"@type\":\"PropertyValueSpecification\",\"valueRequired\":true,\"valueName\":\"search_term_string\"}}],\"inLanguage\":\"nl-BE\"}]}<\/script>\n<!-- \/ Yoast SEO plugin. -->","yoast_head_json":{"title":"Memoryvits - 60 g\u00e9lules v\u00e9g\u00e9tales pullulan - Nabukoo","robots":{"index":"index","follow":"follow","max-snippet":"max-snippet:-1","max-image-preview":"max-image-preview:large","max-video-preview":"max-video-preview:-1"},"canonical":"https:\/\/nabukoo.com\/nl\/product-2\/memoryvits-60-vegetal-pullulan-capsules\/","og_locale":"nl_BE","og_type":"article","og_title":"Memoryvits - 60 g\u00e9lules v\u00e9g\u00e9tales pullulan - Nabukoo","og_description":"Baisse de m\u00e9moire, manque de concentration? Memoryvits est compos\u00e9 d\u2019une synergie de principes actifs \u00e0 base de phytonutriments tels que l\u2019hysope d\u2019eau et le Ginkgo biloba. L\u2019ajout d\u2019un ingr\u00e9dient brevet\u00e9 Memophenol\u2122 contenant des extraits de bleuet sauvage et de raisins fournit une excellente source de polyph\u00e9nols. La biodisponibilit\u00e9 scientifiquement d\u00e9montr\u00e9e du Memophenol\u2122 au travers de la membrane c\u00e9r\u00e9brale renforce l\u2019action du Memoryvits.\u00a0","og_url":"https:\/\/nabukoo.com\/nl\/product-2\/memoryvits-60-vegetal-pullulan-capsules\/","og_site_name":"Nabukoo","article_modified_time":"2023-07-17T12:58:15+00:00","og_image":[{"width":2560,"height":2560,"url":"https:\/\/nabukoo.com\/wp-content\/uploads\/MemoryVits_60-gelules-LEPIVITS-scaled.jpg","type":"image\/jpeg"}],"twitter_card":"summary_large_image","twitter_misc":{"Geschatte leestijd":"1 minuut"},"schema":{"@context":"https:\/\/schema.org","@graph":[{"@type":"WebPage","@id":"https:\/\/nabukoo.com\/produit\/memoryvits-60-gelules-vegetales-pullulan\/","url":"https:\/\/nabukoo.com\/produit\/memoryvits-60-gelules-vegetales-pullulan\/","name":"Memoryvits - 60 g\u00e9lules v\u00e9g\u00e9tales pullulan - Nabukoo","isPartOf":{"@id":"https:\/\/nabukoo.com\/#website"},"primaryImageOfPage":{"@id":"https:\/\/nabukoo.com\/produit\/memoryvits-60-gelules-vegetales-pullulan\/#primaryimage"},"image":{"@id":"https:\/\/nabukoo.com\/produit\/memoryvits-60-gelules-vegetales-pullulan\/#primaryimage"},"thumbnailUrl":"https:\/\/nabukoo.com\/wp-content\/uploads\/MemoryVits_60-gelules-LEPIVITS-scaled.jpg","datePublished":"2023-07-11T12:39:18+00:00","dateModified":"2023-07-17T12:58:15+00:00","breadcrumb":{"@id":"https:\/\/nabukoo.com\/produit\/memoryvits-60-gelules-vegetales-pullulan\/#breadcrumb"},"inLanguage":"nl-BE","potentialAction":[{"@type":"ReadAction","target":["https:\/\/nabukoo.com\/produit\/memoryvits-60-gelules-vegetales-pullulan\/"]}]},{"@type":"ImageObject","inLanguage":"nl-BE","@id":"https:\/\/nabukoo.com\/produit\/memoryvits-60-gelules-vegetales-pullulan\/#primaryimage","url":"https:\/\/nabukoo.com\/wp-content\/uploads\/MemoryVits_60-gelules-LEPIVITS-scaled.jpg","contentUrl":"https:\/\/nabukoo.com\/wp-content\/uploads\/MemoryVits_60-gelules-LEPIVITS-scaled.jpg","width":2560,"height":2560},{"@type":"BreadcrumbList","@id":"https:\/\/nabukoo.com\/produit\/memoryvits-60-gelules-vegetales-pullulan\/#breadcrumb","itemListElement":[{"@type":"ListItem","position":1,"name":"Accueil","item":"https:\/\/nabukoo.com\/"},{"@type":"ListItem","position":2,"name":"Nos rayons","item":"https:\/\/nabukoo.com\/rayons\/"},{"@type":"ListItem","position":3,"name":"Memoryvits &#8211; 60 g\u00e9lules v\u00e9g\u00e9tales pullulan"}]},{"@type":"WebSite","@id":"https:\/\/nabukoo.com\/#website","url":"https:\/\/nabukoo.com\/","name":"Nabukoo","description":"Qulaity First","potentialAction":[{"@type":"SearchAction","target":{"@type":"EntryPoint","urlTemplate":"https:\/\/nabukoo.com\/?s={search_term_string}"},"query-input":{"@type":"PropertyValueSpecification","valueRequired":true,"valueName":"search_term_string"}}],"inLanguage":"nl-BE"}]}},"_links":{"self":[{"href":"https:\/\/nabukoo.com\/nl\/wp-json\/wp\/v2\/product\/10384"}],"collection":[{"href":"https:\/\/nabukoo.com\/nl\/wp-json\/wp\/v2\/product"}],"about":[{"href":"https:\/\/nabukoo.com\/nl\/wp-json\/wp\/v2\/types\/product"}],"replies":[{"embeddable":true,"href":"https:\/\/nabukoo.com\/nl\/wp-json\/wp\/v2\/comments?post=10384"}],"wp:featuredmedia":[{"embeddable":true,"href":"https:\/\/nabukoo.com\/nl\/wp-json\/wp\/v2\/media\/10383"}],"wp:attachment":[{"href":"https:\/\/nabukoo.com\/nl\/wp-json\/wp\/v2\/media?parent=10384"}],"wp:term":[{"taxonomy":"product_cat","embeddable":true,"href":"https:\/\/nabukoo.com\/nl\/wp-json\/wp\/v2\/product_cat?post=10384"},{"taxonomy":"product_tag","embeddable":true,"href":"https:\/\/nabukoo.com\/nl\/wp-json\/wp\/v2\/product_tag?post=10384"}],"curies":[{"name":"wp","href":"https:\/\/api.w.org\/{rel}","templated":true}]}}