{"id":10382,"date":"2023-07-11T14:38:30","date_gmt":"2023-07-11T12:38:30","guid":{"rendered":"https:\/\/nabukoo.com\/produit\/magnevits-450-gelules-vegetales-pullulan\/"},"modified":"2023-07-17T14:58:15","modified_gmt":"2023-07-17T12:58:15","slug":"magnevits-gelules-vegetales-pullulan","status":"publish","type":"product","link":"https:\/\/nabukoo.com\/nl\/product-2\/magnevits-pullulan-plantaardige-capsules\/","title":{"rendered":"Magnevits - pullulan vegetarische capsules"},"content":{"rendered":"<p><span style=\"text-decoration: underline\"><strong><span style=\"letter-spacing: 0.6px\">Gezondheidsclaims<\/span><\/strong><\/span><\/p>\n<p><span style=\"letter-spacing: 0.1px\">\u221a Magnesium en vitamine B2, B3, B5, B6, B9 en B12 helpen vermoeidheid te verminderen;<\/span><\/p>\n<p><span style=\"letter-spacing: 0.1px\">\u221a Magnesium en vitamine B1 en B5 dragen bij tot een normale spierfunctie. Magnesium draagt bij tot een normale eiwitsynthese en speelt samen met vitamine B12 een rol in het celdelingsproces. Folaten dragen bij tot een normale aminozuursynthese;<\/span><\/p>\n<p><span style=\"letter-spacing: 0.1px\">\u221a Magnesium en vitamine B1 en B5 dragen bij tot een normaal energiemetabolisme. Taurine is belangrijk voor de energiestofwisseling.<\/span><\/p>\n<p><span style=\"text-decoration: underline\"><strong><span style=\"letter-spacing: 0.6px\">Voordelen van de formule<\/span><\/strong><\/span><\/p>\n<p><span style=\"letter-spacing: 0.1px;color: #273582\">\u221a <\/span>Combinatie van 3 biologisch beschikbare magnesiumzouten;<\/p>\n<p><span style=\"letter-spacing: 0.1px;color: #273582\">\u221a <\/span>Geoptimaliseerde spijsverteringstolerantie en absorptie;<\/p>\n<p><span style=\"letter-spacing: 0.1px;color: #273582\">\u221a <\/span>Optimale concentratie van elementair magnesium;<\/p>\n<p><span style=\"letter-spacing: 0.1px;color: #273582\">\u221a<\/span>Co-enzym B-vitaminen (B1 + B6 + B9 + B12) en taurine;<\/p>\n<p><span style=\"letter-spacing: 0.1px\">\u221a Natuurlijke galenische vorm (pullulan) en hulpstof (rijstzetmeel).<\/span><\/p>\n<p><span style=\"text-decoration: underline\"><strong><span style=\"letter-spacing: 0.6px\">Aanbevelingen<\/span><\/strong><\/span><\/p>\n<p><span style=\"letter-spacing: 0.1px\">Dit voedingssupplement is geen vervanging voor een gevarieerde en evenwichtige voeding en een gezonde levensstijl en is geen geneesmiddel. Vertel het uw arts en\/of apotheker als u gelijktijdig geneesmiddelen gebruikt. Alleen voor volwassenen, niet voor kinderen. Niet geschikt voor zwangere vrouwen of vrouwen die borstvoeding geven. Buiten bereik van kinderen bewaren. Bewaren bij kamertemperatuur op een droge plaats. De aanbevolen dagelijkse dosis niet overschrijden.<\/span><\/p>","protected":false},"excerpt":{"rendered":"<p><span style=\"letter-spacing: 0.1px\">Gestrest, moe? Het is niet makkelijk om de juiste magnesium voor jou te vinden! <strong>Magnevits<\/strong> biedt 3 biologisch beschikbare magnesiumzouten van de 2e en 3e generatie, gecombineerd met alle B-vitamines en taurine. Magnesiumbisglyciante, -malaat en -citraat hebben een hoge biologische beschikbaarheid en een hoog gehalte aan elementair magnesium. Magnesiumzouten worden gecombineerd met alle B-vitamines en taurine om de absorptie en cellulaire retentie van magnesium te verbeteren.<\/span><\/p>\n<p><span style=\"letter-spacing: 0.1px\">Magnesium is het op \u00e9\u00e9n na meest voorkomende kation in cellen en is ook de co-enzymkatalysator in bijna 400 biochemische reacties die fundamenteel zijn voor de productie van energie.<\/span><\/p>","protected":false},"featured_media":10381,"comment_status":"open","ping_status":"closed","template":"","meta":[],"product_cat":[116,81],"product_tag":[],"yoast_head":"<!-- This site is optimized with the Yoast SEO plugin v23.8 - https:\/\/yoast.com\/wordpress\/plugins\/seo\/ -->\n<title>Magn\u00e9vits - g\u00e9lules v\u00e9g\u00e9tales pullulan - Nabukoo<\/title>\n<meta name=\"robots\" content=\"index, follow, max-snippet:-1, max-image-preview:large, max-video-preview:-1\" \/>\n<link rel=\"canonical\" href=\"https:\/\/nabukoo.com\/nl\/product-2\/magnevits-pullulan-plantaardige-capsules\/\" \/>\n<meta property=\"og:locale\" content=\"nl_BE\" \/>\n<meta property=\"og:type\" content=\"article\" \/>\n<meta property=\"og:title\" content=\"Magn\u00e9vits - g\u00e9lules v\u00e9g\u00e9tales pullulan - Nabukoo\" \/>\n<meta property=\"og:description\" content=\"Stress\u00e9, fatigu\u00e9 ? Pas facile de trouver le magn\u00e9sium qui vous convient ! Magn\u00e9vits propose 3 sels de magn\u00e9sium biodisponibles de 2\u00e8me et 3\u00e8me g\u00e9n\u00e9ration combin\u00e9s \u00e0 toutes les vitamines du groupe B et \u00e0 la taurine. Le bisglyciante, le malate et le citrate de magn\u00e9sium ont une biodisponibilit\u00e9 \u00e9lev\u00e9e ainsi qu\u2019une forte teneur en magn\u00e9sium \u00e9l\u00e9ment. Les sels de magn\u00e9sium sont combin\u00e9s \u00e0 toutes les vitamines du groupe B et \u00e0 la taurine, afin de renforcer l\u2019absorption ainsi que la r\u00e9tention cellulaire du magn\u00e9sium.  Le magn\u00e9sium est le deuxi\u00e8me cation le plus abondant dans les cellules et est \u00e9galement le catalyseur coenzymatique de pr\u00e8s de 400 r\u00e9actions biochimiques fondamentales \u00e0 la production d\u2019\u00e9nergie.\" \/>\n<meta property=\"og:url\" content=\"https:\/\/nabukoo.com\/nl\/product-2\/magnevits-pullulan-plantaardige-capsules\/\" \/>\n<meta property=\"og:site_name\" content=\"Nabukoo\" \/>\n<meta property=\"article:modified_time\" content=\"2023-07-17T12:58:15+00:00\" \/>\n<meta property=\"og:image\" content=\"https:\/\/nabukoo.com\/wp-content\/uploads\/Magnevits_450-LEPIVITS-scaled.jpg\" \/>\n\t<meta property=\"og:image:width\" content=\"2560\" \/>\n\t<meta property=\"og:image:height\" content=\"2560\" \/>\n\t<meta property=\"og:image:type\" content=\"image\/jpeg\" \/>\n<meta name=\"twitter:card\" content=\"summary_large_image\" \/>\n<meta name=\"twitter:label1\" content=\"Geschatte leestijd\" \/>\n\t<meta name=\"twitter:data1\" content=\"1 minuut\" \/>\n<script type=\"application\/ld+json\" class=\"yoast-schema-graph\">{\"@context\":\"https:\/\/schema.org\",\"@graph\":[{\"@type\":\"WebPage\",\"@id\":\"https:\/\/nabukoo.com\/produit\/magnevits-gelules-vegetales-pullulan\/\",\"url\":\"https:\/\/nabukoo.com\/produit\/magnevits-gelules-vegetales-pullulan\/\",\"name\":\"Magn\u00e9vits - g\u00e9lules v\u00e9g\u00e9tales pullulan - Nabukoo\",\"isPartOf\":{\"@id\":\"https:\/\/nabukoo.com\/#website\"},\"primaryImageOfPage\":{\"@id\":\"https:\/\/nabukoo.com\/produit\/magnevits-gelules-vegetales-pullulan\/#primaryimage\"},\"image\":{\"@id\":\"https:\/\/nabukoo.com\/produit\/magnevits-gelules-vegetales-pullulan\/#primaryimage\"},\"thumbnailUrl\":\"https:\/\/nabukoo.com\/wp-content\/uploads\/Magnevits_450-LEPIVITS-scaled.jpg\",\"datePublished\":\"2023-07-11T12:38:30+00:00\",\"dateModified\":\"2023-07-17T12:58:15+00:00\",\"breadcrumb\":{\"@id\":\"https:\/\/nabukoo.com\/produit\/magnevits-gelules-vegetales-pullulan\/#breadcrumb\"},\"inLanguage\":\"nl-BE\",\"potentialAction\":[{\"@type\":\"ReadAction\",\"target\":[\"https:\/\/nabukoo.com\/produit\/magnevits-gelules-vegetales-pullulan\/\"]}]},{\"@type\":\"ImageObject\",\"inLanguage\":\"nl-BE\",\"@id\":\"https:\/\/nabukoo.com\/produit\/magnevits-gelules-vegetales-pullulan\/#primaryimage\",\"url\":\"https:\/\/nabukoo.com\/wp-content\/uploads\/Magnevits_450-LEPIVITS-scaled.jpg\",\"contentUrl\":\"https:\/\/nabukoo.com\/wp-content\/uploads\/Magnevits_450-LEPIVITS-scaled.jpg\",\"width\":2560,\"height\":2560},{\"@type\":\"BreadcrumbList\",\"@id\":\"https:\/\/nabukoo.com\/produit\/magnevits-gelules-vegetales-pullulan\/#breadcrumb\",\"itemListElement\":[{\"@type\":\"ListItem\",\"position\":1,\"name\":\"Accueil\",\"item\":\"https:\/\/nabukoo.com\/\"},{\"@type\":\"ListItem\",\"position\":2,\"name\":\"Nos rayons\",\"item\":\"https:\/\/nabukoo.com\/rayons\/\"},{\"@type\":\"ListItem\",\"position\":3,\"name\":\"Magn\u00e9vits &#8211; g\u00e9lules v\u00e9g\u00e9tales pullulan\"}]},{\"@type\":\"WebSite\",\"@id\":\"https:\/\/nabukoo.com\/#website\",\"url\":\"https:\/\/nabukoo.com\/\",\"name\":\"Nabukoo\",\"description\":\"Qulaity First\",\"potentialAction\":[{\"@type\":\"SearchAction\",\"target\":{\"@type\":\"EntryPoint\",\"urlTemplate\":\"https:\/\/nabukoo.com\/?s={search_term_string}\"},\"query-input\":{\"@type\":\"PropertyValueSpecification\",\"valueRequired\":true,\"valueName\":\"search_term_string\"}}],\"inLanguage\":\"nl-BE\"}]}<\/script>\n<!-- \/ Yoast SEO plugin. -->","yoast_head_json":{"title":"Magn\u00e9vits - g\u00e9lules v\u00e9g\u00e9tales pullulan - Nabukoo","robots":{"index":"index","follow":"follow","max-snippet":"max-snippet:-1","max-image-preview":"max-image-preview:large","max-video-preview":"max-video-preview:-1"},"canonical":"https:\/\/nabukoo.com\/nl\/product-2\/magnevits-pullulan-plantaardige-capsules\/","og_locale":"nl_BE","og_type":"article","og_title":"Magn\u00e9vits - g\u00e9lules v\u00e9g\u00e9tales pullulan - Nabukoo","og_description":"Stress\u00e9, fatigu\u00e9 ? Pas facile de trouver le magn\u00e9sium qui vous convient ! Magn\u00e9vits propose 3 sels de magn\u00e9sium biodisponibles de 2\u00e8me et 3\u00e8me g\u00e9n\u00e9ration combin\u00e9s \u00e0 toutes les vitamines du groupe B et \u00e0 la taurine. Le bisglyciante, le malate et le citrate de magn\u00e9sium ont une biodisponibilit\u00e9 \u00e9lev\u00e9e ainsi qu\u2019une forte teneur en magn\u00e9sium \u00e9l\u00e9ment. Les sels de magn\u00e9sium sont combin\u00e9s \u00e0 toutes les vitamines du groupe B et \u00e0 la taurine, afin de renforcer l\u2019absorption ainsi que la r\u00e9tention cellulaire du magn\u00e9sium.  Le magn\u00e9sium est le deuxi\u00e8me cation le plus abondant dans les cellules et est \u00e9galement le catalyseur coenzymatique de pr\u00e8s de 400 r\u00e9actions biochimiques fondamentales \u00e0 la production d\u2019\u00e9nergie.","og_url":"https:\/\/nabukoo.com\/nl\/product-2\/magnevits-pullulan-plantaardige-capsules\/","og_site_name":"Nabukoo","article_modified_time":"2023-07-17T12:58:15+00:00","og_image":[{"width":2560,"height":2560,"url":"https:\/\/nabukoo.com\/wp-content\/uploads\/Magnevits_450-LEPIVITS-scaled.jpg","type":"image\/jpeg"}],"twitter_card":"summary_large_image","twitter_misc":{"Geschatte leestijd":"1 minuut"},"schema":{"@context":"https:\/\/schema.org","@graph":[{"@type":"WebPage","@id":"https:\/\/nabukoo.com\/produit\/magnevits-gelules-vegetales-pullulan\/","url":"https:\/\/nabukoo.com\/produit\/magnevits-gelules-vegetales-pullulan\/","name":"Magn\u00e9vits - g\u00e9lules v\u00e9g\u00e9tales pullulan - Nabukoo","isPartOf":{"@id":"https:\/\/nabukoo.com\/#website"},"primaryImageOfPage":{"@id":"https:\/\/nabukoo.com\/produit\/magnevits-gelules-vegetales-pullulan\/#primaryimage"},"image":{"@id":"https:\/\/nabukoo.com\/produit\/magnevits-gelules-vegetales-pullulan\/#primaryimage"},"thumbnailUrl":"https:\/\/nabukoo.com\/wp-content\/uploads\/Magnevits_450-LEPIVITS-scaled.jpg","datePublished":"2023-07-11T12:38:30+00:00","dateModified":"2023-07-17T12:58:15+00:00","breadcrumb":{"@id":"https:\/\/nabukoo.com\/produit\/magnevits-gelules-vegetales-pullulan\/#breadcrumb"},"inLanguage":"nl-BE","potentialAction":[{"@type":"ReadAction","target":["https:\/\/nabukoo.com\/produit\/magnevits-gelules-vegetales-pullulan\/"]}]},{"@type":"ImageObject","inLanguage":"nl-BE","@id":"https:\/\/nabukoo.com\/produit\/magnevits-gelules-vegetales-pullulan\/#primaryimage","url":"https:\/\/nabukoo.com\/wp-content\/uploads\/Magnevits_450-LEPIVITS-scaled.jpg","contentUrl":"https:\/\/nabukoo.com\/wp-content\/uploads\/Magnevits_450-LEPIVITS-scaled.jpg","width":2560,"height":2560},{"@type":"BreadcrumbList","@id":"https:\/\/nabukoo.com\/produit\/magnevits-gelules-vegetales-pullulan\/#breadcrumb","itemListElement":[{"@type":"ListItem","position":1,"name":"Accueil","item":"https:\/\/nabukoo.com\/"},{"@type":"ListItem","position":2,"name":"Nos rayons","item":"https:\/\/nabukoo.com\/rayons\/"},{"@type":"ListItem","position":3,"name":"Magn\u00e9vits &#8211; g\u00e9lules v\u00e9g\u00e9tales pullulan"}]},{"@type":"WebSite","@id":"https:\/\/nabukoo.com\/#website","url":"https:\/\/nabukoo.com\/","name":"Nabukoo","description":"Qulaity First","potentialAction":[{"@type":"SearchAction","target":{"@type":"EntryPoint","urlTemplate":"https:\/\/nabukoo.com\/?s={search_term_string}"},"query-input":{"@type":"PropertyValueSpecification","valueRequired":true,"valueName":"search_term_string"}}],"inLanguage":"nl-BE"}]}},"_links":{"self":[{"href":"https:\/\/nabukoo.com\/nl\/wp-json\/wp\/v2\/product\/10382"}],"collection":[{"href":"https:\/\/nabukoo.com\/nl\/wp-json\/wp\/v2\/product"}],"about":[{"href":"https:\/\/nabukoo.com\/nl\/wp-json\/wp\/v2\/types\/product"}],"replies":[{"embeddable":true,"href":"https:\/\/nabukoo.com\/nl\/wp-json\/wp\/v2\/comments?post=10382"}],"wp:featuredmedia":[{"embeddable":true,"href":"https:\/\/nabukoo.com\/nl\/wp-json\/wp\/v2\/media\/10381"}],"wp:attachment":[{"href":"https:\/\/nabukoo.com\/nl\/wp-json\/wp\/v2\/media?parent=10382"}],"wp:term":[{"taxonomy":"product_cat","embeddable":true,"href":"https:\/\/nabukoo.com\/nl\/wp-json\/wp\/v2\/product_cat?post=10382"},{"taxonomy":"product_tag","embeddable":true,"href":"https:\/\/nabukoo.com\/nl\/wp-json\/wp\/v2\/product_tag?post=10382"}],"curies":[{"name":"wp","href":"https:\/\/api.w.org\/{rel}","templated":true}]}}