{"id":10376,"date":"2023-07-11T14:36:20","date_gmt":"2023-07-11T12:36:20","guid":{"rendered":"https:\/\/nabukoo.com\/produit\/glutappin-180-gelules-vegetales-pullulan\/"},"modified":"2023-07-17T14:58:15","modified_gmt":"2023-07-17T12:58:15","slug":"glutappin-180-gelules-vegetales-pullulan","status":"publish","type":"product","link":"https:\/\/nabukoo.com\/nl\/product-2\/glutappin-180-pullulan-plantaardige-capsules\/","title":{"rendered":"Glutappin - pullulan vegetarische capsules"},"content":{"rendered":"<p><span style=\"text-decoration: underline\"><strong><span style=\"letter-spacing: 0.6px\">Gezondheidsclaims<\/span><\/strong><\/span><\/p>\n<p><span style=\"letter-spacing: 0.1px\">\u221a Zink en vitamine A helpen het immuunsysteem goed te functioneren;<\/span><\/p>\n<p><span style=\"letter-spacing: 0.1px\">\u221a De werking van polyfenolen en curcumine wordt gecombineerd met zink, dat bijdraagt aan een gezonde celdeling en de assimilatie van macronutri\u00ebnten;<\/span><\/p>\n<p><span style=\"letter-spacing: 0.1px\">\u221a De werking van glutamine en zink wordt versterkt door vitamine A, die helpt de slijmvliezen normaal te houden.<\/span><\/p>\n<p><span style=\"text-decoration: underline\"><strong><span style=\"letter-spacing: 0.6px\">Voordelen van de formule<\/span><\/strong><\/span><\/p>\n<p><span style=\"letter-spacing: 0.1px\">\u221a Synergie van fytonutri\u00ebnten, waaronder<\/span><\/p>\n<p><span style=\"letter-spacing: 0.1px\">- Gepatenteerd kurkuma-extract \"Curcugreen<sup>\u00ae<\/sup> \"getitreerd in curcumino\u00efden<\/span><\/p>\n<p><span style=\"letter-spacing: 0.1px\">- Blauwe bosbes extract getitreerd in anthocyanen<\/span><\/p>\n<p><span style=\"letter-spacing: 0.1px\">- Druivenpitextract getitreerd in OPC<\/span><\/p>\n<p><span style=\"letter-spacing: 0.1px\">- Geconcentreerd in glutamine en bromela\u00efne<\/span><\/p>\n<p><span style=\"letter-spacing: 0.1px\">- Bijdrage van zinkcitraat en b\u00e8tacaroteen<\/span><\/p>\n<p><span style=\"letter-spacing: 0.1px\">\u221a Natuurlijke galenische vorm (pullulan) en hulpstof (rijstzetmeel).<\/span><\/p>\n<p><span style=\"text-decoration: underline\"><strong><span style=\"letter-spacing: 0.6px\">Aanbevelingen<\/span><\/strong><\/span><\/p>\n<p><span style=\"letter-spacing: 0.1px\">Dit voedingssupplement is geen vervanging voor een gevarieerde en evenwichtige voeding en een gezonde levensstijl en is geen geneesmiddel. Vertel het uw arts en\/of apotheker als u gelijktijdig anticoagulantia neemt, en vraag uw arts om advies als u lever- of galblaasaandoeningen heeft of als u gelijktijdig medicijnen neemt. Het gebruik moet beperkt worden tot een paar weken\/maand. Buiten bereik van kinderen bewaren. Bewaren bij kamertemperatuur op een droge plaats. De aanbevolen dagelijkse dosis niet overschrijden.<\/span><\/p>","protected":false},"excerpt":{"rendered":"<p><span style=\"letter-spacing: 0.1px\"><b>Glutappin<\/b> is een specifiek complex geconcentreerd in L-glutamine en fytonutri\u00ebnten, waaronder een gepatenteerd kurkuma-extract genaamd \"Curcugreen<sup>\u00ae<\/sup>\"Glutappin bevat ook een curcumine-extract getitreerd in curcumino\u00efden, een druivenpitextract getitreerd in OPC en een bosbessenextract getitreerd in anthocyanen. De toevoeging van b\u00e8tacaroteen, bromela\u00efne en zink versterkt de werking van Glutappin.<\/span><\/p>","protected":false},"featured_media":10375,"comment_status":"open","ping_status":"closed","template":"","meta":[],"product_cat":[116,81],"product_tag":[],"yoast_head":"<!-- This site is optimized with the Yoast SEO plugin v23.8 - https:\/\/yoast.com\/wordpress\/plugins\/seo\/ -->\n<title>Glutappin - g\u00e9lules v\u00e9g\u00e9tales pullulan - Nabukoo<\/title>\n<meta name=\"robots\" content=\"index, follow, max-snippet:-1, max-image-preview:large, max-video-preview:-1\" \/>\n<link rel=\"canonical\" href=\"https:\/\/nabukoo.com\/nl\/product-2\/glutappin-180-pullulan-plantaardige-capsules\/\" \/>\n<meta property=\"og:locale\" content=\"nl_BE\" \/>\n<meta property=\"og:type\" content=\"article\" \/>\n<meta property=\"og:title\" content=\"Glutappin - g\u00e9lules v\u00e9g\u00e9tales pullulan - Nabukoo\" \/>\n<meta property=\"og:description\" content=\"Glutappin est un complexe sp\u00e9cifique concentr\u00e9 en L-glutamine et en phytonutriments dont un extrait de curcuma brevet\u00e9 \u00abCurcugreen\u00ae\u00bb titr\u00e9 en curcumino\u00efdes, un extrait de p\u00e9pins de raisins titr\u00e9 en OPC et un extrait de myrtille titr\u00e9 en anthocyanes . L\u2019ajout de b\u00eata-carot\u00e8ne, de brom\u00e9la\u00efne et de zinc renforce l\u2019action du Glutappin.\" \/>\n<meta property=\"og:url\" content=\"https:\/\/nabukoo.com\/nl\/product-2\/glutappin-180-pullulan-plantaardige-capsules\/\" \/>\n<meta property=\"og:site_name\" content=\"Nabukoo\" \/>\n<meta property=\"article:modified_time\" content=\"2023-07-17T12:58:15+00:00\" \/>\n<meta property=\"og:image\" content=\"https:\/\/nabukoo.com\/wp-content\/uploads\/Glutappin_180-LEPIVITS-scaled.jpg\" \/>\n\t<meta property=\"og:image:width\" content=\"2560\" \/>\n\t<meta property=\"og:image:height\" content=\"2560\" \/>\n\t<meta property=\"og:image:type\" content=\"image\/jpeg\" \/>\n<meta name=\"twitter:card\" content=\"summary_large_image\" \/>\n<meta name=\"twitter:label1\" content=\"Geschatte leestijd\" \/>\n\t<meta name=\"twitter:data1\" content=\"1 minuut\" \/>\n<script type=\"application\/ld+json\" class=\"yoast-schema-graph\">{\"@context\":\"https:\/\/schema.org\",\"@graph\":[{\"@type\":\"WebPage\",\"@id\":\"https:\/\/nabukoo.com\/produit\/glutappin-180-gelules-vegetales-pullulan\/\",\"url\":\"https:\/\/nabukoo.com\/produit\/glutappin-180-gelules-vegetales-pullulan\/\",\"name\":\"Glutappin - g\u00e9lules v\u00e9g\u00e9tales pullulan - Nabukoo\",\"isPartOf\":{\"@id\":\"https:\/\/nabukoo.com\/#website\"},\"primaryImageOfPage\":{\"@id\":\"https:\/\/nabukoo.com\/produit\/glutappin-180-gelules-vegetales-pullulan\/#primaryimage\"},\"image\":{\"@id\":\"https:\/\/nabukoo.com\/produit\/glutappin-180-gelules-vegetales-pullulan\/#primaryimage\"},\"thumbnailUrl\":\"https:\/\/nabukoo.com\/wp-content\/uploads\/Glutappin_180-LEPIVITS-scaled.jpg\",\"datePublished\":\"2023-07-11T12:36:20+00:00\",\"dateModified\":\"2023-07-17T12:58:15+00:00\",\"breadcrumb\":{\"@id\":\"https:\/\/nabukoo.com\/produit\/glutappin-180-gelules-vegetales-pullulan\/#breadcrumb\"},\"inLanguage\":\"nl-BE\",\"potentialAction\":[{\"@type\":\"ReadAction\",\"target\":[\"https:\/\/nabukoo.com\/produit\/glutappin-180-gelules-vegetales-pullulan\/\"]}]},{\"@type\":\"ImageObject\",\"inLanguage\":\"nl-BE\",\"@id\":\"https:\/\/nabukoo.com\/produit\/glutappin-180-gelules-vegetales-pullulan\/#primaryimage\",\"url\":\"https:\/\/nabukoo.com\/wp-content\/uploads\/Glutappin_180-LEPIVITS-scaled.jpg\",\"contentUrl\":\"https:\/\/nabukoo.com\/wp-content\/uploads\/Glutappin_180-LEPIVITS-scaled.jpg\",\"width\":2560,\"height\":2560},{\"@type\":\"BreadcrumbList\",\"@id\":\"https:\/\/nabukoo.com\/produit\/glutappin-180-gelules-vegetales-pullulan\/#breadcrumb\",\"itemListElement\":[{\"@type\":\"ListItem\",\"position\":1,\"name\":\"Accueil\",\"item\":\"https:\/\/nabukoo.com\/\"},{\"@type\":\"ListItem\",\"position\":2,\"name\":\"Nos rayons\",\"item\":\"https:\/\/nabukoo.com\/rayons\/\"},{\"@type\":\"ListItem\",\"position\":3,\"name\":\"Glutappin &#8211; g\u00e9lules v\u00e9g\u00e9tales pullulan\"}]},{\"@type\":\"WebSite\",\"@id\":\"https:\/\/nabukoo.com\/#website\",\"url\":\"https:\/\/nabukoo.com\/\",\"name\":\"Nabukoo\",\"description\":\"Qulaity First\",\"potentialAction\":[{\"@type\":\"SearchAction\",\"target\":{\"@type\":\"EntryPoint\",\"urlTemplate\":\"https:\/\/nabukoo.com\/?s={search_term_string}\"},\"query-input\":{\"@type\":\"PropertyValueSpecification\",\"valueRequired\":true,\"valueName\":\"search_term_string\"}}],\"inLanguage\":\"nl-BE\"}]}<\/script>\n<!-- \/ Yoast SEO plugin. -->","yoast_head_json":{"title":"Glutappin - g\u00e9lules v\u00e9g\u00e9tales pullulan - Nabukoo","robots":{"index":"index","follow":"follow","max-snippet":"max-snippet:-1","max-image-preview":"max-image-preview:large","max-video-preview":"max-video-preview:-1"},"canonical":"https:\/\/nabukoo.com\/nl\/product-2\/glutappin-180-pullulan-plantaardige-capsules\/","og_locale":"nl_BE","og_type":"article","og_title":"Glutappin - g\u00e9lules v\u00e9g\u00e9tales pullulan - Nabukoo","og_description":"Glutappin est un complexe sp\u00e9cifique concentr\u00e9 en L-glutamine et en phytonutriments dont un extrait de curcuma brevet\u00e9 \u00abCurcugreen\u00ae\u00bb titr\u00e9 en curcumino\u00efdes, un extrait de p\u00e9pins de raisins titr\u00e9 en OPC et un extrait de myrtille titr\u00e9 en anthocyanes . L\u2019ajout de b\u00eata-carot\u00e8ne, de brom\u00e9la\u00efne et de zinc renforce l\u2019action du Glutappin.","og_url":"https:\/\/nabukoo.com\/nl\/product-2\/glutappin-180-pullulan-plantaardige-capsules\/","og_site_name":"Nabukoo","article_modified_time":"2023-07-17T12:58:15+00:00","og_image":[{"width":2560,"height":2560,"url":"https:\/\/nabukoo.com\/wp-content\/uploads\/Glutappin_180-LEPIVITS-scaled.jpg","type":"image\/jpeg"}],"twitter_card":"summary_large_image","twitter_misc":{"Geschatte leestijd":"1 minuut"},"schema":{"@context":"https:\/\/schema.org","@graph":[{"@type":"WebPage","@id":"https:\/\/nabukoo.com\/produit\/glutappin-180-gelules-vegetales-pullulan\/","url":"https:\/\/nabukoo.com\/produit\/glutappin-180-gelules-vegetales-pullulan\/","name":"Glutappin - g\u00e9lules v\u00e9g\u00e9tales pullulan - Nabukoo","isPartOf":{"@id":"https:\/\/nabukoo.com\/#website"},"primaryImageOfPage":{"@id":"https:\/\/nabukoo.com\/produit\/glutappin-180-gelules-vegetales-pullulan\/#primaryimage"},"image":{"@id":"https:\/\/nabukoo.com\/produit\/glutappin-180-gelules-vegetales-pullulan\/#primaryimage"},"thumbnailUrl":"https:\/\/nabukoo.com\/wp-content\/uploads\/Glutappin_180-LEPIVITS-scaled.jpg","datePublished":"2023-07-11T12:36:20+00:00","dateModified":"2023-07-17T12:58:15+00:00","breadcrumb":{"@id":"https:\/\/nabukoo.com\/produit\/glutappin-180-gelules-vegetales-pullulan\/#breadcrumb"},"inLanguage":"nl-BE","potentialAction":[{"@type":"ReadAction","target":["https:\/\/nabukoo.com\/produit\/glutappin-180-gelules-vegetales-pullulan\/"]}]},{"@type":"ImageObject","inLanguage":"nl-BE","@id":"https:\/\/nabukoo.com\/produit\/glutappin-180-gelules-vegetales-pullulan\/#primaryimage","url":"https:\/\/nabukoo.com\/wp-content\/uploads\/Glutappin_180-LEPIVITS-scaled.jpg","contentUrl":"https:\/\/nabukoo.com\/wp-content\/uploads\/Glutappin_180-LEPIVITS-scaled.jpg","width":2560,"height":2560},{"@type":"BreadcrumbList","@id":"https:\/\/nabukoo.com\/produit\/glutappin-180-gelules-vegetales-pullulan\/#breadcrumb","itemListElement":[{"@type":"ListItem","position":1,"name":"Accueil","item":"https:\/\/nabukoo.com\/"},{"@type":"ListItem","position":2,"name":"Nos rayons","item":"https:\/\/nabukoo.com\/rayons\/"},{"@type":"ListItem","position":3,"name":"Glutappin &#8211; g\u00e9lules v\u00e9g\u00e9tales pullulan"}]},{"@type":"WebSite","@id":"https:\/\/nabukoo.com\/#website","url":"https:\/\/nabukoo.com\/","name":"Nabukoo","description":"Qulaity First","potentialAction":[{"@type":"SearchAction","target":{"@type":"EntryPoint","urlTemplate":"https:\/\/nabukoo.com\/?s={search_term_string}"},"query-input":{"@type":"PropertyValueSpecification","valueRequired":true,"valueName":"search_term_string"}}],"inLanguage":"nl-BE"}]}},"_links":{"self":[{"href":"https:\/\/nabukoo.com\/nl\/wp-json\/wp\/v2\/product\/10376"}],"collection":[{"href":"https:\/\/nabukoo.com\/nl\/wp-json\/wp\/v2\/product"}],"about":[{"href":"https:\/\/nabukoo.com\/nl\/wp-json\/wp\/v2\/types\/product"}],"replies":[{"embeddable":true,"href":"https:\/\/nabukoo.com\/nl\/wp-json\/wp\/v2\/comments?post=10376"}],"wp:featuredmedia":[{"embeddable":true,"href":"https:\/\/nabukoo.com\/nl\/wp-json\/wp\/v2\/media\/10375"}],"wp:attachment":[{"href":"https:\/\/nabukoo.com\/nl\/wp-json\/wp\/v2\/media?parent=10376"}],"wp:term":[{"taxonomy":"product_cat","embeddable":true,"href":"https:\/\/nabukoo.com\/nl\/wp-json\/wp\/v2\/product_cat?post=10376"},{"taxonomy":"product_tag","embeddable":true,"href":"https:\/\/nabukoo.com\/nl\/wp-json\/wp\/v2\/product_tag?post=10376"}],"curies":[{"name":"wp","href":"https:\/\/api.w.org\/{rel}","templated":true}]}}