{"id":10372,"date":"2023-07-11T14:35:18","date_gmt":"2023-07-11T12:35:18","guid":{"rendered":"https:\/\/nabukoo.com\/produit\/formule-cheveux-60-gelules-vegetales-pullulan\/"},"modified":"2023-07-17T14:58:15","modified_gmt":"2023-07-17T12:58:15","slug":"formule-cheveux-60-gelules-vegetales-pullulan","status":"publish","type":"product","link":"https:\/\/nabukoo.com\/nl\/product-2\/hair-formula-60-pullulan-plantaardige-capsules\/","title":{"rendered":"Hair formula - 60 pullulan vegetarische capsules"},"content":{"rendered":"<p><span style=\"text-decoration: underline\"><strong><span style=\"letter-spacing: 0.6px\">Gezondheidsclaims<\/span><\/strong><\/span><\/p>\n<p><span style=\"letter-spacing: 0.1px\">\u221a Zink draagt bij aan de normale synthese van eiwitten, zoals keratine. Zink helpt ook bij het behoud van mooie nagels;<\/span><\/p>\n<p><span style=\"letter-spacing: 0.1px\">\u221a Zink draagt bij aan de normale synthese van eiwitten, zoals keratine. Vitamine B8 helpt bij het behoud van gezond haar.<\/span><\/p>\n<p><span style=\"text-decoration: underline\"><strong><span style=\"letter-spacing: 0.6px\">Voordelen van de formule<\/span><\/strong><\/span><\/p>\n<p><span style=\"letter-spacing: 0.1px\">\u221a Geconcentreerde toevoer van L-Cyste\u00efne gecombineerd met vitamine B6;<\/span><\/p>\n<p><span style=\"letter-spacing: 0.1px\">\u221a Gebruik van geactiveerde B-vitaminen (pyridoxal-Quatrefolic\u00ae-methylcobalamine);<\/span><\/p>\n<p><span style=\"letter-spacing: 0.1px\">\u221a Klinische studie die de cellulaire retentie (+233%), verhoogde antioxidantbijdrage van 12% van liposomale vitamine C (PureWay-C\u2122) in vergelijking met ascorbinezuur en calciumascorbaat aantoont;<\/span><\/p>\n<p><span style=\"letter-spacing: 0.1px\">\u221a Natuurlijk jodium en silicium met remineraliserende werking;<\/span><\/p>\n<p><span style=\"letter-spacing: 0.1px\">\u221a Natuurlijke galenische vorm (pullulan) en hulpstof (rijstzetmeel).<\/span><\/p>\n<p><span style=\"text-decoration: underline\"><strong><span style=\"letter-spacing: 0.6px\">Voorzorgsmaatregelen voor gebruik<\/span><\/strong><\/span><\/p>\n<p><span style=\"letter-spacing: 0.1px\">Voedingssupplement, kan een gevarieerde en evenwichtige voeding niet vervangen. Te gebruiken als onderdeel van een gezonde levensstijl. Buiten het bereik van kinderen houden. De aanbevolen dagelijkse dosis niet overschrijden. Alleen voor volwassenen. Niet geschikt voor kinderen, adolescenten, zwangere vrouwen of vrouwen die borstvoeding geven. Vertel het uw arts of apotheker als u gelijktijdig andere geneesmiddelen gebruikt. B\u00e8tacaroteen wordt afgeraden voor rokers. Buiten het bereik van kinderen bewaren. Bewaren bij kamertemperatuur op een droge plaats. De aanbevolen dagelijkse dosis niet overschrijden.<\/span><\/p>","protected":false},"excerpt":{"rendered":"<p><span style=\"letter-spacing: 0.1px\">Broos haar, haaruitval? <b>Haarformule <\/b>is een specifiek complex met een mix van vitaminen, mineralen, cystiene en natuurlijk silicium.<\/span><span style=\"letter-spacing: 0.1px\">\u00a0<\/span><\/p>","protected":false},"featured_media":10371,"comment_status":"open","ping_status":"closed","template":"","meta":[],"product_cat":[116,81],"product_tag":[],"yoast_head":"<!-- This site is optimized with the Yoast SEO plugin v23.8 - https:\/\/yoast.com\/wordpress\/plugins\/seo\/ -->\n<title>Formule cheveux - 60 g\u00e9lules v\u00e9g\u00e9tales pullulan - Nabukoo<\/title>\n<meta name=\"robots\" content=\"index, follow, max-snippet:-1, max-image-preview:large, max-video-preview:-1\" \/>\n<link rel=\"canonical\" href=\"https:\/\/nabukoo.com\/nl\/product-2\/hair-formula-60-pullulan-plantaardige-capsules\/\" \/>\n<meta property=\"og:locale\" content=\"nl_BE\" \/>\n<meta property=\"og:type\" content=\"article\" \/>\n<meta property=\"og:title\" content=\"Formule cheveux - 60 g\u00e9lules v\u00e9g\u00e9tales pullulan - Nabukoo\" \/>\n<meta property=\"og:description\" content=\"Cheveux cassants, chute de cheveux ? Formule cheveux est un complexe sp\u00e9cifique contenant un m\u00e9lange de vitamines, de min\u00e9raux, de cysti\u00e8ne et de silicium naturel.\u00a0\" \/>\n<meta property=\"og:url\" content=\"https:\/\/nabukoo.com\/nl\/product-2\/hair-formula-60-pullulan-plantaardige-capsules\/\" \/>\n<meta property=\"og:site_name\" content=\"Nabukoo\" \/>\n<meta property=\"article:modified_time\" content=\"2023-07-17T12:58:15+00:00\" \/>\n<meta property=\"og:image\" content=\"https:\/\/nabukoo.com\/wp-content\/uploads\/Formule-cheveux_60-LEPIVITS-scaled.jpg\" \/>\n\t<meta property=\"og:image:width\" content=\"2560\" \/>\n\t<meta property=\"og:image:height\" content=\"2560\" \/>\n\t<meta property=\"og:image:type\" content=\"image\/jpeg\" \/>\n<meta name=\"twitter:card\" content=\"summary_large_image\" \/>\n<meta name=\"twitter:label1\" content=\"Geschatte leestijd\" \/>\n\t<meta name=\"twitter:data1\" content=\"1 minuut\" \/>\n<script type=\"application\/ld+json\" class=\"yoast-schema-graph\">{\"@context\":\"https:\/\/schema.org\",\"@graph\":[{\"@type\":\"WebPage\",\"@id\":\"https:\/\/nabukoo.com\/produit\/formule-cheveux-60-gelules-vegetales-pullulan\/\",\"url\":\"https:\/\/nabukoo.com\/produit\/formule-cheveux-60-gelules-vegetales-pullulan\/\",\"name\":\"Formule cheveux - 60 g\u00e9lules v\u00e9g\u00e9tales pullulan - Nabukoo\",\"isPartOf\":{\"@id\":\"https:\/\/nabukoo.com\/#website\"},\"primaryImageOfPage\":{\"@id\":\"https:\/\/nabukoo.com\/produit\/formule-cheveux-60-gelules-vegetales-pullulan\/#primaryimage\"},\"image\":{\"@id\":\"https:\/\/nabukoo.com\/produit\/formule-cheveux-60-gelules-vegetales-pullulan\/#primaryimage\"},\"thumbnailUrl\":\"https:\/\/nabukoo.com\/wp-content\/uploads\/Formule-cheveux_60-LEPIVITS-scaled.jpg\",\"datePublished\":\"2023-07-11T12:35:18+00:00\",\"dateModified\":\"2023-07-17T12:58:15+00:00\",\"breadcrumb\":{\"@id\":\"https:\/\/nabukoo.com\/produit\/formule-cheveux-60-gelules-vegetales-pullulan\/#breadcrumb\"},\"inLanguage\":\"nl-BE\",\"potentialAction\":[{\"@type\":\"ReadAction\",\"target\":[\"https:\/\/nabukoo.com\/produit\/formule-cheveux-60-gelules-vegetales-pullulan\/\"]}]},{\"@type\":\"ImageObject\",\"inLanguage\":\"nl-BE\",\"@id\":\"https:\/\/nabukoo.com\/produit\/formule-cheveux-60-gelules-vegetales-pullulan\/#primaryimage\",\"url\":\"https:\/\/nabukoo.com\/wp-content\/uploads\/Formule-cheveux_60-LEPIVITS-scaled.jpg\",\"contentUrl\":\"https:\/\/nabukoo.com\/wp-content\/uploads\/Formule-cheveux_60-LEPIVITS-scaled.jpg\",\"width\":2560,\"height\":2560},{\"@type\":\"BreadcrumbList\",\"@id\":\"https:\/\/nabukoo.com\/produit\/formule-cheveux-60-gelules-vegetales-pullulan\/#breadcrumb\",\"itemListElement\":[{\"@type\":\"ListItem\",\"position\":1,\"name\":\"Accueil\",\"item\":\"https:\/\/nabukoo.com\/\"},{\"@type\":\"ListItem\",\"position\":2,\"name\":\"Nos rayons\",\"item\":\"https:\/\/nabukoo.com\/rayons\/\"},{\"@type\":\"ListItem\",\"position\":3,\"name\":\"Formule cheveux &#8211; 60 g\u00e9lules v\u00e9g\u00e9tales pullulan\"}]},{\"@type\":\"WebSite\",\"@id\":\"https:\/\/nabukoo.com\/#website\",\"url\":\"https:\/\/nabukoo.com\/\",\"name\":\"Nabukoo\",\"description\":\"Qulaity First\",\"potentialAction\":[{\"@type\":\"SearchAction\",\"target\":{\"@type\":\"EntryPoint\",\"urlTemplate\":\"https:\/\/nabukoo.com\/?s={search_term_string}\"},\"query-input\":{\"@type\":\"PropertyValueSpecification\",\"valueRequired\":true,\"valueName\":\"search_term_string\"}}],\"inLanguage\":\"nl-BE\"}]}<\/script>\n<!-- \/ Yoast SEO plugin. -->","yoast_head_json":{"title":"Formule cheveux - 60 g\u00e9lules v\u00e9g\u00e9tales pullulan - Nabukoo","robots":{"index":"index","follow":"follow","max-snippet":"max-snippet:-1","max-image-preview":"max-image-preview:large","max-video-preview":"max-video-preview:-1"},"canonical":"https:\/\/nabukoo.com\/nl\/product-2\/hair-formula-60-pullulan-plantaardige-capsules\/","og_locale":"nl_BE","og_type":"article","og_title":"Formule cheveux - 60 g\u00e9lules v\u00e9g\u00e9tales pullulan - Nabukoo","og_description":"Cheveux cassants, chute de cheveux ? Formule cheveux est un complexe sp\u00e9cifique contenant un m\u00e9lange de vitamines, de min\u00e9raux, de cysti\u00e8ne et de silicium naturel.\u00a0","og_url":"https:\/\/nabukoo.com\/nl\/product-2\/hair-formula-60-pullulan-plantaardige-capsules\/","og_site_name":"Nabukoo","article_modified_time":"2023-07-17T12:58:15+00:00","og_image":[{"width":2560,"height":2560,"url":"https:\/\/nabukoo.com\/wp-content\/uploads\/Formule-cheveux_60-LEPIVITS-scaled.jpg","type":"image\/jpeg"}],"twitter_card":"summary_large_image","twitter_misc":{"Geschatte leestijd":"1 minuut"},"schema":{"@context":"https:\/\/schema.org","@graph":[{"@type":"WebPage","@id":"https:\/\/nabukoo.com\/produit\/formule-cheveux-60-gelules-vegetales-pullulan\/","url":"https:\/\/nabukoo.com\/produit\/formule-cheveux-60-gelules-vegetales-pullulan\/","name":"Formule cheveux - 60 g\u00e9lules v\u00e9g\u00e9tales pullulan - Nabukoo","isPartOf":{"@id":"https:\/\/nabukoo.com\/#website"},"primaryImageOfPage":{"@id":"https:\/\/nabukoo.com\/produit\/formule-cheveux-60-gelules-vegetales-pullulan\/#primaryimage"},"image":{"@id":"https:\/\/nabukoo.com\/produit\/formule-cheveux-60-gelules-vegetales-pullulan\/#primaryimage"},"thumbnailUrl":"https:\/\/nabukoo.com\/wp-content\/uploads\/Formule-cheveux_60-LEPIVITS-scaled.jpg","datePublished":"2023-07-11T12:35:18+00:00","dateModified":"2023-07-17T12:58:15+00:00","breadcrumb":{"@id":"https:\/\/nabukoo.com\/produit\/formule-cheveux-60-gelules-vegetales-pullulan\/#breadcrumb"},"inLanguage":"nl-BE","potentialAction":[{"@type":"ReadAction","target":["https:\/\/nabukoo.com\/produit\/formule-cheveux-60-gelules-vegetales-pullulan\/"]}]},{"@type":"ImageObject","inLanguage":"nl-BE","@id":"https:\/\/nabukoo.com\/produit\/formule-cheveux-60-gelules-vegetales-pullulan\/#primaryimage","url":"https:\/\/nabukoo.com\/wp-content\/uploads\/Formule-cheveux_60-LEPIVITS-scaled.jpg","contentUrl":"https:\/\/nabukoo.com\/wp-content\/uploads\/Formule-cheveux_60-LEPIVITS-scaled.jpg","width":2560,"height":2560},{"@type":"BreadcrumbList","@id":"https:\/\/nabukoo.com\/produit\/formule-cheveux-60-gelules-vegetales-pullulan\/#breadcrumb","itemListElement":[{"@type":"ListItem","position":1,"name":"Accueil","item":"https:\/\/nabukoo.com\/"},{"@type":"ListItem","position":2,"name":"Nos rayons","item":"https:\/\/nabukoo.com\/rayons\/"},{"@type":"ListItem","position":3,"name":"Formule cheveux &#8211; 60 g\u00e9lules v\u00e9g\u00e9tales pullulan"}]},{"@type":"WebSite","@id":"https:\/\/nabukoo.com\/#website","url":"https:\/\/nabukoo.com\/","name":"Nabukoo","description":"Qulaity First","potentialAction":[{"@type":"SearchAction","target":{"@type":"EntryPoint","urlTemplate":"https:\/\/nabukoo.com\/?s={search_term_string}"},"query-input":{"@type":"PropertyValueSpecification","valueRequired":true,"valueName":"search_term_string"}}],"inLanguage":"nl-BE"}]}},"_links":{"self":[{"href":"https:\/\/nabukoo.com\/nl\/wp-json\/wp\/v2\/product\/10372"}],"collection":[{"href":"https:\/\/nabukoo.com\/nl\/wp-json\/wp\/v2\/product"}],"about":[{"href":"https:\/\/nabukoo.com\/nl\/wp-json\/wp\/v2\/types\/product"}],"replies":[{"embeddable":true,"href":"https:\/\/nabukoo.com\/nl\/wp-json\/wp\/v2\/comments?post=10372"}],"wp:featuredmedia":[{"embeddable":true,"href":"https:\/\/nabukoo.com\/nl\/wp-json\/wp\/v2\/media\/10371"}],"wp:attachment":[{"href":"https:\/\/nabukoo.com\/nl\/wp-json\/wp\/v2\/media?parent=10372"}],"wp:term":[{"taxonomy":"product_cat","embeddable":true,"href":"https:\/\/nabukoo.com\/nl\/wp-json\/wp\/v2\/product_cat?post=10372"},{"taxonomy":"product_tag","embeddable":true,"href":"https:\/\/nabukoo.com\/nl\/wp-json\/wp\/v2\/product_tag?post=10372"}],"curies":[{"name":"wp","href":"https:\/\/api.w.org\/{rel}","templated":true}]}}