{"id":10370,"date":"2023-07-11T14:34:42","date_gmt":"2023-07-11T12:34:42","guid":{"rendered":"https:\/\/nabukoo.com\/produit\/epa-dhaforte-1000-mg-90-capsules\/"},"modified":"2023-07-17T14:58:16","modified_gmt":"2023-07-17T12:58:16","slug":"epa-dhaforte-1000-mg-90-capsules","status":"publish","type":"product","link":"https:\/\/nabukoo.com\/nl\/product-2\/epa-dhaforte-1000-mg-90-capsules\/","title":{"rendered":"EPA- DHA+Forte 1000 mg - 90 capsules"},"content":{"rendered":"<p><span style=\"text-decoration: underline\"><strong><span style=\"letter-spacing: 0.6px\">Gezondheidsclaims<\/span><\/strong><\/span><\/p>\n<p><span style=\"letter-spacing: 0.1px\">\u221a Docosahexaeenzuur (DHA) draagt bij aan een normale hersenfunctie;<\/span><\/p>\n<p><span style=\"letter-spacing: 0.1px\">\u221a Eicosapentaeenzuur (EPA) en docosahexaeenzuur dragen bij aan een normale hartfunctie en het behoud van een normale bloeddruk;<\/span><\/p>\n<p><span style=\"letter-spacing: 0.1px\">\u221a Eicosapentaeenzuur (EPA) en docosahexaeenzuur (DHA) helpen de triglycerideniveaus in het bloed normaal te houden.<\/span><\/p>\n<p><span style=\"text-decoration: underline\"><strong><span style=\"letter-spacing: 0.6px\">Voordelen van de formule<\/span><\/strong><\/span><\/p>\n<p><span style=\"letter-spacing: 0.1px\">\u221a Visolie 1000mg getitreerd in EPA 35% &amp; DHA 25%;<\/span><\/p>\n<p><span style=\"letter-spacing: 0.1px\">\u221a Bron van wilde ansjovis en sardines gecertificeerd \"vriend van de zee\" duurzame visserij;<\/span><\/p>\n<p><span style=\"letter-spacing: 0.1px\">\u221a Gecontroleerd zonder zware metalen;<\/span><\/p>\n<p><span style=\"letter-spacing: 0.1px\">\u221a Formule gestabiliseerd met natuurlijke antioxidanten (vitamine E &amp; Vitaheess E) - TOTOX-index minder dan 10;<\/span><\/p>\n<p><span style=\"letter-spacing: 0.1px\">\u221a Gemakkelijk verteerbare softgels zonder vissmaak (Om\u00e9gatex\u00ae-label).<\/span><\/p>\n<p><span style=\"text-decoration: underline\"><strong><span style=\"letter-spacing: 0.6px\">Voorzorgsmaatregelen voor gebruik<\/span><\/strong><\/span><\/p>\n<p><span style=\"letter-spacing: 0.1px\">15 dagen voor een operatie en tijdens het laatste trimester van de zwangerschap opschorten. Raadpleeg een arts als je antistollingsmiddelen gebruikt. Allergeen: bevat vis. Als u allergisch (overgevoelig) bent voor de werkzame stoffen (vis).<\/span><\/p>\n<p><span style=\"text-decoration: underline\"><strong><span style=\"letter-spacing: 0.6px\">Aanbevelingen<\/span><\/strong><\/span><\/p>\n<p><span style=\"letter-spacing: 0.1px\">Dit voedingssupplement is geen vervanging voor een gevarieerde en evenwichtige voeding en een gezonde levensstijl en is geen geneesmiddel. Vertel het uw arts en\/of apotheker als u gelijktijdig geneesmiddelen gebruikt. Buiten het bereik van kinderen bewaren. Bewaren bij kamertemperatuur op een droge plaats. De aanbevolen dagelijkse dosis niet overschrijden.<\/span><\/p>","protected":false},"excerpt":{"rendered":"<p><span style=\"letter-spacing: 0.1px\"><strong>EPA-DHA Forte<\/strong> van LEPIVITS bevat een visolie rijk aan omega-3 en geconcentreerd in de meervoudig onverzadigde vetzuren EPA (eicosapentaeenzuur) en DHA (docosahexaeenzuur). De olie is gemaakt van wilde ansjovis en sardines en is gecertificeerd (Omegax) als zijnde vrij van zware metalen en giftige toevoegingen. De olie wordt gewonnen uit duurzame visserij met het label \"vriend van de zee\". Omega-3 is betrokken bij veel biochemische functies.<\/span><\/p>","protected":false},"featured_media":10369,"comment_status":"open","ping_status":"closed","template":"","meta":[],"product_cat":[116,81],"product_tag":[],"yoast_head":"<!-- This site is optimized with the Yoast SEO plugin v23.8 - https:\/\/yoast.com\/wordpress\/plugins\/seo\/ -->\n<title>EPA- DHA+Forte 1000 mg - 90 capsules - Nabukoo<\/title>\n<meta name=\"robots\" content=\"index, follow, max-snippet:-1, max-image-preview:large, max-video-preview:-1\" \/>\n<link rel=\"canonical\" href=\"https:\/\/nabukoo.com\/nl\/product-2\/epa-dhaforte-1000-mg-90-capsules\/\" \/>\n<meta property=\"og:locale\" content=\"nl_BE\" \/>\n<meta property=\"og:type\" content=\"article\" \/>\n<meta property=\"og:title\" content=\"EPA- DHA+Forte 1000 mg - 90 capsules - Nabukoo\" \/>\n<meta property=\"og:description\" content=\"EPA-DHA Forte de chez LEPIVITS contient une huile de poisson riche en om\u00e9ga-3 et concentr\u00e9e en acides gras polyinsatur\u00e9s EPA (acide eicosapentano\u00efque) et DHA (acide docosahexano\u00efque). L\u2019huile est fabriqu\u00e9e \u00e0 partir d\u2019anchois &amp; de sardines sauvages et est certifi\u00e9e (Om\u00e9gatex) sans m\u00e9taux lourds ni additif toxique. L\u2019huile est extraite d\u2019une p\u00eache durable labellis\u00e9e \u00abfriend of the sea\u00bb. Les om\u00e9gas-3 interviennent dans de nombreuses fonctions biochimiques.\" \/>\n<meta property=\"og:url\" content=\"https:\/\/nabukoo.com\/nl\/product-2\/epa-dhaforte-1000-mg-90-capsules\/\" \/>\n<meta property=\"og:site_name\" content=\"Nabukoo\" \/>\n<meta property=\"article:modified_time\" content=\"2023-07-17T12:58:16+00:00\" \/>\n<meta property=\"og:image\" content=\"https:\/\/nabukoo.com\/wp-content\/uploads\/EPADHAFORTE2-scaled.jpg\" \/>\n\t<meta property=\"og:image:width\" content=\"2560\" \/>\n\t<meta property=\"og:image:height\" content=\"2560\" \/>\n\t<meta property=\"og:image:type\" content=\"image\/jpeg\" \/>\n<meta name=\"twitter:card\" content=\"summary_large_image\" \/>\n<meta name=\"twitter:label1\" content=\"Geschatte leestijd\" \/>\n\t<meta name=\"twitter:data1\" content=\"1 minuut\" \/>\n<script type=\"application\/ld+json\" class=\"yoast-schema-graph\">{\"@context\":\"https:\/\/schema.org\",\"@graph\":[{\"@type\":\"WebPage\",\"@id\":\"https:\/\/nabukoo.com\/produit\/epa-dhaforte-1000-mg-90-capsules\/\",\"url\":\"https:\/\/nabukoo.com\/produit\/epa-dhaforte-1000-mg-90-capsules\/\",\"name\":\"EPA- DHA+Forte 1000 mg - 90 capsules - Nabukoo\",\"isPartOf\":{\"@id\":\"https:\/\/nabukoo.com\/#website\"},\"primaryImageOfPage\":{\"@id\":\"https:\/\/nabukoo.com\/produit\/epa-dhaforte-1000-mg-90-capsules\/#primaryimage\"},\"image\":{\"@id\":\"https:\/\/nabukoo.com\/produit\/epa-dhaforte-1000-mg-90-capsules\/#primaryimage\"},\"thumbnailUrl\":\"https:\/\/nabukoo.com\/wp-content\/uploads\/EPADHAFORTE2-scaled.jpg\",\"datePublished\":\"2023-07-11T12:34:42+00:00\",\"dateModified\":\"2023-07-17T12:58:16+00:00\",\"breadcrumb\":{\"@id\":\"https:\/\/nabukoo.com\/produit\/epa-dhaforte-1000-mg-90-capsules\/#breadcrumb\"},\"inLanguage\":\"nl-BE\",\"potentialAction\":[{\"@type\":\"ReadAction\",\"target\":[\"https:\/\/nabukoo.com\/produit\/epa-dhaforte-1000-mg-90-capsules\/\"]}]},{\"@type\":\"ImageObject\",\"inLanguage\":\"nl-BE\",\"@id\":\"https:\/\/nabukoo.com\/produit\/epa-dhaforte-1000-mg-90-capsules\/#primaryimage\",\"url\":\"https:\/\/nabukoo.com\/wp-content\/uploads\/EPADHAFORTE2-scaled.jpg\",\"contentUrl\":\"https:\/\/nabukoo.com\/wp-content\/uploads\/EPADHAFORTE2-scaled.jpg\",\"width\":2560,\"height\":2560},{\"@type\":\"BreadcrumbList\",\"@id\":\"https:\/\/nabukoo.com\/produit\/epa-dhaforte-1000-mg-90-capsules\/#breadcrumb\",\"itemListElement\":[{\"@type\":\"ListItem\",\"position\":1,\"name\":\"Accueil\",\"item\":\"https:\/\/nabukoo.com\/\"},{\"@type\":\"ListItem\",\"position\":2,\"name\":\"Nos rayons\",\"item\":\"https:\/\/nabukoo.com\/rayons\/\"},{\"@type\":\"ListItem\",\"position\":3,\"name\":\"EPA- DHA+Forte 1000 mg &#8211; 90 capsules\"}]},{\"@type\":\"WebSite\",\"@id\":\"https:\/\/nabukoo.com\/#website\",\"url\":\"https:\/\/nabukoo.com\/\",\"name\":\"Nabukoo\",\"description\":\"Qulaity First\",\"potentialAction\":[{\"@type\":\"SearchAction\",\"target\":{\"@type\":\"EntryPoint\",\"urlTemplate\":\"https:\/\/nabukoo.com\/?s={search_term_string}\"},\"query-input\":{\"@type\":\"PropertyValueSpecification\",\"valueRequired\":true,\"valueName\":\"search_term_string\"}}],\"inLanguage\":\"nl-BE\"}]}<\/script>\n<!-- \/ Yoast SEO plugin. -->","yoast_head_json":{"title":"EPA- DHA+Forte 1000 mg - 90 capsules - Nabukoo","robots":{"index":"index","follow":"follow","max-snippet":"max-snippet:-1","max-image-preview":"max-image-preview:large","max-video-preview":"max-video-preview:-1"},"canonical":"https:\/\/nabukoo.com\/nl\/product-2\/epa-dhaforte-1000-mg-90-capsules\/","og_locale":"nl_BE","og_type":"article","og_title":"EPA- DHA+Forte 1000 mg - 90 capsules - Nabukoo","og_description":"EPA-DHA Forte de chez LEPIVITS contient une huile de poisson riche en om\u00e9ga-3 et concentr\u00e9e en acides gras polyinsatur\u00e9s EPA (acide eicosapentano\u00efque) et DHA (acide docosahexano\u00efque). L\u2019huile est fabriqu\u00e9e \u00e0 partir d\u2019anchois &amp; de sardines sauvages et est certifi\u00e9e (Om\u00e9gatex) sans m\u00e9taux lourds ni additif toxique. L\u2019huile est extraite d\u2019une p\u00eache durable labellis\u00e9e \u00abfriend of the sea\u00bb. Les om\u00e9gas-3 interviennent dans de nombreuses fonctions biochimiques.","og_url":"https:\/\/nabukoo.com\/nl\/product-2\/epa-dhaforte-1000-mg-90-capsules\/","og_site_name":"Nabukoo","article_modified_time":"2023-07-17T12:58:16+00:00","og_image":[{"width":2560,"height":2560,"url":"https:\/\/nabukoo.com\/wp-content\/uploads\/EPADHAFORTE2-scaled.jpg","type":"image\/jpeg"}],"twitter_card":"summary_large_image","twitter_misc":{"Geschatte leestijd":"1 minuut"},"schema":{"@context":"https:\/\/schema.org","@graph":[{"@type":"WebPage","@id":"https:\/\/nabukoo.com\/produit\/epa-dhaforte-1000-mg-90-capsules\/","url":"https:\/\/nabukoo.com\/produit\/epa-dhaforte-1000-mg-90-capsules\/","name":"EPA- DHA+Forte 1000 mg - 90 capsules - Nabukoo","isPartOf":{"@id":"https:\/\/nabukoo.com\/#website"},"primaryImageOfPage":{"@id":"https:\/\/nabukoo.com\/produit\/epa-dhaforte-1000-mg-90-capsules\/#primaryimage"},"image":{"@id":"https:\/\/nabukoo.com\/produit\/epa-dhaforte-1000-mg-90-capsules\/#primaryimage"},"thumbnailUrl":"https:\/\/nabukoo.com\/wp-content\/uploads\/EPADHAFORTE2-scaled.jpg","datePublished":"2023-07-11T12:34:42+00:00","dateModified":"2023-07-17T12:58:16+00:00","breadcrumb":{"@id":"https:\/\/nabukoo.com\/produit\/epa-dhaforte-1000-mg-90-capsules\/#breadcrumb"},"inLanguage":"nl-BE","potentialAction":[{"@type":"ReadAction","target":["https:\/\/nabukoo.com\/produit\/epa-dhaforte-1000-mg-90-capsules\/"]}]},{"@type":"ImageObject","inLanguage":"nl-BE","@id":"https:\/\/nabukoo.com\/produit\/epa-dhaforte-1000-mg-90-capsules\/#primaryimage","url":"https:\/\/nabukoo.com\/wp-content\/uploads\/EPADHAFORTE2-scaled.jpg","contentUrl":"https:\/\/nabukoo.com\/wp-content\/uploads\/EPADHAFORTE2-scaled.jpg","width":2560,"height":2560},{"@type":"BreadcrumbList","@id":"https:\/\/nabukoo.com\/produit\/epa-dhaforte-1000-mg-90-capsules\/#breadcrumb","itemListElement":[{"@type":"ListItem","position":1,"name":"Accueil","item":"https:\/\/nabukoo.com\/"},{"@type":"ListItem","position":2,"name":"Nos rayons","item":"https:\/\/nabukoo.com\/rayons\/"},{"@type":"ListItem","position":3,"name":"EPA- DHA+Forte 1000 mg &#8211; 90 capsules"}]},{"@type":"WebSite","@id":"https:\/\/nabukoo.com\/#website","url":"https:\/\/nabukoo.com\/","name":"Nabukoo","description":"Qulaity First","potentialAction":[{"@type":"SearchAction","target":{"@type":"EntryPoint","urlTemplate":"https:\/\/nabukoo.com\/?s={search_term_string}"},"query-input":{"@type":"PropertyValueSpecification","valueRequired":true,"valueName":"search_term_string"}}],"inLanguage":"nl-BE"}]}},"_links":{"self":[{"href":"https:\/\/nabukoo.com\/nl\/wp-json\/wp\/v2\/product\/10370"}],"collection":[{"href":"https:\/\/nabukoo.com\/nl\/wp-json\/wp\/v2\/product"}],"about":[{"href":"https:\/\/nabukoo.com\/nl\/wp-json\/wp\/v2\/types\/product"}],"replies":[{"embeddable":true,"href":"https:\/\/nabukoo.com\/nl\/wp-json\/wp\/v2\/comments?post=10370"}],"wp:featuredmedia":[{"embeddable":true,"href":"https:\/\/nabukoo.com\/nl\/wp-json\/wp\/v2\/media\/10369"}],"wp:attachment":[{"href":"https:\/\/nabukoo.com\/nl\/wp-json\/wp\/v2\/media?parent=10370"}],"wp:term":[{"taxonomy":"product_cat","embeddable":true,"href":"https:\/\/nabukoo.com\/nl\/wp-json\/wp\/v2\/product_cat?post=10370"},{"taxonomy":"product_tag","embeddable":true,"href":"https:\/\/nabukoo.com\/nl\/wp-json\/wp\/v2\/product_tag?post=10370"}],"curies":[{"name":"wp","href":"https:\/\/api.w.org\/{rel}","templated":true}]}}