{"id":10368,"date":"2023-07-11T14:34:04","date_gmt":"2023-07-11T12:34:04","guid":{"rendered":"https:\/\/nabukoo.com\/produit\/enzyvits-60-gelules-vegetales-pullulan\/"},"modified":"2023-07-17T14:58:16","modified_gmt":"2023-07-17T12:58:16","slug":"enzyvits-60-gelules-vegetales-pullulan","status":"publish","type":"product","link":"https:\/\/nabukoo.com\/nl\/product-2\/enzyvits-60-vegetal-jellies-pullulan\/","title":{"rendered":"Enzyvits - 60 pullulan vegetarische capsules"},"content":{"rendered":"<p><span style=\"text-decoration: underline\"><strong><span style=\"letter-spacing: 0.6px\">Gezondheidsclaims<\/span><\/strong><\/span><\/p>\n<p><span style=\"letter-spacing: 0.1px\">\u221a Gember ondersteunt de spijsvertering.<\/span><\/p>\n<p><span style=\"text-decoration: underline\"><strong><span style=\"letter-spacing: 0.6px\">Voordelen van de formule<\/span><\/strong><\/span><\/p>\n<p><span style=\"letter-spacing: 0.1px\">\u221a Optimaal mengsel van enzymen (glycolytisch - lipolytisch - proteolytisch);<\/span><\/p>\n<p><span style=\"letter-spacing: 0.1px\">\u221a Plantaardige enzymen toegevoegd (papa\u00efne en bromela\u00efne);<\/span><\/p>\n<p><span style=\"letter-spacing: 0.1px\">\u221a Gember extract ondersteunt enzymatische acties;<\/span><\/p>\n<p><span style=\"letter-spacing: 0.1px\">\u221a Natuurlijke galenische vorm (pullulan) en hulpstof (rijstzetmeel).<\/span><\/p>\n<p><span style=\"text-decoration: underline\"><strong><span style=\"letter-spacing: 0.6px\">Aanbevelingen<\/span><\/strong><\/span><\/p>\n<p><span style=\"letter-spacing: 0.1px\">Dit voedingssupplement is geen vervanging voor een gevarieerde en evenwichtige voeding en een gezonde levensstijl en is geen geneesmiddel. Niet gebruiken door kinderen jonger dan 12 jaar of door zwangere vrouwen of vrouwen die borstvoeding geven.<\/span><\/p>\n<p><span style=\"text-decoration: underline\"><strong><span style=\"letter-spacing: 0.6px\">STUDIES<\/span><\/strong><\/span><\/p>\n<p><span style=\"letter-spacing: 0.1px\">[1] Roxas M. \"De rol van enzymsupplementen bij spijsverteringsstoornissen\"; Altern Med Rev. 2008;13(4):307-314;<\/span><\/p>","protected":false},"excerpt":{"rendered":"<p><span style=\"letter-spacing: 0.1px\"><b>Enzyvits<\/b> is een voedingssupplement met een mengsel van 5 'Vegazym'-enzymen, gecombineerd met bromela\u00efne, papa\u00efne en gemberextract. Het Vegazym-complex bevat natuurlijke enzymen, waaronder alfa-amylase, lactase, lipasen, proteasen en cellulase.<\/span><\/p>\n<p><span style=\"letter-spacing: 0.1px\">De enzymen in het Vegazym-complex zijn afkomstig van microbi\u00eble bronnen en zijn gecertificeerd non-GMO, glutenvrij en allergeenvrij. In tegenstelling tot enzymen van dierlijke oorsprong zijn microbi\u00eble bronnen beter bestand tegen maagzuur en hebben ze een breder werkingsspectrum in het spijsverteringskanaal.<\/span><\/p>","protected":false},"featured_media":10367,"comment_status":"open","ping_status":"closed","template":"","meta":[],"product_cat":[116,81],"product_tag":[],"yoast_head":"<!-- This site is optimized with the Yoast SEO plugin v23.8 - https:\/\/yoast.com\/wordpress\/plugins\/seo\/ -->\n<title>Enzyvits - 60 g\u00e9lules v\u00e9g\u00e9tales pullulan - Nabukoo<\/title>\n<meta name=\"robots\" content=\"index, follow, max-snippet:-1, max-image-preview:large, max-video-preview:-1\" \/>\n<link rel=\"canonical\" href=\"https:\/\/nabukoo.com\/nl\/product-2\/enzyvits-60-vegetal-jellies-pullulan\/\" \/>\n<meta property=\"og:locale\" content=\"nl_BE\" \/>\n<meta property=\"og:type\" content=\"article\" \/>\n<meta property=\"og:title\" content=\"Enzyvits - 60 g\u00e9lules v\u00e9g\u00e9tales pullulan - Nabukoo\" \/>\n<meta property=\"og:description\" content=\"Enzyvits est un compl\u00e9ment alimentaire compos\u00e9 d\u2019un m\u00e9lange de 5 enzymes \u00abVegazym\u00bb, associ\u00e9s \u00e0 la brom\u00e9la\u00efne, la papa\u00efne et \u00e0 un extrait de gingembre. Le complexe Vegazym contient des enzymes naturelles, dont l\u2019alpha-amylase, la lactase, des lipases, des prot\u00e9ases et de la cellulase.  Les enzymes du complexe Vegazym proviennent de sources microbiennes et sont certifi\u00e9es sans OGM, sans gluten et sans allerg\u00e8ne. Contrairement aux enzymes d\u2019origine animale, les sources d\u2019origine microbienne sont plus r\u00e9sistantes \u00e0 l\u2019acide gastrique et ont un spectre d\u2019action plus large dans tube digestif.\" \/>\n<meta property=\"og:url\" content=\"https:\/\/nabukoo.com\/nl\/product-2\/enzyvits-60-vegetal-jellies-pullulan\/\" \/>\n<meta property=\"og:site_name\" content=\"Nabukoo\" \/>\n<meta property=\"article:modified_time\" content=\"2023-07-17T12:58:16+00:00\" \/>\n<meta property=\"og:image\" content=\"https:\/\/nabukoo.com\/wp-content\/uploads\/Enzyvits_60-LEPIVITS-scaled.jpg\" \/>\n\t<meta property=\"og:image:width\" content=\"2560\" \/>\n\t<meta property=\"og:image:height\" content=\"2560\" \/>\n\t<meta property=\"og:image:type\" content=\"image\/jpeg\" \/>\n<meta name=\"twitter:card\" content=\"summary_large_image\" \/>\n<meta name=\"twitter:label1\" content=\"Geschatte leestijd\" \/>\n\t<meta name=\"twitter:data1\" content=\"1 minuut\" \/>\n<script type=\"application\/ld+json\" class=\"yoast-schema-graph\">{\"@context\":\"https:\/\/schema.org\",\"@graph\":[{\"@type\":\"WebPage\",\"@id\":\"https:\/\/nabukoo.com\/produit\/enzyvits-60-gelules-vegetales-pullulan\/\",\"url\":\"https:\/\/nabukoo.com\/produit\/enzyvits-60-gelules-vegetales-pullulan\/\",\"name\":\"Enzyvits - 60 g\u00e9lules v\u00e9g\u00e9tales pullulan - Nabukoo\",\"isPartOf\":{\"@id\":\"https:\/\/nabukoo.com\/#website\"},\"primaryImageOfPage\":{\"@id\":\"https:\/\/nabukoo.com\/produit\/enzyvits-60-gelules-vegetales-pullulan\/#primaryimage\"},\"image\":{\"@id\":\"https:\/\/nabukoo.com\/produit\/enzyvits-60-gelules-vegetales-pullulan\/#primaryimage\"},\"thumbnailUrl\":\"https:\/\/nabukoo.com\/wp-content\/uploads\/Enzyvits_60-LEPIVITS-scaled.jpg\",\"datePublished\":\"2023-07-11T12:34:04+00:00\",\"dateModified\":\"2023-07-17T12:58:16+00:00\",\"breadcrumb\":{\"@id\":\"https:\/\/nabukoo.com\/produit\/enzyvits-60-gelules-vegetales-pullulan\/#breadcrumb\"},\"inLanguage\":\"nl-BE\",\"potentialAction\":[{\"@type\":\"ReadAction\",\"target\":[\"https:\/\/nabukoo.com\/produit\/enzyvits-60-gelules-vegetales-pullulan\/\"]}]},{\"@type\":\"ImageObject\",\"inLanguage\":\"nl-BE\",\"@id\":\"https:\/\/nabukoo.com\/produit\/enzyvits-60-gelules-vegetales-pullulan\/#primaryimage\",\"url\":\"https:\/\/nabukoo.com\/wp-content\/uploads\/Enzyvits_60-LEPIVITS-scaled.jpg\",\"contentUrl\":\"https:\/\/nabukoo.com\/wp-content\/uploads\/Enzyvits_60-LEPIVITS-scaled.jpg\",\"width\":2560,\"height\":2560},{\"@type\":\"BreadcrumbList\",\"@id\":\"https:\/\/nabukoo.com\/produit\/enzyvits-60-gelules-vegetales-pullulan\/#breadcrumb\",\"itemListElement\":[{\"@type\":\"ListItem\",\"position\":1,\"name\":\"Accueil\",\"item\":\"https:\/\/nabukoo.com\/\"},{\"@type\":\"ListItem\",\"position\":2,\"name\":\"Nos rayons\",\"item\":\"https:\/\/nabukoo.com\/rayons\/\"},{\"@type\":\"ListItem\",\"position\":3,\"name\":\"Enzyvits &#8211; 60 g\u00e9lules v\u00e9g\u00e9tales pullulan\"}]},{\"@type\":\"WebSite\",\"@id\":\"https:\/\/nabukoo.com\/#website\",\"url\":\"https:\/\/nabukoo.com\/\",\"name\":\"Nabukoo\",\"description\":\"Qulaity First\",\"potentialAction\":[{\"@type\":\"SearchAction\",\"target\":{\"@type\":\"EntryPoint\",\"urlTemplate\":\"https:\/\/nabukoo.com\/?s={search_term_string}\"},\"query-input\":{\"@type\":\"PropertyValueSpecification\",\"valueRequired\":true,\"valueName\":\"search_term_string\"}}],\"inLanguage\":\"nl-BE\"}]}<\/script>\n<!-- \/ Yoast SEO plugin. -->","yoast_head_json":{"title":"Enzyvits - 60 g\u00e9lules v\u00e9g\u00e9tales pullulan - Nabukoo","robots":{"index":"index","follow":"follow","max-snippet":"max-snippet:-1","max-image-preview":"max-image-preview:large","max-video-preview":"max-video-preview:-1"},"canonical":"https:\/\/nabukoo.com\/nl\/product-2\/enzyvits-60-vegetal-jellies-pullulan\/","og_locale":"nl_BE","og_type":"article","og_title":"Enzyvits - 60 g\u00e9lules v\u00e9g\u00e9tales pullulan - Nabukoo","og_description":"Enzyvits est un compl\u00e9ment alimentaire compos\u00e9 d\u2019un m\u00e9lange de 5 enzymes \u00abVegazym\u00bb, associ\u00e9s \u00e0 la brom\u00e9la\u00efne, la papa\u00efne et \u00e0 un extrait de gingembre. Le complexe Vegazym contient des enzymes naturelles, dont l\u2019alpha-amylase, la lactase, des lipases, des prot\u00e9ases et de la cellulase.  Les enzymes du complexe Vegazym proviennent de sources microbiennes et sont certifi\u00e9es sans OGM, sans gluten et sans allerg\u00e8ne. Contrairement aux enzymes d\u2019origine animale, les sources d\u2019origine microbienne sont plus r\u00e9sistantes \u00e0 l\u2019acide gastrique et ont un spectre d\u2019action plus large dans tube digestif.","og_url":"https:\/\/nabukoo.com\/nl\/product-2\/enzyvits-60-vegetal-jellies-pullulan\/","og_site_name":"Nabukoo","article_modified_time":"2023-07-17T12:58:16+00:00","og_image":[{"width":2560,"height":2560,"url":"https:\/\/nabukoo.com\/wp-content\/uploads\/Enzyvits_60-LEPIVITS-scaled.jpg","type":"image\/jpeg"}],"twitter_card":"summary_large_image","twitter_misc":{"Geschatte leestijd":"1 minuut"},"schema":{"@context":"https:\/\/schema.org","@graph":[{"@type":"WebPage","@id":"https:\/\/nabukoo.com\/produit\/enzyvits-60-gelules-vegetales-pullulan\/","url":"https:\/\/nabukoo.com\/produit\/enzyvits-60-gelules-vegetales-pullulan\/","name":"Enzyvits - 60 g\u00e9lules v\u00e9g\u00e9tales pullulan - Nabukoo","isPartOf":{"@id":"https:\/\/nabukoo.com\/#website"},"primaryImageOfPage":{"@id":"https:\/\/nabukoo.com\/produit\/enzyvits-60-gelules-vegetales-pullulan\/#primaryimage"},"image":{"@id":"https:\/\/nabukoo.com\/produit\/enzyvits-60-gelules-vegetales-pullulan\/#primaryimage"},"thumbnailUrl":"https:\/\/nabukoo.com\/wp-content\/uploads\/Enzyvits_60-LEPIVITS-scaled.jpg","datePublished":"2023-07-11T12:34:04+00:00","dateModified":"2023-07-17T12:58:16+00:00","breadcrumb":{"@id":"https:\/\/nabukoo.com\/produit\/enzyvits-60-gelules-vegetales-pullulan\/#breadcrumb"},"inLanguage":"nl-BE","potentialAction":[{"@type":"ReadAction","target":["https:\/\/nabukoo.com\/produit\/enzyvits-60-gelules-vegetales-pullulan\/"]}]},{"@type":"ImageObject","inLanguage":"nl-BE","@id":"https:\/\/nabukoo.com\/produit\/enzyvits-60-gelules-vegetales-pullulan\/#primaryimage","url":"https:\/\/nabukoo.com\/wp-content\/uploads\/Enzyvits_60-LEPIVITS-scaled.jpg","contentUrl":"https:\/\/nabukoo.com\/wp-content\/uploads\/Enzyvits_60-LEPIVITS-scaled.jpg","width":2560,"height":2560},{"@type":"BreadcrumbList","@id":"https:\/\/nabukoo.com\/produit\/enzyvits-60-gelules-vegetales-pullulan\/#breadcrumb","itemListElement":[{"@type":"ListItem","position":1,"name":"Accueil","item":"https:\/\/nabukoo.com\/"},{"@type":"ListItem","position":2,"name":"Nos rayons","item":"https:\/\/nabukoo.com\/rayons\/"},{"@type":"ListItem","position":3,"name":"Enzyvits &#8211; 60 g\u00e9lules v\u00e9g\u00e9tales pullulan"}]},{"@type":"WebSite","@id":"https:\/\/nabukoo.com\/#website","url":"https:\/\/nabukoo.com\/","name":"Nabukoo","description":"Qulaity First","potentialAction":[{"@type":"SearchAction","target":{"@type":"EntryPoint","urlTemplate":"https:\/\/nabukoo.com\/?s={search_term_string}"},"query-input":{"@type":"PropertyValueSpecification","valueRequired":true,"valueName":"search_term_string"}}],"inLanguage":"nl-BE"}]}},"_links":{"self":[{"href":"https:\/\/nabukoo.com\/nl\/wp-json\/wp\/v2\/product\/10368"}],"collection":[{"href":"https:\/\/nabukoo.com\/nl\/wp-json\/wp\/v2\/product"}],"about":[{"href":"https:\/\/nabukoo.com\/nl\/wp-json\/wp\/v2\/types\/product"}],"replies":[{"embeddable":true,"href":"https:\/\/nabukoo.com\/nl\/wp-json\/wp\/v2\/comments?post=10368"}],"wp:featuredmedia":[{"embeddable":true,"href":"https:\/\/nabukoo.com\/nl\/wp-json\/wp\/v2\/media\/10367"}],"wp:attachment":[{"href":"https:\/\/nabukoo.com\/nl\/wp-json\/wp\/v2\/media?parent=10368"}],"wp:term":[{"taxonomy":"product_cat","embeddable":true,"href":"https:\/\/nabukoo.com\/nl\/wp-json\/wp\/v2\/product_cat?post=10368"},{"taxonomy":"product_tag","embeddable":true,"href":"https:\/\/nabukoo.com\/nl\/wp-json\/wp\/v2\/product_tag?post=10368"}],"curies":[{"name":"wp","href":"https:\/\/api.w.org\/{rel}","templated":true}]}}