{"id":10366,"date":"2023-07-11T14:33:23","date_gmt":"2023-07-11T12:33:23","guid":{"rendered":"https:\/\/nabukoo.com\/produit\/detoxivits-30-gelules-vegetales-pullulan\/"},"modified":"2023-07-17T14:58:16","modified_gmt":"2023-07-17T12:58:16","slug":"detoxivits-30-gelules-vegetales-pullulan","status":"publish","type":"product","link":"https:\/\/nabukoo.com\/nl\/product-2\/detoxivits-30-pullulan-plantaardige-capsules\/","title":{"rendered":"Detoxivits - 30 vegetarische pullulan-capsules"},"content":{"rendered":"<p><span style=\"text-decoration: underline\"><strong><span style=\"letter-spacing: 0.6px\">Gezondheidsclaims<\/span><\/strong><\/span><\/p>\n<p><span style=\"letter-spacing: 0.1px\">\u221a Mariadistel* ondersteunt een normale leverfunctie;<\/span><\/p>\n<p><span style=\"letter-spacing: 0.1px\">\u221a Paardenbloem* helpt de eliminatiefuncties te ondersteunen;<\/span><\/p>\n<p><span style=\"letter-spacing: 0.1px\">\u221a Paardebloem* en Mariadistel helpen het lichaam te ontgiften.<\/span><\/p>\n<p><span style=\"text-decoration: underline\"><strong><span style=\"letter-spacing: 0.6px\">Voordelen van de formule<\/span><\/strong><\/span><\/p>\n<p><span style=\"letter-spacing: 0.1px\">\u221a Borcoli-extract getitreerd tot ten minste 13% glucoraphanine;<\/span><\/p>\n<p><span style=\"letter-spacing: 0.1px\">\u221a Mariadistelextract getitreerd tot 80% silymarine;<\/span><\/p>\n<p><span style=\"letter-spacing: 0.1px\">\u221a Synergie van fytovoedingsstoffen gecombineerd met vitaminen, mineralen, aminozuren en NAC;<\/span><\/p>\n<p><span style=\"letter-spacing: 0.1px\">\u221a Klinische studie die de cellulaire retentie (+233%), verhoogde antioxidantbijdrage van 12% van liposomale vitamine C (PureWay-C\u2122) in vergelijking met ascorbinezuur en calciumascorbaat aantoont;<\/span><\/p>\n<p><span style=\"letter-spacing: 0.1px\">\u221a Gebruik van geactiveerde B-vitaminen (pyridoxal-Quatrefolic\u00ae-methylcobalamine);<\/span><\/p>\n<p><span style=\"letter-spacing: 0.1px\">\u221a Natuurlijke galenische vorm (pullulan) en hulpstof (rijstzetmeel).<\/span><\/p>\n<p><span style=\"text-decoration: underline\"><strong><span style=\"letter-spacing: 0.6px\">Aanbevelingen<\/span><\/strong><\/span><\/p>\n<p><span style=\"letter-spacing: 0.1px\">Dit voedingssupplement is geen vervanging voor een gevarieerde en evenwichtige voeding en een gezonde levensstijl en is geen geneesmiddel. Alleen voor volwassenen. Niet bedoeld voor kinderen jonger dan 12 jaar. Vertel het uw arts of apotheker als u gelijktijdig andere geneesmiddelen gebruikt. Raadpleeg je arts voor mensen met hypothyreo\u00efdie of mensen die een schildklierbehandeling ondergaan. Het gebruik moet beperkt worden tot een paar weken\/maand. Buiten bereik van kinderen bewaren. Bewaren bij kamertemperatuur op een droge plaats. De aangegeven dosering niet overschrijden.<\/span><\/p>","protected":false},"excerpt":{"rendered":"<p><span style=\"letter-spacing: 0.1px\"><b>Detoxivits<\/b> is een complex dat rijk is aan actieve ingredi\u00ebnten. Dit detox* voedingssupplement helpt bij fase I en II van de leverontgifting en activeert fase III via verschillende toxineverwijderende acties.<\/span><span style=\"letter-spacing: 0.1px\">\u00a0<\/span><\/p>","protected":false},"featured_media":10365,"comment_status":"open","ping_status":"closed","template":"","meta":[],"product_cat":[116,81],"product_tag":[],"yoast_head":"<!-- This site is optimized with the Yoast SEO plugin v23.8 - https:\/\/yoast.com\/wordpress\/plugins\/seo\/ -->\n<title>D\u00e9toxivits - 30 g\u00e9lules v\u00e9g\u00e9tales pullulan - Nabukoo<\/title>\n<meta name=\"robots\" content=\"index, follow, max-snippet:-1, max-image-preview:large, max-video-preview:-1\" \/>\n<link rel=\"canonical\" href=\"https:\/\/nabukoo.com\/nl\/product-2\/detoxivits-30-pullulan-plantaardige-capsules\/\" \/>\n<meta property=\"og:locale\" content=\"nl_BE\" \/>\n<meta property=\"og:type\" content=\"article\" \/>\n<meta property=\"og:title\" content=\"D\u00e9toxivits - 30 g\u00e9lules v\u00e9g\u00e9tales pullulan - Nabukoo\" \/>\n<meta property=\"og:description\" content=\"D\u00e9toxivits est un complexe riche en principes actifs. Ce compl\u00e9ment alimentaire d\u00e9tox* participe aux phases I et II de la d\u00e9toxification du foie et active la phase III via plusieurs actions d\u2019\u00e9limination des toxines.\u00a0\" \/>\n<meta property=\"og:url\" content=\"https:\/\/nabukoo.com\/nl\/product-2\/detoxivits-30-pullulan-plantaardige-capsules\/\" \/>\n<meta property=\"og:site_name\" content=\"Nabukoo\" \/>\n<meta property=\"article:modified_time\" content=\"2023-07-17T12:58:16+00:00\" \/>\n<meta property=\"og:image\" content=\"https:\/\/nabukoo.com\/wp-content\/uploads\/Detoxivits_30-LEPIVITS-scaled.jpg\" \/>\n\t<meta property=\"og:image:width\" content=\"2560\" \/>\n\t<meta property=\"og:image:height\" content=\"2560\" \/>\n\t<meta property=\"og:image:type\" content=\"image\/jpeg\" \/>\n<meta name=\"twitter:card\" content=\"summary_large_image\" \/>\n<meta name=\"twitter:label1\" content=\"Geschatte leestijd\" \/>\n\t<meta name=\"twitter:data1\" content=\"1 minuut\" \/>\n<script type=\"application\/ld+json\" class=\"yoast-schema-graph\">{\"@context\":\"https:\/\/schema.org\",\"@graph\":[{\"@type\":\"WebPage\",\"@id\":\"https:\/\/nabukoo.com\/produit\/detoxivits-30-gelules-vegetales-pullulan\/\",\"url\":\"https:\/\/nabukoo.com\/produit\/detoxivits-30-gelules-vegetales-pullulan\/\",\"name\":\"D\u00e9toxivits - 30 g\u00e9lules v\u00e9g\u00e9tales pullulan - Nabukoo\",\"isPartOf\":{\"@id\":\"https:\/\/nabukoo.com\/#website\"},\"primaryImageOfPage\":{\"@id\":\"https:\/\/nabukoo.com\/produit\/detoxivits-30-gelules-vegetales-pullulan\/#primaryimage\"},\"image\":{\"@id\":\"https:\/\/nabukoo.com\/produit\/detoxivits-30-gelules-vegetales-pullulan\/#primaryimage\"},\"thumbnailUrl\":\"https:\/\/nabukoo.com\/wp-content\/uploads\/Detoxivits_30-LEPIVITS-scaled.jpg\",\"datePublished\":\"2023-07-11T12:33:23+00:00\",\"dateModified\":\"2023-07-17T12:58:16+00:00\",\"breadcrumb\":{\"@id\":\"https:\/\/nabukoo.com\/produit\/detoxivits-30-gelules-vegetales-pullulan\/#breadcrumb\"},\"inLanguage\":\"nl-BE\",\"potentialAction\":[{\"@type\":\"ReadAction\",\"target\":[\"https:\/\/nabukoo.com\/produit\/detoxivits-30-gelules-vegetales-pullulan\/\"]}]},{\"@type\":\"ImageObject\",\"inLanguage\":\"nl-BE\",\"@id\":\"https:\/\/nabukoo.com\/produit\/detoxivits-30-gelules-vegetales-pullulan\/#primaryimage\",\"url\":\"https:\/\/nabukoo.com\/wp-content\/uploads\/Detoxivits_30-LEPIVITS-scaled.jpg\",\"contentUrl\":\"https:\/\/nabukoo.com\/wp-content\/uploads\/Detoxivits_30-LEPIVITS-scaled.jpg\",\"width\":2560,\"height\":2560},{\"@type\":\"BreadcrumbList\",\"@id\":\"https:\/\/nabukoo.com\/produit\/detoxivits-30-gelules-vegetales-pullulan\/#breadcrumb\",\"itemListElement\":[{\"@type\":\"ListItem\",\"position\":1,\"name\":\"Accueil\",\"item\":\"https:\/\/nabukoo.com\/\"},{\"@type\":\"ListItem\",\"position\":2,\"name\":\"Nos rayons\",\"item\":\"https:\/\/nabukoo.com\/rayons\/\"},{\"@type\":\"ListItem\",\"position\":3,\"name\":\"D\u00e9toxivits &#8211; 30 g\u00e9lules v\u00e9g\u00e9tales pullulan\"}]},{\"@type\":\"WebSite\",\"@id\":\"https:\/\/nabukoo.com\/#website\",\"url\":\"https:\/\/nabukoo.com\/\",\"name\":\"Nabukoo\",\"description\":\"Qulaity First\",\"potentialAction\":[{\"@type\":\"SearchAction\",\"target\":{\"@type\":\"EntryPoint\",\"urlTemplate\":\"https:\/\/nabukoo.com\/?s={search_term_string}\"},\"query-input\":{\"@type\":\"PropertyValueSpecification\",\"valueRequired\":true,\"valueName\":\"search_term_string\"}}],\"inLanguage\":\"nl-BE\"}]}<\/script>\n<!-- \/ Yoast SEO plugin. -->","yoast_head_json":{"title":"D\u00e9toxivits - 30 g\u00e9lules v\u00e9g\u00e9tales pullulan - Nabukoo","robots":{"index":"index","follow":"follow","max-snippet":"max-snippet:-1","max-image-preview":"max-image-preview:large","max-video-preview":"max-video-preview:-1"},"canonical":"https:\/\/nabukoo.com\/nl\/product-2\/detoxivits-30-pullulan-plantaardige-capsules\/","og_locale":"nl_BE","og_type":"article","og_title":"D\u00e9toxivits - 30 g\u00e9lules v\u00e9g\u00e9tales pullulan - Nabukoo","og_description":"D\u00e9toxivits est un complexe riche en principes actifs. Ce compl\u00e9ment alimentaire d\u00e9tox* participe aux phases I et II de la d\u00e9toxification du foie et active la phase III via plusieurs actions d\u2019\u00e9limination des toxines.\u00a0","og_url":"https:\/\/nabukoo.com\/nl\/product-2\/detoxivits-30-pullulan-plantaardige-capsules\/","og_site_name":"Nabukoo","article_modified_time":"2023-07-17T12:58:16+00:00","og_image":[{"width":2560,"height":2560,"url":"https:\/\/nabukoo.com\/wp-content\/uploads\/Detoxivits_30-LEPIVITS-scaled.jpg","type":"image\/jpeg"}],"twitter_card":"summary_large_image","twitter_misc":{"Geschatte leestijd":"1 minuut"},"schema":{"@context":"https:\/\/schema.org","@graph":[{"@type":"WebPage","@id":"https:\/\/nabukoo.com\/produit\/detoxivits-30-gelules-vegetales-pullulan\/","url":"https:\/\/nabukoo.com\/produit\/detoxivits-30-gelules-vegetales-pullulan\/","name":"D\u00e9toxivits - 30 g\u00e9lules v\u00e9g\u00e9tales pullulan - Nabukoo","isPartOf":{"@id":"https:\/\/nabukoo.com\/#website"},"primaryImageOfPage":{"@id":"https:\/\/nabukoo.com\/produit\/detoxivits-30-gelules-vegetales-pullulan\/#primaryimage"},"image":{"@id":"https:\/\/nabukoo.com\/produit\/detoxivits-30-gelules-vegetales-pullulan\/#primaryimage"},"thumbnailUrl":"https:\/\/nabukoo.com\/wp-content\/uploads\/Detoxivits_30-LEPIVITS-scaled.jpg","datePublished":"2023-07-11T12:33:23+00:00","dateModified":"2023-07-17T12:58:16+00:00","breadcrumb":{"@id":"https:\/\/nabukoo.com\/produit\/detoxivits-30-gelules-vegetales-pullulan\/#breadcrumb"},"inLanguage":"nl-BE","potentialAction":[{"@type":"ReadAction","target":["https:\/\/nabukoo.com\/produit\/detoxivits-30-gelules-vegetales-pullulan\/"]}]},{"@type":"ImageObject","inLanguage":"nl-BE","@id":"https:\/\/nabukoo.com\/produit\/detoxivits-30-gelules-vegetales-pullulan\/#primaryimage","url":"https:\/\/nabukoo.com\/wp-content\/uploads\/Detoxivits_30-LEPIVITS-scaled.jpg","contentUrl":"https:\/\/nabukoo.com\/wp-content\/uploads\/Detoxivits_30-LEPIVITS-scaled.jpg","width":2560,"height":2560},{"@type":"BreadcrumbList","@id":"https:\/\/nabukoo.com\/produit\/detoxivits-30-gelules-vegetales-pullulan\/#breadcrumb","itemListElement":[{"@type":"ListItem","position":1,"name":"Accueil","item":"https:\/\/nabukoo.com\/"},{"@type":"ListItem","position":2,"name":"Nos rayons","item":"https:\/\/nabukoo.com\/rayons\/"},{"@type":"ListItem","position":3,"name":"D\u00e9toxivits &#8211; 30 g\u00e9lules v\u00e9g\u00e9tales pullulan"}]},{"@type":"WebSite","@id":"https:\/\/nabukoo.com\/#website","url":"https:\/\/nabukoo.com\/","name":"Nabukoo","description":"Qulaity First","potentialAction":[{"@type":"SearchAction","target":{"@type":"EntryPoint","urlTemplate":"https:\/\/nabukoo.com\/?s={search_term_string}"},"query-input":{"@type":"PropertyValueSpecification","valueRequired":true,"valueName":"search_term_string"}}],"inLanguage":"nl-BE"}]}},"_links":{"self":[{"href":"https:\/\/nabukoo.com\/nl\/wp-json\/wp\/v2\/product\/10366"}],"collection":[{"href":"https:\/\/nabukoo.com\/nl\/wp-json\/wp\/v2\/product"}],"about":[{"href":"https:\/\/nabukoo.com\/nl\/wp-json\/wp\/v2\/types\/product"}],"replies":[{"embeddable":true,"href":"https:\/\/nabukoo.com\/nl\/wp-json\/wp\/v2\/comments?post=10366"}],"wp:featuredmedia":[{"embeddable":true,"href":"https:\/\/nabukoo.com\/nl\/wp-json\/wp\/v2\/media\/10365"}],"wp:attachment":[{"href":"https:\/\/nabukoo.com\/nl\/wp-json\/wp\/v2\/media?parent=10366"}],"wp:term":[{"taxonomy":"product_cat","embeddable":true,"href":"https:\/\/nabukoo.com\/nl\/wp-json\/wp\/v2\/product_cat?post=10366"},{"taxonomy":"product_tag","embeddable":true,"href":"https:\/\/nabukoo.com\/nl\/wp-json\/wp\/v2\/product_tag?post=10366"}],"curies":[{"name":"wp","href":"https:\/\/api.w.org\/{rel}","templated":true}]}}