{"id":10364,"date":"2023-07-11T14:32:48","date_gmt":"2023-07-11T12:32:48","guid":{"rendered":"https:\/\/nabukoo.com\/produit\/curcuvits-gold-60-gelules-vegetales-pullulan\/"},"modified":"2023-07-17T14:58:16","modified_gmt":"2023-07-17T12:58:16","slug":"curcuvits-gold-60-gelules-vegetales-pullulan","status":"publish","type":"product","link":"https:\/\/nabukoo.com\/nl\/product-2\/curcuvits-goud-60-vegetal-jellies-pullulan\/","title":{"rendered":"Curcuvits Gold - 60 pullulan vegetarische capsules"},"content":{"rendered":"<p><span style=\"text-decoration: underline\"><strong><span style=\"letter-spacing: 0.6px\">Gezondheidsclaims<\/span><\/strong><\/span><\/p>\n<p><span style=\"letter-spacing: 0.1px\">\u221a Curcumine draagt bij aan de gezondheid en het goed functioneren van de lever en het spijsverteringsstelsel;<\/span><\/p>\n<p><span style=\"letter-spacing: 0.1px\">\u221a Curcumine helpt gewrichten soepel en kraakbeen gezond te houden;<\/span><\/p>\n<p><span style=\"letter-spacing: 0.1px\">\u221a Kurkuma helpt bij het behouden van een normale spierfunctie;<\/span><\/p>\n<p><span style=\"letter-spacing: 0.1px\">\u221a Kurkuma helpt bij het behoud van een effectief immuunsysteem. Het helpt de weerstand tegen allergie\u00ebn te behouden en heeft belangrijke antioxiderende eigenschappen;<\/span><\/p>\n<p><span style=\"letter-spacing: 0.1px\">\u221a Kurkuma helpt de longen en bovenste luchtwegen gezond te houden.<\/span><\/p>\n<p><span style=\"text-decoration: underline\"><strong><span style=\"letter-spacing: 0.6px\">Voordelen van de formule<\/span><\/strong><\/span><\/p>\n<p><span style=\"letter-spacing: 0.1px\">\u221a Gepatenteerd extract bestaande uit kurkuma en quillaja (TurmiPure Gold\u00ae), ondersteund door gerandomiseerde, vergelijkende Franse onderzoeken;<\/span><\/p>\n<p><span style=\"letter-spacing: 0.1px\">\u221a Biologische micro-inkapseling van kurkuma in een mengsel van acaciavezels, zonnebloemolie en quillaja voor bio-geoptimaliseerde opname van 24x ;<\/span><\/p>\n<p><span style=\"letter-spacing: 0.1px\">\u221a De biologische beschikbaarheid van vrije curcumine in het bloed nam met 342x toe (0 tot 12 uur) vergeleken met curcumino\u00efde-extract getitreerd tot 95% met piperine;<\/span><\/p>\n<p><span style=\"letter-spacing: 0.1px\">\u221a Kurkuma van duurzame en fairtrade productie. TurmiPure Gold\u00ae is biologisch gecertificeerd;<\/span><\/p>\n<p><span style=\"letter-spacing: 0.1px\">\u221a Formule gegarandeerd vrij van polysorbaat, piperine, nanodeeltjes, essenti\u00eble oli\u00ebn en synthetische extractiemiddelen;<\/span><\/p>\n<p><span style=\"letter-spacing: 0.1px\">\u221a Natuurlijke galenische vorm (pullulan) en hulpstof (rijstzetmeel).<\/span><\/p>\n<p><span style=\"text-decoration: underline\"><strong><span style=\"letter-spacing: 0.6px\">Aanbevelingen<\/span><\/strong><\/span><\/p>\n<p><span style=\"letter-spacing: 0.1px\">Voedingssupplement, kan een gevarieerde en evenwichtige voeding niet vervangen. Te nemen als onderdeel van een gezonde levensstijl. Raadpleeg uw arts of apotheker als u gelijktijdig antistollingsmiddelen gebruikt. Raadpleeg uw arts of apotheker als u lever- of galblaasaandoeningen heeft of gelijktijdig medicijnen gebruikt. Niet gebruiken door zwangere vrouwen, vrouwen die borstvoeding geven en kinderen jonger dan 18 jaar.<\/span><\/p>\n<p><span style=\"text-decoration: underline\"><strong><span style=\"letter-spacing: 0.6px\">STUDIES<\/span><\/strong><\/span><\/p>\n<p><span style=\"letter-spacing: 0.1px\">[1] Fan\u00e7a Berthon &amp; all, Pharmacokinetics of a Single Dose of Turmeric Curcuminoids Depends on Formulation: Results of a Human Crossover Study, The Journal of Nutrition, Volume 151, Issue 7, July 2021, Pages 1802-1816.\u00a0<\/span><\/p>","protected":false},"excerpt":{"rendered":"<p><span style=\"letter-spacing: 0.1px\"><strong>Curcuvits Goud<\/strong> maakt gebruik van een gepatenteerd kurkuma-extract met de naam TurmiPure Gold\u00ae. Deze innovatieve formule is het resultaat van micro-encapsulatie met een hoge biologische beschikbaarheid. De curcumino\u00efden zijn op natuurlijke wijze ge\u00efntegreerd in een waterdispergeerbare matrix die bestaat uit een mengsel van acaciavezels, zonnebloemolie en panamahout voor bio-geoptimaliseerde assimilatie (zonder polysorbaat). Deze gepatenteerde technologie onderscheidt zich van andere formules op basis van kurkuma dankzij de uitzonderlijke concentratie van vrije curcumine in het bloed, die is waargenomen in klinische studies die zijn gepubliceerd in het prestigieuze 'Molecular nutrition food research' en waarover is bericht op Oxford academic [1]. De betrouwbaarheid van de assimilatie- en biobeschikbaarheidsstudies uitgevoerd op 100% van kurkuma metabolieten (vrije en geconjugeerde vormen) is vergeleken met andere bekende gepatenteerde kurkuma extracten (Novasol, Meriva, CurQfen, curcumino\u00efden en piperine, etc.). Vergelijkende studies (cross-over) hebben aangetoond dat \u00e9\u00e9n capsule met 300 mg TurmiPure Gold\u00ae evenveel curcumino\u00efden levert als bijna 6 capsules Meriva 500mg (2872mg) en anderhalve capsule Novasol 500mg (763mg). Bovendien bevat TurmiPure Gold\u00ae geen synthetische producten en is het 100% van biologische oorsprong. Lepivits optimaliseert de concentratie van TurmiPure Gold\u00ae op 500mg\/capsule om de gezondheidsvoordelen van curcumino\u00efden voor het lichaam te vergroten.\u00a0<\/span><\/p>","protected":false},"featured_media":10363,"comment_status":"open","ping_status":"closed","template":"","meta":[],"product_cat":[116,81],"product_tag":[],"yoast_head":"<!-- This site is optimized with the Yoast SEO plugin v23.8 - https:\/\/yoast.com\/wordpress\/plugins\/seo\/ -->\n<title>Curcuvits Gold - 60 g\u00e9lules v\u00e9g\u00e9tales pullulan - Nabukoo<\/title>\n<meta name=\"robots\" content=\"index, follow, max-snippet:-1, max-image-preview:large, max-video-preview:-1\" \/>\n<link rel=\"canonical\" href=\"https:\/\/nabukoo.com\/nl\/product-2\/curcuvits-goud-60-vegetal-jellies-pullulan\/\" \/>\n<meta property=\"og:locale\" content=\"nl_BE\" \/>\n<meta property=\"og:type\" content=\"article\" \/>\n<meta property=\"og:title\" content=\"Curcuvits Gold - 60 g\u00e9lules v\u00e9g\u00e9tales pullulan - Nabukoo\" \/>\n<meta property=\"og:description\" content=\"Curcuvits Gold utilise un extrait brevet\u00e9 de curcuma appel\u00e9 \u00ab TurmiPure Gold\u00ae \u00bb. Cette formulation innovante est issue d\u2019une micro-encapsulation biologique hautement biodisponible. Les curcumino\u00efdes sont int\u00e9gr\u00e9s naturellement dans une matrice hydrodispersible compos\u00e9e d\u2019un m\u00e9lange de fibres d\u2019acacia, d\u2019huile de tournesol et de bois de panama pour une assimilation bio-optimis\u00e9e (sans polysorbate). Cette technologie brevet\u00e9e se distingue des autres formules \u00e0 base de curcuma gr\u00e2ce \u00e0 sa concentration exceptionnelle en curcumine libre dans le sang observ\u00e9e au travers d\u2019\u00e9tudes cliniques publi\u00e9es dans le prestigieux \u00ab Molecular nutrition food research \u00bb et repris sur Oxford academic [1]. La fiabilit\u00e9 des \u00e9tudes d\u2019assimilation et de biodisponibilit\u00e9 effectu\u00e9e sur 100% des m\u00e9tabolites de curcuma (forme libre et conjugu\u00e9e) est compar\u00e9e avec d\u2019autres extraits brevet\u00e9s de curcuma reconnus (Novasol, Meriva, CurQfen, curcumino\u00efdes et pip\u00e9rine, etc.). Les \u00e9tudes comparatives r\u00e9alis\u00e9es (cross-over) ont montr\u00e9 qu\u2019une g\u00e9lule contenant 300mg de TurmiPure Gold\u00ae apporte autant de curcumino\u00efdes que presque 6 g\u00e9lules de Meriva 500mg\u00a0 (2872mg) et qu\u2019une g\u00e9lule et demi de Novasol 500mg (763mg). De plus, TurmiPure Gold\u00ae ne contient aucun produit de synth\u00e8se et est 100% d\u2019origine biologique. Lepivits optimise la concentration en TurmiPure Gold\u00ae \u00e0 500mg\/g\u00e9lule pour accroitre les bienfaits sant\u00e9 des curcumino\u00efdes sur l\u2019organisme.\u00a0\" \/>\n<meta property=\"og:url\" content=\"https:\/\/nabukoo.com\/nl\/product-2\/curcuvits-goud-60-vegetal-jellies-pullulan\/\" \/>\n<meta property=\"og:site_name\" content=\"Nabukoo\" \/>\n<meta property=\"article:modified_time\" content=\"2023-07-17T12:58:16+00:00\" \/>\n<meta property=\"og:image\" content=\"https:\/\/nabukoo.com\/wp-content\/uploads\/Curcuvits-gold_60-LEPIVITS-scaled.jpg\" \/>\n\t<meta property=\"og:image:width\" content=\"2560\" \/>\n\t<meta property=\"og:image:height\" content=\"2560\" \/>\n\t<meta property=\"og:image:type\" content=\"image\/jpeg\" \/>\n<meta name=\"twitter:card\" content=\"summary_large_image\" \/>\n<meta name=\"twitter:label1\" content=\"Geschatte leestijd\" \/>\n\t<meta name=\"twitter:data1\" content=\"2 minuten\" \/>\n<script type=\"application\/ld+json\" class=\"yoast-schema-graph\">{\"@context\":\"https:\/\/schema.org\",\"@graph\":[{\"@type\":\"WebPage\",\"@id\":\"https:\/\/nabukoo.com\/produit\/curcuvits-gold-60-gelules-vegetales-pullulan\/\",\"url\":\"https:\/\/nabukoo.com\/produit\/curcuvits-gold-60-gelules-vegetales-pullulan\/\",\"name\":\"Curcuvits Gold - 60 g\u00e9lules v\u00e9g\u00e9tales pullulan - Nabukoo\",\"isPartOf\":{\"@id\":\"https:\/\/nabukoo.com\/#website\"},\"primaryImageOfPage\":{\"@id\":\"https:\/\/nabukoo.com\/produit\/curcuvits-gold-60-gelules-vegetales-pullulan\/#primaryimage\"},\"image\":{\"@id\":\"https:\/\/nabukoo.com\/produit\/curcuvits-gold-60-gelules-vegetales-pullulan\/#primaryimage\"},\"thumbnailUrl\":\"https:\/\/nabukoo.com\/wp-content\/uploads\/Curcuvits-gold_60-LEPIVITS-scaled.jpg\",\"datePublished\":\"2023-07-11T12:32:48+00:00\",\"dateModified\":\"2023-07-17T12:58:16+00:00\",\"breadcrumb\":{\"@id\":\"https:\/\/nabukoo.com\/produit\/curcuvits-gold-60-gelules-vegetales-pullulan\/#breadcrumb\"},\"inLanguage\":\"nl-BE\",\"potentialAction\":[{\"@type\":\"ReadAction\",\"target\":[\"https:\/\/nabukoo.com\/produit\/curcuvits-gold-60-gelules-vegetales-pullulan\/\"]}]},{\"@type\":\"ImageObject\",\"inLanguage\":\"nl-BE\",\"@id\":\"https:\/\/nabukoo.com\/produit\/curcuvits-gold-60-gelules-vegetales-pullulan\/#primaryimage\",\"url\":\"https:\/\/nabukoo.com\/wp-content\/uploads\/Curcuvits-gold_60-LEPIVITS-scaled.jpg\",\"contentUrl\":\"https:\/\/nabukoo.com\/wp-content\/uploads\/Curcuvits-gold_60-LEPIVITS-scaled.jpg\",\"width\":2560,\"height\":2560},{\"@type\":\"BreadcrumbList\",\"@id\":\"https:\/\/nabukoo.com\/produit\/curcuvits-gold-60-gelules-vegetales-pullulan\/#breadcrumb\",\"itemListElement\":[{\"@type\":\"ListItem\",\"position\":1,\"name\":\"Accueil\",\"item\":\"https:\/\/nabukoo.com\/\"},{\"@type\":\"ListItem\",\"position\":2,\"name\":\"Nos rayons\",\"item\":\"https:\/\/nabukoo.com\/rayons\/\"},{\"@type\":\"ListItem\",\"position\":3,\"name\":\"Curcuvits Gold &#8211; 60 g\u00e9lules v\u00e9g\u00e9tales pullulan\"}]},{\"@type\":\"WebSite\",\"@id\":\"https:\/\/nabukoo.com\/#website\",\"url\":\"https:\/\/nabukoo.com\/\",\"name\":\"Nabukoo\",\"description\":\"Qulaity First\",\"potentialAction\":[{\"@type\":\"SearchAction\",\"target\":{\"@type\":\"EntryPoint\",\"urlTemplate\":\"https:\/\/nabukoo.com\/?s={search_term_string}\"},\"query-input\":{\"@type\":\"PropertyValueSpecification\",\"valueRequired\":true,\"valueName\":\"search_term_string\"}}],\"inLanguage\":\"nl-BE\"}]}<\/script>\n<!-- \/ Yoast SEO plugin. -->","yoast_head_json":{"title":"Curcuvits Gold - 60 g\u00e9lules v\u00e9g\u00e9tales pullulan - Nabukoo","robots":{"index":"index","follow":"follow","max-snippet":"max-snippet:-1","max-image-preview":"max-image-preview:large","max-video-preview":"max-video-preview:-1"},"canonical":"https:\/\/nabukoo.com\/nl\/product-2\/curcuvits-goud-60-vegetal-jellies-pullulan\/","og_locale":"nl_BE","og_type":"article","og_title":"Curcuvits Gold - 60 g\u00e9lules v\u00e9g\u00e9tales pullulan - Nabukoo","og_description":"Curcuvits Gold utilise un extrait brevet\u00e9 de curcuma appel\u00e9 \u00ab TurmiPure Gold\u00ae \u00bb. Cette formulation innovante est issue d\u2019une micro-encapsulation biologique hautement biodisponible. Les curcumino\u00efdes sont int\u00e9gr\u00e9s naturellement dans une matrice hydrodispersible compos\u00e9e d\u2019un m\u00e9lange de fibres d\u2019acacia, d\u2019huile de tournesol et de bois de panama pour une assimilation bio-optimis\u00e9e (sans polysorbate). Cette technologie brevet\u00e9e se distingue des autres formules \u00e0 base de curcuma gr\u00e2ce \u00e0 sa concentration exceptionnelle en curcumine libre dans le sang observ\u00e9e au travers d\u2019\u00e9tudes cliniques publi\u00e9es dans le prestigieux \u00ab Molecular nutrition food research \u00bb et repris sur Oxford academic [1]. La fiabilit\u00e9 des \u00e9tudes d\u2019assimilation et de biodisponibilit\u00e9 effectu\u00e9e sur 100% des m\u00e9tabolites de curcuma (forme libre et conjugu\u00e9e) est compar\u00e9e avec d\u2019autres extraits brevet\u00e9s de curcuma reconnus (Novasol, Meriva, CurQfen, curcumino\u00efdes et pip\u00e9rine, etc.). Les \u00e9tudes comparatives r\u00e9alis\u00e9es (cross-over) ont montr\u00e9 qu\u2019une g\u00e9lule contenant 300mg de TurmiPure Gold\u00ae apporte autant de curcumino\u00efdes que presque 6 g\u00e9lules de Meriva 500mg\u00a0 (2872mg) et qu\u2019une g\u00e9lule et demi de Novasol 500mg (763mg). De plus, TurmiPure Gold\u00ae ne contient aucun produit de synth\u00e8se et est 100% d\u2019origine biologique. Lepivits optimise la concentration en TurmiPure Gold\u00ae \u00e0 500mg\/g\u00e9lule pour accroitre les bienfaits sant\u00e9 des curcumino\u00efdes sur l\u2019organisme.\u00a0","og_url":"https:\/\/nabukoo.com\/nl\/product-2\/curcuvits-goud-60-vegetal-jellies-pullulan\/","og_site_name":"Nabukoo","article_modified_time":"2023-07-17T12:58:16+00:00","og_image":[{"width":2560,"height":2560,"url":"https:\/\/nabukoo.com\/wp-content\/uploads\/Curcuvits-gold_60-LEPIVITS-scaled.jpg","type":"image\/jpeg"}],"twitter_card":"summary_large_image","twitter_misc":{"Geschatte leestijd":"2 minuten"},"schema":{"@context":"https:\/\/schema.org","@graph":[{"@type":"WebPage","@id":"https:\/\/nabukoo.com\/produit\/curcuvits-gold-60-gelules-vegetales-pullulan\/","url":"https:\/\/nabukoo.com\/produit\/curcuvits-gold-60-gelules-vegetales-pullulan\/","name":"Curcuvits Gold - 60 g\u00e9lules v\u00e9g\u00e9tales pullulan - Nabukoo","isPartOf":{"@id":"https:\/\/nabukoo.com\/#website"},"primaryImageOfPage":{"@id":"https:\/\/nabukoo.com\/produit\/curcuvits-gold-60-gelules-vegetales-pullulan\/#primaryimage"},"image":{"@id":"https:\/\/nabukoo.com\/produit\/curcuvits-gold-60-gelules-vegetales-pullulan\/#primaryimage"},"thumbnailUrl":"https:\/\/nabukoo.com\/wp-content\/uploads\/Curcuvits-gold_60-LEPIVITS-scaled.jpg","datePublished":"2023-07-11T12:32:48+00:00","dateModified":"2023-07-17T12:58:16+00:00","breadcrumb":{"@id":"https:\/\/nabukoo.com\/produit\/curcuvits-gold-60-gelules-vegetales-pullulan\/#breadcrumb"},"inLanguage":"nl-BE","potentialAction":[{"@type":"ReadAction","target":["https:\/\/nabukoo.com\/produit\/curcuvits-gold-60-gelules-vegetales-pullulan\/"]}]},{"@type":"ImageObject","inLanguage":"nl-BE","@id":"https:\/\/nabukoo.com\/produit\/curcuvits-gold-60-gelules-vegetales-pullulan\/#primaryimage","url":"https:\/\/nabukoo.com\/wp-content\/uploads\/Curcuvits-gold_60-LEPIVITS-scaled.jpg","contentUrl":"https:\/\/nabukoo.com\/wp-content\/uploads\/Curcuvits-gold_60-LEPIVITS-scaled.jpg","width":2560,"height":2560},{"@type":"BreadcrumbList","@id":"https:\/\/nabukoo.com\/produit\/curcuvits-gold-60-gelules-vegetales-pullulan\/#breadcrumb","itemListElement":[{"@type":"ListItem","position":1,"name":"Accueil","item":"https:\/\/nabukoo.com\/"},{"@type":"ListItem","position":2,"name":"Nos rayons","item":"https:\/\/nabukoo.com\/rayons\/"},{"@type":"ListItem","position":3,"name":"Curcuvits Gold &#8211; 60 g\u00e9lules v\u00e9g\u00e9tales pullulan"}]},{"@type":"WebSite","@id":"https:\/\/nabukoo.com\/#website","url":"https:\/\/nabukoo.com\/","name":"Nabukoo","description":"Qulaity First","potentialAction":[{"@type":"SearchAction","target":{"@type":"EntryPoint","urlTemplate":"https:\/\/nabukoo.com\/?s={search_term_string}"},"query-input":{"@type":"PropertyValueSpecification","valueRequired":true,"valueName":"search_term_string"}}],"inLanguage":"nl-BE"}]}},"_links":{"self":[{"href":"https:\/\/nabukoo.com\/nl\/wp-json\/wp\/v2\/product\/10364"}],"collection":[{"href":"https:\/\/nabukoo.com\/nl\/wp-json\/wp\/v2\/product"}],"about":[{"href":"https:\/\/nabukoo.com\/nl\/wp-json\/wp\/v2\/types\/product"}],"replies":[{"embeddable":true,"href":"https:\/\/nabukoo.com\/nl\/wp-json\/wp\/v2\/comments?post=10364"}],"wp:featuredmedia":[{"embeddable":true,"href":"https:\/\/nabukoo.com\/nl\/wp-json\/wp\/v2\/media\/10363"}],"wp:attachment":[{"href":"https:\/\/nabukoo.com\/nl\/wp-json\/wp\/v2\/media?parent=10364"}],"wp:term":[{"taxonomy":"product_cat","embeddable":true,"href":"https:\/\/nabukoo.com\/nl\/wp-json\/wp\/v2\/product_cat?post=10364"},{"taxonomy":"product_tag","embeddable":true,"href":"https:\/\/nabukoo.com\/nl\/wp-json\/wp\/v2\/product_tag?post=10364"}],"curies":[{"name":"wp","href":"https:\/\/api.w.org\/{rel}","templated":true}]}}