{"id":10360,"date":"2023-07-11T14:31:42","date_gmt":"2023-07-11T12:31:42","guid":{"rendered":"https:\/\/nabukoo.com\/produit\/candovits-60-gelules-vegetales-pullulan\/"},"modified":"2023-07-17T14:58:16","modified_gmt":"2023-07-17T12:58:16","slug":"candovits-60-gelules-vegetales-pullulan","status":"publish","type":"product","link":"https:\/\/nabukoo.com\/nl\/product-2\/candovits-60-pullulan-plantaardige-capsules\/","title":{"rendered":"Candovits - 60 pullulan vegetarische capsules"},"content":{"rendered":"<p><span style=\"text-decoration: underline\"><strong><span style=\"letter-spacing: 0.6px\">Gezondheidsclaims<\/span><\/strong><\/span><\/p>\n<p><span style=\"letter-spacing: 0.1px\">\u221a Knoflook helpt de antioxidantcapaciteit van het lichaam te verhogen;<\/span><\/p>\n<p><span style=\"text-decoration: underline\"><strong><span style=\"letter-spacing: 0.1px\">\u221a Vitamine C draagt bij aan de normale werking van het immuunsysteem en helpt vermoeidheid te verminderen.<\/span><\/strong><\/span><\/p>\n<p><span style=\"text-decoration: underline\"><strong><span style=\"letter-spacing: 0.6px\">Voordelen van de formule<\/span><\/strong><\/span><\/p>\n<p><span style=\"letter-spacing: 0.1px\">\u221a Calciumcaprylaat wordt beter verdragen door de spijsvertering dan magnesiumcaprylaat;<\/span><\/p>\n<p><span style=\"letter-spacing: 0.1px\">\u221a Gepatenteerde vitamine C (PureWay-C\u00ae) in de vorm van liposomen verhoogt de absorptiekinetiek en cellulaire retentie van vitamine C (+233%) in vergelijking met ascorbinezuur of calciumlascorbaat[7];<\/span><\/p>\n<p><span style=\"letter-spacing: 0.1px\">\u221a Bevat 6 fytonutri\u00ebnten waaronder olijfextract getitreerd tot 20% oleurepine en berberisextract getitreerd tot 10% berberine en grapefruitzaadextract getitreerd tot 50% bioflavono\u00efden;<\/span><\/p>\n<p><span style=\"letter-spacing: 0.1px\">\u221a Natuurlijke galenische vorm (pullulan) en hulpstof (rijstzetmeel).<\/span><\/p>\n<p><span style=\"text-decoration: underline\"><strong><span style=\"letter-spacing: 0.6px\">Aanbevelingen<\/span><\/strong><\/span><\/p>\n<p><span style=\"letter-spacing: 0.1px\">Dit voedingssupplement is geen vervanging voor een gevarieerde en evenwichtige voeding en een gezonde levensstijl, en is geen geneesmiddel.<\/span><\/p>\n<p><span style=\"text-decoration: underline\"><strong><span style=\"letter-spacing: 0.6px\">Studies<\/span><\/strong><\/span><\/p>\n<p><span style=\"letter-spacing: 0.1px\">[1] https:\/\/pubmed.ncbi.nlm.nih.gov\/?term=Caprylic%20acid%5BTitle%2FAbstract%5D\u00a0<\/span><\/p>\n<p><span style=\"letter-spacing: 0.1px\">[2] Bach AC, Babayan VK; \"Triglyceriden met middellange keten: een update\". Am J Clin Nutr. 1982 Nov;36(5):950-62. doi: 10.1093\/ajcn\/36.5.950. PMID: 6814231.<\/span><\/p>\n<p><span style=\"letter-spacing: 0.1px\">[3] Dhamgaye S, Devaux F, Vandeputte P, Khandelwal NK, Sanglard D, Mukhopadhyay G, et al. (2014) Moleculaire werkingsmechanismen van het antischimmelalkalo\u00efde Kruid Berberine in Candida albicans. PLoS ONE 9(8): e104554 ;<\/span><\/p>\n<p><span style=\"letter-spacing: 0.1px\">[4] Bisignano C et al. Olea Europaea L. 3,4-DHPEA-EA (oleuropein derivaat) is effectief tegen standaard en klinische isolaten van Staphylococcus sp. Annals of Clinical Microbiology and Antimicrobials. Juli 2014 \/ doi : 10.1186\/1476-0711-13-24<\/span><\/p>\n<p><span style=\"letter-spacing: 0.1px\">[5] Sarra Bouchelaghem \"Characterisation of propolis and antimicrobial activities against Staphylococcus aureus and Candida albicans: A literature review, Saudi J Biol Sci. 2022 Apr;29(4):1936-1946. doi: 10.1016\/j.sjbs.2021.11.063. Epub 2021 Dec 3 ;<\/span><\/p>\n<p><span style=\"letter-spacing: 0.1px\">[6] Weeks BS, Perez P: A new vitamin C-based preparation (PureWay-C\u00ae) improves neurite formation and fibroblast adhesion and reduces xenobiotic-induced T-cell hyperactivation, Med Sci Monit, 2007; 13(3): BR51-58 ;<\/span><\/p>\n<p><span style=\"letter-spacing: 0.1px\">[7] Weeks BS, Perez PP: Absorptiesnelheden en vrije radicalenvangers van vitamine C-lipidemetabolieten in menselijke lymfoblastische cellen. Med Sci Monit, 2007; 13(10): BR205-210<\/span><\/p>","protected":false},"excerpt":{"rendered":"<p><span style=\"letter-spacing: 0.1px\"><strong>Candovits<\/strong> is een voedingssupplement dat calciumcaprylaat en liposomale vitamine C (PureWay-C\u00ae patent) combineert met 6 (bioactieve) plantenextracten, waaronder knoflook en grapefruitzaden, die bijdragen aan het microbi\u00eble evenwicht. Calciumcaprylaat is een caprylzuurverbinding waarover meer dan 600 wetenschappelijke publicaties zijn verschenen[1]. Deze middellange-keten triglyceride (MCT)[2] is opgenomen in de wanden van parasieten en schimmels, waaronder de Candidas-familie. LEPIVITS heeft calciumcaprylaat geselecteerd vanwege zijn uitstekende digestieve tolerantie. Berberisextract, getitreerd in berberine, gecombineerd met olijfextract, getitreerd in oleuropepin, versterkt de afweer van het lichaam tegen externe invloeden[3-4]. Propolisextract in combinatie met vitamine C ondersteunt het immuunsysteem en de darmafweer. Tot slot versterkt oregano-extract de werking van Candovits.\u00a0<\/span><\/p>","protected":false},"featured_media":10359,"comment_status":"open","ping_status":"closed","template":"","meta":[],"product_cat":[116,81],"product_tag":[],"yoast_head":"<!-- This site is optimized with the Yoast SEO plugin v23.8 - https:\/\/yoast.com\/wordpress\/plugins\/seo\/ -->\n<title>Candovits - 60 g\u00e9lules v\u00e9g\u00e9tales pullulan - Nabukoo<\/title>\n<meta name=\"robots\" content=\"index, follow, max-snippet:-1, max-image-preview:large, max-video-preview:-1\" \/>\n<link rel=\"canonical\" href=\"https:\/\/nabukoo.com\/nl\/product-2\/candovits-60-pullulan-plantaardige-capsules\/\" \/>\n<meta property=\"og:locale\" content=\"nl_BE\" \/>\n<meta property=\"og:type\" content=\"article\" \/>\n<meta property=\"og:title\" content=\"Candovits - 60 g\u00e9lules v\u00e9g\u00e9tales pullulan - Nabukoo\" \/>\n<meta property=\"og:description\" content=\"Candovits est un compl\u00e9ment alimentaire combinant du caprylate de calcium et de la vitamine C liposom\u00e9e (brevet PureWay-C\u00ae) avec 6 extraits de plantes (bioactifs), dont l\u2019ail et les p\u00e9pins de pamplemousse, qui contribuent \u00e0 l\u2019\u00e9quilibre microbien. Le caprylate de calcium est un compos\u00e9 de l\u2019acide caprylique faisant l\u2019objet de plus de 600 publications scientifiques[1]. Ce triglyc\u00e9ride \u00e0 chaine moyenne (TCM)[2] s\u2019int\u00e8gre \u00e0 la paroi des parasites et des champignons dont la famille des Candidas. LEPIVITS a s\u00e9lectionn\u00e9 le caprylate de calcium pour son excellente tol\u00e9rance digestive. L\u2019extrait de berberis, titr\u00e9 en berb\u00e9rine, combin\u00e9 \u00e0 l\u2019extrait d\u2019olivier, titr\u00e9 en oleur\u00e9pine, renforcent les d\u00e9fenses de l\u2019organisme face aux agents ext\u00e9rieurs[3-4]. L\u2019extrait de propolis associ\u00e9 \u00e0 la vitamine C soutiennent le syst\u00e8me immunitaire et les d\u00e9fenses immunitaires intestinales[5-6] . Enfin, l\u2019extrait d\u2019origan renforce l\u2019action du Candovits.\u00a0\" \/>\n<meta property=\"og:url\" content=\"https:\/\/nabukoo.com\/nl\/product-2\/candovits-60-pullulan-plantaardige-capsules\/\" \/>\n<meta property=\"og:site_name\" content=\"Nabukoo\" \/>\n<meta property=\"article:modified_time\" content=\"2023-07-17T12:58:16+00:00\" \/>\n<meta property=\"og:image\" content=\"https:\/\/nabukoo.com\/wp-content\/uploads\/Candovits-60-gelules-LEPIVITS-scaled.jpg\" \/>\n\t<meta property=\"og:image:width\" content=\"2560\" \/>\n\t<meta property=\"og:image:height\" content=\"2560\" \/>\n\t<meta property=\"og:image:type\" content=\"image\/jpeg\" \/>\n<meta name=\"twitter:card\" content=\"summary_large_image\" \/>\n<meta name=\"twitter:label1\" content=\"Geschatte leestijd\" \/>\n\t<meta name=\"twitter:data1\" content=\"2 minuten\" \/>\n<script type=\"application\/ld+json\" class=\"yoast-schema-graph\">{\"@context\":\"https:\/\/schema.org\",\"@graph\":[{\"@type\":\"WebPage\",\"@id\":\"https:\/\/nabukoo.com\/produit\/candovits-60-gelules-vegetales-pullulan\/\",\"url\":\"https:\/\/nabukoo.com\/produit\/candovits-60-gelules-vegetales-pullulan\/\",\"name\":\"Candovits - 60 g\u00e9lules v\u00e9g\u00e9tales pullulan - Nabukoo\",\"isPartOf\":{\"@id\":\"https:\/\/nabukoo.com\/#website\"},\"primaryImageOfPage\":{\"@id\":\"https:\/\/nabukoo.com\/produit\/candovits-60-gelules-vegetales-pullulan\/#primaryimage\"},\"image\":{\"@id\":\"https:\/\/nabukoo.com\/produit\/candovits-60-gelules-vegetales-pullulan\/#primaryimage\"},\"thumbnailUrl\":\"https:\/\/nabukoo.com\/wp-content\/uploads\/Candovits-60-gelules-LEPIVITS-scaled.jpg\",\"datePublished\":\"2023-07-11T12:31:42+00:00\",\"dateModified\":\"2023-07-17T12:58:16+00:00\",\"breadcrumb\":{\"@id\":\"https:\/\/nabukoo.com\/produit\/candovits-60-gelules-vegetales-pullulan\/#breadcrumb\"},\"inLanguage\":\"nl-BE\",\"potentialAction\":[{\"@type\":\"ReadAction\",\"target\":[\"https:\/\/nabukoo.com\/produit\/candovits-60-gelules-vegetales-pullulan\/\"]}]},{\"@type\":\"ImageObject\",\"inLanguage\":\"nl-BE\",\"@id\":\"https:\/\/nabukoo.com\/produit\/candovits-60-gelules-vegetales-pullulan\/#primaryimage\",\"url\":\"https:\/\/nabukoo.com\/wp-content\/uploads\/Candovits-60-gelules-LEPIVITS-scaled.jpg\",\"contentUrl\":\"https:\/\/nabukoo.com\/wp-content\/uploads\/Candovits-60-gelules-LEPIVITS-scaled.jpg\",\"width\":2560,\"height\":2560},{\"@type\":\"BreadcrumbList\",\"@id\":\"https:\/\/nabukoo.com\/produit\/candovits-60-gelules-vegetales-pullulan\/#breadcrumb\",\"itemListElement\":[{\"@type\":\"ListItem\",\"position\":1,\"name\":\"Accueil\",\"item\":\"https:\/\/nabukoo.com\/\"},{\"@type\":\"ListItem\",\"position\":2,\"name\":\"Nos rayons\",\"item\":\"https:\/\/nabukoo.com\/rayons\/\"},{\"@type\":\"ListItem\",\"position\":3,\"name\":\"Candovits &#8211; 60 g\u00e9lules v\u00e9g\u00e9tales pullulan\"}]},{\"@type\":\"WebSite\",\"@id\":\"https:\/\/nabukoo.com\/#website\",\"url\":\"https:\/\/nabukoo.com\/\",\"name\":\"Nabukoo\",\"description\":\"Qulaity First\",\"potentialAction\":[{\"@type\":\"SearchAction\",\"target\":{\"@type\":\"EntryPoint\",\"urlTemplate\":\"https:\/\/nabukoo.com\/?s={search_term_string}\"},\"query-input\":{\"@type\":\"PropertyValueSpecification\",\"valueRequired\":true,\"valueName\":\"search_term_string\"}}],\"inLanguage\":\"nl-BE\"}]}<\/script>\n<!-- \/ Yoast SEO plugin. -->","yoast_head_json":{"title":"Candovits - 60 g\u00e9lules v\u00e9g\u00e9tales pullulan - Nabukoo","robots":{"index":"index","follow":"follow","max-snippet":"max-snippet:-1","max-image-preview":"max-image-preview:large","max-video-preview":"max-video-preview:-1"},"canonical":"https:\/\/nabukoo.com\/nl\/product-2\/candovits-60-pullulan-plantaardige-capsules\/","og_locale":"nl_BE","og_type":"article","og_title":"Candovits - 60 g\u00e9lules v\u00e9g\u00e9tales pullulan - Nabukoo","og_description":"Candovits est un compl\u00e9ment alimentaire combinant du caprylate de calcium et de la vitamine C liposom\u00e9e (brevet PureWay-C\u00ae) avec 6 extraits de plantes (bioactifs), dont l\u2019ail et les p\u00e9pins de pamplemousse, qui contribuent \u00e0 l\u2019\u00e9quilibre microbien. Le caprylate de calcium est un compos\u00e9 de l\u2019acide caprylique faisant l\u2019objet de plus de 600 publications scientifiques[1]. Ce triglyc\u00e9ride \u00e0 chaine moyenne (TCM)[2] s\u2019int\u00e8gre \u00e0 la paroi des parasites et des champignons dont la famille des Candidas. LEPIVITS a s\u00e9lectionn\u00e9 le caprylate de calcium pour son excellente tol\u00e9rance digestive. L\u2019extrait de berberis, titr\u00e9 en berb\u00e9rine, combin\u00e9 \u00e0 l\u2019extrait d\u2019olivier, titr\u00e9 en oleur\u00e9pine, renforcent les d\u00e9fenses de l\u2019organisme face aux agents ext\u00e9rieurs[3-4]. L\u2019extrait de propolis associ\u00e9 \u00e0 la vitamine C soutiennent le syst\u00e8me immunitaire et les d\u00e9fenses immunitaires intestinales[5-6] . Enfin, l\u2019extrait d\u2019origan renforce l\u2019action du Candovits.\u00a0","og_url":"https:\/\/nabukoo.com\/nl\/product-2\/candovits-60-pullulan-plantaardige-capsules\/","og_site_name":"Nabukoo","article_modified_time":"2023-07-17T12:58:16+00:00","og_image":[{"width":2560,"height":2560,"url":"https:\/\/nabukoo.com\/wp-content\/uploads\/Candovits-60-gelules-LEPIVITS-scaled.jpg","type":"image\/jpeg"}],"twitter_card":"summary_large_image","twitter_misc":{"Geschatte leestijd":"2 minuten"},"schema":{"@context":"https:\/\/schema.org","@graph":[{"@type":"WebPage","@id":"https:\/\/nabukoo.com\/produit\/candovits-60-gelules-vegetales-pullulan\/","url":"https:\/\/nabukoo.com\/produit\/candovits-60-gelules-vegetales-pullulan\/","name":"Candovits - 60 g\u00e9lules v\u00e9g\u00e9tales pullulan - Nabukoo","isPartOf":{"@id":"https:\/\/nabukoo.com\/#website"},"primaryImageOfPage":{"@id":"https:\/\/nabukoo.com\/produit\/candovits-60-gelules-vegetales-pullulan\/#primaryimage"},"image":{"@id":"https:\/\/nabukoo.com\/produit\/candovits-60-gelules-vegetales-pullulan\/#primaryimage"},"thumbnailUrl":"https:\/\/nabukoo.com\/wp-content\/uploads\/Candovits-60-gelules-LEPIVITS-scaled.jpg","datePublished":"2023-07-11T12:31:42+00:00","dateModified":"2023-07-17T12:58:16+00:00","breadcrumb":{"@id":"https:\/\/nabukoo.com\/produit\/candovits-60-gelules-vegetales-pullulan\/#breadcrumb"},"inLanguage":"nl-BE","potentialAction":[{"@type":"ReadAction","target":["https:\/\/nabukoo.com\/produit\/candovits-60-gelules-vegetales-pullulan\/"]}]},{"@type":"ImageObject","inLanguage":"nl-BE","@id":"https:\/\/nabukoo.com\/produit\/candovits-60-gelules-vegetales-pullulan\/#primaryimage","url":"https:\/\/nabukoo.com\/wp-content\/uploads\/Candovits-60-gelules-LEPIVITS-scaled.jpg","contentUrl":"https:\/\/nabukoo.com\/wp-content\/uploads\/Candovits-60-gelules-LEPIVITS-scaled.jpg","width":2560,"height":2560},{"@type":"BreadcrumbList","@id":"https:\/\/nabukoo.com\/produit\/candovits-60-gelules-vegetales-pullulan\/#breadcrumb","itemListElement":[{"@type":"ListItem","position":1,"name":"Accueil","item":"https:\/\/nabukoo.com\/"},{"@type":"ListItem","position":2,"name":"Nos rayons","item":"https:\/\/nabukoo.com\/rayons\/"},{"@type":"ListItem","position":3,"name":"Candovits &#8211; 60 g\u00e9lules v\u00e9g\u00e9tales pullulan"}]},{"@type":"WebSite","@id":"https:\/\/nabukoo.com\/#website","url":"https:\/\/nabukoo.com\/","name":"Nabukoo","description":"Qulaity First","potentialAction":[{"@type":"SearchAction","target":{"@type":"EntryPoint","urlTemplate":"https:\/\/nabukoo.com\/?s={search_term_string}"},"query-input":{"@type":"PropertyValueSpecification","valueRequired":true,"valueName":"search_term_string"}}],"inLanguage":"nl-BE"}]}},"_links":{"self":[{"href":"https:\/\/nabukoo.com\/nl\/wp-json\/wp\/v2\/product\/10360"}],"collection":[{"href":"https:\/\/nabukoo.com\/nl\/wp-json\/wp\/v2\/product"}],"about":[{"href":"https:\/\/nabukoo.com\/nl\/wp-json\/wp\/v2\/types\/product"}],"replies":[{"embeddable":true,"href":"https:\/\/nabukoo.com\/nl\/wp-json\/wp\/v2\/comments?post=10360"}],"wp:featuredmedia":[{"embeddable":true,"href":"https:\/\/nabukoo.com\/nl\/wp-json\/wp\/v2\/media\/10359"}],"wp:attachment":[{"href":"https:\/\/nabukoo.com\/nl\/wp-json\/wp\/v2\/media?parent=10360"}],"wp:term":[{"taxonomy":"product_cat","embeddable":true,"href":"https:\/\/nabukoo.com\/nl\/wp-json\/wp\/v2\/product_cat?post=10360"},{"taxonomy":"product_tag","embeddable":true,"href":"https:\/\/nabukoo.com\/nl\/wp-json\/wp\/v2\/product_tag?post=10360"}],"curies":[{"name":"wp","href":"https:\/\/api.w.org\/{rel}","templated":true}]}}