{"id":10358,"date":"2023-07-11T14:31:05","date_gmt":"2023-07-11T12:31:05","guid":{"rendered":"https:\/\/nabukoo.com\/produit\/articare-60-gelules-vegetales-pullulan\/"},"modified":"2023-07-17T14:58:16","modified_gmt":"2023-07-17T12:58:16","slug":"articare-60-gelules-vegetales-pullulan","status":"publish","type":"product","link":"https:\/\/nabukoo.com\/nl\/product-2\/articare-60-vegetal-jellies-pullulan\/","title":{"rendered":"Articare - 60 pullulan vegetarische capsules"},"content":{"rendered":"<p><span style=\"text-decoration: underline\"><strong><span style=\"letter-spacing: 0.6px\">Gezondheidsclaims<\/span><\/strong><\/span><\/p>\n<p><span style=\"letter-spacing: 0.1px\">\u221a Vitamine C draagt bij aan de normale vorming van collageen voor een normale kraakbeenfunctie;<\/span><\/p>\n<p><span style=\"letter-spacing: 0.1px\">\u221a Kurkuma helpt bij het behouden van normale functies en botten;<\/span><\/p>\n<p><span style=\"letter-spacing: 0.1px\">\u221a Kurkuma helpt bij het behouden van een normale gewrichtsfunctie. Boswellia en Gember helpen het gewrichtscomfort te behouden;<\/span><\/p>\n<p><span style=\"letter-spacing: 0.1px\">\u221a Harpagophytum helpt gewrichten en pezen soepel te houden en de mobiliteit te behouden.<\/span><\/p>\n<p><span style=\"text-decoration: underline\"><strong><span style=\"letter-spacing: 0.6px\">Voordelen van de formule<\/span><\/strong><\/span><\/p>\n<p><span style=\"letter-spacing: 0.1px\">\u221a Synergie van fytovoedingsstoffen gecombineerd met aminozuren en vitamine C;<\/span><\/p>\n<p><span style=\"letter-spacing: 0.1px\">\u221a \"TurmiPure Gold\u00ae\" gepatenteerde vorm van kurkuma gewijzigd door studies naar de biologische beschikbaarheid (snel absorberende vrije vorm) die klinisch superieur is vergeleken met andere gepatenteerde vormen;<\/span><\/p>\n<p><span style=\"letter-spacing: 0.1px\">\u221a Klinische studie die de cellulaire retentie (+233%), verhoogde antioxidantbijdrage van 12% van liposomale vitamine C (PureWay-C\u2122) in vergelijking met ascorbinezuur en calciumascorbaat aantoont;<\/span><\/p>\n<p><span style=\"letter-spacing: 0.1px\">\u221a Boswellia-extract getitreerd tot 65% boswellinezuur;<\/span><\/p>\n<p><span style=\"letter-spacing: 0.1px\">\u221a Harpagophytum-extract getitreerd tot 10% harpagosiden;<\/span><\/p>\n<p><span style=\"letter-spacing: 0.1px\">\u221a Gember extract getitreerd tot 5% gingerolen;<\/span><\/p>\n<p><span style=\"letter-spacing: 0.1px\">\u221a Natuurlijke galenische vorm (pullulan) en hulpstof (rijstzetmeel).<\/span><\/p>\n<p><span style=\"text-decoration: underline\"><strong><span style=\"letter-spacing: 0.6px\">Aanbevelingen<\/span><\/strong><\/span><\/p>\n<p><span style=\"letter-spacing: 0.1px\">Alleen voor volwassenen. Niet gebruiken door zwangere vrouwen, vrouwen die borstvoeding geven en kinderen jonger dan 18 jaar. Niet gebruiken als u een maag- of twaalfvingerige darmzweer of galstenen heeft. Raadpleeg uw arts of apotheker als u antistollingsmiddelen gebruikt. U moet een arts raadplegen als u een lever- of galblaasaandoening heeft of als u gelijktijdig geneesmiddelen gebruikt. Buiten het bereik van kinderen bewaren. Bewaren bij kamertemperatuur op een droge plaats. De aanbevolen dagelijkse dosis niet overschrijden. Niet gebruiken bij allergie voor vis, schaal- en weekdieren.<\/span><\/p>\n<p><span style=\"text-decoration: underline\"><strong><span style=\"letter-spacing: 0.6px\">STUDIES<\/span><\/strong><\/span><\/p>\n<p><span style=\"letter-spacing: 0.1px\">[1] HA.L. da Cunha, J.A.K. Aguiar, et al. \"Do chondroitin sulfates with different structures have different activities on chondrocytes and macrophages?\", International Journal of Biological Macromolecules (2017), http:\/\/dx.doi.org\/10.1016\/j.ijbiomac.2017.04.125;<\/span><\/p>","protected":false},"excerpt":{"rendered":"<p><span style=\"letter-spacing: 0.1px\"><b>Articare<\/b> is een voedingssupplement met verschillende fytonutri\u00ebnten, waaronder een gepatenteerd kurkuma-extract genaamd TurmiPure Gold\u00ae, boswellia getitreerd in boswellinezuur en harpagophytum getitreerd in harpagosiden. Deze plantenextracten worden gecombineerd met chondro\u00eftinesulfaat, glucosamine, MSM en vitamine C. Een onderzoek [1] toonde aan dat chondro\u00eftine uit mariene bronnen minder oplosbare eiwitten en onzuiverheden (nucle\u00efnezuren) bevatte dan chondro\u00eftine uit runder-, varkens- of frituurbronnen.\u00a0<\/span><\/p>","protected":false},"featured_media":10357,"comment_status":"open","ping_status":"closed","template":"","meta":[],"product_cat":[116,81],"product_tag":[],"yoast_head":"<!-- This site is optimized with the Yoast SEO plugin v23.8 - https:\/\/yoast.com\/wordpress\/plugins\/seo\/ -->\n<title>Articare - 60 g\u00e9lules v\u00e9g\u00e9tales pullulan - Nabukoo<\/title>\n<meta name=\"robots\" content=\"index, follow, max-snippet:-1, max-image-preview:large, max-video-preview:-1\" \/>\n<link rel=\"canonical\" href=\"https:\/\/nabukoo.com\/nl\/product-2\/articare-60-vegetal-jellies-pullulan\/\" \/>\n<meta property=\"og:locale\" content=\"nl_BE\" \/>\n<meta property=\"og:type\" content=\"article\" \/>\n<meta property=\"og:title\" content=\"Articare - 60 g\u00e9lules v\u00e9g\u00e9tales pullulan - Nabukoo\" \/>\n<meta property=\"og:description\" content=\"Articare est un compl\u00e9ment alimentaire contenant plusieurs phytonutriments dont un extrait brevet\u00e9 de curcuma \u00abTurmiPure Gold\u00ae\u00bb, du boswellia titr\u00e9 en acide boswellique et de l\u2019harpagophytum titr\u00e9 en harpagosides. Ces extraits de plantes sont combin\u00e9s au sulfate de chondro\u00eftine, \u00e0 la glucosamine, au MSM et \u00e0 la vitamine C. Une \u00e9tude [1] a d\u00e9montr\u00e9 que la chondro\u00eftine d\u2019origine marine contenait moins de prot\u00e9ines solubles et d\u2019impuret\u00e9s (acides nucl\u00e9iques) que la chondro\u00eftine d\u2019origine bovine, porcine ou alevine.\u00a0\" \/>\n<meta property=\"og:url\" content=\"https:\/\/nabukoo.com\/nl\/product-2\/articare-60-vegetal-jellies-pullulan\/\" \/>\n<meta property=\"og:site_name\" content=\"Nabukoo\" \/>\n<meta property=\"article:modified_time\" content=\"2023-07-17T12:58:16+00:00\" \/>\n<meta property=\"og:image\" content=\"https:\/\/nabukoo.com\/wp-content\/uploads\/Articare_60-gelules-LEPIVITS-scaled.jpg\" \/>\n\t<meta property=\"og:image:width\" content=\"2560\" \/>\n\t<meta property=\"og:image:height\" content=\"2560\" \/>\n\t<meta property=\"og:image:type\" content=\"image\/jpeg\" \/>\n<meta name=\"twitter:card\" content=\"summary_large_image\" \/>\n<meta name=\"twitter:label1\" content=\"Geschatte leestijd\" \/>\n\t<meta name=\"twitter:data1\" content=\"2 minuten\" \/>\n<script type=\"application\/ld+json\" class=\"yoast-schema-graph\">{\"@context\":\"https:\/\/schema.org\",\"@graph\":[{\"@type\":\"WebPage\",\"@id\":\"https:\/\/nabukoo.com\/produit\/articare-60-gelules-vegetales-pullulan\/\",\"url\":\"https:\/\/nabukoo.com\/produit\/articare-60-gelules-vegetales-pullulan\/\",\"name\":\"Articare - 60 g\u00e9lules v\u00e9g\u00e9tales pullulan - Nabukoo\",\"isPartOf\":{\"@id\":\"https:\/\/nabukoo.com\/#website\"},\"primaryImageOfPage\":{\"@id\":\"https:\/\/nabukoo.com\/produit\/articare-60-gelules-vegetales-pullulan\/#primaryimage\"},\"image\":{\"@id\":\"https:\/\/nabukoo.com\/produit\/articare-60-gelules-vegetales-pullulan\/#primaryimage\"},\"thumbnailUrl\":\"https:\/\/nabukoo.com\/wp-content\/uploads\/Articare_60-gelules-LEPIVITS-scaled.jpg\",\"datePublished\":\"2023-07-11T12:31:05+00:00\",\"dateModified\":\"2023-07-17T12:58:16+00:00\",\"breadcrumb\":{\"@id\":\"https:\/\/nabukoo.com\/produit\/articare-60-gelules-vegetales-pullulan\/#breadcrumb\"},\"inLanguage\":\"nl-BE\",\"potentialAction\":[{\"@type\":\"ReadAction\",\"target\":[\"https:\/\/nabukoo.com\/produit\/articare-60-gelules-vegetales-pullulan\/\"]}]},{\"@type\":\"ImageObject\",\"inLanguage\":\"nl-BE\",\"@id\":\"https:\/\/nabukoo.com\/produit\/articare-60-gelules-vegetales-pullulan\/#primaryimage\",\"url\":\"https:\/\/nabukoo.com\/wp-content\/uploads\/Articare_60-gelules-LEPIVITS-scaled.jpg\",\"contentUrl\":\"https:\/\/nabukoo.com\/wp-content\/uploads\/Articare_60-gelules-LEPIVITS-scaled.jpg\",\"width\":2560,\"height\":2560},{\"@type\":\"BreadcrumbList\",\"@id\":\"https:\/\/nabukoo.com\/produit\/articare-60-gelules-vegetales-pullulan\/#breadcrumb\",\"itemListElement\":[{\"@type\":\"ListItem\",\"position\":1,\"name\":\"Accueil\",\"item\":\"https:\/\/nabukoo.com\/\"},{\"@type\":\"ListItem\",\"position\":2,\"name\":\"Nos rayons\",\"item\":\"https:\/\/nabukoo.com\/rayons\/\"},{\"@type\":\"ListItem\",\"position\":3,\"name\":\"Articare &#8211; 60 g\u00e9lules v\u00e9g\u00e9tales pullulan\"}]},{\"@type\":\"WebSite\",\"@id\":\"https:\/\/nabukoo.com\/#website\",\"url\":\"https:\/\/nabukoo.com\/\",\"name\":\"Nabukoo\",\"description\":\"Qulaity First\",\"potentialAction\":[{\"@type\":\"SearchAction\",\"target\":{\"@type\":\"EntryPoint\",\"urlTemplate\":\"https:\/\/nabukoo.com\/?s={search_term_string}\"},\"query-input\":{\"@type\":\"PropertyValueSpecification\",\"valueRequired\":true,\"valueName\":\"search_term_string\"}}],\"inLanguage\":\"nl-BE\"}]}<\/script>\n<!-- \/ Yoast SEO plugin. -->","yoast_head_json":{"title":"Articare - 60 g\u00e9lules v\u00e9g\u00e9tales pullulan - Nabukoo","robots":{"index":"index","follow":"follow","max-snippet":"max-snippet:-1","max-image-preview":"max-image-preview:large","max-video-preview":"max-video-preview:-1"},"canonical":"https:\/\/nabukoo.com\/nl\/product-2\/articare-60-vegetal-jellies-pullulan\/","og_locale":"nl_BE","og_type":"article","og_title":"Articare - 60 g\u00e9lules v\u00e9g\u00e9tales pullulan - Nabukoo","og_description":"Articare est un compl\u00e9ment alimentaire contenant plusieurs phytonutriments dont un extrait brevet\u00e9 de curcuma \u00abTurmiPure Gold\u00ae\u00bb, du boswellia titr\u00e9 en acide boswellique et de l\u2019harpagophytum titr\u00e9 en harpagosides. Ces extraits de plantes sont combin\u00e9s au sulfate de chondro\u00eftine, \u00e0 la glucosamine, au MSM et \u00e0 la vitamine C. Une \u00e9tude [1] a d\u00e9montr\u00e9 que la chondro\u00eftine d\u2019origine marine contenait moins de prot\u00e9ines solubles et d\u2019impuret\u00e9s (acides nucl\u00e9iques) que la chondro\u00eftine d\u2019origine bovine, porcine ou alevine.\u00a0","og_url":"https:\/\/nabukoo.com\/nl\/product-2\/articare-60-vegetal-jellies-pullulan\/","og_site_name":"Nabukoo","article_modified_time":"2023-07-17T12:58:16+00:00","og_image":[{"width":2560,"height":2560,"url":"https:\/\/nabukoo.com\/wp-content\/uploads\/Articare_60-gelules-LEPIVITS-scaled.jpg","type":"image\/jpeg"}],"twitter_card":"summary_large_image","twitter_misc":{"Geschatte leestijd":"2 minuten"},"schema":{"@context":"https:\/\/schema.org","@graph":[{"@type":"WebPage","@id":"https:\/\/nabukoo.com\/produit\/articare-60-gelules-vegetales-pullulan\/","url":"https:\/\/nabukoo.com\/produit\/articare-60-gelules-vegetales-pullulan\/","name":"Articare - 60 g\u00e9lules v\u00e9g\u00e9tales pullulan - Nabukoo","isPartOf":{"@id":"https:\/\/nabukoo.com\/#website"},"primaryImageOfPage":{"@id":"https:\/\/nabukoo.com\/produit\/articare-60-gelules-vegetales-pullulan\/#primaryimage"},"image":{"@id":"https:\/\/nabukoo.com\/produit\/articare-60-gelules-vegetales-pullulan\/#primaryimage"},"thumbnailUrl":"https:\/\/nabukoo.com\/wp-content\/uploads\/Articare_60-gelules-LEPIVITS-scaled.jpg","datePublished":"2023-07-11T12:31:05+00:00","dateModified":"2023-07-17T12:58:16+00:00","breadcrumb":{"@id":"https:\/\/nabukoo.com\/produit\/articare-60-gelules-vegetales-pullulan\/#breadcrumb"},"inLanguage":"nl-BE","potentialAction":[{"@type":"ReadAction","target":["https:\/\/nabukoo.com\/produit\/articare-60-gelules-vegetales-pullulan\/"]}]},{"@type":"ImageObject","inLanguage":"nl-BE","@id":"https:\/\/nabukoo.com\/produit\/articare-60-gelules-vegetales-pullulan\/#primaryimage","url":"https:\/\/nabukoo.com\/wp-content\/uploads\/Articare_60-gelules-LEPIVITS-scaled.jpg","contentUrl":"https:\/\/nabukoo.com\/wp-content\/uploads\/Articare_60-gelules-LEPIVITS-scaled.jpg","width":2560,"height":2560},{"@type":"BreadcrumbList","@id":"https:\/\/nabukoo.com\/produit\/articare-60-gelules-vegetales-pullulan\/#breadcrumb","itemListElement":[{"@type":"ListItem","position":1,"name":"Accueil","item":"https:\/\/nabukoo.com\/"},{"@type":"ListItem","position":2,"name":"Nos rayons","item":"https:\/\/nabukoo.com\/rayons\/"},{"@type":"ListItem","position":3,"name":"Articare &#8211; 60 g\u00e9lules v\u00e9g\u00e9tales pullulan"}]},{"@type":"WebSite","@id":"https:\/\/nabukoo.com\/#website","url":"https:\/\/nabukoo.com\/","name":"Nabukoo","description":"Qulaity First","potentialAction":[{"@type":"SearchAction","target":{"@type":"EntryPoint","urlTemplate":"https:\/\/nabukoo.com\/?s={search_term_string}"},"query-input":{"@type":"PropertyValueSpecification","valueRequired":true,"valueName":"search_term_string"}}],"inLanguage":"nl-BE"}]}},"_links":{"self":[{"href":"https:\/\/nabukoo.com\/nl\/wp-json\/wp\/v2\/product\/10358"}],"collection":[{"href":"https:\/\/nabukoo.com\/nl\/wp-json\/wp\/v2\/product"}],"about":[{"href":"https:\/\/nabukoo.com\/nl\/wp-json\/wp\/v2\/types\/product"}],"replies":[{"embeddable":true,"href":"https:\/\/nabukoo.com\/nl\/wp-json\/wp\/v2\/comments?post=10358"}],"wp:featuredmedia":[{"embeddable":true,"href":"https:\/\/nabukoo.com\/nl\/wp-json\/wp\/v2\/media\/10357"}],"wp:attachment":[{"href":"https:\/\/nabukoo.com\/nl\/wp-json\/wp\/v2\/media?parent=10358"}],"wp:term":[{"taxonomy":"product_cat","embeddable":true,"href":"https:\/\/nabukoo.com\/nl\/wp-json\/wp\/v2\/product_cat?post=10358"},{"taxonomy":"product_tag","embeddable":true,"href":"https:\/\/nabukoo.com\/nl\/wp-json\/wp\/v2\/product_tag?post=10358"}],"curies":[{"name":"wp","href":"https:\/\/api.w.org\/{rel}","templated":true}]}}