{"id":10356,"date":"2023-07-11T14:30:25","date_gmt":"2023-07-11T12:30:25","guid":{"rendered":"https:\/\/nabukoo.com\/produit\/antioxyvits-60-gelules-vegetales-pullulan\/"},"modified":"2023-07-17T14:58:16","modified_gmt":"2023-07-17T12:58:16","slug":"antioxyvits-60-gelules-vegetales-pullulan","status":"publish","type":"product","link":"https:\/\/nabukoo.com\/nl\/product-2\/antioxyvits-60-gelules-vegetales-pullulan\/","title":{"rendered":"Antioxyvits - 60 pullulan vegetarische capsules"},"content":{"rendered":"<p><span style=\"text-decoration: underline\"><strong><span style=\"letter-spacing: 0.6px\">Gezondheidsclaims<\/span><\/strong><\/span><\/p>\n<p><span style=\"letter-spacing: 0.1px\">\u221a Vitamine C helpt vermoeidheid te verminderen;<\/span><\/p>\n<p><span style=\"letter-spacing: 0.1px\">\u221a Vitamine A speelt een rol in het proces van celspecialisatie. Vitamine C en E helpen de cellen te beschermen tegen oxidatieve stress.<\/span><\/p>\n<p><span style=\"text-decoration: underline\"><strong><span style=\"letter-spacing: 0.6px\">Voordelen van de formule<\/span><\/strong><\/span><\/p>\n<p><span style=\"letter-spacing: 0.1px;color: #273582\">\u221a <\/span><span style=\"letter-spacing: 0.1px\">Bevat biologisch beschikbare actieve ingredi\u00ebnten die in synergie werken;<\/span><\/p>\n<p><span style=\"letter-spacing: 0.1px\">\u221a Levert vitaminen, mineralen, flavono\u00efden, co-enzym Q10 en alfa-liponzuur;<\/span><\/p>\n<p><span style=\"letter-spacing: 0.1px\">\u221a Klinische studie die de cellulaire retentie (+233%), verhoogde antioxidantbijdrage van 12% van liposomale vitamine C (PureWay-C\u2122) in vergelijking met ascorbinezuur en calciumascorbaat aantoont;<\/span><\/p>\n<p><span style=\"letter-spacing: 0.1px;color: #273582\">\u221a <\/span><span style=\"letter-spacing: 0.1px\">Bevat in water en vet oplosbare actieve ingredi\u00ebnten;<\/span><\/p>\n<p><span style=\"letter-spacing: 0.1px\">\u221a Natuurlijke galenische vorm (pullulan) en hulpstof (rijstzetmeel).<\/span><\/p>\n<p><span style=\"text-decoration: underline\"><strong><span style=\"letter-spacing: 0.6px\">Aanbevelingen<\/span><\/strong><\/span><\/p>\n<p><span style=\"letter-spacing: 0.1px\">Niet gebruiken tijdens chemotherapie of radiotherapie. Niet toedienen aan kinderen jonger dan 12 jaar. Niet aanbevolen voor zwangere vrouwen of vrouwen die borstvoeding geven.<\/span><\/p>\n<p><span style=\"letter-spacing: 0.1px\">Voedingssupplement, kan een gevarieerde en evenwichtige voeding niet vervangen. Te gebruiken als onderdeel van een gezonde levensstijl. Vertel het uw arts of apotheker als u gelijktijdig andere geneesmiddelen gebruikt. Buiten bereik van kinderen bewaren. Bewaren bij kamertemperatuur op een droge plaats. De aanbevolen dagelijkse dosis niet overschrijden.<\/span><\/p>","protected":false},"excerpt":{"rendered":"<p><span style=\"letter-spacing: 0.1px\">L'<strong>Antioxyvits<\/strong> is een formule met een complete synergie van antioxidanten. Dit complex beschermt de lipidemembranen (in lipiden oplosbare antioxidanten) en het cytoplasma (in water oplosbare antioxidanten). De toevoeging van alfa-liponzuur bevordert de recycling van alle antioxidanten (lipo- en wateroplosbaar), terwijl N-acethyl-cyste\u00efne vitamine C actief recyclet. Vitamine E is een oppervlakteantioxidant (eerste verdedigingsfase) die gerecycled wordt door vitamine C. Caroteno\u00efden (lycopeen, astaxanthine, b\u00e8tacaroteen, lute\u00efne) werken binnen het lipidemembraan als \"diepe antioxidanten\" (2e verdedigingsfase) met Co-Q10 en selenium. Als gevolg hiervan helpt antioxippine bij het bestrijden van alle vrije radicalen (singlet zuurstof, stikstofmonoxide, peroxynitroenzuuroxide, waterstofperoxide, hydroxylradicalen) die leiden tot celveroudering en ontsteking, wat de ontwikkeling van pathologie\u00ebn bevordert.<\/span><\/p>","protected":false},"featured_media":10355,"comment_status":"open","ping_status":"closed","template":"","meta":[],"product_cat":[116,81],"product_tag":[],"yoast_head":"<!-- This site is optimized with the Yoast SEO plugin v23.8 - https:\/\/yoast.com\/wordpress\/plugins\/seo\/ -->\n<title>Antioxyvits - 60 g\u00e9lules v\u00e9g\u00e9tales pullulan - Nabukoo<\/title>\n<meta name=\"robots\" content=\"index, follow, max-snippet:-1, max-image-preview:large, max-video-preview:-1\" \/>\n<link rel=\"canonical\" href=\"https:\/\/nabukoo.com\/nl\/product-2\/antioxyvits-60-gelules-vegetales-pullulan\/\" \/>\n<meta property=\"og:locale\" content=\"nl_BE\" \/>\n<meta property=\"og:type\" content=\"article\" \/>\n<meta property=\"og:title\" content=\"Antioxyvits - 60 g\u00e9lules v\u00e9g\u00e9tales pullulan - Nabukoo\" \/>\n<meta property=\"og:description\" content=\"L\u2019Antioxyvits est une formule contenant une synergie compl\u00e8te d\u2019antioxydants. Ce complexe prot\u00e8ge les membranes lipidiques (antioxydants liposolubles) et le cytoplasme (antioxydants hydrosolubles). L\u2019ajout d\u2019acide alpha-lipo\u00efque favorise le recyclage de tous les antioxydants (lipo et hydrosolubles) tandis que la N-ac\u00e9thyl-cyst\u00e9ine recycle activement la vitamine C. La vitamine E est un antioxydant de surface (premi\u00e8re phase de d\u00e9fense) recycl\u00e9 par la vitamine C. Les carot\u00e9no\u00efdes (lycop\u00e8ne, astaxanthine, b\u00eata-carot\u00e8ne, lut\u00e9ine) agissent \u00e0 l\u2019int\u00e9rieur de la membrane lipidique \u00ab antioxydants de profondeur\u00bb (2\u00e8me phase de d\u00e9fense) avec le Co-Q10 et le s\u00e9l\u00e9nium. D\u00e8s lors, l\u2019antioxippin contribue \u00e0 lutter contre tous les radicaux libres (oxyg\u00e8ne singulet, oxyde nitrique, peroxynitrique, peroxyde d\u2019hydrog\u00e8ne, radical hydroxyl)\u00a0 qui entrainent un vieillissement cellulaire et de l\u2019inflammation favorisant le d\u00e9veloppement de pathologies.\" \/>\n<meta property=\"og:url\" content=\"https:\/\/nabukoo.com\/nl\/product-2\/antioxyvits-60-gelules-vegetales-pullulan\/\" \/>\n<meta property=\"og:site_name\" content=\"Nabukoo\" \/>\n<meta property=\"article:modified_time\" content=\"2023-07-17T12:58:16+00:00\" \/>\n<meta property=\"og:image\" content=\"https:\/\/nabukoo.com\/wp-content\/uploads\/Antioxyvits_60-gelules-LEPIVITS-scaled.jpg\" \/>\n\t<meta property=\"og:image:width\" content=\"2560\" \/>\n\t<meta property=\"og:image:height\" content=\"2560\" \/>\n\t<meta property=\"og:image:type\" content=\"image\/jpeg\" \/>\n<meta name=\"twitter:card\" content=\"summary_large_image\" \/>\n<meta name=\"twitter:label1\" content=\"Geschatte leestijd\" \/>\n\t<meta name=\"twitter:data1\" content=\"1 minuut\" \/>\n<script type=\"application\/ld+json\" class=\"yoast-schema-graph\">{\"@context\":\"https:\/\/schema.org\",\"@graph\":[{\"@type\":\"WebPage\",\"@id\":\"https:\/\/nabukoo.com\/produit\/antioxyvits-60-gelules-vegetales-pullulan\/\",\"url\":\"https:\/\/nabukoo.com\/produit\/antioxyvits-60-gelules-vegetales-pullulan\/\",\"name\":\"Antioxyvits - 60 g\u00e9lules v\u00e9g\u00e9tales pullulan - Nabukoo\",\"isPartOf\":{\"@id\":\"https:\/\/nabukoo.com\/#website\"},\"primaryImageOfPage\":{\"@id\":\"https:\/\/nabukoo.com\/produit\/antioxyvits-60-gelules-vegetales-pullulan\/#primaryimage\"},\"image\":{\"@id\":\"https:\/\/nabukoo.com\/produit\/antioxyvits-60-gelules-vegetales-pullulan\/#primaryimage\"},\"thumbnailUrl\":\"https:\/\/nabukoo.com\/wp-content\/uploads\/Antioxyvits_60-gelules-LEPIVITS-scaled.jpg\",\"datePublished\":\"2023-07-11T12:30:25+00:00\",\"dateModified\":\"2023-07-17T12:58:16+00:00\",\"breadcrumb\":{\"@id\":\"https:\/\/nabukoo.com\/produit\/antioxyvits-60-gelules-vegetales-pullulan\/#breadcrumb\"},\"inLanguage\":\"nl-BE\",\"potentialAction\":[{\"@type\":\"ReadAction\",\"target\":[\"https:\/\/nabukoo.com\/produit\/antioxyvits-60-gelules-vegetales-pullulan\/\"]}]},{\"@type\":\"ImageObject\",\"inLanguage\":\"nl-BE\",\"@id\":\"https:\/\/nabukoo.com\/produit\/antioxyvits-60-gelules-vegetales-pullulan\/#primaryimage\",\"url\":\"https:\/\/nabukoo.com\/wp-content\/uploads\/Antioxyvits_60-gelules-LEPIVITS-scaled.jpg\",\"contentUrl\":\"https:\/\/nabukoo.com\/wp-content\/uploads\/Antioxyvits_60-gelules-LEPIVITS-scaled.jpg\",\"width\":2560,\"height\":2560},{\"@type\":\"BreadcrumbList\",\"@id\":\"https:\/\/nabukoo.com\/produit\/antioxyvits-60-gelules-vegetales-pullulan\/#breadcrumb\",\"itemListElement\":[{\"@type\":\"ListItem\",\"position\":1,\"name\":\"Accueil\",\"item\":\"https:\/\/nabukoo.com\/\"},{\"@type\":\"ListItem\",\"position\":2,\"name\":\"Nos rayons\",\"item\":\"https:\/\/nabukoo.com\/rayons\/\"},{\"@type\":\"ListItem\",\"position\":3,\"name\":\"Antioxyvits &#8211; 60 g\u00e9lules v\u00e9g\u00e9tales pullulan\"}]},{\"@type\":\"WebSite\",\"@id\":\"https:\/\/nabukoo.com\/#website\",\"url\":\"https:\/\/nabukoo.com\/\",\"name\":\"Nabukoo\",\"description\":\"Qulaity First\",\"potentialAction\":[{\"@type\":\"SearchAction\",\"target\":{\"@type\":\"EntryPoint\",\"urlTemplate\":\"https:\/\/nabukoo.com\/?s={search_term_string}\"},\"query-input\":{\"@type\":\"PropertyValueSpecification\",\"valueRequired\":true,\"valueName\":\"search_term_string\"}}],\"inLanguage\":\"nl-BE\"}]}<\/script>\n<!-- \/ Yoast SEO plugin. -->","yoast_head_json":{"title":"Antioxyvits - 60 g\u00e9lules v\u00e9g\u00e9tales pullulan - Nabukoo","robots":{"index":"index","follow":"follow","max-snippet":"max-snippet:-1","max-image-preview":"max-image-preview:large","max-video-preview":"max-video-preview:-1"},"canonical":"https:\/\/nabukoo.com\/nl\/product-2\/antioxyvits-60-gelules-vegetales-pullulan\/","og_locale":"nl_BE","og_type":"article","og_title":"Antioxyvits - 60 g\u00e9lules v\u00e9g\u00e9tales pullulan - Nabukoo","og_description":"L\u2019Antioxyvits est une formule contenant une synergie compl\u00e8te d\u2019antioxydants. Ce complexe prot\u00e8ge les membranes lipidiques (antioxydants liposolubles) et le cytoplasme (antioxydants hydrosolubles). L\u2019ajout d\u2019acide alpha-lipo\u00efque favorise le recyclage de tous les antioxydants (lipo et hydrosolubles) tandis que la N-ac\u00e9thyl-cyst\u00e9ine recycle activement la vitamine C. La vitamine E est un antioxydant de surface (premi\u00e8re phase de d\u00e9fense) recycl\u00e9 par la vitamine C. Les carot\u00e9no\u00efdes (lycop\u00e8ne, astaxanthine, b\u00eata-carot\u00e8ne, lut\u00e9ine) agissent \u00e0 l\u2019int\u00e9rieur de la membrane lipidique \u00ab antioxydants de profondeur\u00bb (2\u00e8me phase de d\u00e9fense) avec le Co-Q10 et le s\u00e9l\u00e9nium. D\u00e8s lors, l\u2019antioxippin contribue \u00e0 lutter contre tous les radicaux libres (oxyg\u00e8ne singulet, oxyde nitrique, peroxynitrique, peroxyde d\u2019hydrog\u00e8ne, radical hydroxyl)\u00a0 qui entrainent un vieillissement cellulaire et de l\u2019inflammation favorisant le d\u00e9veloppement de pathologies.","og_url":"https:\/\/nabukoo.com\/nl\/product-2\/antioxyvits-60-gelules-vegetales-pullulan\/","og_site_name":"Nabukoo","article_modified_time":"2023-07-17T12:58:16+00:00","og_image":[{"width":2560,"height":2560,"url":"https:\/\/nabukoo.com\/wp-content\/uploads\/Antioxyvits_60-gelules-LEPIVITS-scaled.jpg","type":"image\/jpeg"}],"twitter_card":"summary_large_image","twitter_misc":{"Geschatte leestijd":"1 minuut"},"schema":{"@context":"https:\/\/schema.org","@graph":[{"@type":"WebPage","@id":"https:\/\/nabukoo.com\/produit\/antioxyvits-60-gelules-vegetales-pullulan\/","url":"https:\/\/nabukoo.com\/produit\/antioxyvits-60-gelules-vegetales-pullulan\/","name":"Antioxyvits - 60 g\u00e9lules v\u00e9g\u00e9tales pullulan - Nabukoo","isPartOf":{"@id":"https:\/\/nabukoo.com\/#website"},"primaryImageOfPage":{"@id":"https:\/\/nabukoo.com\/produit\/antioxyvits-60-gelules-vegetales-pullulan\/#primaryimage"},"image":{"@id":"https:\/\/nabukoo.com\/produit\/antioxyvits-60-gelules-vegetales-pullulan\/#primaryimage"},"thumbnailUrl":"https:\/\/nabukoo.com\/wp-content\/uploads\/Antioxyvits_60-gelules-LEPIVITS-scaled.jpg","datePublished":"2023-07-11T12:30:25+00:00","dateModified":"2023-07-17T12:58:16+00:00","breadcrumb":{"@id":"https:\/\/nabukoo.com\/produit\/antioxyvits-60-gelules-vegetales-pullulan\/#breadcrumb"},"inLanguage":"nl-BE","potentialAction":[{"@type":"ReadAction","target":["https:\/\/nabukoo.com\/produit\/antioxyvits-60-gelules-vegetales-pullulan\/"]}]},{"@type":"ImageObject","inLanguage":"nl-BE","@id":"https:\/\/nabukoo.com\/produit\/antioxyvits-60-gelules-vegetales-pullulan\/#primaryimage","url":"https:\/\/nabukoo.com\/wp-content\/uploads\/Antioxyvits_60-gelules-LEPIVITS-scaled.jpg","contentUrl":"https:\/\/nabukoo.com\/wp-content\/uploads\/Antioxyvits_60-gelules-LEPIVITS-scaled.jpg","width":2560,"height":2560},{"@type":"BreadcrumbList","@id":"https:\/\/nabukoo.com\/produit\/antioxyvits-60-gelules-vegetales-pullulan\/#breadcrumb","itemListElement":[{"@type":"ListItem","position":1,"name":"Accueil","item":"https:\/\/nabukoo.com\/"},{"@type":"ListItem","position":2,"name":"Nos rayons","item":"https:\/\/nabukoo.com\/rayons\/"},{"@type":"ListItem","position":3,"name":"Antioxyvits &#8211; 60 g\u00e9lules v\u00e9g\u00e9tales pullulan"}]},{"@type":"WebSite","@id":"https:\/\/nabukoo.com\/#website","url":"https:\/\/nabukoo.com\/","name":"Nabukoo","description":"Qulaity First","potentialAction":[{"@type":"SearchAction","target":{"@type":"EntryPoint","urlTemplate":"https:\/\/nabukoo.com\/?s={search_term_string}"},"query-input":{"@type":"PropertyValueSpecification","valueRequired":true,"valueName":"search_term_string"}}],"inLanguage":"nl-BE"}]}},"_links":{"self":[{"href":"https:\/\/nabukoo.com\/nl\/wp-json\/wp\/v2\/product\/10356"}],"collection":[{"href":"https:\/\/nabukoo.com\/nl\/wp-json\/wp\/v2\/product"}],"about":[{"href":"https:\/\/nabukoo.com\/nl\/wp-json\/wp\/v2\/types\/product"}],"replies":[{"embeddable":true,"href":"https:\/\/nabukoo.com\/nl\/wp-json\/wp\/v2\/comments?post=10356"}],"wp:featuredmedia":[{"embeddable":true,"href":"https:\/\/nabukoo.com\/nl\/wp-json\/wp\/v2\/media\/10355"}],"wp:attachment":[{"href":"https:\/\/nabukoo.com\/nl\/wp-json\/wp\/v2\/media?parent=10356"}],"wp:term":[{"taxonomy":"product_cat","embeddable":true,"href":"https:\/\/nabukoo.com\/nl\/wp-json\/wp\/v2\/product_cat?post=10356"},{"taxonomy":"product_tag","embeddable":true,"href":"https:\/\/nabukoo.com\/nl\/wp-json\/wp\/v2\/product_tag?post=10356"}],"curies":[{"name":"wp","href":"https:\/\/api.w.org\/{rel}","templated":true}]}}