{"id":10169,"date":"2023-06-19T16:24:08","date_gmt":"2023-06-19T14:24:08","guid":{"rendered":"https:\/\/nabukoo.com\/produit\/gin-maredsous-valeo\/"},"modified":"2023-06-19T16:54:17","modified_gmt":"2023-06-19T14:54:17","slug":"gin-maredsous-valeo","status":"publish","type":"product","link":"https:\/\/nabukoo.com\/nl\/product-2\/gin-maredsous-valeo\/","title":{"rendered":"Gin Maredsous Val\u00e9o"},"content":{"rendered":"<p style=\"border: 0px;font-size: 15px;margin: 0px 0px 1.75em;padding: 0px;vertical-align: baseline;color: #000000;font-family: Roboto, sans-serif\">Biologische gin gemaakt van een infusie van wilde bloemen.<\/p>\n<p style=\"border: 0px;font-size: 15px;margin: 0px 0px 1.75em;padding: 0px;vertical-align: baseline;color: #000000;font-family: Roboto, sans-serif\">Klaproos, Bosstro, Sint-Janskruid, Mallow, Primrose, ...<\/p>\n<p style=\"border: 0px;font-size: 15px;margin: 0px 0px 1.75em;padding: 0px;vertical-align: baseline;color: #000000;font-family: Roboto, sans-serif\">Eigenschappen: Kalmerend en ontspannend.<\/p>\n<p style=\"border: 0px;font-size: 15px;margin: 0px 0px 1.75em;padding: 0px;vertical-align: baseline;color: #000000;font-family: Roboto, sans-serif\">Smaaknotities: FLORAL - Zacht en romig met delicate bloemenaroma's.<\/p>\n<p style=\"border: 0px;font-size: 15px;margin: 0px 0px 1.75em;padding: 0px;vertical-align: baseline;color: #000000;font-family: Roboto, sans-serif\">Maredsous likeuren en gins worden gemaakt van een infusie van meer dan 10 geneeskrachtige planten in een distillaat van gecertificeerde biologische granen.<\/p>\n<p style=\"border: 0px;font-size: 15px;margin: 0px 0px 1.75em;padding: 0px;vertical-align: baseline;color: #000000;font-family: Roboto, sans-serif\">Een dubbel distillatieproces aan het einde waarvan alleen de verwarmingskern overblijft.<\/p>\n<p style=\"border: 0px;font-size: 15px;margin: 0px 0px 1.75em;padding: 0px;vertical-align: baseline;color: #000000;font-family: Roboto, sans-serif\">Dit proces geeft Maredsous gins en likeuren een pure concentratie van de aromatische rijkdom van onze Belgische Ardennen, onderverdeeld in 5 categorie\u00ebn, elk op basis van planten met verschillende therapeutische eigenschappen.<\/p>\n<p style=\"border: 0px;font-size: 15px;margin: 0px 0px 1.75em;padding: 0px;vertical-align: baseline;color: #000000;font-family: Roboto, sans-serif\">Onze gins en likeuren zijn een concentraat van onze Ardense natuur en genieten van alle zorg en aandacht die ze hun uitzonderlijke zuiverheid en smaak geven.<\/p>\n<p style=\"border: 0px;font-size: 15px;margin: 0px 0px 1.75em;padding: 0px;vertical-align: baseline;color: #000000;font-family: Roboto, sans-serif\">Ze kunnen puur worden gedronken of zeer koud met ijs.<\/p>\n<p style=\"border: 0px;font-size: 15px;margin: 0px 0px 1.75em;padding: 0px;vertical-align: baseline;color: #000000;font-family: Roboto, sans-serif\">Je kunt de tonic in cocktails ook verdunnen met bruiswater (of alleen bruiswater gebruiken) om de smaken van onze gins en likeuren naar voren te laten komen.<\/p>","protected":false},"excerpt":{"rendered":"<p>50cl - Alcohol: 40% Vol.<\/p>\n<p>Val\u00e9o - Kalmte en sereniteit<\/p>\n<p>Ons volledige assortiment is beschikbaar op www.momentbelge.be<\/p>","protected":false},"featured_media":10168,"comment_status":"closed","ping_status":"closed","template":"","meta":[],"product_cat":[134,72],"product_tag":[],"yoast_head":"<!-- This site is optimized with the Yoast SEO plugin v23.8 - https:\/\/yoast.com\/wordpress\/plugins\/seo\/ -->\n<title>Gin Maredsous Val\u00e9o - Nabukoo<\/title>\n<meta name=\"robots\" content=\"index, follow, max-snippet:-1, max-image-preview:large, max-video-preview:-1\" \/>\n<link rel=\"canonical\" href=\"https:\/\/nabukoo.com\/nl\/product-2\/gin-maredsous-valeo\/\" \/>\n<meta property=\"og:locale\" content=\"nl_BE\" \/>\n<meta property=\"og:type\" content=\"article\" \/>\n<meta property=\"og:title\" content=\"Gin Maredsous Val\u00e9o - Nabukoo\" \/>\n<meta property=\"og:description\" content=\"50cl \u2013 Alc.: 40% Vol.  Val\u00e9o \u2013 Calme et s\u00e9r\u00e9nit\u00e9  Toute notre gamme sur www.momentbelge.be\" \/>\n<meta property=\"og:url\" content=\"https:\/\/nabukoo.com\/nl\/product-2\/gin-maredsous-valeo\/\" \/>\n<meta property=\"og:site_name\" content=\"Nabukoo\" \/>\n<meta property=\"article:modified_time\" content=\"2023-06-19T14:54:17+00:00\" \/>\n<meta property=\"og:image\" content=\"https:\/\/nabukoo.com\/wp-content\/uploads\/Maredsous_Web_Gin_VALEO_250k_bio.jpg\" \/>\n\t<meta property=\"og:image:width\" content=\"1772\" \/>\n\t<meta property=\"og:image:height\" content=\"1772\" \/>\n\t<meta property=\"og:image:type\" content=\"image\/jpeg\" \/>\n<meta name=\"twitter:card\" content=\"summary_large_image\" \/>\n<meta name=\"twitter:label1\" content=\"Geschatte leestijd\" \/>\n\t<meta name=\"twitter:data1\" content=\"1 minuut\" \/>\n<script type=\"application\/ld+json\" class=\"yoast-schema-graph\">{\"@context\":\"https:\/\/schema.org\",\"@graph\":[{\"@type\":\"WebPage\",\"@id\":\"https:\/\/nabukoo.com\/produit\/gin-maredsous-valeo\/\",\"url\":\"https:\/\/nabukoo.com\/produit\/gin-maredsous-valeo\/\",\"name\":\"Gin Maredsous Val\u00e9o - Nabukoo\",\"isPartOf\":{\"@id\":\"https:\/\/nabukoo.com\/#website\"},\"primaryImageOfPage\":{\"@id\":\"https:\/\/nabukoo.com\/produit\/gin-maredsous-valeo\/#primaryimage\"},\"image\":{\"@id\":\"https:\/\/nabukoo.com\/produit\/gin-maredsous-valeo\/#primaryimage\"},\"thumbnailUrl\":\"https:\/\/nabukoo.com\/wp-content\/uploads\/Maredsous_Web_Gin_VALEO_250k_bio.jpg\",\"datePublished\":\"2023-06-19T14:24:08+00:00\",\"dateModified\":\"2023-06-19T14:54:17+00:00\",\"breadcrumb\":{\"@id\":\"https:\/\/nabukoo.com\/produit\/gin-maredsous-valeo\/#breadcrumb\"},\"inLanguage\":\"nl-BE\",\"potentialAction\":[{\"@type\":\"ReadAction\",\"target\":[\"https:\/\/nabukoo.com\/produit\/gin-maredsous-valeo\/\"]}]},{\"@type\":\"ImageObject\",\"inLanguage\":\"nl-BE\",\"@id\":\"https:\/\/nabukoo.com\/produit\/gin-maredsous-valeo\/#primaryimage\",\"url\":\"https:\/\/nabukoo.com\/wp-content\/uploads\/Maredsous_Web_Gin_VALEO_250k_bio.jpg\",\"contentUrl\":\"https:\/\/nabukoo.com\/wp-content\/uploads\/Maredsous_Web_Gin_VALEO_250k_bio.jpg\",\"width\":1772,\"height\":1772,\"caption\":\"Bouteille de gin Val\u00e9o bio de la distillerie Maredsous\"},{\"@type\":\"BreadcrumbList\",\"@id\":\"https:\/\/nabukoo.com\/produit\/gin-maredsous-valeo\/#breadcrumb\",\"itemListElement\":[{\"@type\":\"ListItem\",\"position\":1,\"name\":\"Accueil\",\"item\":\"https:\/\/nabukoo.com\/\"},{\"@type\":\"ListItem\",\"position\":2,\"name\":\"Nos rayons\",\"item\":\"https:\/\/nabukoo.com\/rayons\/\"},{\"@type\":\"ListItem\",\"position\":3,\"name\":\"Gin Maredsous Val\u00e9o\"}]},{\"@type\":\"WebSite\",\"@id\":\"https:\/\/nabukoo.com\/#website\",\"url\":\"https:\/\/nabukoo.com\/\",\"name\":\"Nabukoo\",\"description\":\"Qulaity First\",\"potentialAction\":[{\"@type\":\"SearchAction\",\"target\":{\"@type\":\"EntryPoint\",\"urlTemplate\":\"https:\/\/nabukoo.com\/?s={search_term_string}\"},\"query-input\":{\"@type\":\"PropertyValueSpecification\",\"valueRequired\":true,\"valueName\":\"search_term_string\"}}],\"inLanguage\":\"nl-BE\"}]}<\/script>\n<!-- \/ Yoast SEO plugin. -->","yoast_head_json":{"title":"Gin Maredsous Val\u00e9o - Nabukoo","robots":{"index":"index","follow":"follow","max-snippet":"max-snippet:-1","max-image-preview":"max-image-preview:large","max-video-preview":"max-video-preview:-1"},"canonical":"https:\/\/nabukoo.com\/nl\/product-2\/gin-maredsous-valeo\/","og_locale":"nl_BE","og_type":"article","og_title":"Gin Maredsous Val\u00e9o - Nabukoo","og_description":"50cl \u2013 Alc.: 40% Vol.  Val\u00e9o \u2013 Calme et s\u00e9r\u00e9nit\u00e9  Toute notre gamme sur www.momentbelge.be","og_url":"https:\/\/nabukoo.com\/nl\/product-2\/gin-maredsous-valeo\/","og_site_name":"Nabukoo","article_modified_time":"2023-06-19T14:54:17+00:00","og_image":[{"width":1772,"height":1772,"url":"https:\/\/nabukoo.com\/wp-content\/uploads\/Maredsous_Web_Gin_VALEO_250k_bio.jpg","type":"image\/jpeg"}],"twitter_card":"summary_large_image","twitter_misc":{"Geschatte leestijd":"1 minuut"},"schema":{"@context":"https:\/\/schema.org","@graph":[{"@type":"WebPage","@id":"https:\/\/nabukoo.com\/produit\/gin-maredsous-valeo\/","url":"https:\/\/nabukoo.com\/produit\/gin-maredsous-valeo\/","name":"Gin Maredsous Val\u00e9o - Nabukoo","isPartOf":{"@id":"https:\/\/nabukoo.com\/#website"},"primaryImageOfPage":{"@id":"https:\/\/nabukoo.com\/produit\/gin-maredsous-valeo\/#primaryimage"},"image":{"@id":"https:\/\/nabukoo.com\/produit\/gin-maredsous-valeo\/#primaryimage"},"thumbnailUrl":"https:\/\/nabukoo.com\/wp-content\/uploads\/Maredsous_Web_Gin_VALEO_250k_bio.jpg","datePublished":"2023-06-19T14:24:08+00:00","dateModified":"2023-06-19T14:54:17+00:00","breadcrumb":{"@id":"https:\/\/nabukoo.com\/produit\/gin-maredsous-valeo\/#breadcrumb"},"inLanguage":"nl-BE","potentialAction":[{"@type":"ReadAction","target":["https:\/\/nabukoo.com\/produit\/gin-maredsous-valeo\/"]}]},{"@type":"ImageObject","inLanguage":"nl-BE","@id":"https:\/\/nabukoo.com\/produit\/gin-maredsous-valeo\/#primaryimage","url":"https:\/\/nabukoo.com\/wp-content\/uploads\/Maredsous_Web_Gin_VALEO_250k_bio.jpg","contentUrl":"https:\/\/nabukoo.com\/wp-content\/uploads\/Maredsous_Web_Gin_VALEO_250k_bio.jpg","width":1772,"height":1772,"caption":"Bouteille de gin Val\u00e9o bio de la distillerie Maredsous"},{"@type":"BreadcrumbList","@id":"https:\/\/nabukoo.com\/produit\/gin-maredsous-valeo\/#breadcrumb","itemListElement":[{"@type":"ListItem","position":1,"name":"Accueil","item":"https:\/\/nabukoo.com\/"},{"@type":"ListItem","position":2,"name":"Nos rayons","item":"https:\/\/nabukoo.com\/rayons\/"},{"@type":"ListItem","position":3,"name":"Gin Maredsous Val\u00e9o"}]},{"@type":"WebSite","@id":"https:\/\/nabukoo.com\/#website","url":"https:\/\/nabukoo.com\/","name":"Nabukoo","description":"Qulaity First","potentialAction":[{"@type":"SearchAction","target":{"@type":"EntryPoint","urlTemplate":"https:\/\/nabukoo.com\/?s={search_term_string}"},"query-input":{"@type":"PropertyValueSpecification","valueRequired":true,"valueName":"search_term_string"}}],"inLanguage":"nl-BE"}]}},"_links":{"self":[{"href":"https:\/\/nabukoo.com\/nl\/wp-json\/wp\/v2\/product\/10169"}],"collection":[{"href":"https:\/\/nabukoo.com\/nl\/wp-json\/wp\/v2\/product"}],"about":[{"href":"https:\/\/nabukoo.com\/nl\/wp-json\/wp\/v2\/types\/product"}],"replies":[{"embeddable":true,"href":"https:\/\/nabukoo.com\/nl\/wp-json\/wp\/v2\/comments?post=10169"}],"wp:featuredmedia":[{"embeddable":true,"href":"https:\/\/nabukoo.com\/nl\/wp-json\/wp\/v2\/media\/10168"}],"wp:attachment":[{"href":"https:\/\/nabukoo.com\/nl\/wp-json\/wp\/v2\/media?parent=10169"}],"wp:term":[{"taxonomy":"product_cat","embeddable":true,"href":"https:\/\/nabukoo.com\/nl\/wp-json\/wp\/v2\/product_cat?post=10169"},{"taxonomy":"product_tag","embeddable":true,"href":"https:\/\/nabukoo.com\/nl\/wp-json\/wp\/v2\/product_tag?post=10169"}],"curies":[{"name":"wp","href":"https:\/\/api.w.org\/{rel}","templated":true}]}}