{"id":10167,"date":"2023-06-19T15:59:51","date_gmt":"2023-06-19T13:59:51","guid":{"rendered":"https:\/\/nabukoo.com\/produit\/lambertus-10-ans-whisky-40-vol-70cl\/"},"modified":"2023-06-19T16:54:25","modified_gmt":"2023-06-19T14:54:25","slug":"lambertus-10-ans-whisky-40-vol-70cl","status":"publish","type":"product","link":"https:\/\/nabukoo.com\/nl\/product-2\/lambertus-10-jaar-oude-whisky-40-vol-70cl\/","title":{"rendered":"Lambertus 10 ans - Whisky 40% Vol. 70cl"},"content":{"rendered":"<p style=\"border: 0px;font-size: 15px;margin: 0px 0px 1.75em;padding: 0px;vertical-align: baseline;color: #000000;font-family: Roboto, sans-serif\">Lambertus 10 Years Single Grain Belgian Whisky, 10 jaar gerijpt in Limousin eiken vaten, is de weelderige versie van Lambertus Classic, gecre\u00eberd ter nagedachtenis aan Lambert Radermacher, \u00e9\u00e9n van de oprichters van onze distilleerderij.<\/p>\n<p style=\"border: 0px;font-size: 15px;margin: 0px 0px 1.75em;padding: 0px;vertical-align: baseline;color: #000000;font-family: Roboto, sans-serif\">De perfecte balans tussen de rondheid van het graan (rogge &amp; gemoute gerst), getint door het patina van de tijd, en de subtiliteit van het hout geeft het een unieke rijkdom en pracht.<\/p>\n<p style=\"border: 0px;font-size: 15px;margin: 0px 0px 1.75em;padding: 0px;vertical-align: baseline;color: #000000;font-family: Roboto, sans-serif\">KLEUR: Amberkleurig, de sprankelende gouden kleur verraadt regelmatige, dikke tranen.<\/p>\n<p style=\"border: 0px;font-size: 15px;margin: 0px 0px 1.75em;padding: 0px;vertical-align: baseline;color: #000000;font-family: Roboto, sans-serif\">SMAAK: Een subtiel moutboeket met chocolade, hazelnoot en geroosterde aroma's, dat zijn volheid en rijpheid onthult door zijn \ufb01n en aangenaam aroma.<\/p>\n<p style=\"border: 0px;font-size: 15px;margin: 0px 0px 1.75em;padding: 0px;vertical-align: baseline;color: #000000;font-family: Roboto, sans-serif\">Smaak: Delicate moutaanzet versmolten met tonen van branding en vanille.  Weelderige, zachte en ronde smaak waarin evenwicht en \ufb01nesse de boventoon voeren. Schitterende \ufb01nale die de soepelheid van hout onthult dat door de tijd is versmolten.<\/p>\n<p style=\"border: 0px;font-size: 15px;margin: 0px 0px 1.75em;padding: 0px;vertical-align: baseline;color: #000000;font-family: Roboto, sans-serif\">DRINKEN: Lambertus 10 jaar onthult zijn delicate aroma's op kamertemperatuur. Neem de tijd... Geniet ervan met je ogen dicht, in een glas dat langzaam verwarmd wordt in je handpalm.<\/p>\n<p style=\"border: 0px;font-size: 15px;margin: 0px 0px 1.75em;padding: 0px;vertical-align: baseline;color: #000000;font-family: Roboto, sans-serif\">OPSLAG: We raden aan om flessen op een koele, donkere plaats te bewaren.<\/p>","protected":false},"excerpt":{"rendered":"<p>LAMBERTUS WHISKY 10 YEARS 0.7L - 40% VOL<\/p>\n<p>Lambertus, Belgische whisky voor liefhebbers van uitmuntendheid<\/p>\n<p>Ons volledige assortiment is beschikbaar op www.momentbelge.be<\/p>","protected":false},"featured_media":10166,"comment_status":"closed","ping_status":"closed","template":"","meta":[],"product_cat":[134,72],"product_tag":[],"yoast_head":"<!-- This site is optimized with the Yoast SEO plugin v23.8 - https:\/\/yoast.com\/wordpress\/plugins\/seo\/ -->\n<title>Lambertus 10 ans - Whisky 40% Vol. 70cl - Nabukoo<\/title>\n<meta name=\"robots\" content=\"index, follow, max-snippet:-1, max-image-preview:large, max-video-preview:-1\" \/>\n<link rel=\"canonical\" href=\"https:\/\/nabukoo.com\/nl\/product-2\/lambertus-10-jaar-oude-whisky-40-vol-70cl\/\" \/>\n<meta property=\"og:locale\" content=\"nl_BE\" \/>\n<meta property=\"og:type\" content=\"article\" \/>\n<meta property=\"og:title\" content=\"Lambertus 10 ans - Whisky 40% Vol. 70cl - Nabukoo\" \/>\n<meta property=\"og:description\" content=\"LAMBERTUS WHISKY 10 ANS 0,7L \u2013 40% VOL  Lambertus, le Whisky belge pour les amateurs d\u2019excellence  Toute notre gamme sur www.momentbelge.be\" \/>\n<meta property=\"og:url\" content=\"https:\/\/nabukoo.com\/nl\/product-2\/lambertus-10-jaar-oude-whisky-40-vol-70cl\/\" \/>\n<meta property=\"og:site_name\" content=\"Nabukoo\" \/>\n<meta property=\"article:modified_time\" content=\"2023-06-19T14:54:25+00:00\" \/>\n<meta property=\"og:image\" content=\"https:\/\/nabukoo.com\/wp-content\/uploads\/Bouteille_LAMBERTUS_10YEARS-1-408x1024-1.webp\" \/>\n\t<meta property=\"og:image:width\" content=\"1024\" \/>\n\t<meta property=\"og:image:height\" content=\"1024\" \/>\n\t<meta property=\"og:image:type\" content=\"image\/webp\" \/>\n<meta name=\"twitter:card\" content=\"summary_large_image\" \/>\n<meta name=\"twitter:label1\" content=\"Geschatte leestijd\" \/>\n\t<meta name=\"twitter:data1\" content=\"1 minuut\" \/>\n<script type=\"application\/ld+json\" class=\"yoast-schema-graph\">{\"@context\":\"https:\/\/schema.org\",\"@graph\":[{\"@type\":\"WebPage\",\"@id\":\"https:\/\/nabukoo.com\/produit\/lambertus-10-ans-whisky-40-vol-70cl\/\",\"url\":\"https:\/\/nabukoo.com\/produit\/lambertus-10-ans-whisky-40-vol-70cl\/\",\"name\":\"Lambertus 10 ans - Whisky 40% Vol. 70cl - Nabukoo\",\"isPartOf\":{\"@id\":\"https:\/\/nabukoo.com\/#website\"},\"primaryImageOfPage\":{\"@id\":\"https:\/\/nabukoo.com\/produit\/lambertus-10-ans-whisky-40-vol-70cl\/#primaryimage\"},\"image\":{\"@id\":\"https:\/\/nabukoo.com\/produit\/lambertus-10-ans-whisky-40-vol-70cl\/#primaryimage\"},\"thumbnailUrl\":\"https:\/\/nabukoo.com\/wp-content\/uploads\/Bouteille_LAMBERTUS_10YEARS-1-408x1024-1.webp\",\"datePublished\":\"2023-06-19T13:59:51+00:00\",\"dateModified\":\"2023-06-19T14:54:25+00:00\",\"breadcrumb\":{\"@id\":\"https:\/\/nabukoo.com\/produit\/lambertus-10-ans-whisky-40-vol-70cl\/#breadcrumb\"},\"inLanguage\":\"nl-BE\",\"potentialAction\":[{\"@type\":\"ReadAction\",\"target\":[\"https:\/\/nabukoo.com\/produit\/lambertus-10-ans-whisky-40-vol-70cl\/\"]}]},{\"@type\":\"ImageObject\",\"inLanguage\":\"nl-BE\",\"@id\":\"https:\/\/nabukoo.com\/produit\/lambertus-10-ans-whisky-40-vol-70cl\/#primaryimage\",\"url\":\"https:\/\/nabukoo.com\/wp-content\/uploads\/Bouteille_LAMBERTUS_10YEARS-1-408x1024-1.webp\",\"contentUrl\":\"https:\/\/nabukoo.com\/wp-content\/uploads\/Bouteille_LAMBERTUS_10YEARS-1-408x1024-1.webp\",\"width\":1024,\"height\":1024,\"caption\":\"Bouteille de Lambertus 10 ans de la distillerie Radermacher\"},{\"@type\":\"BreadcrumbList\",\"@id\":\"https:\/\/nabukoo.com\/produit\/lambertus-10-ans-whisky-40-vol-70cl\/#breadcrumb\",\"itemListElement\":[{\"@type\":\"ListItem\",\"position\":1,\"name\":\"Accueil\",\"item\":\"https:\/\/nabukoo.com\/\"},{\"@type\":\"ListItem\",\"position\":2,\"name\":\"Nos rayons\",\"item\":\"https:\/\/nabukoo.com\/rayons\/\"},{\"@type\":\"ListItem\",\"position\":3,\"name\":\"Lambertus 10 ans &#8211; Whisky 40% Vol. 70cl\"}]},{\"@type\":\"WebSite\",\"@id\":\"https:\/\/nabukoo.com\/#website\",\"url\":\"https:\/\/nabukoo.com\/\",\"name\":\"Nabukoo\",\"description\":\"Qulaity First\",\"potentialAction\":[{\"@type\":\"SearchAction\",\"target\":{\"@type\":\"EntryPoint\",\"urlTemplate\":\"https:\/\/nabukoo.com\/?s={search_term_string}\"},\"query-input\":{\"@type\":\"PropertyValueSpecification\",\"valueRequired\":true,\"valueName\":\"search_term_string\"}}],\"inLanguage\":\"nl-BE\"}]}<\/script>\n<!-- \/ Yoast SEO plugin. -->","yoast_head_json":{"title":"Lambertus 10 ans - Whisky 40% Vol. 70cl - Nabukoo","robots":{"index":"index","follow":"follow","max-snippet":"max-snippet:-1","max-image-preview":"max-image-preview:large","max-video-preview":"max-video-preview:-1"},"canonical":"https:\/\/nabukoo.com\/nl\/product-2\/lambertus-10-jaar-oude-whisky-40-vol-70cl\/","og_locale":"nl_BE","og_type":"article","og_title":"Lambertus 10 ans - Whisky 40% Vol. 70cl - Nabukoo","og_description":"LAMBERTUS WHISKY 10 ANS 0,7L \u2013 40% VOL  Lambertus, le Whisky belge pour les amateurs d\u2019excellence  Toute notre gamme sur www.momentbelge.be","og_url":"https:\/\/nabukoo.com\/nl\/product-2\/lambertus-10-jaar-oude-whisky-40-vol-70cl\/","og_site_name":"Nabukoo","article_modified_time":"2023-06-19T14:54:25+00:00","og_image":[{"width":1024,"height":1024,"url":"https:\/\/nabukoo.com\/wp-content\/uploads\/Bouteille_LAMBERTUS_10YEARS-1-408x1024-1.webp","type":"image\/webp"}],"twitter_card":"summary_large_image","twitter_misc":{"Geschatte leestijd":"1 minuut"},"schema":{"@context":"https:\/\/schema.org","@graph":[{"@type":"WebPage","@id":"https:\/\/nabukoo.com\/produit\/lambertus-10-ans-whisky-40-vol-70cl\/","url":"https:\/\/nabukoo.com\/produit\/lambertus-10-ans-whisky-40-vol-70cl\/","name":"Lambertus 10 ans - Whisky 40% Vol. 70cl - Nabukoo","isPartOf":{"@id":"https:\/\/nabukoo.com\/#website"},"primaryImageOfPage":{"@id":"https:\/\/nabukoo.com\/produit\/lambertus-10-ans-whisky-40-vol-70cl\/#primaryimage"},"image":{"@id":"https:\/\/nabukoo.com\/produit\/lambertus-10-ans-whisky-40-vol-70cl\/#primaryimage"},"thumbnailUrl":"https:\/\/nabukoo.com\/wp-content\/uploads\/Bouteille_LAMBERTUS_10YEARS-1-408x1024-1.webp","datePublished":"2023-06-19T13:59:51+00:00","dateModified":"2023-06-19T14:54:25+00:00","breadcrumb":{"@id":"https:\/\/nabukoo.com\/produit\/lambertus-10-ans-whisky-40-vol-70cl\/#breadcrumb"},"inLanguage":"nl-BE","potentialAction":[{"@type":"ReadAction","target":["https:\/\/nabukoo.com\/produit\/lambertus-10-ans-whisky-40-vol-70cl\/"]}]},{"@type":"ImageObject","inLanguage":"nl-BE","@id":"https:\/\/nabukoo.com\/produit\/lambertus-10-ans-whisky-40-vol-70cl\/#primaryimage","url":"https:\/\/nabukoo.com\/wp-content\/uploads\/Bouteille_LAMBERTUS_10YEARS-1-408x1024-1.webp","contentUrl":"https:\/\/nabukoo.com\/wp-content\/uploads\/Bouteille_LAMBERTUS_10YEARS-1-408x1024-1.webp","width":1024,"height":1024,"caption":"Bouteille de Lambertus 10 ans de la distillerie Radermacher"},{"@type":"BreadcrumbList","@id":"https:\/\/nabukoo.com\/produit\/lambertus-10-ans-whisky-40-vol-70cl\/#breadcrumb","itemListElement":[{"@type":"ListItem","position":1,"name":"Accueil","item":"https:\/\/nabukoo.com\/"},{"@type":"ListItem","position":2,"name":"Nos rayons","item":"https:\/\/nabukoo.com\/rayons\/"},{"@type":"ListItem","position":3,"name":"Lambertus 10 ans &#8211; Whisky 40% Vol. 70cl"}]},{"@type":"WebSite","@id":"https:\/\/nabukoo.com\/#website","url":"https:\/\/nabukoo.com\/","name":"Nabukoo","description":"Qulaity First","potentialAction":[{"@type":"SearchAction","target":{"@type":"EntryPoint","urlTemplate":"https:\/\/nabukoo.com\/?s={search_term_string}"},"query-input":{"@type":"PropertyValueSpecification","valueRequired":true,"valueName":"search_term_string"}}],"inLanguage":"nl-BE"}]}},"_links":{"self":[{"href":"https:\/\/nabukoo.com\/nl\/wp-json\/wp\/v2\/product\/10167"}],"collection":[{"href":"https:\/\/nabukoo.com\/nl\/wp-json\/wp\/v2\/product"}],"about":[{"href":"https:\/\/nabukoo.com\/nl\/wp-json\/wp\/v2\/types\/product"}],"replies":[{"embeddable":true,"href":"https:\/\/nabukoo.com\/nl\/wp-json\/wp\/v2\/comments?post=10167"}],"wp:featuredmedia":[{"embeddable":true,"href":"https:\/\/nabukoo.com\/nl\/wp-json\/wp\/v2\/media\/10166"}],"wp:attachment":[{"href":"https:\/\/nabukoo.com\/nl\/wp-json\/wp\/v2\/media?parent=10167"}],"wp:term":[{"taxonomy":"product_cat","embeddable":true,"href":"https:\/\/nabukoo.com\/nl\/wp-json\/wp\/v2\/product_cat?post=10167"},{"taxonomy":"product_tag","embeddable":true,"href":"https:\/\/nabukoo.com\/nl\/wp-json\/wp\/v2\/product_tag?post=10167"}],"curies":[{"name":"wp","href":"https:\/\/api.w.org\/{rel}","templated":true}]}}