{"id":10165,"date":"2023-06-16T11:16:17","date_gmt":"2023-06-16T09:16:17","guid":{"rendered":"https:\/\/nabukoo.com\/produit\/ajourees-en-plexi-mini-midi-et-maxi\/"},"modified":"2023-08-04T15:58:43","modified_gmt":"2023-08-04T13:58:43","slug":"ajourees-en-plexi-mini-midi-et-maxi","status":"publish","type":"product","link":"https:\/\/nabukoo.com\/nl\/product-2\/plexiglas-mini-midi-en-maxi-behuizingen\/","title":{"rendered":"Opengewerkt in plexiglas \/ Mini, midi en maxi"},"content":{"rendered":"<div class=\"_3cRjW\" style=\"border: 0px;margin: 0px;padding: 0px;vertical-align: baseline;overflow: hidden;font-size: 14px;position: relative;line-height: 24px;font-family: raleway, sans-serif;color: #303030\" data-hook=\"content-wrapper\">\n<p style=\"border: 0px;margin: 0px;padding: 0px;vertical-align: baseline;font-family: inherit;font-size: inherit;font-style: inherit;line-height: inherit\">Oorbellen van doorschijnend mat plexiglas (behalve de fluorescerende kleuren, die zijn transparant), met een glanzende rand.<\/p>\n<p style=\"border: 0px;margin: 0px;padding: 0px;vertical-align: baseline;font-family: inherit;font-size: inherit;font-style: inherit;line-height: inherit\"><br style=\"font-family: inherit;font-size: inherit;font-style: inherit;line-height: inherit\" \/>De uitsnede is fijn en het licht dat erdoor valt laat een grafisch spel zien terwijl je beweegt.<\/p>\n<p style=\"border: 0px;margin: 0px;padding: 0px;vertical-align: baseline;font-family: inherit;font-size: inherit;font-style: inherit;line-height: inherit\">925 zilveren haken, behalve de zwarte kleur: zwart gerhodineerde 925 zilveren haken, gegarandeerd nikkel- en loodvrij.<\/p>\n<p style=\"border: 0px;margin: 0px;padding: 0px;vertical-align: baseline;font-family: inherit;font-size: inherit;font-style: inherit;line-height: inherit\">De oorbellen zijn 3 mm dik.<\/p>\n<p>&nbsp;<\/p>\n<p style=\"border: 0px;margin: 0px;padding: 0px;vertical-align: baseline;font-family: inherit;font-size: inherit;font-style: inherit;line-height: inherit\">MAXI OPENWERK<\/p>\n<p style=\"border: 0px;margin: 0px;padding: 0px;vertical-align: baseline;font-family: inherit;font-size: inherit;font-style: inherit;line-height: inherit\">Grootte oorbel inclusief haakje: H: 78mm \/ B: 16mm<\/p>\n<p style=\"border: 0px;margin: 0px;padding: 0px;vertical-align: baseline;font-family: inherit;font-size: inherit;font-style: inherit;line-height: inherit\">Grootte van oorbel zonder haakje: H: 62mm \/ L: 16mm<\/p>\n<p>OPENWERK MIDI<br \/>\n<span style=\"font-family: inherit;font-size: inherit;font-style: inherit\">Grootte oorbel inclusief haakje: H: 78mm \/ 12mm<br \/>\n<\/span><span style=\"font-family: inherit;font-size: inherit;font-style: inherit\">Grootte van oorbel zonder haakje: 58mm \/ 12mm<\/span><\/p>\n<p style=\"border: 0px;margin: 0px;padding: 0px;vertical-align: baseline;font-family: inherit;font-size: inherit;font-style: inherit;line-height: inherit\">OPENWERK MINI<\/p>\n<p style=\"border: 0px;margin: 0px;padding: 0px;vertical-align: baseline;font-family: inherit;font-size: inherit;font-style: inherit;line-height: inherit\"><span style=\"font-family: inherit;font-size: inherit;font-style: inherit\">Grootte oorbel inclusief haakje: H: 57mm \/ 10mm<\/span><\/p>\n<p style=\"border: 0px;margin: 0px;padding: 0px;vertical-align: baseline;font-family: inherit;font-size: inherit;font-style: inherit;line-height: inherit\"><span style=\"font-family: inherit;font-size: inherit;font-style: inherit\">Grootte van oorbel zonder haakje: 38mm \/10mm<\/span><\/p>\n<p>Fluorescerende kleuren zijn speciale plexies die het licht vangen aan de rand, waardoor ze er bijzonder helder uitzien.<\/p>\n<p>Elk paar oorbellen is verpakt in de eigen verpakking van het merk, die ook dienst doet als displaystandaard.<\/p>\n<p>Elk sieraad heeft zijn eigen echtheidscertificaat en geeft aan van welke materialen het is gemaakt.<\/p>\n<p>&nbsp;<\/p>\n<p style=\"border: 0px;margin: 0px;padding: 0px;vertical-align: baseline;font-family: inherit;font-size: inherit;font-style: inherit;line-height: inherit\">\n<\/div>\n<p><button class=\"_2V5SI\" style=\"background-color: #ffffff;border: 0px;margin: 0px;padding-right: 0px;padding-left: 0px;vertical-align: baseline;font-family: inherit;font-style: inherit;font-size: 14px;line-height: 1.6;text-decoration: underline;cursor: pointer;color: #303030;text-align: left\" type=\"button\" aria-hidden=\"true\" data-hook=\"show-more-or-less\">Minder<\/button><\/p>","protected":false},"excerpt":{"rendered":"<p>Oorbellen van doorschijnend mat plexiglas (behalve de fluorescerende kleuren, die zijn transparant), met een glanzende rand.<br \/>\nOpenwork is verkrijgbaar in drie maten: maxi, midi en mini.<\/p>\n<p>De uitsnede is fijn en het licht dat erdoor valt laat een grafisch spel zien terwijl je beweegt.<\/p>\n<p>Haken in 925 zilver, behalve de zwarte kleur: haken in zwart gerhodineerd 925 zilver, gegarandeerd nikkel- en loodvrij.<\/p>","protected":false},"featured_media":10164,"comment_status":"open","ping_status":"closed","template":"","meta":[],"product_cat":[120,109],"product_tag":[],"yoast_head":"<!-- This site is optimized with the Yoast SEO plugin v23.8 - https:\/\/yoast.com\/wordpress\/plugins\/seo\/ -->\n<title>Ajour\u00e9es en Plexi \/ Mini, midi et maxi - Nabukoo<\/title>\n<meta name=\"robots\" content=\"index, follow, max-snippet:-1, max-image-preview:large, max-video-preview:-1\" \/>\n<link rel=\"canonical\" href=\"https:\/\/nabukoo.com\/nl\/product-2\/plexiglas-mini-midi-en-maxi-behuizingen\/\" \/>\n<meta property=\"og:locale\" content=\"nl_BE\" \/>\n<meta property=\"og:type\" content=\"article\" \/>\n<meta property=\"og:title\" content=\"Ajour\u00e9es en Plexi \/ Mini, midi et maxi - Nabukoo\" \/>\n<meta property=\"og:description\" content=\"Boucles d&#039;oreilles en plexiglas mat translucide (sauf pour les couleurs fluos qui sont transparentes), brillant sur la tranche. Les ajour\u00e9es existent en trois tailles: maxi, midi et mini.  La d\u00e9coupe est fine et la lumi\u00e8re qui passe au travers d\u00e9voile un jeu graphique au gr\u00e9 des mouvements.  Crochets en argent 925 sauf pour la couleur noire: crochets en argent 925 rhodi\u00e9 noir et garantis sans nickel et sans plomb.\" \/>\n<meta property=\"og:url\" content=\"https:\/\/nabukoo.com\/nl\/product-2\/plexiglas-mini-midi-en-maxi-behuizingen\/\" \/>\n<meta property=\"og:site_name\" content=\"Nabukoo\" \/>\n<meta property=\"article:modified_time\" content=\"2023-08-04T13:58:43+00:00\" \/>\n<meta property=\"og:image\" content=\"https:\/\/nabukoo.com\/wp-content\/uploads\/ajourees.mini_.plexi_.petrole.jpg\" \/>\n\t<meta property=\"og:image:width\" content=\"1181\" \/>\n\t<meta property=\"og:image:height\" content=\"1181\" \/>\n\t<meta property=\"og:image:type\" content=\"image\/jpeg\" \/>\n<meta name=\"twitter:card\" content=\"summary_large_image\" \/>\n<meta name=\"twitter:label1\" content=\"Geschatte leestijd\" \/>\n\t<meta name=\"twitter:data1\" content=\"1 minuut\" \/>\n<script type=\"application\/ld+json\" class=\"yoast-schema-graph\">{\"@context\":\"https:\/\/schema.org\",\"@graph\":[{\"@type\":\"WebPage\",\"@id\":\"https:\/\/nabukoo.com\/produit\/ajourees-en-plexi-mini-midi-et-maxi\/\",\"url\":\"https:\/\/nabukoo.com\/produit\/ajourees-en-plexi-mini-midi-et-maxi\/\",\"name\":\"Ajour\u00e9es en Plexi \/ Mini, midi et maxi - Nabukoo\",\"isPartOf\":{\"@id\":\"https:\/\/nabukoo.com\/#website\"},\"primaryImageOfPage\":{\"@id\":\"https:\/\/nabukoo.com\/produit\/ajourees-en-plexi-mini-midi-et-maxi\/#primaryimage\"},\"image\":{\"@id\":\"https:\/\/nabukoo.com\/produit\/ajourees-en-plexi-mini-midi-et-maxi\/#primaryimage\"},\"thumbnailUrl\":\"https:\/\/nabukoo.com\/wp-content\/uploads\/ajourees.mini_.plexi_.petrole.jpg\",\"datePublished\":\"2023-06-16T09:16:17+00:00\",\"dateModified\":\"2023-08-04T13:58:43+00:00\",\"breadcrumb\":{\"@id\":\"https:\/\/nabukoo.com\/produit\/ajourees-en-plexi-mini-midi-et-maxi\/#breadcrumb\"},\"inLanguage\":\"nl-BE\",\"potentialAction\":[{\"@type\":\"ReadAction\",\"target\":[\"https:\/\/nabukoo.com\/produit\/ajourees-en-plexi-mini-midi-et-maxi\/\"]}]},{\"@type\":\"ImageObject\",\"inLanguage\":\"nl-BE\",\"@id\":\"https:\/\/nabukoo.com\/produit\/ajourees-en-plexi-mini-midi-et-maxi\/#primaryimage\",\"url\":\"https:\/\/nabukoo.com\/wp-content\/uploads\/ajourees.mini_.plexi_.petrole.jpg\",\"contentUrl\":\"https:\/\/nabukoo.com\/wp-content\/uploads\/ajourees.mini_.plexi_.petrole.jpg\",\"width\":1181,\"height\":1181},{\"@type\":\"BreadcrumbList\",\"@id\":\"https:\/\/nabukoo.com\/produit\/ajourees-en-plexi-mini-midi-et-maxi\/#breadcrumb\",\"itemListElement\":[{\"@type\":\"ListItem\",\"position\":1,\"name\":\"Accueil\",\"item\":\"https:\/\/nabukoo.com\/\"},{\"@type\":\"ListItem\",\"position\":2,\"name\":\"Nos rayons\",\"item\":\"https:\/\/nabukoo.com\/rayons\/\"},{\"@type\":\"ListItem\",\"position\":3,\"name\":\"Ajour\u00e9es en Plexi \/ Mini, midi et maxi\"}]},{\"@type\":\"WebSite\",\"@id\":\"https:\/\/nabukoo.com\/#website\",\"url\":\"https:\/\/nabukoo.com\/\",\"name\":\"Nabukoo\",\"description\":\"Qulaity First\",\"potentialAction\":[{\"@type\":\"SearchAction\",\"target\":{\"@type\":\"EntryPoint\",\"urlTemplate\":\"https:\/\/nabukoo.com\/?s={search_term_string}\"},\"query-input\":{\"@type\":\"PropertyValueSpecification\",\"valueRequired\":true,\"valueName\":\"search_term_string\"}}],\"inLanguage\":\"nl-BE\"}]}<\/script>\n<!-- \/ Yoast SEO plugin. -->","yoast_head_json":{"title":"Ajour\u00e9es en Plexi \/ Mini, midi et maxi - Nabukoo","robots":{"index":"index","follow":"follow","max-snippet":"max-snippet:-1","max-image-preview":"max-image-preview:large","max-video-preview":"max-video-preview:-1"},"canonical":"https:\/\/nabukoo.com\/nl\/product-2\/plexiglas-mini-midi-en-maxi-behuizingen\/","og_locale":"nl_BE","og_type":"article","og_title":"Ajour\u00e9es en Plexi \/ Mini, midi et maxi - Nabukoo","og_description":"Boucles d'oreilles en plexiglas mat translucide (sauf pour les couleurs fluos qui sont transparentes), brillant sur la tranche. Les ajour\u00e9es existent en trois tailles: maxi, midi et mini.  La d\u00e9coupe est fine et la lumi\u00e8re qui passe au travers d\u00e9voile un jeu graphique au gr\u00e9 des mouvements.  Crochets en argent 925 sauf pour la couleur noire: crochets en argent 925 rhodi\u00e9 noir et garantis sans nickel et sans plomb.","og_url":"https:\/\/nabukoo.com\/nl\/product-2\/plexiglas-mini-midi-en-maxi-behuizingen\/","og_site_name":"Nabukoo","article_modified_time":"2023-08-04T13:58:43+00:00","og_image":[{"width":1181,"height":1181,"url":"https:\/\/nabukoo.com\/wp-content\/uploads\/ajourees.mini_.plexi_.petrole.jpg","type":"image\/jpeg"}],"twitter_card":"summary_large_image","twitter_misc":{"Geschatte leestijd":"1 minuut"},"schema":{"@context":"https:\/\/schema.org","@graph":[{"@type":"WebPage","@id":"https:\/\/nabukoo.com\/produit\/ajourees-en-plexi-mini-midi-et-maxi\/","url":"https:\/\/nabukoo.com\/produit\/ajourees-en-plexi-mini-midi-et-maxi\/","name":"Ajour\u00e9es en Plexi \/ Mini, midi et maxi - Nabukoo","isPartOf":{"@id":"https:\/\/nabukoo.com\/#website"},"primaryImageOfPage":{"@id":"https:\/\/nabukoo.com\/produit\/ajourees-en-plexi-mini-midi-et-maxi\/#primaryimage"},"image":{"@id":"https:\/\/nabukoo.com\/produit\/ajourees-en-plexi-mini-midi-et-maxi\/#primaryimage"},"thumbnailUrl":"https:\/\/nabukoo.com\/wp-content\/uploads\/ajourees.mini_.plexi_.petrole.jpg","datePublished":"2023-06-16T09:16:17+00:00","dateModified":"2023-08-04T13:58:43+00:00","breadcrumb":{"@id":"https:\/\/nabukoo.com\/produit\/ajourees-en-plexi-mini-midi-et-maxi\/#breadcrumb"},"inLanguage":"nl-BE","potentialAction":[{"@type":"ReadAction","target":["https:\/\/nabukoo.com\/produit\/ajourees-en-plexi-mini-midi-et-maxi\/"]}]},{"@type":"ImageObject","inLanguage":"nl-BE","@id":"https:\/\/nabukoo.com\/produit\/ajourees-en-plexi-mini-midi-et-maxi\/#primaryimage","url":"https:\/\/nabukoo.com\/wp-content\/uploads\/ajourees.mini_.plexi_.petrole.jpg","contentUrl":"https:\/\/nabukoo.com\/wp-content\/uploads\/ajourees.mini_.plexi_.petrole.jpg","width":1181,"height":1181},{"@type":"BreadcrumbList","@id":"https:\/\/nabukoo.com\/produit\/ajourees-en-plexi-mini-midi-et-maxi\/#breadcrumb","itemListElement":[{"@type":"ListItem","position":1,"name":"Accueil","item":"https:\/\/nabukoo.com\/"},{"@type":"ListItem","position":2,"name":"Nos rayons","item":"https:\/\/nabukoo.com\/rayons\/"},{"@type":"ListItem","position":3,"name":"Ajour\u00e9es en Plexi \/ Mini, midi et maxi"}]},{"@type":"WebSite","@id":"https:\/\/nabukoo.com\/#website","url":"https:\/\/nabukoo.com\/","name":"Nabukoo","description":"Qulaity First","potentialAction":[{"@type":"SearchAction","target":{"@type":"EntryPoint","urlTemplate":"https:\/\/nabukoo.com\/?s={search_term_string}"},"query-input":{"@type":"PropertyValueSpecification","valueRequired":true,"valueName":"search_term_string"}}],"inLanguage":"nl-BE"}]}},"_links":{"self":[{"href":"https:\/\/nabukoo.com\/nl\/wp-json\/wp\/v2\/product\/10165"}],"collection":[{"href":"https:\/\/nabukoo.com\/nl\/wp-json\/wp\/v2\/product"}],"about":[{"href":"https:\/\/nabukoo.com\/nl\/wp-json\/wp\/v2\/types\/product"}],"replies":[{"embeddable":true,"href":"https:\/\/nabukoo.com\/nl\/wp-json\/wp\/v2\/comments?post=10165"}],"wp:featuredmedia":[{"embeddable":true,"href":"https:\/\/nabukoo.com\/nl\/wp-json\/wp\/v2\/media\/10164"}],"wp:attachment":[{"href":"https:\/\/nabukoo.com\/nl\/wp-json\/wp\/v2\/media?parent=10165"}],"wp:term":[{"taxonomy":"product_cat","embeddable":true,"href":"https:\/\/nabukoo.com\/nl\/wp-json\/wp\/v2\/product_cat?post=10165"},{"taxonomy":"product_tag","embeddable":true,"href":"https:\/\/nabukoo.com\/nl\/wp-json\/wp\/v2\/product_tag?post=10165"}],"curies":[{"name":"wp","href":"https:\/\/api.w.org\/{rel}","templated":true}]}}