{"id":10068,"date":"2023-06-09T11:17:31","date_gmt":"2023-06-09T09:17:31","guid":{"rendered":"https:\/\/nabukoo.com\/produit\/boucles-doreilles-3d-anguleuses\/"},"modified":"2023-06-09T12:01:53","modified_gmt":"2023-06-09T10:01:53","slug":"boucles-doreilles-3d-anguleuses","status":"publish","type":"product","link":"https:\/\/nabukoo.com\/nl\/product-2\/oorbellen-3d-anglers\/","title":{"rendered":"3D oorbellen - Hoekig of afgerond"},"content":{"rendered":"<p class=\"MsoNormal\" style=\"margin: 0cm;font-size: 12pt;font-family: Calibri, sans-serif;color: #000000\"><b><span lang=\"FR\" style=\"font-size: 10.5pt;color: #ffab0f\">ALYA,<\/span><\/b><span lang=\"FR\"> is een assortiment ethische, duurzame en ecologisch verantwoorde sieraden die volledig met de hand worden gemaakt in de regio Namen.<\/span><\/p>\n<p class=\"MsoNormal\" style=\"margin: 0cm;font-size: 12pt;font-family: Calibri, sans-serif;color: #000000\"><span lang=\"FR\">\u00a0<\/span><\/p>\n<p class=\"MsoNormal\" style=\"margin: 0cm;font-size: 12pt;font-family: Calibri, sans-serif;color: #000000\"><b><span lang=\"FR\" style=\"font-size: 10.5pt;color: #ffab0f\">ALYA PURE<\/span><\/b> <span lang=\"FR\">is een sieradenlijn gemaakt van natuurlijke materialen, waarbij verschillende soorten edelhout worden onderzocht, geselecteerd op kleur en weerstand.<\/span><\/p>\n<p class=\"MsoNormal\" style=\"margin: 0cm;font-size: 12pt;font-family: Calibri, sans-serif;color: #000000\"><span lang=\"FR\">\u00a0<\/span><\/p>\n<p class=\"MsoNormal\" style=\"margin: 0cm;font-size: 12pt;font-family: Calibri, sans-serif;color: #000000\"><b><span lang=\"FR\" style=\"font-size: 10.5pt;color: #ffab0f\">ALJA PEPS<\/span><\/b> <span lang=\"FR\" style=\"font-size: 10.5pt\">is het leuke assortiment van het merk, het vleugje kleur dat je nodig hebt om je outfit op te fleuren of bij je accessoires te passen. Het spel met transparantie en glans zorgt voor een meer grafische look.<\/span><\/p>\n<p class=\"MsoNormal\" style=\"margin: 0cm;font-size: 12pt;font-family: Calibri, sans-serif;color: #000000\"><span lang=\"FR\" style=\"font-size: 10.5pt\">\u00a0<\/span><\/p>\n<p class=\"MsoNormal\" style=\"margin: 0cm;font-size: 12pt;font-family: Calibri, sans-serif;color: #000000\"><span lang=\"FR\" style=\"font-size: 10.5pt\">Alle materialen worden zorgvuldig gekozen om onze waarden te respecteren.<\/span><\/p>\n<p class=\"MsoNormal\" style=\"margin: 0cm;font-size: 12pt;font-family: Calibri, sans-serif;color: #000000\"><span lang=\"FR\" style=\"font-size: 10.5pt\">Alle primers zijn gemaakt in Europa, het hout is FSC-gecertificeerd en de acrylverf is afkomstig van snijafval.<\/span><\/p>\n<p class=\"MsoNormal\" style=\"margin: 0cm;font-size: 12pt;font-family: Calibri, sans-serif;color: #000000\"><span lang=\"FR\" style=\"font-size: 10.5pt\">De gebruikte metalen zijn gegarandeerd nikkel- en loodvrij om allergie\u00ebn te voorkomen.<\/span><\/p>\n<p>www.alya-bijoux.com<\/p>","protected":false},"excerpt":{"rendered":"<p>Het hout dat voor deze oorbellen is gebruikt, is palissander.<br \/>\nDit paar bestaat uit twee in elkaar grijpende delen die haaks op elkaar staan, waardoor het een aangenaam volume krijgt en toch heel licht blijft.<\/p>\n<p>De clip is gemaakt van verkoperd messing, vervaardigd in Europa en gegarandeerd lood- en nikkelvrij.<\/p>\n<p>Gepresenteerd in een designverpakking die speciaal voor het merk is ontwikkeld, maken onze oorbellen zeker een statement!<\/p>","protected":false},"featured_media":10074,"comment_status":"open","ping_status":"closed","template":"","meta":[],"product_cat":[120,109],"product_tag":[],"yoast_head":"<!-- This site is optimized with the Yoast SEO plugin v23.8 - https:\/\/yoast.com\/wordpress\/plugins\/seo\/ -->\n<title>Boucles d&#039;oreilles 3D - Anguleuses ou Arrondies - Nabukoo<\/title>\n<meta name=\"robots\" content=\"index, follow, max-snippet:-1, max-image-preview:large, max-video-preview:-1\" \/>\n<link rel=\"canonical\" href=\"https:\/\/nabukoo.com\/nl\/product-2\/oorbellen-3d-anglers\/\" \/>\n<meta property=\"og:locale\" content=\"nl_BE\" \/>\n<meta property=\"og:type\" content=\"article\" \/>\n<meta property=\"og:title\" content=\"Boucles d&#039;oreilles 3D - Anguleuses ou Arrondies - Nabukoo\" \/>\n<meta property=\"og:description\" content=\"L&#039;essence de bois de ces boucles d&#039;oreilles est de la palissandre. Cette paire est compos\u00e9e de deux parties imbriqu\u00e9es l&#039;une dans l&#039;autre \u00e0 angle droit, lui attribuant un volume agr\u00e9able en restant tr\u00e8s l\u00e9g\u00e8re.  L&#039;attache est en laiton plaqu\u00e9 cuivre, fabriqu\u00e9 en Europe, garanti sans plomb et sans nickel.  Pr\u00e9sent\u00e9es dans un packaging design d\u00e9velopp\u00e9 pour la marque, nos boucles d&#039;oreilles ne laissent pas indiff\u00e9rents!\" \/>\n<meta property=\"og:url\" content=\"https:\/\/nabukoo.com\/nl\/product-2\/oorbellen-3d-anglers\/\" \/>\n<meta property=\"og:site_name\" content=\"Nabukoo\" \/>\n<meta property=\"article:modified_time\" content=\"2023-06-09T10:01:53+00:00\" \/>\n<meta property=\"og:image\" content=\"https:\/\/nabukoo.com\/wp-content\/uploads\/FB-3D-anguleuses.jpeg\" \/>\n\t<meta property=\"og:image:width\" content=\"2031\" \/>\n\t<meta property=\"og:image:height\" content=\"2031\" \/>\n\t<meta property=\"og:image:type\" content=\"image\/jpeg\" \/>\n<meta name=\"twitter:card\" content=\"summary_large_image\" \/>\n<meta name=\"twitter:label1\" content=\"Geschatte leestijd\" \/>\n\t<meta name=\"twitter:data1\" content=\"1 minuut\" \/>\n<script type=\"application\/ld+json\" class=\"yoast-schema-graph\">{\"@context\":\"https:\/\/schema.org\",\"@graph\":[{\"@type\":\"WebPage\",\"@id\":\"https:\/\/nabukoo.com\/produit\/boucles-doreilles-3d-anguleuses\/\",\"url\":\"https:\/\/nabukoo.com\/produit\/boucles-doreilles-3d-anguleuses\/\",\"name\":\"Boucles d'oreilles 3D - Anguleuses ou Arrondies - Nabukoo\",\"isPartOf\":{\"@id\":\"https:\/\/nabukoo.com\/#website\"},\"primaryImageOfPage\":{\"@id\":\"https:\/\/nabukoo.com\/produit\/boucles-doreilles-3d-anguleuses\/#primaryimage\"},\"image\":{\"@id\":\"https:\/\/nabukoo.com\/produit\/boucles-doreilles-3d-anguleuses\/#primaryimage\"},\"thumbnailUrl\":\"https:\/\/nabukoo.com\/wp-content\/uploads\/FB-3D-anguleuses.jpeg\",\"datePublished\":\"2023-06-09T09:17:31+00:00\",\"dateModified\":\"2023-06-09T10:01:53+00:00\",\"breadcrumb\":{\"@id\":\"https:\/\/nabukoo.com\/produit\/boucles-doreilles-3d-anguleuses\/#breadcrumb\"},\"inLanguage\":\"nl-BE\",\"potentialAction\":[{\"@type\":\"ReadAction\",\"target\":[\"https:\/\/nabukoo.com\/produit\/boucles-doreilles-3d-anguleuses\/\"]}]},{\"@type\":\"ImageObject\",\"inLanguage\":\"nl-BE\",\"@id\":\"https:\/\/nabukoo.com\/produit\/boucles-doreilles-3d-anguleuses\/#primaryimage\",\"url\":\"https:\/\/nabukoo.com\/wp-content\/uploads\/FB-3D-anguleuses.jpeg\",\"contentUrl\":\"https:\/\/nabukoo.com\/wp-content\/uploads\/FB-3D-anguleuses.jpeg\",\"width\":2031,\"height\":2031},{\"@type\":\"BreadcrumbList\",\"@id\":\"https:\/\/nabukoo.com\/produit\/boucles-doreilles-3d-anguleuses\/#breadcrumb\",\"itemListElement\":[{\"@type\":\"ListItem\",\"position\":1,\"name\":\"Accueil\",\"item\":\"https:\/\/nabukoo.com\/\"},{\"@type\":\"ListItem\",\"position\":2,\"name\":\"Nos rayons\",\"item\":\"https:\/\/nabukoo.com\/rayons\/\"},{\"@type\":\"ListItem\",\"position\":3,\"name\":\"Boucles d&#8217;oreilles 3D &#8211; Anguleuses ou Arrondies\"}]},{\"@type\":\"WebSite\",\"@id\":\"https:\/\/nabukoo.com\/#website\",\"url\":\"https:\/\/nabukoo.com\/\",\"name\":\"Nabukoo\",\"description\":\"Qulaity First\",\"potentialAction\":[{\"@type\":\"SearchAction\",\"target\":{\"@type\":\"EntryPoint\",\"urlTemplate\":\"https:\/\/nabukoo.com\/?s={search_term_string}\"},\"query-input\":{\"@type\":\"PropertyValueSpecification\",\"valueRequired\":true,\"valueName\":\"search_term_string\"}}],\"inLanguage\":\"nl-BE\"}]}<\/script>\n<!-- \/ Yoast SEO plugin. -->","yoast_head_json":{"title":"Boucles d'oreilles 3D - Anguleuses ou Arrondies - Nabukoo","robots":{"index":"index","follow":"follow","max-snippet":"max-snippet:-1","max-image-preview":"max-image-preview:large","max-video-preview":"max-video-preview:-1"},"canonical":"https:\/\/nabukoo.com\/nl\/product-2\/oorbellen-3d-anglers\/","og_locale":"nl_BE","og_type":"article","og_title":"Boucles d'oreilles 3D - Anguleuses ou Arrondies - Nabukoo","og_description":"L'essence de bois de ces boucles d'oreilles est de la palissandre. Cette paire est compos\u00e9e de deux parties imbriqu\u00e9es l'une dans l'autre \u00e0 angle droit, lui attribuant un volume agr\u00e9able en restant tr\u00e8s l\u00e9g\u00e8re.  L'attache est en laiton plaqu\u00e9 cuivre, fabriqu\u00e9 en Europe, garanti sans plomb et sans nickel.  Pr\u00e9sent\u00e9es dans un packaging design d\u00e9velopp\u00e9 pour la marque, nos boucles d'oreilles ne laissent pas indiff\u00e9rents!","og_url":"https:\/\/nabukoo.com\/nl\/product-2\/oorbellen-3d-anglers\/","og_site_name":"Nabukoo","article_modified_time":"2023-06-09T10:01:53+00:00","og_image":[{"width":2031,"height":2031,"url":"https:\/\/nabukoo.com\/wp-content\/uploads\/FB-3D-anguleuses.jpeg","type":"image\/jpeg"}],"twitter_card":"summary_large_image","twitter_misc":{"Geschatte leestijd":"1 minuut"},"schema":{"@context":"https:\/\/schema.org","@graph":[{"@type":"WebPage","@id":"https:\/\/nabukoo.com\/produit\/boucles-doreilles-3d-anguleuses\/","url":"https:\/\/nabukoo.com\/produit\/boucles-doreilles-3d-anguleuses\/","name":"Boucles d'oreilles 3D - Anguleuses ou Arrondies - Nabukoo","isPartOf":{"@id":"https:\/\/nabukoo.com\/#website"},"primaryImageOfPage":{"@id":"https:\/\/nabukoo.com\/produit\/boucles-doreilles-3d-anguleuses\/#primaryimage"},"image":{"@id":"https:\/\/nabukoo.com\/produit\/boucles-doreilles-3d-anguleuses\/#primaryimage"},"thumbnailUrl":"https:\/\/nabukoo.com\/wp-content\/uploads\/FB-3D-anguleuses.jpeg","datePublished":"2023-06-09T09:17:31+00:00","dateModified":"2023-06-09T10:01:53+00:00","breadcrumb":{"@id":"https:\/\/nabukoo.com\/produit\/boucles-doreilles-3d-anguleuses\/#breadcrumb"},"inLanguage":"nl-BE","potentialAction":[{"@type":"ReadAction","target":["https:\/\/nabukoo.com\/produit\/boucles-doreilles-3d-anguleuses\/"]}]},{"@type":"ImageObject","inLanguage":"nl-BE","@id":"https:\/\/nabukoo.com\/produit\/boucles-doreilles-3d-anguleuses\/#primaryimage","url":"https:\/\/nabukoo.com\/wp-content\/uploads\/FB-3D-anguleuses.jpeg","contentUrl":"https:\/\/nabukoo.com\/wp-content\/uploads\/FB-3D-anguleuses.jpeg","width":2031,"height":2031},{"@type":"BreadcrumbList","@id":"https:\/\/nabukoo.com\/produit\/boucles-doreilles-3d-anguleuses\/#breadcrumb","itemListElement":[{"@type":"ListItem","position":1,"name":"Accueil","item":"https:\/\/nabukoo.com\/"},{"@type":"ListItem","position":2,"name":"Nos rayons","item":"https:\/\/nabukoo.com\/rayons\/"},{"@type":"ListItem","position":3,"name":"Boucles d&#8217;oreilles 3D &#8211; Anguleuses ou Arrondies"}]},{"@type":"WebSite","@id":"https:\/\/nabukoo.com\/#website","url":"https:\/\/nabukoo.com\/","name":"Nabukoo","description":"Qulaity First","potentialAction":[{"@type":"SearchAction","target":{"@type":"EntryPoint","urlTemplate":"https:\/\/nabukoo.com\/?s={search_term_string}"},"query-input":{"@type":"PropertyValueSpecification","valueRequired":true,"valueName":"search_term_string"}}],"inLanguage":"nl-BE"}]}},"_links":{"self":[{"href":"https:\/\/nabukoo.com\/nl\/wp-json\/wp\/v2\/product\/10068"}],"collection":[{"href":"https:\/\/nabukoo.com\/nl\/wp-json\/wp\/v2\/product"}],"about":[{"href":"https:\/\/nabukoo.com\/nl\/wp-json\/wp\/v2\/types\/product"}],"replies":[{"embeddable":true,"href":"https:\/\/nabukoo.com\/nl\/wp-json\/wp\/v2\/comments?post=10068"}],"wp:featuredmedia":[{"embeddable":true,"href":"https:\/\/nabukoo.com\/nl\/wp-json\/wp\/v2\/media\/10074"}],"wp:attachment":[{"href":"https:\/\/nabukoo.com\/nl\/wp-json\/wp\/v2\/media?parent=10068"}],"wp:term":[{"taxonomy":"product_cat","embeddable":true,"href":"https:\/\/nabukoo.com\/nl\/wp-json\/wp\/v2\/product_cat?post=10068"},{"taxonomy":"product_tag","embeddable":true,"href":"https:\/\/nabukoo.com\/nl\/wp-json\/wp\/v2\/product_tag?post=10068"}],"curies":[{"name":"wp","href":"https:\/\/api.w.org\/{rel}","templated":true}]}}